{"id":7510,"date":"2023-02-01T13:59:14","date_gmt":"2023-02-01T13:59:14","guid":{"rendered":"https:\/\/moverdb.com\/?page_id=7510"},"modified":"2026-01-08T15:29:34","modified_gmt":"2026-01-08T15:29:34","slug":"umzugsunternehmen-griechenland","status":"publish","type":"page","link":"https:\/\/moverdb.com\/de\/moving-companies\/moving-companies-greece\/","title":{"rendered":"Die 8 besten internationalen Umzugsunternehmen in Griechenland"},"content":{"rendered":"<p>Ein Umzug nach Hause oder in ein anderes Land kann mit vielen logistischen Problemen verbunden sein, insbesondere wenn Sie in ein anderes Land umziehen. <a href=\"https:\/\/moverdb.com\/de\/moving-to-greece\/\" data-internallinksmanager029f6b8e52c=\"353\" title=\"Umzug nach Griechenland? 2026 Lebenshaltungskosten &amp; Umzugstipps\">Griechenland<\/a>m\u00f6chten Sie vielleicht einen <a href=\"https:\/\/moverdb.com\/de\/moving-companies\/\" data-internallinksmanager029f6b8e52c=\"79\" title=\"Top 25 Internationale Umzugsunternehmen Online\">Umzugsunternehmen<\/a>. Im Folgenden haben wir eine Liste der griechischen <a href=\"https:\/\/moverdb.com\/de\/international-removals\/\" data-internallinksmanager029f6b8e52c=\"27\" title=\"36 Beste internationale Umzugsunternehmen in Gro\u00dfbritannien\">Umzugsunternehmen<\/a> die Mitglieder der <a href=\"https:\/\/moverdb.com\/de\/iam\/\" data-internallinksmanager029f6b8e52c=\"23\" title=\"International Association of Movers (IAM) erkl\u00e4rt\">Internationaler Verband der M\u00f6belspediteure<\/a> (IAM) und\/oder <a href=\"https:\/\/moverdb.com\/de\/fidi-faim\/\" data-internallinksmanager029f6b8e52c=\"16\" title=\"FIDI &amp; FAIM (FIDI Accredited International Mover) Erl\u00e4utert\">FIDI<\/a> Accredited International Mover (FAIM), die Ihnen bei Ihrem Umzug helfen k\u00f6nnten.<\/p>\n<div id=\"ez-toc-container\" class=\"ez-toc-v2_0_83 ez-toc-wrap-left counter-hierarchy ez-toc-counter ez-toc-transparent ez-toc-container-direction\">\n<div class=\"ez-toc-title-container\">\n<p class=\"ez-toc-title\" style=\"cursor:inherit\">Rubriken<\/p>\n<span class=\"ez-toc-title-toggle\"><a href=\"#\" class=\"ez-toc-pull-right ez-toc-btn ez-toc-btn-xs ez-toc-btn-default ez-toc-toggle\" aria-label=\"Inhaltsverzeichnis umschalten\"><span class=\"ez-toc-js-icon-con\"><span class=\"\"><span class=\"eztoc-hide\" style=\"display:none;\">Umschalten auf<\/span><span class=\"ez-toc-icon-toggle-span\"><svg style=\"fill: #999;color:#999\" xmlns=\"http:\/\/www.w3.org\/2000\/svg\" class=\"list-377408\" width=\"20px\" height=\"20px\" viewbox=\"0 0 24 24\" fill=\"none\"><path d=\"M6 6H4v2h2V6zm14 0H8v2h12V6zM4 11h2v2H4v-2zm16 0H8v2h12v-2zM4 16h2v2H4v-2zm16 0H8v2h12v-2z\" fill=\"currentColor\"><\/path><\/svg><svg style=\"fill: #999;color:#999\" class=\"arrow-unsorted-368013\" xmlns=\"http:\/\/www.w3.org\/2000\/svg\" width=\"10px\" height=\"10px\" viewbox=\"0 0 24 24\" version=\"1.2\" baseprofile=\"tiny\"><path d=\"M18.2 9.3l-6.2-6.3-6.2 6.3c-.2.2-.3.4-.3.7s.1.5.3.7c.2.2.4.3.7.3h11c.3 0 .5-.1.7-.3.2-.2.3-.5.3-.7s-.1-.5-.3-.7zM5.8 14.7l6.2 6.3 6.2-6.3c.2-.2.3-.5.3-.7s-.1-.5-.3-.7c-.2-.2-.4-.3-.7-.3h-11c-.3 0-.5.1-.7.3-.2.2-.3.5-.3.7s.1.5.3.7z\"\/><\/svg><\/span><\/span><\/span><\/a><\/span><\/div>\n<nav><ul class='ez-toc-list ez-toc-list-level-1 eztoc-toggle-hide-by-default' ><li class='ez-toc-page-1 ez-toc-heading-level-2'><a class=\"ez-toc-link ez-toc-heading-1\" href=\"https:\/\/moverdb.com\/de\/moving-companies\/moving-companies-greece\/#1_Attica_Movers\" >1. Attica Umzugsunternehmen<\/a><\/li><li class='ez-toc-page-1 ez-toc-heading-level-2'><a class=\"ez-toc-link ez-toc-heading-2\" href=\"https:\/\/moverdb.com\/de\/moving-companies\/moving-companies-greece\/#2_Cargo_Log_Ltd\" >2. Cargo Log Ltd<\/a><\/li><li class='ez-toc-page-1 ez-toc-heading-level-2'><a class=\"ez-toc-link ez-toc-heading-3\" href=\"https:\/\/moverdb.com\/de\/moving-companies\/moving-companies-greece\/#3_Celebrity_International_Movers\" >3. Ber\u00fchmte internationale Spediteure<\/a><\/li><li class='ez-toc-page-1 ez-toc-heading-level-2'><a class=\"ez-toc-link ez-toc-heading-4\" href=\"https:\/\/moverdb.com\/de\/moving-companies\/moving-companies-greece\/#4_Matrix_Relocations\" >4. Matrix-Verschiebungen<\/a><\/li><li class='ez-toc-page-1 ez-toc-heading-level-2'><a class=\"ez-toc-link ez-toc-heading-5\" href=\"https:\/\/moverdb.com\/de\/moving-companies\/moving-companies-greece\/#5_Orphee_Beinoglou\" >5. Orphee Beinoglou<\/a><\/li><li class='ez-toc-page-1 ez-toc-heading-level-2'><a class=\"ez-toc-link ez-toc-heading-6\" href=\"https:\/\/moverdb.com\/de\/moving-companies\/moving-companies-greece\/#6_Safeway_Transport\" >6. Safeway Transport<\/a><\/li><li class='ez-toc-page-1 ez-toc-heading-level-2'><a class=\"ez-toc-link ez-toc-heading-7\" href=\"https:\/\/moverdb.com\/de\/moving-companies\/moving-companies-greece\/#7_Aritrans\" >7. Aritrans<\/a><\/li><li class='ez-toc-page-1 ez-toc-heading-level-2'><a class=\"ez-toc-link ez-toc-heading-8\" href=\"https:\/\/moverdb.com\/de\/moving-companies\/moving-companies-greece\/#8_Intermove\" >8. Intermove<\/a><\/li><li class='ez-toc-page-1 ez-toc-heading-level-2'><a class=\"ez-toc-link ez-toc-heading-9\" href=\"https:\/\/moverdb.com\/de\/moving-companies\/moving-companies-greece\/#Other_Useful_Guides_to_Greece\" >Andere n\u00fctzliche Reisef\u00fchrer f\u00fcr Griechenland<\/a><\/li><\/ul><\/nav><\/div>\n<h2><span class=\"ez-toc-section\" id=\"1_Attica_Movers\"><\/span><strong>1. Attica Umzugsunternehmen<\/strong><span class=\"ez-toc-section-end\"><\/span><\/h2>\n<p><img loading=\"lazy\" decoding=\"async\" class=\"alignnone size-full wp-image-7417\" src=\"https:\/\/moverdb.com\/wp-content\/uploads\/Attica-Movers-international-moving-company.png\" alt=\"Attica Movers internationales Umzugsunternehmen\" width=\"1440\" height=\"682\" data-wp-pid=\"7417\" srcset=\"https:\/\/moverdb.com\/wp-content\/uploads\/Attica-Movers-international-moving-company.png 1440w, https:\/\/moverdb.com\/wp-content\/uploads\/Attica-Movers-international-moving-company-300x142.png 300w, https:\/\/moverdb.com\/wp-content\/uploads\/Attica-Movers-international-moving-company-1024x485.png 1024w, https:\/\/moverdb.com\/wp-content\/uploads\/Attica-Movers-international-moving-company-18x9.png 18w, https:\/\/moverdb.com\/wp-content\/uploads\/Attica-Movers-international-moving-company-600x284.png 600w\" sizes=\"auto, (max-width: 1440px) 100vw, 1440px\" \/><\/p>\n<ul>\n<li>Nationale Umz\u00fcge<\/li>\n<li>Internationale Umz\u00fcge<\/li>\n<li>Umz\u00fcge im Haushalt<\/li>\n<li>Kommerzielle Umz\u00fcge<\/li>\n<li>Verpackungsservice<\/li>\n<li>Konstruktion von Holzkisten<\/li>\n<li>Zollverfahren<\/li>\n<li>Transport von Haustieren<\/li>\n<li>Kunsttransport<\/li>\n<li>Kurz- bis langfristige Lagerung<\/li>\n<\/ul>\n<p>Attica Movers ist ein 1980 gegr\u00fcndetes nationales und internationales Umzugsunternehmen mit Sitz in Athen. Sie sind seit 43 Jahren Mitglied der IAM und von der FIDI akkreditiert, was ihnen Zugang zu einem internationalen Netzwerk von Umzugsagenten verschafft, die sie unterst\u00fctzen.<\/p>\n<p>Attica Movers bietet eine virtuelle oder pers\u00f6nliche Untersuchung an, um den Umfang Ihres Umzugs, den Verpackungsbedarf und die Transportart zu ermitteln. Sie bieten einen kompletten Verpackungsservice mit modernen, hochwertigen Materialien und fertigen Holzkisten f\u00fcr zerbrechliche Gegenst\u00e4nde an. Bei Bedarf k\u00f6nnen sie auch die Zollabfertigung \u00fcbernehmen. Sie bieten auch spezielle Dienstleistungen f\u00fcr den Transport von Haustieren und Kunst an.<\/p>\n<p>Website: <a href=\"http:\/\/www.atticamovers.gr\" target=\"_blank\" rel=\"noopener\">http:\/\/www.atticamovers.gr<\/a><\/p>\n<h2><span class=\"ez-toc-section\" id=\"2_Cargo_Log_Ltd\"><\/span><strong>2. Cargo Log Ltd<\/strong><span class=\"ez-toc-section-end\"><\/span><\/h2>\n<p><img loading=\"lazy\" decoding=\"async\" class=\"alignnone size-full wp-image-7424\" src=\"https:\/\/moverdb.com\/wp-content\/uploads\/Cargo-Log-international-moving-company.png\" alt=\"Cargo Log internationales Umzugsunternehmen\" width=\"1440\" height=\"682\" data-wp-pid=\"7424\" srcset=\"https:\/\/moverdb.com\/wp-content\/uploads\/Cargo-Log-international-moving-company.png 1440w, https:\/\/moverdb.com\/wp-content\/uploads\/Cargo-Log-international-moving-company-300x142.png 300w, https:\/\/moverdb.com\/wp-content\/uploads\/Cargo-Log-international-moving-company-1024x485.png 1024w, https:\/\/moverdb.com\/wp-content\/uploads\/Cargo-Log-international-moving-company-18x9.png 18w, https:\/\/moverdb.com\/wp-content\/uploads\/Cargo-Log-international-moving-company-600x284.png 600w\" sizes=\"auto, (max-width: 1440px) 100vw, 1440px\" \/><\/p>\n<ul>\n<li>Nationale Umz\u00fcge<\/li>\n<li>Internationale Umz\u00fcge<\/li>\n<li>Umz\u00fcge im Haushalt<\/li>\n<li>Gesch\u00e4ftliche Umz\u00fcge<\/li>\n<li>Milit\u00e4rische Umz\u00fcge<\/li>\n<li>Verpackungsservice<\/li>\n<li>Zollabfertigung<\/li>\n<li>Fahrzeugtransport<\/li>\n<li>Transport von Haustieren<\/li>\n<li>Kurz- bis langfristige Lagerung<\/li>\n<\/ul>\n<p>Cargo Log ist ein familiengef\u00fchrter Umzugsdienstleister, der Dienstleistungen von und nach Kreta anbietet. Seit \u00fcber 60 Jahren hilft das Unternehmen Menschen beim Umzug. Sie betreuen Haushalte, Unternehmen und Milit\u00e4rumz\u00fcge. Das Unternehmen ist Mitglied der IAM und kann auf 34 Dienstjahre zur\u00fcckblicken.<\/p>\n<p>Cargo Log verf\u00fcgt \u00fcber ein erfahrenes Team, das Ihren Umzug zum bestm\u00f6glichen Preis organisiert und Ihr Hab und Gut sicher verpackt und sorgf\u00e4ltig behandelt. Sie k\u00f6nnen auch bei der Zollabfertigung helfen. Sie bieten eine Reihe von spezialisierten Umzugsdienstleistungen an, darunter den Transport von Autos und Motorr\u00e4dern, den Transport von Haustieren und den Umzug von Ausstellungsger\u00e4ten.<\/p>\n<p>Website: <a href=\"http:\/\/www.cargolog.gr\" target=\"_blank\" rel=\"noopener\">http:\/\/www.cargolog.gr<\/a><\/p>\n<h2><span class=\"ez-toc-section\" id=\"3_Celebrity_International_Movers\"><\/span><strong>3. Ber\u00fchmte internationale Spediteure<\/strong><span class=\"ez-toc-section-end\"><\/span><\/h2>\n<p><img loading=\"lazy\" decoding=\"async\" class=\"alignnone size-full wp-image-7426\" src=\"https:\/\/moverdb.com\/wp-content\/uploads\/Celebrity-International-Movers-moving-company.png\" alt=\"Celebrity International Movers Umzugsunternehmen\" width=\"1440\" height=\"645\" data-wp-pid=\"7426\" srcset=\"https:\/\/moverdb.com\/wp-content\/uploads\/Celebrity-International-Movers-moving-company.png 1440w, https:\/\/moverdb.com\/wp-content\/uploads\/Celebrity-International-Movers-moving-company-300x134.png 300w, https:\/\/moverdb.com\/wp-content\/uploads\/Celebrity-International-Movers-moving-company-1024x459.png 1024w, https:\/\/moverdb.com\/wp-content\/uploads\/Celebrity-International-Movers-moving-company-18x8.png 18w, https:\/\/moverdb.com\/wp-content\/uploads\/Celebrity-International-Movers-moving-company-600x269.png 600w\" sizes=\"auto, (max-width: 1440px) 100vw, 1440px\" \/><\/p>\n<ul>\n<li>Nationale Umz\u00fcge<\/li>\n<li>Internationale Umz\u00fcge<\/li>\n<li>Umz\u00fcge im Haushalt<\/li>\n<li>B\u00fcroumz\u00fcge<\/li>\n<li>Ma\u00dfgeschneiderte Umzugsdienstleistungen<\/li>\n<li>Ma\u00dfgeschneiderte Umz\u00fcge<\/li>\n<li>Verpackungsdienstleistungen<\/li>\n<li>Transport von Fahrzeugen und Haustieren<\/li>\n<li>Sch\u00f6ne Kunst bewegt<\/li>\n<li>Lagereinrichtungen<\/li>\n<\/ul>\n<p>Celebrity International Movers ist ein nationales und internationales Umzugsunternehmen, das im Jahr 1986 gegr\u00fcndet wurde. Sie arbeiten mit Partneragenturen zusammen, um internationale Umz\u00fcge durchzuf\u00fchren. Celebrity International Movers ist seit 37 Jahren Mitglied der IAM und ist von der FIDI akkreditiert.<\/p>\n<p>Celebrity International Movers bietet einen pers\u00f6nlichen T\u00fcr-zu-T\u00fcr-Umzugsservice an, um Menschen beim Umzug aller Arten von G\u00fctern, einschlie\u00dflich Autos, Booten, Kunst und Haustieren, zu unterst\u00fctzen. Sie weisen jedem Kunden einen Umzugsberater zu. Sie bieten einen Verpackungsservice an, um Ihr Hab und Gut auf dem Land-, Luft- oder Seeweg zu sch\u00fctzen, und erledigen die Zollformalit\u00e4ten. Der Umzugsservice umfasst die Suche nach Unterk\u00fcnften und Schulen, Einwanderung, Orientierung, Abreise und Unterst\u00fctzung bei der Eingew\u00f6hnung.<\/p>\n<p>Website: <a href=\"http:\/\/www.celebrity.gr\" target=\"_blank\" rel=\"noopener\">http:\/\/www.celebrity.gr<\/a><\/p>\n<h2><span class=\"ez-toc-section\" id=\"4_Matrix_Relocations\"><\/span><strong>4. Matrix-Verschiebungen<\/strong><span class=\"ez-toc-section-end\"><\/span><\/h2>\n<p><img loading=\"lazy\" decoding=\"async\" class=\"alignnone size-full wp-image-7466\" src=\"https:\/\/moverdb.com\/wp-content\/uploads\/Matrix-Relocations-international-moving-company.png\" alt=\"Matrix Relocations Internationales Umzugsunternehmen\" width=\"1440\" height=\"683\" data-wp-pid=\"7466\" srcset=\"https:\/\/moverdb.com\/wp-content\/uploads\/Matrix-Relocations-international-moving-company.png 1440w, https:\/\/moverdb.com\/wp-content\/uploads\/Matrix-Relocations-international-moving-company-300x142.png 300w, https:\/\/moverdb.com\/wp-content\/uploads\/Matrix-Relocations-international-moving-company-1024x486.png 1024w, https:\/\/moverdb.com\/wp-content\/uploads\/Matrix-Relocations-international-moving-company-18x9.png 18w, https:\/\/moverdb.com\/wp-content\/uploads\/Matrix-Relocations-international-moving-company-600x285.png 600w\" sizes=\"auto, (max-width: 1440px) 100vw, 1440px\" \/><\/p>\n<ul>\n<li>Nationale Umz\u00fcge<\/li>\n<li>Internationale Umz\u00fcge<\/li>\n<li>Umz\u00fcge im Haushalt<\/li>\n<li>Firmenumz\u00fcge<\/li>\n<li>Umzugsdienste<\/li>\n<li>Pers\u00f6nlicher Umzugsberater<\/li>\n<li>Verpackungsservice<\/li>\n<li>Transport organisieren<\/li>\n<li>Zollabfertigung<\/li>\n<li>Lagereinrichtungen<\/li>\n<\/ul>\n<p>Matrix Relocations ist ein 1990 in Athen gegr\u00fcndetes Umzugs- und Relocation-Unternehmen. Sie verf\u00fcgen \u00fcber ein Netzwerk von Umzugsunternehmen, die sie bei der Erbringung ihrer Dienstleistungen unterst\u00fctzen. Das Unternehmen ist seit 18 Jahren Mitglied der IAM.<\/p>\n<p>Matrix Relocations stellt Ihnen einen pers\u00f6nlichen Umzugsberater zur Seite, der Ihren Umzug w\u00e4hrend der gesamten Reise betreut. Sie verwenden die hochwertigsten Verpackungsmaterialien und -techniken und inventarisieren Ihr Hab und Gut. Sie arrangieren den Transport Ihrer Sachen mit Zollabfertigung und bieten eine Online-Sendungsverfolgung. Zu den Umzugsdienstleistungen geh\u00f6ren An- und Abreiseservice, Wohnungs- und Schulsuche sowie Mietverwaltung.<\/p>\n<p>Website: <a href=\"https:\/\/matrixrelo.com\" target=\"_blank\" rel=\"noopener\">https:\/\/matrixrelo.com<\/a><\/p>\n<h2><span class=\"ez-toc-section\" id=\"5_Orphee_Beinoglou\"><\/span><strong>5. Orphee Beinoglou<\/strong><span class=\"ez-toc-section-end\"><\/span><\/h2>\n<p><img loading=\"lazy\" decoding=\"async\" class=\"alignnone size-full wp-image-7475\" src=\"https:\/\/moverdb.com\/wp-content\/uploads\/Orphee-Beinoglou-international-moving-company.png\" alt=\"Orphee Beinoglou internationales Umzugsunternehmen\" width=\"1440\" height=\"686\" data-wp-pid=\"7475\" srcset=\"https:\/\/moverdb.com\/wp-content\/uploads\/Orphee-Beinoglou-international-moving-company.png 1440w, https:\/\/moverdb.com\/wp-content\/uploads\/Orphee-Beinoglou-international-moving-company-300x143.png 300w, https:\/\/moverdb.com\/wp-content\/uploads\/Orphee-Beinoglou-international-moving-company-1024x488.png 1024w, https:\/\/moverdb.com\/wp-content\/uploads\/Orphee-Beinoglou-international-moving-company-18x9.png 18w, https:\/\/moverdb.com\/wp-content\/uploads\/Orphee-Beinoglou-international-moving-company-600x286.png 600w\" sizes=\"auto, (max-width: 1440px) 100vw, 1440px\" \/><\/p>\n<ul>\n<li>Nationale Umz\u00fcge<\/li>\n<li>Internationale Umz\u00fcge<\/li>\n<li>Umz\u00fcge in Wohnungen<\/li>\n<li>B\u00fcroumz\u00fcge<\/li>\n<li>Umzugsdienste<\/li>\n<li>Haus-zu-Haus-Dienst<\/li>\n<li>Verpackungsservice<\/li>\n<li>Stra\u00dfen-, See- und Luftverkehr<\/li>\n<li>Zollabfertigung<\/li>\n<li>Kurz- bis langfristige Lagereinrichtungen<\/li>\n<\/ul>\n<p>Orphee Beinoglou ist ein 1923 in Athen gegr\u00fcndetes G\u00fctertransport- und Logistikunternehmen. Das Unternehmen verf\u00fcgt \u00fcber ein globales Netzwerk, mit dem es Umz\u00fcge in der ganzen Welt durchf\u00fchrt. Orphee Beinoglou ist seit 100 Jahren Mitglied der IAM und ist von der FIDI akkreditiert.<\/p>\n<p>Orphee Beinoglou stellt Ihnen einen Umzugsberater zur Seite, der Sie durch den Prozess f\u00fchrt. Sie bieten einen T\u00fcr-zu-T\u00fcr-Service, der das sichere Verpacken Ihrer Sachen mit speziellem Verpackungsmaterial und den Transport auf dem Land-, See- oder Luftweg umfasst, wobei die Zollabfertigung \u00fcbernommen wird. Sie bieten auch den Transport von Kunstwerken, spezielle Transportprojekte, Versicherungen und Lagerm\u00f6glichkeiten an.<\/p>\n<p>Website: <a href=\"http:\/\/www.beinoglou.gr\" target=\"_blank\" rel=\"noopener\">http:\/\/www.beinoglou.gr<\/a><\/p>\n<h2><span class=\"ez-toc-section\" id=\"6_Safeway_Transport\"><\/span><strong>6. Safeway Transport<\/strong><span class=\"ez-toc-section-end\"><\/span><\/h2>\n<p><img loading=\"lazy\" decoding=\"async\" class=\"alignnone size-full wp-image-7482\" src=\"https:\/\/moverdb.com\/wp-content\/uploads\/Safeway-Transport-international-moving-company.png\" alt=\"Safeway Transport internationales Umzugsunternehmen\" width=\"1440\" height=\"692\" data-wp-pid=\"7482\" srcset=\"https:\/\/moverdb.com\/wp-content\/uploads\/Safeway-Transport-international-moving-company.png 1440w, https:\/\/moverdb.com\/wp-content\/uploads\/Safeway-Transport-international-moving-company-300x144.png 300w, https:\/\/moverdb.com\/wp-content\/uploads\/Safeway-Transport-international-moving-company-1024x492.png 1024w, https:\/\/moverdb.com\/wp-content\/uploads\/Safeway-Transport-international-moving-company-18x9.png 18w, https:\/\/moverdb.com\/wp-content\/uploads\/Safeway-Transport-international-moving-company-600x288.png 600w\" sizes=\"auto, (max-width: 1440px) 100vw, 1440px\" \/><\/p>\n<ul>\n<li>Nationale Umz\u00fcge<\/li>\n<li>Internationale Umz\u00fcge<\/li>\n<li>Umz\u00fcge im Haushalt<\/li>\n<li>Firmenumz\u00fcge<\/li>\n<li>Ma\u00dfgeschneiderter Service<\/li>\n<li>Verpackungsservice<\/li>\n<li>Zollabfertigung<\/li>\n<li>Transport von Haustieren<\/li>\n<li>Fahrzeugtransport<\/li>\n<li>Kurz- bis langfristige Lagerung<\/li>\n<\/ul>\n<p>Safeway Transport ist ein internationales und nationales <a href=\"https:\/\/moverdb.com\/de\/shipping-companies\/\" data-internallinksmanager029f6b8e52c=\"4\" title=\"Top 10 der internationalen Containerschifffahrtsunternehmen\">Schifffahrtsgesellschaft<\/a> mit Sitz in Athen. Sie bieten Umzugsdienste f\u00fcr Privat- und Gesch\u00e4ftskunden an. Sie arbeiten mit einem globalen Netzwerk von Agenten, um einen T\u00fcr-zu-T\u00fcr-Service anzubieten. Das Unternehmen ist seit 14 Jahren Mitglied der IAM.<\/p>\n<p>Safeway Transport bietet einen ma\u00dfgeschneiderten Umzugsservice mit einem pers\u00f6nlichen Ansprechpartner, der sich um Ihren Umzug k\u00fcmmert und eine Bestandsaufnahme vor dem Umzug durchf\u00fchrt. Sie bieten spezielle Dienstleistungen f\u00fcr Kunstgegenst\u00e4nde, Antiquit\u00e4ten, Haustiere und Fahrzeuge sowie f\u00fcr Standardgegenst\u00e4nde. Zum Verpackungsservice geh\u00f6ren auch Kisten, die Ihr Hab und Gut w\u00e4hrend des Transports sch\u00fctzen.<\/p>\n<p>Website: <a href=\"http:\/\/www.safewaytransport.gr\" target=\"_blank\" rel=\"noopener\">http:\/\/www.safewaytransport.gr<\/a><\/p>\n<h2><span class=\"ez-toc-section\" id=\"7_Aritrans\"><\/span><strong>7. Aritrans<\/strong><span class=\"ez-toc-section-end\"><\/span><\/h2>\n<p><img loading=\"lazy\" decoding=\"async\" class=\"alignnone size-full wp-image-7413\" src=\"https:\/\/moverdb.com\/wp-content\/uploads\/Aritrans-international-moving-company.png\" alt=\"Aritrans Internationales Umzugsunternehmen\" width=\"1440\" height=\"673\" data-wp-pid=\"7413\" srcset=\"https:\/\/moverdb.com\/wp-content\/uploads\/Aritrans-international-moving-company.png 1440w, https:\/\/moverdb.com\/wp-content\/uploads\/Aritrans-international-moving-company-300x140.png 300w, https:\/\/moverdb.com\/wp-content\/uploads\/Aritrans-international-moving-company-1024x479.png 1024w, https:\/\/moverdb.com\/wp-content\/uploads\/Aritrans-international-moving-company-18x8.png 18w, https:\/\/moverdb.com\/wp-content\/uploads\/Aritrans-international-moving-company-600x280.png 600w\" sizes=\"auto, (max-width: 1440px) 100vw, 1440px\" \/><\/p>\n<ul>\n<li>Nationale Umz\u00fcge<\/li>\n<li>Internationale Umz\u00fcge<\/li>\n<li>Umz\u00fcge im Haushalt<\/li>\n<li>B\u00fcroverlagerungen<\/li>\n<li>Haus-zu-Haus-Dienst<\/li>\n<li>Verpackungsservice<\/li>\n<li>Demontage und Montage von M\u00f6beln<\/li>\n<li>Stra\u00dfen-, See- und Luftfracht<\/li>\n<li>Zollabfertigung<\/li>\n<li>Sichere Lagerung<\/li>\n<\/ul>\n<p>Aritrans ist ein internationales <a href=\"https:\/\/moverdb.com\/de\/freight-forwarder\/\" data-internallinksmanager029f6b8e52c=\"17\" title=\"Leitfaden f\u00fcr internationale Kosten und Unternehmen f\u00fcr Spediteure und NVOCC\">Spediteur<\/a> und Logistikdienstleister, der 1992 gegr\u00fcndet wurde. Der Hauptsitz des Unternehmens befindet sich in Pir\u00e4us und es gibt zwei Niederlassungen in Athen und Thessaloniki. Sie verf\u00fcgen \u00fcber ein zuverl\u00e4ssiges Agenturnetz, das in \u00dcbersee t\u00e4tig ist und Dienstleistungen f\u00fcr sie erbringt. Das Unternehmen ist Mitglied der IAM und kann auf 32 Dienstjahre zur\u00fcckblicken.<\/p>\n<p>Aritrans stellt Ihnen einen Umzugsberater zur Seite, der Ihr Hab und Gut begutachtet, um Ihren Verpackungs- und Umzugsbedarf zu ermitteln. Sie bieten einen Einpackservice an, der das Ab- und Aufbauen von M\u00f6beln, das Einpacken und Auspacken Ihrer Sachen umfasst. Bei Bedarf \u00fcbernehmen sie auch die Zollabfertigung.<\/p>\n<p>Website: <a href=\"http:\/\/www.aritrans.gr\" target=\"_blank\" rel=\"noopener\">http:\/\/www.aritrans.gr<\/a><\/p>\n<h2><span class=\"ez-toc-section\" id=\"8_Intermove\"><\/span><strong>8. Intermove<\/strong><span class=\"ez-toc-section-end\"><\/span><\/h2>\n<p><img loading=\"lazy\" decoding=\"async\" class=\"alignnone size-full wp-image-7455\" src=\"https:\/\/moverdb.com\/wp-content\/uploads\/Intermove-Greece-international-moving-company.png\" alt=\"Intermove Griechenland internationales Umzugsunternehmen\" width=\"1440\" height=\"678\" data-wp-pid=\"7455\" srcset=\"https:\/\/moverdb.com\/wp-content\/uploads\/Intermove-Greece-international-moving-company.png 1440w, https:\/\/moverdb.com\/wp-content\/uploads\/Intermove-Greece-international-moving-company-300x141.png 300w, https:\/\/moverdb.com\/wp-content\/uploads\/Intermove-Greece-international-moving-company-1024x482.png 1024w, https:\/\/moverdb.com\/wp-content\/uploads\/Intermove-Greece-international-moving-company-18x8.png 18w, https:\/\/moverdb.com\/wp-content\/uploads\/Intermove-Greece-international-moving-company-600x283.png 600w\" sizes=\"auto, (max-width: 1440px) 100vw, 1440px\" \/><\/p>\n<ul>\n<li>Nationaler Umzug<\/li>\n<li>Internationaler Umzug<\/li>\n<li>Umz\u00fcge im Haushalt<\/li>\n<li>Firmenumz\u00fcge<\/li>\n<li>Vollst\u00e4ndiges Dienstleistungspaket<\/li>\n<li>Organisation des Transports<\/li>\n<li>Land-, See- oder Luftfracht<\/li>\n<li>Transport von Kunstwerken<\/li>\n<li>Versicherung<\/li>\n<li>Lagerung<\/li>\n<\/ul>\n<p>Intermove ist ein internationales Transportunternehmen mit Sitz in Athen, das \u00fcber ein Transportnetz und Lagerm\u00f6glichkeiten in Griechenland verf\u00fcgt. Das Unternehmen verf\u00fcgt \u00fcber ein internationales Netz von Partnern, die es bei der Erbringung von Dienstleistungen im Ausland unterst\u00fctzen. Intermove ist Mitglied der IAM und seit 26 Jahren im Dienst.<\/p>\n<p>Intermove bietet Umzugsdienste f\u00fcr Haushalte, B\u00fcroumz\u00fcge und Relocation Services sowie Ausstellungsdienste. Sie bieten ein Komplettpaket f\u00fcr lokale und internationale Umz\u00fcge mit der M\u00f6glichkeit der Selbstverpackung. Sie bieten Transportm\u00f6glichkeiten, einschlie\u00dflich Landtransport mit ihrer eigenen Flotte, See- oder Luftfracht. Sie verf\u00fcgen \u00fcber Lagereinrichtungen, die bei Bedarf Lagerl\u00f6sungen anbieten.<\/p>\n<p>Website: <a href=\"http:\/\/www.intermove.gr\" target=\"_blank\" rel=\"noopener\">http:\/\/www.intermove.gr<\/a><\/p>\n<h2><span class=\"ez-toc-section\" id=\"Other_Useful_Guides_to_Greece\"><\/span>Andere n\u00fctzliche Reisef\u00fchrer f\u00fcr Griechenland<span class=\"ez-toc-section-end\"><\/span><\/h2>\n<ul>\n<li> <a href=\"https:\/\/moverdb.com\/de\/moving-to-greece\/\">Umzug nach Griechenland: Lebenshaltungskosten &amp; Umzugstipps<\/a><\/li>\n<li> <a href=\"https:\/\/moverdb.com\/de\/moving-to-greece\/living-in-greece\/\">21 Geheimnisse \u00fcber das Leben in Griechenland, die man vor dem Umzug kennen sollte<\/a><\/li>\n<li> <a href=\"https:\/\/moverdb.com\/de\/moving-to-greece\/best-places-to-live-greece\/\">Die 13 besten Orte zum Leben in Griechenland<\/a><\/li>\n<li> <a href=\"https:\/\/moverdb.com\/de\/containerschifffahrt\/griechenland\/\">Seefracht-Container-Tarife von und nach Griechenland<\/a><\/li>\n<\/ul>","protected":false},"excerpt":{"rendered":"<p>Moving home or business can be difficult with lots of logistics to handle especially if you are moving countries, so if you are moving to, from or within Greece, you may want to engage a moving company. Below we have compiled a list of Greek removal companies that are members of the International Association of [&hellip;]<\/p>\n","protected":false},"author":4,"featured_media":0,"parent":190,"menu_order":0,"comment_status":"closed","ping_status":"closed","template":"","meta":{"_genesis_hide_title":false,"_genesis_hide_breadcrumbs":false,"_genesis_hide_singular_image":false,"_genesis_hide_footer_widgets":false,"_genesis_custom_body_class":"","_genesis_custom_post_class":"","_genesis_layout":"","footnotes":""},"class_list":{"0":"post-7510","1":"page","2":"type-page","3":"status-publish","5":"entry","6":"has-post-thumbnail"},"_links":{"self":[{"href":"https:\/\/moverdb.com\/de\/wp-json\/wp\/v2\/pages\/7510","targetHints":{"allow":["GET"]}}],"collection":[{"href":"https:\/\/moverdb.com\/de\/wp-json\/wp\/v2\/pages"}],"about":[{"href":"https:\/\/moverdb.com\/de\/wp-json\/wp\/v2\/types\/page"}],"author":[{"embeddable":true,"href":"https:\/\/moverdb.com\/de\/wp-json\/wp\/v2\/users\/4"}],"replies":[{"embeddable":true,"href":"https:\/\/moverdb.com\/de\/wp-json\/wp\/v2\/comments?post=7510"}],"version-history":[{"count":3,"href":"https:\/\/moverdb.com\/de\/wp-json\/wp\/v2\/pages\/7510\/revisions"}],"predecessor-version":[{"id":16250,"href":"https:\/\/moverdb.com\/de\/wp-json\/wp\/v2\/pages\/7510\/revisions\/16250"}],"up":[{"embeddable":true,"href":"https:\/\/moverdb.com\/de\/wp-json\/wp\/v2\/pages\/190"}],"wp:attachment":[{"href":"https:\/\/moverdb.com\/de\/wp-json\/wp\/v2\/media?parent=7510"}],"curies":[{"name":"wp","href":"https:\/\/api.w.org\/{rel}","templated":true}]}}