{"id":7508,"date":"2023-02-01T13:58:25","date_gmt":"2023-02-01T13:58:25","guid":{"rendered":"https:\/\/moverdb.com\/?page_id=7508"},"modified":"2026-01-08T15:23:42","modified_gmt":"2026-01-08T15:23:42","slug":"umzugsunternehmen-ghana","status":"publish","type":"page","link":"https:\/\/moverdb.com\/de\/moving-companies\/moving-companies-ghana\/","title":{"rendered":"2 beste internationale Umzugsfirmen in Ghana"},"content":{"rendered":"<p>Planen Sie einen Umzug in, aus oder nach Ghana? Dann sind Sie vielleicht daran interessiert, die Dienste eines professionellen Umzugsunternehmens in Anspruch zu nehmen <a href=\"https:\/\/moverdb.com\/de\/moving-companies\/\" data-internallinksmanager029f6b8e52c=\"79\" title=\"Top 25 Internationale Umzugsunternehmen Online\">Umzugsunternehmen<\/a> die Ihnen bei Ihrem Umzug behilflich sein und den Papierkram erledigen k\u00f6nnen. Nachfolgend haben wir eine Liste von Umzugsunternehmen in Ghana zusammengestellt <a href=\"https:\/\/moverdb.com\/de\/international-removals\/\" data-internallinksmanager029f6b8e52c=\"27\" title=\"36 Beste internationale Umzugsunternehmen in Gro\u00dfbritannien\">Umzugsunternehmen<\/a> die Mitglieder der <a href=\"https:\/\/moverdb.com\/de\/iam\/\" data-internallinksmanager029f6b8e52c=\"23\" title=\"International Association of Movers (IAM) erkl\u00e4rt\">Internationaler Verband der M\u00f6belspediteure<\/a> (IAM) und\/oder <a href=\"https:\/\/moverdb.com\/de\/fidi-faim\/\" data-internallinksmanager029f6b8e52c=\"16\" title=\"FIDI &amp; FAIM (FIDI Accredited International Mover) Erl\u00e4utert\">FIDI<\/a> Accredited International Mover (FAIM), die Ihnen bei Ihrem Umzug helfen k\u00f6nnten.<\/p>\n<h2><strong>1. Weltweite Transporteure<\/strong><\/h2>\n<p><img loading=\"lazy\" decoding=\"async\" class=\"alignnone size-full wp-image-7498\" src=\"https:\/\/moverdb.com\/wp-content\/uploads\/Worldwide-Movers-Ghana-international-moving-company.png\" alt=\"Worldwide Movers Ghana internationales Umzugsunternehmen\" width=\"1440\" height=\"675\" data-wp-pid=\"7498\" srcset=\"https:\/\/moverdb.com\/wp-content\/uploads\/Worldwide-Movers-Ghana-international-moving-company.png 1440w, https:\/\/moverdb.com\/wp-content\/uploads\/Worldwide-Movers-Ghana-international-moving-company-300x141.png 300w, https:\/\/moverdb.com\/wp-content\/uploads\/Worldwide-Movers-Ghana-international-moving-company-1024x480.png 1024w, https:\/\/moverdb.com\/wp-content\/uploads\/Worldwide-Movers-Ghana-international-moving-company-18x8.png 18w, https:\/\/moverdb.com\/wp-content\/uploads\/Worldwide-Movers-Ghana-international-moving-company-600x281.png 600w\" sizes=\"auto, (max-width: 1440px) 100vw, 1440px\" \/><\/p>\n<ul>\n<li>Nationale Umz\u00fcge<\/li>\n<li>Internationale Umz\u00fcge<\/li>\n<li>Umz\u00fcge im Haushalt<\/li>\n<li>B\u00fcroumz\u00fcge<\/li>\n<li>Haus-zu-Haus-Dienst<\/li>\n<li>Stra\u00dfen-, See- und Luftverkehr<\/li>\n<li>Unterst\u00fctzung bei den Zollformalit\u00e4ten<\/li>\n<li>Transport von Haustieren<\/li>\n<li>Orientierungsdienste<\/li>\n<li>Lagereinrichtungen<\/li>\n<\/ul>\n<p>Worldwide Movers ist ein internationales Umzugsunternehmen mit Niederlassungen auf der ganzen Welt, darunter eine in Ghana, die 2013 in Accra gegr\u00fcndet wurde. Das Unternehmen verf\u00fcgt \u00fcber Afrikas Gold Standard f\u00fcr Umz\u00fcge und ist seit 10 Jahren Mitglied der IAM.<\/p>\n<p>Worldwide Movers bietet einen T\u00fcr-zu-T\u00fcr-Service f\u00fcr Umz\u00fcge an, der mit einer Besichtigung beginnt, um ein Angebot zu erstellen. Sie k\u00f6nnen den Transport auf dem Land-, See- oder Luftweg arrangieren und Sie \u00fcber Zollbestimmungen und Versicherungen informieren. Sie bieten auch zus\u00e4tzliche Dienstleistungen an, um Ihnen die Eingew\u00f6hnung zu erleichtern. Dazu geh\u00f6ren ein Orientierungsservice, um sich mit der Gegend vertraut zu machen, sowie Unterst\u00fctzung bei der Wohnungs- und Schulsuche.<\/p>\n<p>Website: <a href=\"https:\/\/www.worldwidemoversafrica.com\/countries\/ghana\/\" target=\"_blank\" rel=\"noopener\">https:\/\/www.worldwidemoversafrica.com\/countries\/ghana\/<\/a><\/p>\n<h2><strong>2. Doxa Worldwide Movers<\/strong><\/h2>\n<p><img loading=\"lazy\" decoding=\"async\" class=\"alignnone size-full wp-image-7436\" src=\"https:\/\/moverdb.com\/wp-content\/uploads\/Doxa-Worldwide-Movers-international-moving-company.png\" alt=\"Doxa Worldwide Movers internationales Umzugsunternehmen\" width=\"1440\" height=\"686\" data-wp-pid=\"7436\" srcset=\"https:\/\/moverdb.com\/wp-content\/uploads\/Doxa-Worldwide-Movers-international-moving-company.png 1440w, https:\/\/moverdb.com\/wp-content\/uploads\/Doxa-Worldwide-Movers-international-moving-company-300x143.png 300w, https:\/\/moverdb.com\/wp-content\/uploads\/Doxa-Worldwide-Movers-international-moving-company-1024x488.png 1024w, https:\/\/moverdb.com\/wp-content\/uploads\/Doxa-Worldwide-Movers-international-moving-company-18x9.png 18w, https:\/\/moverdb.com\/wp-content\/uploads\/Doxa-Worldwide-Movers-international-moving-company-600x286.png 600w\" sizes=\"auto, (max-width: 1440px) 100vw, 1440px\" \/><\/p>\n<ul>\n<li>Nationale Umz\u00fcge<\/li>\n<li>Internationale Umz\u00fcge<\/li>\n<li>Umz\u00fcge in Wohnungen<\/li>\n<li>Unternehmensverlagerungen<\/li>\n<li>T\u00fcr-zu-T\u00fcr oder <a href=\"https:\/\/moverdb.com\/de\/top-49-container-ports\/\" data-internallinksmanager029f6b8e52c=\"80\" title=\"Top 49 der gr\u00f6\u00dften und verkehrsreichsten Containerh\u00e4fen im Jahr 2025\">Hafen<\/a>-to-port-Dienste<\/li>\n<li>Verpackungsservice<\/li>\n<li>Spezialfurniere oder Holzkisten<\/li>\n<li>Transport auf dem Land-, Luft- oder Seeweg<\/li>\n<li>Zollabfertigung<\/li>\n<li>Sichere Lagereinrichtungen<\/li>\n<\/ul>\n<p>Doxa Worldwide Movers ist ein in Ghana ans\u00e4ssiges Speditionsunternehmen, das bereits seit 20 Jahren t\u00e4tig ist. Das Unternehmen ist seit 28 Jahren Mitglied der IAM und hat durch diese Mitgliedschaft Zugang zu einem breiten Netz von Umzugsagenten auf der ganzen Welt, die es unterst\u00fctzen.<\/p>\n<p>Doxa Worldwide Movers bietet die Wahl zwischen einem Haus-zu-Haus-Service und einem Hafen-zu-Hafen-Service. Sie bieten einen Verpackungsservice nach internationalen Standards und verwenden eine Reihe von Verpackungsmaterialien sowie spezielle Furnier- oder Holzkisten, um Ihr Hab und Gut w\u00e4hrend des Transports zu sch\u00fctzen. Sie bieten eine Auswahl an Transportm\u00f6glichkeiten auf dem Land-, See- oder Luftweg und helfen bei der Zollabfertigung.<\/p>\n<p>Website: <a href=\"https:\/\/doxaworldwidemovers.com\" target=\"_blank\" rel=\"noopener\">https:\/\/doxaworldwidemovers.com<\/a><\/p>","protected":false},"excerpt":{"rendered":"<p>Are you planning a move in, from or to Ghana? Then you might be interested in employing the services of a professional moving company that can assist with moving your belongings and handle the paperwork. Below we have compiled a list of Ghana based removal companies that are members of the International Association of Movers [&hellip;]<\/p>\n","protected":false},"author":4,"featured_media":0,"parent":190,"menu_order":0,"comment_status":"closed","ping_status":"closed","template":"","meta":{"_genesis_hide_title":false,"_genesis_hide_breadcrumbs":false,"_genesis_hide_singular_image":false,"_genesis_hide_footer_widgets":false,"_genesis_custom_body_class":"","_genesis_custom_post_class":"","_genesis_layout":"","footnotes":""},"class_list":{"0":"post-7508","1":"page","2":"type-page","3":"status-publish","5":"entry","6":"has-post-thumbnail"},"_links":{"self":[{"href":"https:\/\/moverdb.com\/de\/wp-json\/wp\/v2\/pages\/7508","targetHints":{"allow":["GET"]}}],"collection":[{"href":"https:\/\/moverdb.com\/de\/wp-json\/wp\/v2\/pages"}],"about":[{"href":"https:\/\/moverdb.com\/de\/wp-json\/wp\/v2\/types\/page"}],"author":[{"embeddable":true,"href":"https:\/\/moverdb.com\/de\/wp-json\/wp\/v2\/users\/4"}],"replies":[{"embeddable":true,"href":"https:\/\/moverdb.com\/de\/wp-json\/wp\/v2\/comments?post=7508"}],"version-history":[{"count":1,"href":"https:\/\/moverdb.com\/de\/wp-json\/wp\/v2\/pages\/7508\/revisions"}],"predecessor-version":[{"id":7509,"href":"https:\/\/moverdb.com\/de\/wp-json\/wp\/v2\/pages\/7508\/revisions\/7509"}],"up":[{"embeddable":true,"href":"https:\/\/moverdb.com\/de\/wp-json\/wp\/v2\/pages\/190"}],"wp:attachment":[{"href":"https:\/\/moverdb.com\/de\/wp-json\/wp\/v2\/media?parent=7508"}],"curies":[{"name":"wp","href":"https:\/\/api.w.org\/{rel}","templated":true}]}}