{"id":6061,"date":"2023-02-01T13:50:00","date_gmt":"2023-02-01T13:50:00","guid":{"rendered":"https:\/\/moverdb.com\/?page_id=6061"},"modified":"2026-01-08T15:29:55","modified_gmt":"2026-01-08T15:29:55","slug":"umzugsunternehmen-georgien","status":"publish","type":"page","link":"https:\/\/moverdb.com\/de\/moving-companies\/moving-companies-georgia\/","title":{"rendered":"Beste internationale Umzugsunternehmen in Georgia"},"content":{"rendered":"<p>Wenn Sie Ihren Wohn- oder Gesch\u00e4ftssitz in <a href=\"https:\/\/moverdb.com\/de\/moving-to-the-united-states\/moving-to-georgia\/\" data-internallinksmanager029f6b8e52c=\"402\" title=\"Umzug nach Georgia? 2026 Lebenshaltungskosten &amp; Umzugstipps\">Georgien<\/a>Wenn Sie einen Umzug von oder nach Georgia planen, sollten Sie die Dienste eines Umzugsunternehmens in Anspruch nehmen. Nachfolgend haben wir eine Liste von Umzugsunternehmen mit Sitz in Georgia zusammengestellt <a href=\"https:\/\/moverdb.com\/de\/international-removals\/\" data-internallinksmanager029f6b8e52c=\"27\" title=\"36 Beste internationale Umzugsunternehmen in Gro\u00dfbritannien\">Umzugsunternehmen<\/a> die Mitglieder der <a href=\"https:\/\/moverdb.com\/de\/iam\/\" data-internallinksmanager029f6b8e52c=\"23\" title=\"International Association of Movers (IAM) erkl\u00e4rt\">Internationaler Verband der M\u00f6belspediteure<\/a> (IAM) und\/oder <a href=\"https:\/\/moverdb.com\/de\/fidi-faim\/\" data-internallinksmanager029f6b8e52c=\"16\" title=\"FIDI &amp; FAIM (FIDI Accredited International Mover) Erl\u00e4utert\">FIDI<\/a> Accredited International Mover (FAIM), die Sie bei Ihrem Umzug unterst\u00fctzen k\u00f6nnen.<\/p>\n<h2><strong>Gosselin<\/strong><\/h2>\n<p><img loading=\"lazy\" decoding=\"async\" class=\"alignnone size-full wp-image-6062\" src=\"https:\/\/moverdb.com\/wp-content\/uploads\/Gosselin-Georgia-international-moving-company.png\" alt=\"Gosselin Georgia internationales Umzugsunternehmen\" width=\"1440\" height=\"716\" data-wp-pid=\"6062\" srcset=\"https:\/\/moverdb.com\/wp-content\/uploads\/Gosselin-Georgia-international-moving-company.png 1440w, https:\/\/moverdb.com\/wp-content\/uploads\/Gosselin-Georgia-international-moving-company-300x149.png 300w, https:\/\/moverdb.com\/wp-content\/uploads\/Gosselin-Georgia-international-moving-company-1024x509.png 1024w, https:\/\/moverdb.com\/wp-content\/uploads\/Gosselin-Georgia-international-moving-company-18x9.png 18w, https:\/\/moverdb.com\/wp-content\/uploads\/Gosselin-Georgia-international-moving-company-600x298.png 600w\" sizes=\"auto, (max-width: 1440px) 100vw, 1440px\" \/><\/p>\n<ul>\n<li>Nationale Umz\u00fcge<\/li>\n<li>Internationale Umz\u00fcge<\/li>\n<li>Umz\u00fcge im Haushalt<\/li>\n<li>B\u00fcroumz\u00fcge<\/li>\n<li>Verpackungsservice<\/li>\n<li>Stra\u00dfen-, See- und Luftverkehr<\/li>\n<li>Bildende Kunst in Bewegung<\/li>\n<li>Transport von Haustieren<\/li>\n<li>Fahrzeugtransport<\/li>\n<li>Kurz- bis langfristige Lagerung<\/li>\n<\/ul>\n<p>Gosselin ist ein <a href=\"https:\/\/moverdb.com\/de\/moving-companies\/\" data-internallinksmanager029f6b8e52c=\"79\" title=\"Top 25 Internationale Umzugsunternehmen Online\">internationales Umzugsunternehmen<\/a> die Niederlassungen in ganz Europa hat und seit \u00fcber 25 Jahren ein B\u00fcro in Tiflis in Georgien unterh\u00e4lt. Sie verf\u00fcgen \u00fcber ein internationales Netz von Umzugsagenten, die sie bei Umz\u00fcgen in der ganzen Welt unterst\u00fctzen. Das Unternehmen ist seit 27 Jahren Mitglied der IAM.<\/p>\n<p>Gosselin ist ein erfahrenes internationales Umzugsunternehmen, das Umz\u00fcge von und nach Georgien sowie innerhalb Georgiens anbietet. Sie bieten einen umfassenden Service, der das sichere Verpacken Ihres Eigentums f\u00fcr den Stra\u00dfen-, See- und Lufttransport umfasst. Das Unternehmen bietet auch spezielle Dienstleistungen f\u00fcr den Transport von Kunstgegenst\u00e4nden, Haustieren und Fahrzeugen an.<\/p>\n<p>Website: <a href=\"https:\/\/gosselin-moving.com\/en\/moving-to-georgia\" target=\"_blank\" rel=\"noopener\">https:\/\/gosselin-moving.com\/en\/moving-to-georgia<\/a><\/p>","protected":false},"excerpt":{"rendered":"<p>If you are moving home or business in Georgia, or to or from Georgia you might want to engage the services of a removal company to assist you. Below we have compiled a list of Georgia based removal companies that are members of the International Association of Movers (IAM) and\/or FIDI Accredited International Mover (FAIM) [&hellip;]<\/p>\n","protected":false},"author":4,"featured_media":0,"parent":190,"menu_order":0,"comment_status":"closed","ping_status":"closed","template":"","meta":{"_genesis_hide_title":false,"_genesis_hide_breadcrumbs":false,"_genesis_hide_singular_image":false,"_genesis_hide_footer_widgets":false,"_genesis_custom_body_class":"","_genesis_custom_post_class":"","_genesis_layout":"","footnotes":""},"class_list":{"0":"post-6061","1":"page","2":"type-page","3":"status-publish","5":"entry","6":"has-post-thumbnail"},"_links":{"self":[{"href":"https:\/\/moverdb.com\/de\/wp-json\/wp\/v2\/pages\/6061","targetHints":{"allow":["GET"]}}],"collection":[{"href":"https:\/\/moverdb.com\/de\/wp-json\/wp\/v2\/pages"}],"about":[{"href":"https:\/\/moverdb.com\/de\/wp-json\/wp\/v2\/types\/page"}],"author":[{"embeddable":true,"href":"https:\/\/moverdb.com\/de\/wp-json\/wp\/v2\/users\/4"}],"replies":[{"embeddable":true,"href":"https:\/\/moverdb.com\/de\/wp-json\/wp\/v2\/comments?post=6061"}],"version-history":[{"count":1,"href":"https:\/\/moverdb.com\/de\/wp-json\/wp\/v2\/pages\/6061\/revisions"}],"predecessor-version":[{"id":6063,"href":"https:\/\/moverdb.com\/de\/wp-json\/wp\/v2\/pages\/6061\/revisions\/6063"}],"up":[{"embeddable":true,"href":"https:\/\/moverdb.com\/de\/wp-json\/wp\/v2\/pages\/190"}],"wp:attachment":[{"href":"https:\/\/moverdb.com\/de\/wp-json\/wp\/v2\/media?parent=6061"}],"curies":[{"name":"wp","href":"https:\/\/api.w.org\/{rel}","templated":true}]}}