{"id":6051,"date":"2023-02-01T12:39:56","date_gmt":"2023-02-01T12:39:56","guid":{"rendered":"https:\/\/moverdb.com\/?page_id=6051"},"modified":"2026-01-08T15:24:43","modified_gmt":"2026-01-08T15:24:43","slug":"umzugsunternehmen-finland","status":"publish","type":"page","link":"https:\/\/moverdb.com\/de\/moving-companies\/moving-companies-finland\/","title":{"rendered":"Die 4 besten internationalen Umzugsunternehmen in Finnland"},"content":{"rendered":"<p>Ein Wohnungs- oder Gesch\u00e4ftsumzug kann eine stressige Angelegenheit sein, denn es gibt so viel zu organisieren, vor allem, wenn man in ein anderes Land umzieht. Deshalb ist es sinnvoll, die Dienste eines <a href=\"https:\/\/moverdb.com\/de\/moving-companies\/\" data-internallinksmanager029f6b8e52c=\"79\" title=\"Top 25 Internationale Umzugsunternehmen Online\">Umzugsunternehmen<\/a> k\u00f6nnen Ihnen die Arbeit erleichtern, da sie alle Vorkehrungen f\u00fcr Sie treffen und Sie bei der Erledigung des Papierkrams unterst\u00fctzen k\u00f6nnen. Im Folgenden haben wir eine Liste zusammengestellt mit <a href=\"https:\/\/moverdb.com\/de\/international-removals\/\" data-internallinksmanager029f6b8e52c=\"27\" title=\"36 Beste internationale Umzugsunternehmen in Gro\u00dfbritannien\">Umzugsunternehmen<\/a> mit Sitz in <a href=\"https:\/\/moverdb.com\/de\/moving-to-finland\/\" data-internallinksmanager029f6b8e52c=\"345\" title=\"Umzug nach Finnland? 2026 Lebenshaltungskosten &amp; Umzugstipps\">Finnland<\/a> die Mitglieder der <a href=\"https:\/\/moverdb.com\/de\/iam\/\" data-internallinksmanager029f6b8e52c=\"23\" title=\"International Association of Movers (IAM) erkl\u00e4rt\">Internationaler Verband der M\u00f6belspediteure<\/a> (IAM) und\/oder <a href=\"https:\/\/moverdb.com\/de\/fidi-faim\/\" data-internallinksmanager029f6b8e52c=\"16\" title=\"FIDI &amp; FAIM (FIDI Accredited International Mover) Erl\u00e4utert\">FIDI<\/a> Accredited International Mover (FAIM), die Ihnen bei Ihrem Umzug helfen k\u00f6nnen.<\/p>\n<div id=\"ez-toc-container\" class=\"ez-toc-v2_0_82_2 ez-toc-wrap-left counter-hierarchy ez-toc-counter ez-toc-transparent ez-toc-container-direction\">\n<div class=\"ez-toc-title-container\">\n<p class=\"ez-toc-title\" style=\"cursor:inherit\">Rubriken<\/p>\n<span class=\"ez-toc-title-toggle\"><a href=\"#\" class=\"ez-toc-pull-right ez-toc-btn ez-toc-btn-xs ez-toc-btn-default ez-toc-toggle\" aria-label=\"Inhaltsverzeichnis umschalten\"><span class=\"ez-toc-js-icon-con\"><span class=\"\"><span class=\"eztoc-hide\" style=\"display:none;\">Umschalten auf<\/span><span class=\"ez-toc-icon-toggle-span\"><svg style=\"fill: #999;color:#999\" xmlns=\"http:\/\/www.w3.org\/2000\/svg\" class=\"list-377408\" width=\"20px\" height=\"20px\" viewbox=\"0 0 24 24\" fill=\"none\"><path d=\"M6 6H4v2h2V6zm14 0H8v2h12V6zM4 11h2v2H4v-2zm16 0H8v2h12v-2zM4 16h2v2H4v-2zm16 0H8v2h12v-2z\" fill=\"currentColor\"><\/path><\/svg><svg style=\"fill: #999;color:#999\" class=\"arrow-unsorted-368013\" xmlns=\"http:\/\/www.w3.org\/2000\/svg\" width=\"10px\" height=\"10px\" viewbox=\"0 0 24 24\" version=\"1.2\" baseprofile=\"tiny\"><path d=\"M18.2 9.3l-6.2-6.3-6.2 6.3c-.2.2-.3.4-.3.7s.1.5.3.7c.2.2.4.3.7.3h11c.3 0 .5-.1.7-.3.2-.2.3-.5.3-.7s-.1-.5-.3-.7zM5.8 14.7l6.2 6.3 6.2-6.3c.2-.2.3-.5.3-.7s-.1-.5-.3-.7c-.2-.2-.4-.3-.7-.3h-11c-.3 0-.5.1-.7.3-.2.2-.3.5-.3.7s.1.5.3.7z\"\/><\/svg><\/span><\/span><\/span><\/a><\/span><\/div>\n<nav><ul class='ez-toc-list ez-toc-list-level-1 eztoc-toggle-hide-by-default' ><li class='ez-toc-page-1 ez-toc-heading-level-2'><a class=\"ez-toc-link ez-toc-heading-1\" href=\"https:\/\/moverdb.com\/de\/moving-companies\/moving-companies-finland\/#1_Travelcargo_International_Removals\" >1. Travelcargo Internationale Umz\u00fcge<\/a><\/li><li class='ez-toc-page-1 ez-toc-heading-level-2'><a class=\"ez-toc-link ez-toc-heading-2\" href=\"https:\/\/moverdb.com\/de\/moving-companies\/moving-companies-finland\/#2_Niemi_Services\" >2. Niemi Dienstleistungen<\/a><\/li><li class='ez-toc-page-1 ez-toc-heading-level-2'><a class=\"ez-toc-link ez-toc-heading-3\" href=\"https:\/\/moverdb.com\/de\/moving-companies\/moving-companies-finland\/#3_Pegasus_Moving\" >3. Pegasus Umzug<\/a><\/li><li class='ez-toc-page-1 ez-toc-heading-level-2'><a class=\"ez-toc-link ez-toc-heading-4\" href=\"https:\/\/moverdb.com\/de\/moving-companies\/moving-companies-finland\/#4_Victor_EK\" >4. Victor EK<\/a><\/li><li class='ez-toc-page-1 ez-toc-heading-level-2'><a class=\"ez-toc-link ez-toc-heading-5\" href=\"https:\/\/moverdb.com\/de\/moving-companies\/moving-companies-finland\/#Other_Useful_Guides_to_Finland\" >Andere n\u00fctzliche Reisef\u00fchrer f\u00fcr Finnland<\/a><\/li><\/ul><\/nav><\/div>\n<h2><span class=\"ez-toc-section\" id=\"1_Travelcargo_International_Removals\"><\/span><strong>1. Travelcargo Internationale Umz\u00fcge<\/strong><span class=\"ez-toc-section-end\"><\/span><\/h2>\n<p><img loading=\"lazy\" decoding=\"async\" class=\"alignnone size-full wp-image-6052\" src=\"https:\/\/moverdb.com\/wp-content\/uploads\/Travel-Cargo-international-moving-company.png\" alt=\"Travel Cargo internationales Umzugsunternehmen\" width=\"1440\" height=\"672\" data-wp-pid=\"6052\" srcset=\"https:\/\/moverdb.com\/wp-content\/uploads\/Travel-Cargo-international-moving-company.png 1440w, https:\/\/moverdb.com\/wp-content\/uploads\/Travel-Cargo-international-moving-company-300x140.png 300w, https:\/\/moverdb.com\/wp-content\/uploads\/Travel-Cargo-international-moving-company-1024x478.png 1024w, https:\/\/moverdb.com\/wp-content\/uploads\/Travel-Cargo-international-moving-company-18x8.png 18w, https:\/\/moverdb.com\/wp-content\/uploads\/Travel-Cargo-international-moving-company-600x280.png 600w\" sizes=\"auto, (max-width: 1440px) 100vw, 1440px\" \/><\/p>\n<ul>\n<li>Internationale Umz\u00fcge<\/li>\n<li>Umz\u00fcge im Haushalt<\/li>\n<li>Firmenumz\u00fcge<\/li>\n<li>Haus-zu-Haus-Dienst<\/li>\n<li>Professioneller Verpackungsdienst<\/li>\n<li>Stra\u00dfen-, Luft- und Seetransport<\/li>\n<li>Zollabfertigung<\/li>\n<li>Tiertransport<\/li>\n<li>\u00dcbergep\u00e4ck-Service<\/li>\n<li>Messen und Veranstaltungen<\/li>\n<\/ul>\n<p>Travelcargo International Removals ist ein 2005 gegr\u00fcndetes Umzugs- und Logistikunternehmen mit Sitz in Helsinki. Es ist eine Abteilung von ATC Global Solutions. Durch Partnerschaften mit anderen internationalen Umzugsunternehmen bietet Travelcargo Umzugsdienstleistungen in mehr als 180 L\u00e4ndern der Welt an. Das Unternehmen ist seit 17 Jahren Mitglied der IAM und ist von der FIDI akkreditiert.<\/p>\n<p>Travelcargo bietet vor dem Umzug eine Bestandsaufnahme an, um Ihre Bed\u00fcrfnisse zu ermitteln und Ihren Umzug mit einem T\u00fcr-zu-T\u00fcr-Service zu organisieren. Sie stellen professionelle Packer zur Verf\u00fcgung, die Ihr Hab und Gut sicher und mit hochwertigem Verpackungsmaterial verpacken. Sie arrangieren den Transport auf der Stra\u00dfe, in der Luft und zur See mit Zollabfertigung.<\/p>\n<p>Website: <a href=\"http:\/\/www.travelcargo.fi\" target=\"_blank\" rel=\"noopener\">http:\/\/www.travelcargo.fi<\/a><\/p>\n<h2><span class=\"ez-toc-section\" id=\"2_Niemi_Services\"><\/span><strong>2. Niemi Dienstleistungen<\/strong><span class=\"ez-toc-section-end\"><\/span><\/h2>\n<p><img loading=\"lazy\" decoding=\"async\" class=\"alignnone size-full wp-image-5986\" src=\"https:\/\/moverdb.com\/wp-content\/uploads\/Niemi-Services-international-moving-company.png\" alt=\"Niemi Services internationales Umzugsunternehmen\" width=\"1440\" height=\"683\" data-wp-pid=\"5986\" srcset=\"https:\/\/moverdb.com\/wp-content\/uploads\/Niemi-Services-international-moving-company.png 1440w, https:\/\/moverdb.com\/wp-content\/uploads\/Niemi-Services-international-moving-company-300x142.png 300w, https:\/\/moverdb.com\/wp-content\/uploads\/Niemi-Services-international-moving-company-1024x486.png 1024w, https:\/\/moverdb.com\/wp-content\/uploads\/Niemi-Services-international-moving-company-18x9.png 18w, https:\/\/moverdb.com\/wp-content\/uploads\/Niemi-Services-international-moving-company-600x285.png 600w\" sizes=\"auto, (max-width: 1440px) 100vw, 1440px\" \/><\/p>\n<ul>\n<li>Nationale Umz\u00fcge<\/li>\n<li>Internationale Umz\u00fcge<\/li>\n<li>Umz\u00fcge in Wohnungen<\/li>\n<li>Firmenumz\u00fcge<\/li>\n<li>Wahl der Stufe des Umzugspakets<\/li>\n<li>Verpackungsdienstleistungen<\/li>\n<li>Stra\u00dfen-, See- und Luftfracht<\/li>\n<li>Zollabfertigung<\/li>\n<li>Versicherung<\/li>\n<li>Kurz- bis langfristige Lagereinrichtungen<\/li>\n<\/ul>\n<p>Niemi Services ist ein Umzugs- und Logistikunternehmen, das \u00fcber Betriebszentren in Helsinki, Jyvaskyla und Kuopio verf\u00fcgt, <a href=\"https:\/\/www.niemi.fi\/en\/about_us\/offices\/niemi_lahti\" target=\"_blank\" rel=\"noopener\">Lahti<\/a>,&nbsp;<a href=\"https:\/\/www.niemi.fi\/en\/about_us\/offices\/niemi_oulu\" target=\"_blank\" rel=\"noopener\">Oulu<\/a>,&nbsp;<a href=\"https:\/\/www.niemi.fi\/en\/about_us\/offices\/niemi_tampere\" target=\"_blank\" rel=\"noopener\">Tampere<\/a>,&nbsp;<a href=\"https:\/\/www.niemi.fi\/en\/about_us\/offices\/niemi_turku\" target=\"_blank\" rel=\"noopener\">Turku<\/a>und&nbsp;<a href=\"https:\/\/www.niemi.fi\/en\/about_us\/offices\/niemi_vaasa\" target=\"_blank\" rel=\"noopener\">Vaasa<\/a>. Sie bieten Umz\u00fcge in der ganzen Welt in Partnerschaft mit internationalen Umzugsunternehmen an. Das Unternehmen ist seit 41 Jahren Mitglied der IAM und ist von der FIDI akkreditiert.<\/p>\n<p>Niemi Services bietet eine Reihe von Umzugsdienstleistungen an, von der Vermietung von Umzugskartons bis hin zu einem kompletten Umzugsservice. Sie bieten eine kostenlose Bewertung und einen Planungsbesuch an, um Ihren Umzug zu planen. Sie nutzen ihre eigene Fahrzeugflotte und bieten auch Luft- und Seefracht f\u00fcr einzelne Gegenst\u00e4nde bis hin zu vollen Containern an.<\/p>\n<p>Website: <a href=\"http:\/\/www.niemi.fi\/en\" target=\"_blank\" rel=\"noopener\">http:\/\/www.niemi.fi\/en<\/a><\/p>\n<h2><span class=\"ez-toc-section\" id=\"3_Pegasus_Moving\"><\/span><strong>3. Pegasus Umzug<\/strong><span class=\"ez-toc-section-end\"><\/span><\/h2>\n<p><img loading=\"lazy\" decoding=\"async\" class=\"alignnone size-full wp-image-5991\" src=\"https:\/\/moverdb.com\/wp-content\/uploads\/Pegasus-Moving-international-moving-company.png\" alt=\"Pegasus Moving internationales Umzugsunternehmen\" width=\"1440\" height=\"682\" data-wp-pid=\"5991\" srcset=\"https:\/\/moverdb.com\/wp-content\/uploads\/Pegasus-Moving-international-moving-company.png 1440w, https:\/\/moverdb.com\/wp-content\/uploads\/Pegasus-Moving-international-moving-company-300x142.png 300w, https:\/\/moverdb.com\/wp-content\/uploads\/Pegasus-Moving-international-moving-company-1024x485.png 1024w, https:\/\/moverdb.com\/wp-content\/uploads\/Pegasus-Moving-international-moving-company-18x9.png 18w, https:\/\/moverdb.com\/wp-content\/uploads\/Pegasus-Moving-international-moving-company-600x284.png 600w\" sizes=\"auto, (max-width: 1440px) 100vw, 1440px\" \/><\/p>\n<ul>\n<li>Nationale Umz\u00fcge<\/li>\n<li>Internationale Umz\u00fcge<\/li>\n<li>Umz\u00fcge im Haushalt<\/li>\n<li>Umzugsdienste<\/li>\n<li>Ma\u00dfgeschneiderte Dienstleistungen<\/li>\n<li>Verpackungsdienstleistungen<\/li>\n<li>Ma\u00dfgeschneiderte Versandkartons<\/li>\n<li>Unterst\u00fctzung durch den Zoll<\/li>\n<li>Autotransport<\/li>\n<li>Kurz- bis langfristige Lagerung<\/li>\n<\/ul>\n<p>Pegasus Moving ist ein Umzugs- und Logistikunternehmen mit \u00fcber 20 Jahren Erfahrung und Sitz in Helsinki. Sie arbeiten mit anderen Umzugsunternehmen zusammen, um internationale Umz\u00fcge durchzuf\u00fchren. Sie sind seit 11 Jahren Mitglied der IAM.<\/p>\n<p>Pegasus Moving bietet Umzugsbesichtigungen an, um Ihre Anforderungen zu ermitteln, und kann Verpackungsdienstleistungen zum Schutz Ihres Eigentums anbieten. Sie organisieren alle Aspekte Ihres Umzugs nach Ihren Bed\u00fcrfnissen und helfen Ihnen bei den Zollbestimmungen. Sie bieten auch zus\u00e4tzliche Dienstleistungen wie Endreinigung, Abfallbeseitigung, Recycling von Altm\u00f6beln, Installation von Elektroger\u00e4ten und Einlagerung an.<\/p>\n<p>Website: <a href=\"http:\/\/www.pegasusmoving.fi\" target=\"_blank\" rel=\"noopener\">http:\/\/www.pegasusmoving.fi<\/a><\/p>\n<h2><span class=\"ez-toc-section\" id=\"4_Victor_EK\"><\/span><strong>4. Victor EK<\/strong><span class=\"ez-toc-section-end\"><\/span><\/h2>\n<p><img loading=\"lazy\" decoding=\"async\" class=\"alignnone size-full wp-image-6010\" src=\"https:\/\/moverdb.com\/wp-content\/uploads\/Victor-EK-international-moving-company.png\" alt=\"Victor EK internationales Umzugsunternehmen\" width=\"1440\" height=\"682\" data-wp-pid=\"6010\" srcset=\"https:\/\/moverdb.com\/wp-content\/uploads\/Victor-EK-international-moving-company.png 1440w, https:\/\/moverdb.com\/wp-content\/uploads\/Victor-EK-international-moving-company-300x142.png 300w, https:\/\/moverdb.com\/wp-content\/uploads\/Victor-EK-international-moving-company-1024x485.png 1024w, https:\/\/moverdb.com\/wp-content\/uploads\/Victor-EK-international-moving-company-18x9.png 18w, https:\/\/moverdb.com\/wp-content\/uploads\/Victor-EK-international-moving-company-600x284.png 600w\" sizes=\"auto, (max-width: 1440px) 100vw, 1440px\" \/><\/p>\n<ul>\n<li>Nationale Umz\u00fcge<\/li>\n<li>Internationale Umz\u00fcge<\/li>\n<li>Umz\u00fcge im Haushalt<\/li>\n<li>Unternehmensverlagerungen<\/li>\n<li>Verpackungsservice<\/li>\n<li>Land-, See- und Luftverkehr<\/li>\n<li>Zollabfertigung<\/li>\n<li>Versicherung<\/li>\n<li>Autotransport<\/li>\n<li>Lagereinrichtungen<\/li>\n<\/ul>\n<p>Victor EK ist ein 1885 gegr\u00fcndetes Schifffahrts- und Logistikunternehmen in Familienbesitz mit Niederlassungen in Helsinki, Tampere und Hanko. Das Unternehmen unterh\u00e4lt langfristige Beziehungen zu Reedereien und internationalen Organisationen, um seine Dienstleistungen in der ganzen Welt anbieten zu k\u00f6nnen. Das Unternehmen ist Mitglied der <a href=\"https:\/\/moverdb.com\/de\/harmony-relocation-network\/\" data-internallinksmanager029f6b8e52c=\"20\" title=\"Harmony Relocation Network (HRN) erkl\u00e4rt\">Harmony Relocation Netzwerk<\/a> ad IAM mit 129 Dienstjahren und sind von der FIDI akkreditiert.<\/p>\n<p>Victor EK bietet eine kostenlose Umzugspr\u00fcfung an, um Ihren Bedarf zu ermitteln. Wenn Sie es w\u00fcnschen, bieten sie Verpackungsdienste an. Sie arrangieren den Transport Ihres Hab und Guts auf dem Land-, Luft- oder Seeweg und helfen bei der Zollabfertigung und Versicherung. Sie bieten auch Reinigungsdienste an, wenn Sie Ihr Haus verlassen.<\/p>\n<p>Website: <a href=\"http:\/\/www.victorek.fi\" target=\"_blank\" rel=\"noopener\">http:\/\/www.victorek.fi<\/a><\/p>\n<h2><span class=\"ez-toc-section\" id=\"Other_Useful_Guides_to_Finland\"><\/span>Andere n\u00fctzliche Reisef\u00fchrer f\u00fcr Finnland<span class=\"ez-toc-section-end\"><\/span><\/h2>\n<ul>\n<li> <a href=\"https:\/\/moverdb.com\/de\/moving-to-finland\/\">Umzug nach Finnland? 2026 Lebenshaltungskosten &amp; Umzugstipps<\/a><\/li>\n<li> <a href=\"https:\/\/moverdb.com\/de\/moving-to-finland\/best-places-to-live-finland\/\">Die 12 besten Orte zum Leben in Finnland<\/a><\/li>\n<li> <a href=\"https:\/\/moverdb.com\/de\/moving-to-finland\/living-in-finland\/\">21 Geheimnisse \u00fcber das Leben in Finnland, die man vor dem Umzug kennen sollte<\/a><\/li>\n<li> <a href=\"https:\/\/moverdb.com\/de\/containerschifffahrt\/finnisch\/\">2024 Seefracht-Container-Tarife von und nach Finnland<\/a><\/li>\n<\/ul>","protected":false},"excerpt":{"rendered":"<p>Moving home or business premises can be a stressful time as there is so much to arrange, especially if you are moving to another country. So, engaging the services of a moving company can help lighten the load as they can make all the arrangements for you and assist you in navigating through the paperwork. [&hellip;]<\/p>\n","protected":false},"author":4,"featured_media":0,"parent":190,"menu_order":0,"comment_status":"closed","ping_status":"closed","template":"","meta":{"_genesis_hide_title":false,"_genesis_hide_breadcrumbs":false,"_genesis_hide_singular_image":false,"_genesis_hide_footer_widgets":false,"_genesis_custom_body_class":"","_genesis_custom_post_class":"","_genesis_layout":"","footnotes":""},"class_list":{"0":"post-6051","1":"page","2":"type-page","3":"status-publish","5":"entry","6":"has-post-thumbnail"},"_links":{"self":[{"href":"https:\/\/moverdb.com\/de\/wp-json\/wp\/v2\/pages\/6051","targetHints":{"allow":["GET"]}}],"collection":[{"href":"https:\/\/moverdb.com\/de\/wp-json\/wp\/v2\/pages"}],"about":[{"href":"https:\/\/moverdb.com\/de\/wp-json\/wp\/v2\/types\/page"}],"author":[{"embeddable":true,"href":"https:\/\/moverdb.com\/de\/wp-json\/wp\/v2\/users\/4"}],"replies":[{"embeddable":true,"href":"https:\/\/moverdb.com\/de\/wp-json\/wp\/v2\/comments?post=6051"}],"version-history":[{"count":3,"href":"https:\/\/moverdb.com\/de\/wp-json\/wp\/v2\/pages\/6051\/revisions"}],"predecessor-version":[{"id":16285,"href":"https:\/\/moverdb.com\/de\/wp-json\/wp\/v2\/pages\/6051\/revisions\/16285"}],"up":[{"embeddable":true,"href":"https:\/\/moverdb.com\/de\/wp-json\/wp\/v2\/pages\/190"}],"wp:attachment":[{"href":"https:\/\/moverdb.com\/de\/wp-json\/wp\/v2\/media?parent=6051"}],"curies":[{"name":"wp","href":"https:\/\/api.w.org\/{rel}","templated":true}]}}