{"id":6049,"date":"2023-02-01T13:40:08","date_gmt":"2023-02-01T13:40:08","guid":{"rendered":"https:\/\/moverdb.com\/?page_id=6049"},"modified":"2026-01-08T15:24:41","modified_gmt":"2026-01-08T15:24:41","slug":"umzugsunternehmen-fiji","status":"publish","type":"page","link":"https:\/\/moverdb.com\/de\/moving-companies\/moving-companies-fiji\/","title":{"rendered":"Die 4 besten internationalen Umzugsunternehmen in Fidschi"},"content":{"rendered":"<p>Wenn Sie einen Umzug nach, von oder innerhalb der Fidschi-Inseln planen, sollten Sie die Dienste eines seri\u00f6sen <a href=\"https:\/\/moverdb.com\/de\/moving-companies\/\" data-internallinksmanager029f6b8e52c=\"79\" title=\"Top 25 Internationale Umzugsunternehmen Online\">Umzugsunternehmen<\/a> um Sie zu unterst\u00fctzen. Im Folgenden haben wir eine Liste von Fidschianern zusammengestellt <a href=\"https:\/\/moverdb.com\/de\/international-removals\/\" data-internallinksmanager029f6b8e52c=\"27\" title=\"36 Beste internationale Umzugsunternehmen in Gro\u00dfbritannien\">Umzugsunternehmen<\/a> die Mitglieder der <a href=\"https:\/\/moverdb.com\/de\/iam\/\" data-internallinksmanager029f6b8e52c=\"23\" title=\"International Association of Movers (IAM) erkl\u00e4rt\">Internationaler Verband der M\u00f6belspediteure<\/a> (IAM) und\/oder <a href=\"https:\/\/moverdb.com\/de\/fidi-faim\/\" data-internallinksmanager029f6b8e52c=\"16\" title=\"FIDI &amp; FAIM (FIDI Accredited International Mover) Erl\u00e4utert\">FIDI<\/a> Accredited International Mover (FAIM), die Sie bei Ihrem Umzug unterst\u00fctzen k\u00f6nnen.<\/p>\n<div id=\"ez-toc-container\" class=\"ez-toc-v2_0_82_2 ez-toc-wrap-left counter-hierarchy ez-toc-counter ez-toc-transparent ez-toc-container-direction\">\n<div class=\"ez-toc-title-container\">\n<p class=\"ez-toc-title\" style=\"cursor:inherit\">Rubriken<\/p>\n<span class=\"ez-toc-title-toggle\"><a href=\"#\" class=\"ez-toc-pull-right ez-toc-btn ez-toc-btn-xs ez-toc-btn-default ez-toc-toggle\" aria-label=\"Inhaltsverzeichnis umschalten\"><span class=\"ez-toc-js-icon-con\"><span class=\"\"><span class=\"eztoc-hide\" style=\"display:none;\">Umschalten auf<\/span><span class=\"ez-toc-icon-toggle-span\"><svg style=\"fill: #999;color:#999\" xmlns=\"http:\/\/www.w3.org\/2000\/svg\" class=\"list-377408\" width=\"20px\" height=\"20px\" viewbox=\"0 0 24 24\" fill=\"none\"><path d=\"M6 6H4v2h2V6zm14 0H8v2h12V6zM4 11h2v2H4v-2zm16 0H8v2h12v-2zM4 16h2v2H4v-2zm16 0H8v2h12v-2z\" fill=\"currentColor\"><\/path><\/svg><svg style=\"fill: #999;color:#999\" class=\"arrow-unsorted-368013\" xmlns=\"http:\/\/www.w3.org\/2000\/svg\" width=\"10px\" height=\"10px\" viewbox=\"0 0 24 24\" version=\"1.2\" baseprofile=\"tiny\"><path d=\"M18.2 9.3l-6.2-6.3-6.2 6.3c-.2.2-.3.4-.3.7s.1.5.3.7c.2.2.4.3.7.3h11c.3 0 .5-.1.7-.3.2-.2.3-.5.3-.7s-.1-.5-.3-.7zM5.8 14.7l6.2 6.3 6.2-6.3c.2-.2.3-.5.3-.7s-.1-.5-.3-.7c-.2-.2-.4-.3-.7-.3h-11c-.3 0-.5.1-.7.3-.2.2-.3.5-.3.7s.1.5.3.7z\"\/><\/svg><\/span><\/span><\/span><\/a><\/span><\/div>\n<nav><ul class='ez-toc-list ez-toc-list-level-1 eztoc-toggle-hide-by-default' ><li class='ez-toc-page-1 ez-toc-heading-level-2'><a class=\"ez-toc-link ez-toc-heading-1\" href=\"https:\/\/moverdb.com\/de\/moving-companies\/moving-companies-fiji\/#1_All_Freight_Logistics\" >1. Alle G\u00fcterverkehrslogistik<\/a><\/li><li class='ez-toc-page-1 ez-toc-heading-level-2'><a class=\"ez-toc-link ez-toc-heading-2\" href=\"https:\/\/moverdb.com\/de\/moving-companies\/moving-companies-fiji\/#2_Freight_Services\" >2. Frachtdienste<\/a><\/li><li class='ez-toc-page-1 ez-toc-heading-level-2'><a class=\"ez-toc-link ez-toc-heading-3\" href=\"https:\/\/moverdb.com\/de\/moving-companies\/moving-companies-fiji\/#3_Movements_International\" >3. Bewegungen International<\/a><\/li><li class='ez-toc-page-1 ez-toc-heading-level-2'><a class=\"ez-toc-link ez-toc-heading-4\" href=\"https:\/\/moverdb.com\/de\/moving-companies\/moving-companies-fiji\/#4_JVK_Magellan_International\" >4. JVK Magellan International<\/a><\/li><\/ul><\/nav><\/div>\n<h2><span class=\"ez-toc-section\" id=\"1_All_Freight_Logistics\"><\/span><strong>1. Alle G\u00fcterverkehrslogistik<\/strong><span class=\"ez-toc-section-end\"><\/span><\/h2>\n<p><img loading=\"lazy\" decoding=\"async\" class=\"alignnone size-full wp-image-5923\" src=\"https:\/\/moverdb.com\/wp-content\/uploads\/All-Freight-Logistics-international-moving-company.png\" alt=\"All Freight Logistics internationales Umzugsunternehmen\" width=\"1440\" height=\"680\" data-wp-pid=\"5923\" srcset=\"https:\/\/moverdb.com\/wp-content\/uploads\/All-Freight-Logistics-international-moving-company.png 1440w, https:\/\/moverdb.com\/wp-content\/uploads\/All-Freight-Logistics-international-moving-company-300x142.png 300w, https:\/\/moverdb.com\/wp-content\/uploads\/All-Freight-Logistics-international-moving-company-1024x484.png 1024w, https:\/\/moverdb.com\/wp-content\/uploads\/All-Freight-Logistics-international-moving-company-18x9.png 18w, https:\/\/moverdb.com\/wp-content\/uploads\/All-Freight-Logistics-international-moving-company-600x283.png 600w\" sizes=\"auto, (max-width: 1440px) 100vw, 1440px\" \/><\/p>\n<ul>\n<li>Lokale und nationale Umz\u00fcge<\/li>\n<li>Internationale Umz\u00fcge<\/li>\n<li>Umz\u00fcge im Haushalt<\/li>\n<li>B\u00fcroumz\u00fcge<\/li>\n<li>Haus-zu-Haus-Dienst<\/li>\n<li>Modernste Technologie und Ressourcen<\/li>\n<li>Land-, See- und Luftfracht<\/li>\n<li>Frachtpapiere und Zollabfertigung<\/li>\n<li>Allgefahrenversicherung f\u00fcr die Schifffahrt<\/li>\n<li>Lagereinrichtungen<\/li>\n<\/ul>\n<p>All Freight Logistics ist ein 2010 gegr\u00fcndeter Umzugs- und Speditionsdienstleister mit Sitz auf den Fidschi-Inseln. Sie haben Niederlassungen in Suva, Lautoka, Nadi und Auckland. Sie arbeiten mit internationalen Umzugsunternehmen in der ganzen Welt zusammen, um internationale Umz\u00fcge durchzuf\u00fchren. Das Unternehmen ist Mitglied der IAM und kann auf 12 Jahre Erfahrung zur\u00fcckblicken.<\/p>\n<p>All Freight Logistics bietet einen Haus-zu-Haus-Service f\u00fcr Haushalts- und B\u00fcroumz\u00fcge. Das Unternehmen bietet eine Reihe von Frachtoptionen, darunter Luft- und Seefracht, die auf Ihre Bed\u00fcrfnisse zugeschnitten sind, z. B. Vollcontainer oder weniger als eine Containerladung. Das Unternehmen unterst\u00fctzt Sie auch bei den Frachtpapieren und der Zollabfertigung.<\/p>\n<p>Website: <a href=\"http:\/\/www.allfreightfiji.com.fj\" target=\"_blank\" rel=\"noopener\">http:\/\/www.allfreightfiji.com.fj<\/a><\/p>\n<h2><span class=\"ez-toc-section\" id=\"2_Freight_Services\"><\/span><strong>2. Frachtdienste<\/strong><span class=\"ez-toc-section-end\"><\/span><\/h2>\n<p><img loading=\"lazy\" decoding=\"async\" class=\"alignnone size-full wp-image-5947\" src=\"https:\/\/moverdb.com\/wp-content\/uploads\/Freight-Services-international-moving-company.png\" alt=\"Freight Services internationales Umzugsunternehmen\" width=\"1440\" height=\"682\" data-wp-pid=\"5947\" srcset=\"https:\/\/moverdb.com\/wp-content\/uploads\/Freight-Services-international-moving-company.png 1440w, https:\/\/moverdb.com\/wp-content\/uploads\/Freight-Services-international-moving-company-300x142.png 300w, https:\/\/moverdb.com\/wp-content\/uploads\/Freight-Services-international-moving-company-1024x485.png 1024w, https:\/\/moverdb.com\/wp-content\/uploads\/Freight-Services-international-moving-company-18x9.png 18w, https:\/\/moverdb.com\/wp-content\/uploads\/Freight-Services-international-moving-company-600x284.png 600w\" sizes=\"auto, (max-width: 1440px) 100vw, 1440px\" \/><\/p>\n<ul>\n<li>Nationale Umz\u00fcge<\/li>\n<li>Internationale Umz\u00fcge<\/li>\n<li>Umz\u00fcge im Haushalt<\/li>\n<li>B\u00fcroumz\u00fcge<\/li>\n<li>Verpackungsdienstleistungen<\/li>\n<li>Stra\u00dfen-, See- und Luftverkehr<\/li>\n<li>Zollabfertigung<\/li>\n<li>Versicherung<\/li>\n<li><a href=\"https:\/\/moverdb.com\/de\/car-transport-shipping\/\" data-internallinksmanager029f6b8e52c=\"2\" title=\"2026 Internationale Autotransporte &amp; Angebote f\u00fcr Fahrzeugtransporte\">Transport von Fahrzeugen<\/a><\/li>\n<li>Kurz- bis langfristige Lagerung<\/li>\n<\/ul>\n<p>Freight Services ist ein Anbieter von Transport- und Logistikl\u00f6sungen mit drei B\u00fcros in Suva, Nadi und Lautoka auf den Fidschi-Inseln und einer Niederlassung in Papua-Neuguinea. <a href=\"https:\/\/moverdb.com\/de\/moving-companies\/moving-companies-guinea\/\" data-internallinksmanager029f6b8e52c=\"231\" title=\"Die 2 besten internationalen Umzugsunternehmen in Guinea\">Guinea<\/a>. Sie arbeiten mit vertrauensw\u00fcrdigen Partnern zusammen, um internationale Umzugsdienste anzubieten. Das Unternehmen ist seit 26 Jahren Mitglied der IAM.<\/p>\n<p>Freight Services bietet nationale und internationale Umzugsdienstleistungen von T\u00fcr zu T\u00fcr an, die eine Bestandsaufnahme vor dem Umzug und Verpackungsdienstleistungen durch professionell geschulte Teams umfassen, die Ihr Hab und Gut mit einer Reihe von Materialien sicher verpacken. Sie arrangieren den Transport Ihrer G\u00fcter auf der Stra\u00dfe, auf dem Luft- oder Seeweg und k\u00f6nnen durch ihren Maklerservice bei der Zollabfertigung helfen.<\/p>\n<p>Website: <a href=\"http:\/\/www.fsf.com.fj\" target=\"_blank\" rel=\"noopener\">http:\/\/www.fsf.com.fj<\/a><\/p>\n<h2><span class=\"ez-toc-section\" id=\"3_Movements_International\"><\/span><strong>3. Bewegungen International<\/strong><span class=\"ez-toc-section-end\"><\/span><\/h2>\n<p><img loading=\"lazy\" decoding=\"async\" class=\"alignnone size-full wp-image-5977\" src=\"https:\/\/moverdb.com\/wp-content\/uploads\/Movements-International-moving-company.png\" alt=\"Movements Internationales Umzugsunternehmen\" width=\"1440\" height=\"679\" data-wp-pid=\"5977\" srcset=\"https:\/\/moverdb.com\/wp-content\/uploads\/Movements-International-moving-company.png 1440w, https:\/\/moverdb.com\/wp-content\/uploads\/Movements-International-moving-company-300x141.png 300w, https:\/\/moverdb.com\/wp-content\/uploads\/Movements-International-moving-company-1024x483.png 1024w, https:\/\/moverdb.com\/wp-content\/uploads\/Movements-International-moving-company-18x8.png 18w, https:\/\/moverdb.com\/wp-content\/uploads\/Movements-International-moving-company-600x283.png 600w\" sizes=\"auto, (max-width: 1440px) 100vw, 1440px\" \/><\/p>\n<ul>\n<li>Internationale Umz\u00fcge<\/li>\n<li>Umz\u00fcge im Haushalt<\/li>\n<li>Kommerzielle Projekte<\/li>\n<li>Haus-zu-Haus-Dienst<\/li>\n<li>Verpackungsservice und Inventarisierung<\/li>\n<li>Hochwertiges Verpackungsmaterial<\/li>\n<li>Stra\u00dfen-, See- und Luftverkehr<\/li>\n<li>Unterst\u00fctzung beim Export von Dokumenten<\/li>\n<li>Allgefahrenversicherung f\u00fcr die Schifffahrt<\/li>\n<li>Lagereinrichtungen<\/li>\n<\/ul>\n<p>Movements International ist ein 2005 gegr\u00fcndeter Logistik- und Umzugsdienstleister mit Sitz in Suva und einem B\u00fcro auch in <a href=\"https:\/\/moverdb.com\/de\/moving-to-new-zealand\/\" data-internallinksmanager029f6b8e52c=\"324\" title=\"Umzug nach Neuseeland? 2026 Lebenshaltungskosten &amp; Umzugstipps\">Neuseeland<\/a>. Sie bieten internationale Umz\u00fcge in Zusammenarbeit mit einem internationalen Netzwerk von Umzugsagenten an. Sie sind Mitglied der IAM und k\u00f6nnen auf 14 Jahre Erfahrung zur\u00fcckblicken.<\/p>\n<p>Movements International bietet einen Haus-zu-Haus-Service mit professionell geschultem Personal und spezialisierten Verpackungs- und Umzugsdienstleistungen. Sie stellen eine Vielzahl von Verpackungsmaterialien wie Kisten, Kartons und Verpackungsmaterial zur Verf\u00fcgung, etikettieren Gegenst\u00e4nde und erstellen ein Inventar. Sie bieten Frachtoptionen an, die Vollcontainerladungen und weniger als Containerladungen umfassen, und leisten Unterst\u00fctzung bei den Exportdokumenten.<\/p>\n<p>Website: <a href=\"http:\/\/www.mifiji.com\" target=\"_blank\" rel=\"noopener\">http:\/\/www.mifiji.com<\/a><\/p>\n<h2><span class=\"ez-toc-section\" id=\"4_JVK_Magellan_International\"><\/span><strong>4. JVK Magellan International<\/strong><span class=\"ez-toc-section-end\"><\/span><\/h2>\n<p><img loading=\"lazy\" decoding=\"async\" class=\"alignnone size-full wp-image-5532\" src=\"https:\/\/moverdb.com\/wp-content\/uploads\/JVK-Asia-international-moving-company.png\" alt=\"JVK Asia internationales Umzugsunternehmen\" width=\"1440\" height=\"681\" data-wp-pid=\"5532\" srcset=\"https:\/\/moverdb.com\/wp-content\/uploads\/JVK-Asia-international-moving-company.png 1440w, https:\/\/moverdb.com\/wp-content\/uploads\/JVK-Asia-international-moving-company-300x142.png 300w, https:\/\/moverdb.com\/wp-content\/uploads\/JVK-Asia-international-moving-company-1024x484.png 1024w, https:\/\/moverdb.com\/wp-content\/uploads\/JVK-Asia-international-moving-company-18x9.png 18w, https:\/\/moverdb.com\/wp-content\/uploads\/JVK-Asia-international-moving-company-600x284.png 600w\" sizes=\"auto, (max-width: 1440px) 100vw, 1440px\" \/><\/p>\n<ul>\n<li>Nationale Umz\u00fcge<\/li>\n<li>Internationale Umz\u00fcge<\/li>\n<li>Umzugsdienste<\/li>\n<li>Umz\u00fcge im Haushalt<\/li>\n<li>B\u00fcroumz\u00fcge<\/li>\n<li>Haus-zu-Haus-Dienst<\/li>\n<li>Verpackungsdienstleistungen<\/li>\n<li>Stra\u00dfen-, See- und Luftfracht<\/li>\n<li>Unterst\u00fctzung von Zollanforderungen<\/li>\n<li>Kurz- bis langfristige Lagerung<\/li>\n<\/ul>\n<p>JVK Magellan International ist ein internationales Umzugs-, Logistik-, Lager- und Vertriebsunternehmen mit Niederlassungen in der ganzen Welt und wurde 1979 in <a href=\"https:\/\/moverdb.com\/de\/moving-to-thailand\/\" data-internallinksmanager029f6b8e52c=\"318\" title=\"Umzug nach Thailand? 2026 Lebenshaltungskosten &amp; Umzugstipps\">Thailand<\/a>. Sie haben ein B\u00fcro in Suva auf den Fidschi-Inseln und sind Mitglied der IAM.<\/p>\n<p>JVK Magellan International bietet vor dem Umzug eine Bestandsaufnahme an, um Ihren Bedarf zu ermitteln und ein Angebot f\u00fcr einen T\u00fcr-zu-T\u00fcr-Umzug zu erstellen. Sie stellen Ihnen professionelle Packer zur Seite, die Ihr Hab und Gut mit hochwertigen Materialien sch\u00fctzen, ein detailliertes Inventar erstellen und eine All-Risk-Transitversicherung anbieten. Sie organisieren den Stra\u00dfen-, See- und Lufttransport und beraten Sie hinsichtlich der Zollbestimmungen.<\/p>\n<p>Website: <a href=\"http:\/\/jvkasia.com\" target=\"_blank\" rel=\"noopener\">http:\/\/jvkasia.com<\/a><\/p>","protected":false},"excerpt":{"rendered":"<p>If you are planning on moving to, from or within Fiji then you may want to employ the services of a reputable moving company to assist you. Below we have compiled a list of Fijian removal companies that are members of the International Association of Movers (IAM) and\/or FIDI Accredited International Mover (FAIM) who could [&hellip;]<\/p>\n","protected":false},"author":4,"featured_media":0,"parent":190,"menu_order":0,"comment_status":"closed","ping_status":"closed","template":"","meta":{"_genesis_hide_title":false,"_genesis_hide_breadcrumbs":false,"_genesis_hide_singular_image":false,"_genesis_hide_footer_widgets":false,"_genesis_custom_body_class":"","_genesis_custom_post_class":"","_genesis_layout":"","footnotes":""},"class_list":{"0":"post-6049","1":"page","2":"type-page","3":"status-publish","5":"entry","6":"has-post-thumbnail"},"_links":{"self":[{"href":"https:\/\/moverdb.com\/de\/wp-json\/wp\/v2\/pages\/6049","targetHints":{"allow":["GET"]}}],"collection":[{"href":"https:\/\/moverdb.com\/de\/wp-json\/wp\/v2\/pages"}],"about":[{"href":"https:\/\/moverdb.com\/de\/wp-json\/wp\/v2\/types\/page"}],"author":[{"embeddable":true,"href":"https:\/\/moverdb.com\/de\/wp-json\/wp\/v2\/users\/4"}],"replies":[{"embeddable":true,"href":"https:\/\/moverdb.com\/de\/wp-json\/wp\/v2\/comments?post=6049"}],"version-history":[{"count":1,"href":"https:\/\/moverdb.com\/de\/wp-json\/wp\/v2\/pages\/6049\/revisions"}],"predecessor-version":[{"id":6050,"href":"https:\/\/moverdb.com\/de\/wp-json\/wp\/v2\/pages\/6049\/revisions\/6050"}],"up":[{"embeddable":true,"href":"https:\/\/moverdb.com\/de\/wp-json\/wp\/v2\/pages\/190"}],"wp:attachment":[{"href":"https:\/\/moverdb.com\/de\/wp-json\/wp\/v2\/media?parent=6049"}],"curies":[{"name":"wp","href":"https:\/\/api.w.org\/{rel}","templated":true}]}}