{"id":6046,"date":"2023-02-01T13:44:41","date_gmt":"2023-02-01T13:44:41","guid":{"rendered":"https:\/\/moverdb.com\/?page_id=6046"},"modified":"2026-01-08T15:25:06","modified_gmt":"2026-01-08T15:25:06","slug":"umzugsunternehmen-athiopien","status":"publish","type":"page","link":"https:\/\/moverdb.com\/de\/moving-companies\/moving-companies-ethiopia\/","title":{"rendered":"Die 5 besten internationalen Umzugsunternehmen in \u00c4thiopien"},"content":{"rendered":"<p>Ein Umzug ist eine anstrengende und stressige Zeit, vor allem, wenn man von einem Land ins andere umzieht, daher kann die Unterst\u00fctzung durch ein Umzugsunternehmen hilfreich sein. <a href=\"https:\/\/moverdb.com\/de\/moving-companies\/\" data-internallinksmanager029f6b8e52c=\"79\" title=\"Top 25 Internationale Umzugsunternehmen Online\">Umzugsunternehmen<\/a> kann bei der Erledigung des Papierkrams und der Organisation des Transports helfen. Im Folgenden haben wir eine Liste von \u00e4thiopischen <a href=\"https:\/\/moverdb.com\/de\/international-removals\/\" data-internallinksmanager029f6b8e52c=\"27\" title=\"36 Beste internationale Umzugsunternehmen in Gro\u00dfbritannien\">Umzugsunternehmen<\/a> die Mitglieder der <a href=\"https:\/\/moverdb.com\/de\/iam\/\" data-internallinksmanager029f6b8e52c=\"23\" title=\"International Association of Movers (IAM) erkl\u00e4rt\">Internationaler Verband der M\u00f6belspediteure<\/a> (IAM) und\/oder <a href=\"https:\/\/moverdb.com\/de\/fidi-faim\/\" data-internallinksmanager029f6b8e52c=\"16\" title=\"FIDI &amp; FAIM (FIDI Accredited International Mover) Erl\u00e4utert\">FIDI<\/a> Accredited International Mover (FAIM), die Sie bei Ihrem Umzug unterst\u00fctzen k\u00f6nnen.<\/p>\n<div id=\"ez-toc-container\" class=\"ez-toc-v2_0_82_2 ez-toc-wrap-left counter-hierarchy ez-toc-counter ez-toc-transparent ez-toc-container-direction\">\n<div class=\"ez-toc-title-container\">\n<p class=\"ez-toc-title\" style=\"cursor:inherit\">Rubriken<\/p>\n<span class=\"ez-toc-title-toggle\"><a href=\"#\" class=\"ez-toc-pull-right ez-toc-btn ez-toc-btn-xs ez-toc-btn-default ez-toc-toggle\" aria-label=\"Inhaltsverzeichnis umschalten\"><span class=\"ez-toc-js-icon-con\"><span class=\"\"><span class=\"eztoc-hide\" style=\"display:none;\">Umschalten auf<\/span><span class=\"ez-toc-icon-toggle-span\"><svg style=\"fill: #999;color:#999\" xmlns=\"http:\/\/www.w3.org\/2000\/svg\" class=\"list-377408\" width=\"20px\" height=\"20px\" viewbox=\"0 0 24 24\" fill=\"none\"><path d=\"M6 6H4v2h2V6zm14 0H8v2h12V6zM4 11h2v2H4v-2zm16 0H8v2h12v-2zM4 16h2v2H4v-2zm16 0H8v2h12v-2z\" fill=\"currentColor\"><\/path><\/svg><svg style=\"fill: #999;color:#999\" class=\"arrow-unsorted-368013\" xmlns=\"http:\/\/www.w3.org\/2000\/svg\" width=\"10px\" height=\"10px\" viewbox=\"0 0 24 24\" version=\"1.2\" baseprofile=\"tiny\"><path d=\"M18.2 9.3l-6.2-6.3-6.2 6.3c-.2.2-.3.4-.3.7s.1.5.3.7c.2.2.4.3.7.3h11c.3 0 .5-.1.7-.3.2-.2.3-.5.3-.7s-.1-.5-.3-.7zM5.8 14.7l6.2 6.3 6.2-6.3c.2-.2.3-.5.3-.7s-.1-.5-.3-.7c-.2-.2-.4-.3-.7-.3h-11c-.3 0-.5.1-.7.3-.2.2-.3.5-.3.7s.1.5.3.7z\"\/><\/svg><\/span><\/span><\/span><\/a><\/span><\/div>\n<nav><ul class='ez-toc-list ez-toc-list-level-1 eztoc-toggle-hide-by-default' ><li class='ez-toc-page-1 ez-toc-heading-level-2'><a class=\"ez-toc-link ez-toc-heading-1\" href=\"https:\/\/moverdb.com\/de\/moving-companies\/moving-companies-ethiopia\/#1_Melehk_Logistics\" >1. Melehk Logistik<\/a><\/li><li class='ez-toc-page-1 ez-toc-heading-level-2'><a class=\"ez-toc-link ez-toc-heading-2\" href=\"https:\/\/moverdb.com\/de\/moving-companies\/moving-companies-ethiopia\/#2_Move_One\" >2. Eins bewegen<\/a><\/li><li class='ez-toc-page-1 ez-toc-heading-level-2'><a class=\"ez-toc-link ez-toc-heading-3\" href=\"https:\/\/moverdb.com\/de\/moving-companies\/moving-companies-ethiopia\/#3_Panafric_Global\" >3. Panafrika Global<\/a><\/li><li class='ez-toc-page-1 ez-toc-heading-level-2'><a class=\"ez-toc-link ez-toc-heading-4\" href=\"https:\/\/moverdb.com\/de\/moving-companies\/moving-companies-ethiopia\/#4_Segon_Marill_Movers\" >4. Segon Marill Movers<\/a><\/li><li class='ez-toc-page-1 ez-toc-heading-level-2'><a class=\"ez-toc-link ez-toc-heading-5\" href=\"https:\/\/moverdb.com\/de\/moving-companies\/moving-companies-ethiopia\/#5_Solomon_Zewdu_Shipping_and_Freight_Forwarding\" >5. Solomon Zewdu Schifffahrt und Spedition<\/a><\/li><\/ul><\/nav><\/div>\n<h2><span class=\"ez-toc-section\" id=\"1_Melehk_Logistics\"><\/span><strong>1. Melehk Logistik<\/strong><span class=\"ez-toc-section-end\"><\/span><\/h2>\n<p><img loading=\"lazy\" decoding=\"async\" class=\"alignnone size-full wp-image-5971\" src=\"https:\/\/moverdb.com\/wp-content\/uploads\/Melehk-Logistics-international-moving-company.png\" alt=\"Melehk Logistics internationales Umzugsunternehmen\" width=\"1440\" height=\"674\" data-wp-pid=\"5971\" srcset=\"https:\/\/moverdb.com\/wp-content\/uploads\/Melehk-Logistics-international-moving-company.png 1440w, https:\/\/moverdb.com\/wp-content\/uploads\/Melehk-Logistics-international-moving-company-300x140.png 300w, https:\/\/moverdb.com\/wp-content\/uploads\/Melehk-Logistics-international-moving-company-1024x479.png 1024w, https:\/\/moverdb.com\/wp-content\/uploads\/Melehk-Logistics-international-moving-company-18x8.png 18w, https:\/\/moverdb.com\/wp-content\/uploads\/Melehk-Logistics-international-moving-company-600x281.png 600w\" sizes=\"auto, (max-width: 1440px) 100vw, 1440px\" \/><\/p>\n<ul>\n<li>Lokale und nationale Umz\u00fcge<\/li>\n<li>Internationale Umz\u00fcge<\/li>\n<li>Umz\u00fcge von Haushalten<\/li>\n<li>Pers\u00f6nlicher und ma\u00dfgeschneiderter Service<\/li>\n<li>Engagierter Umzugskoordinator<\/li>\n<li>Organisation und Verwaltung aller Aspekte Ihres Umzugs<\/li>\n<li>Stra\u00dfen-, See- und Luftfracht<\/li>\n<li>Zollabfertigung<\/li>\n<li>Internationale Partnerschaften<\/li>\n<li>Lagereinrichtungen<\/li>\n<\/ul>\n<p>Melehk Logistics ist ein Speditions- und Logistikunternehmen, das 2011 als Ginchi Trading gegr\u00fcndet wurde und Umzugsdienstleistungen innerhalb, nach und aus \u00c4thiopien anbietet. Sie arbeiten mit einem internationalen Umzugsnetzwerk zusammen, um Umzugsdienstleistungen in der ganzen Welt anzubieten. Das Unternehmen ist Mitglied der IAM und kann auf 9 Jahre Erfahrung zur\u00fcckblicken.<\/p>\n<p>Melehk Logistics bietet internationale Haushaltsumz\u00fcge auf der ganzen Welt an und stellt einen engagierten Umzugskoordinator zur Verf\u00fcgung. Das Unternehmen bietet personalisierte und ma\u00dfgeschneiderte Dienstleistungen, die jeden Aspekt Ihres Umzugs organisieren und Ihren Umzug effizient verwalten. Das Unternehmen bietet Frachtoptionen f\u00fcr den Stra\u00dfen-, Luft- und Seetransport sowie Unterst\u00fctzung bei der Zollabwicklung.<\/p>\n<p>Website: <a href=\"http:\/\/www.melehk.com\" target=\"_blank\" rel=\"noopener\">http:\/\/www.melehk.com<\/a><\/p>\n<h2><span class=\"ez-toc-section\" id=\"2_Move_One\"><\/span><strong>2. Eins bewegen<\/strong><span class=\"ez-toc-section-end\"><\/span><\/h2>\n<p><img loading=\"lazy\" decoding=\"async\" class=\"alignnone size-full wp-image-5974\" src=\"https:\/\/moverdb.com\/wp-content\/uploads\/Move-One-Ethiopia-international-moving-company.png\" alt=\"Move One \u00c4thiopien internationales Umzugsunternehmen\" width=\"1440\" height=\"667\" data-wp-pid=\"5974\" srcset=\"https:\/\/moverdb.com\/wp-content\/uploads\/Move-One-Ethiopia-international-moving-company.png 1440w, https:\/\/moverdb.com\/wp-content\/uploads\/Move-One-Ethiopia-international-moving-company-300x139.png 300w, https:\/\/moverdb.com\/wp-content\/uploads\/Move-One-Ethiopia-international-moving-company-1024x474.png 1024w, https:\/\/moverdb.com\/wp-content\/uploads\/Move-One-Ethiopia-international-moving-company-18x8.png 18w, https:\/\/moverdb.com\/wp-content\/uploads\/Move-One-Ethiopia-international-moving-company-600x278.png 600w\" sizes=\"auto, (max-width: 1440px) 100vw, 1440px\" \/><\/p>\n<ul>\n<li>Nationale Umz\u00fcge<\/li>\n<li>Internationale Umz\u00fcge<\/li>\n<li>Umz\u00fcge im Haushalt<\/li>\n<li>Kommerzielle Umz\u00fcge<\/li>\n<li>Verpackungsservice<\/li>\n<li>Land-, See- und Luftfracht<\/li>\n<li>Zollabfertigung<\/li>\n<li>Visa- und Einwanderungsdienste<\/li>\n<li>Versand von Haustieren<\/li>\n<li>Sichere Lagerung<\/li>\n<\/ul>\n<p>Move One ist ein 1992 gegr\u00fcndetes internationales Umzugsunternehmen mit Niederlassungen in Europa, Afrika und Asien, einschlie\u00dflich einer Niederlassung in Addis Abeba in \u00c4thiopien. Das Unternehmen arbeitet mit internationalen Partnern zusammen, um Umz\u00fcge au\u00dferhalb seines Einsatzgebietes durchzuf\u00fchren. Das Unternehmen ist Mitglied der IAM und seit 8 Jahren in \u00c4thiopien t\u00e4tig.<\/p>\n<p>Move One bedient eine Reihe von Branchen, darunter den gewerblichen Einzelhandel, die diplomatische Gemeinschaft, lokale Regierungseinrichtungen und ausl\u00e4ndische Auftragnehmer. Sie bieten Exportverpackungen zum Schutz Ihres Eigentums und arrangieren den Transport auf dem Land-, Luft- und Seeweg mit Zollabfertigung. Das Unternehmen bietet auch zus\u00e4tzliche Dienstleistungen an, darunter Unterst\u00fctzung bei Visa und Einwanderung sowie den Transport von Haustieren.<\/p>\n<p>Website: <a href=\"http:\/\/www.moveoneinc.com\/ethiopia\" target=\"_blank\" rel=\"noopener\">http:\/\/www.moveoneinc.com\/ethiopia<\/a><\/p>\n<h2><span class=\"ez-toc-section\" id=\"3_Panafric_Global\"><\/span><strong>3. Panafrika Global<\/strong><span class=\"ez-toc-section-end\"><\/span><\/h2>\n<p><img loading=\"lazy\" decoding=\"async\" class=\"alignnone size-full wp-image-5990\" src=\"https:\/\/moverdb.com\/wp-content\/uploads\/Panafric-Global-international-moving-company.png\" alt=\"Panafric Global internationales Umzugsunternehmen\" width=\"1440\" height=\"674\" data-wp-pid=\"5990\" srcset=\"https:\/\/moverdb.com\/wp-content\/uploads\/Panafric-Global-international-moving-company.png 1440w, https:\/\/moverdb.com\/wp-content\/uploads\/Panafric-Global-international-moving-company-300x140.png 300w, https:\/\/moverdb.com\/wp-content\/uploads\/Panafric-Global-international-moving-company-1024x479.png 1024w, https:\/\/moverdb.com\/wp-content\/uploads\/Panafric-Global-international-moving-company-18x8.png 18w, https:\/\/moverdb.com\/wp-content\/uploads\/Panafric-Global-international-moving-company-600x281.png 600w\" sizes=\"auto, (max-width: 1440px) 100vw, 1440px\" \/><\/p>\n<ul>\n<li>Internationale Umz\u00fcge<\/li>\n<li>Umz\u00fcge im Haushalt<\/li>\n<li>Kommerzielle Projekte<\/li>\n<li>Umzugsservice<\/li>\n<li>End-to-End-L\u00f6sung<\/li>\n<li>Land-, See- und Luftfracht<\/li>\n<li>Unterst\u00fctzung bei Zollabfertigung und Dokumentation<\/li>\n<li>Unterst\u00fctzung bei der Eingew\u00f6hnung<\/li>\n<li>Frachtversicherung<\/li>\n<li>L\u00f6sungen f\u00fcr die Lagerung<\/li>\n<\/ul>\n<p>Panafric Global ist ein multimodales Transport- und Logistikunternehmen, das 1993 in Addis gegr\u00fcndet wurde und \u00fcber f\u00fcnf Niederlassungen am Flughafen, in Kality, Adama, Hawassa und <a href=\"https:\/\/moverdb.com\/de\/moving-companies\/moving-companies-djibouti\/\" data-internallinksmanager029f6b8e52c=\"220\" title=\"Beste internationale Umzugsfirmen in Dschibuti\">Dschibuti<\/a>. Sie bieten Umzugs- und Relocation-Dienstleistungen in, nach und aus \u00c4thiopien. Sie sind Mitglied der IAM mit 29 Jahren Erfahrung.<\/p>\n<p>Panafric Global bietet einen Haus-zu-Haus-Service von und nach jedem Ort der Welt. Das Unternehmen bietet Transport auf dem Land-, Luft- und Seeweg sowie Unterst\u00fctzung bei Zoll- und Dokumentationsfragen. Sie bieten Relocation-Services an, die bei der Eingew\u00f6hnung helfen, z. B. bei der Suche nach Schulen, der Beschaffung von Fahrzeugen und der Einrichtung von Versorgungseinrichtungen und Versicherungen.<\/p>\n<p>Website: <a href=\"http:\/\/www.panafricglobal.com\" target=\"_blank\" rel=\"noopener\">http:\/\/www.panafricglobal.com<\/a><\/p>\n<h2><span class=\"ez-toc-section\" id=\"4_Segon_Marill_Movers\"><\/span><strong>4. Segon Marill Movers<\/strong><span class=\"ez-toc-section-end\"><\/span><\/h2>\n<p><img loading=\"lazy\" decoding=\"async\" class=\"alignnone size-full wp-image-6002\" src=\"https:\/\/moverdb.com\/wp-content\/uploads\/Segon-Marill-Movers-international-moving-company.png\" alt=\"Segon Marill Movers internationales Umzugsunternehmen\" width=\"1440\" height=\"681\" data-wp-pid=\"6002\" srcset=\"https:\/\/moverdb.com\/wp-content\/uploads\/Segon-Marill-Movers-international-moving-company.png 1440w, https:\/\/moverdb.com\/wp-content\/uploads\/Segon-Marill-Movers-international-moving-company-300x142.png 300w, https:\/\/moverdb.com\/wp-content\/uploads\/Segon-Marill-Movers-international-moving-company-1024x484.png 1024w, https:\/\/moverdb.com\/wp-content\/uploads\/Segon-Marill-Movers-international-moving-company-18x9.png 18w, https:\/\/moverdb.com\/wp-content\/uploads\/Segon-Marill-Movers-international-moving-company-600x284.png 600w\" sizes=\"auto, (max-width: 1440px) 100vw, 1440px\" \/><\/p>\n<ul>\n<li>Nationale Umz\u00fcge<\/li>\n<li>Internationale Umz\u00fcge<\/li>\n<li>Umz\u00fcge im Haushalt<\/li>\n<li>Firmenumz\u00fcge<\/li>\n<li>Umzugsservice<\/li>\n<li>Verpackungsservice<\/li>\n<li>Land-, See- und Luftverkehr<\/li>\n<li>Dienstleistungen zur Eingew\u00f6hnung<\/li>\n<li>Haus- und Schulsuche<\/li>\n<li>Sichere Lagerung<\/li>\n<\/ul>\n<p>Segon Marill Movers ist ein internationales Umzugs- und Lagerungsunternehmen, das vor 21 Jahren gegr\u00fcndet wurde. Das Unternehmen arbeitet mit 50 Partneragenturen zusammen, um seine Dienstleistungen weltweit anzubieten. Das Unternehmen ist Mitglied der IAM und kann auf 31 Jahre Erfahrung zur\u00fcckblicken.<\/p>\n<p>Segon Marill Movers bietet einen personalisierten Umzugsservice mit einem Verpackungsservice, der hochwertige Techniken und Materialien zum Schutz Ihres Eigentums verwendet. Sie arrangieren den Transport auf dem Land-, See- oder Luftweg und nehmen bei Bedarf die Unterst\u00fctzung von Partneragenturen in Anspruch. Der Umzugsservice hilft Ihnen, sich in Ihrem neuen Land einzuleben, und umfasst eine Orientierungsreise, Hilfe bei der Wohnungs- und Schulsuche sowie Unterst\u00fctzung bei der Abreise.<\/p>\n<p>Website: <a href=\"http:\/\/www.segon-marill.com\" target=\"_blank\" rel=\"noopener\">http:\/\/www.segon-marill.com<\/a><\/p>\n<h2><span class=\"ez-toc-section\" id=\"5_Solomon_Zewdu_Shipping_and_Freight_Forwarding\"><\/span><strong>5. Solomon Zewdu Schifffahrt und Spedition<\/strong><span class=\"ez-toc-section-end\"><\/span><\/h2>\n<p><img loading=\"lazy\" decoding=\"async\" class=\"alignnone size-full wp-image-6047\" src=\"https:\/\/moverdb.com\/wp-content\/uploads\/Solomon-Zewdu-international-moving-company.png\" alt=\"Solomon Zewdu internationales Umzugsunternehmen\" width=\"1440\" height=\"682\" data-wp-pid=\"6047\" srcset=\"https:\/\/moverdb.com\/wp-content\/uploads\/Solomon-Zewdu-international-moving-company.png 1440w, https:\/\/moverdb.com\/wp-content\/uploads\/Solomon-Zewdu-international-moving-company-300x142.png 300w, https:\/\/moverdb.com\/wp-content\/uploads\/Solomon-Zewdu-international-moving-company-1024x485.png 1024w, https:\/\/moverdb.com\/wp-content\/uploads\/Solomon-Zewdu-international-moving-company-18x9.png 18w, https:\/\/moverdb.com\/wp-content\/uploads\/Solomon-Zewdu-international-moving-company-600x284.png 600w\" sizes=\"auto, (max-width: 1440px) 100vw, 1440px\" \/><\/p>\n<ul>\n<li>Lokale und nationale Umz\u00fcge<\/li>\n<li>Internationale Umz\u00fcge<\/li>\n<li>Umz\u00fcge im Haushalt<\/li>\n<li>B\u00fcroverlagerungen<\/li>\n<li>Haus-zu-Haus-Dienst<\/li>\n<li>Verpackungsservice<\/li>\n<li>Land-, See- und Luftverkehr<\/li>\n<li>Zollabfertigung<\/li>\n<li>Fahrzeugtransport<\/li>\n<li>Lagereinrichtungen<\/li>\n<\/ul>\n<p>Solomon Zewdu Shipping and Freight Forwarding ist ein Umzugsunternehmen mit \u00fcber 20 Jahren Erfahrung in der Erbringung von Umzugsdienstleistungen. Sie arbeiten mit Partnern in \u00dcbersee zusammen, um Umz\u00fcge international durchzuf\u00fchren. Das Unternehmen ist Mitglied der IAM und kann auf 22 Jahre Erfahrung zur\u00fcckblicken.<\/p>\n<p>Solomon Zewdu Shipping and Freight Forwarding bietet einen T\u00fcr-zu-T\u00fcr-Umzugsservice f\u00fcr Haushalte und B\u00fcros. Sie bieten einen Einpack- und Auspackservice zum Schutz Ihres Hab und Guts und arrangieren den Transport auf dem Landweg mit ihrer Flotte, auf dem See- oder Luftweg mit Zollabfertigung. Sie k\u00f6nnen auch beim Transport und der Lagerung von Fahrzeugen behilflich sein.<\/p>\n<p>Website: <a href=\"http:\/\/www.solomontransit.com\" target=\"_blank\" rel=\"noopener\">http:\/\/www.solomontransit.com<\/a><\/p>","protected":false},"excerpt":{"rendered":"<p>Moving is a busy and stressful time especially if you are moving between countries so getting some support from a moving company can help. Moving companies can assist with navigating the paperwork and arranging transportation. Below we have compiled a list of Ethiopian removal companies that are members of the International Association of Movers (IAM) [&hellip;]<\/p>\n","protected":false},"author":4,"featured_media":0,"parent":190,"menu_order":0,"comment_status":"closed","ping_status":"closed","template":"","meta":{"_genesis_hide_title":false,"_genesis_hide_breadcrumbs":false,"_genesis_hide_singular_image":false,"_genesis_hide_footer_widgets":false,"_genesis_custom_body_class":"","_genesis_custom_post_class":"","_genesis_layout":"","footnotes":""},"class_list":{"0":"post-6046","1":"page","2":"type-page","3":"status-publish","5":"entry","6":"has-post-thumbnail"},"_links":{"self":[{"href":"https:\/\/moverdb.com\/de\/wp-json\/wp\/v2\/pages\/6046","targetHints":{"allow":["GET"]}}],"collection":[{"href":"https:\/\/moverdb.com\/de\/wp-json\/wp\/v2\/pages"}],"about":[{"href":"https:\/\/moverdb.com\/de\/wp-json\/wp\/v2\/types\/page"}],"author":[{"embeddable":true,"href":"https:\/\/moverdb.com\/de\/wp-json\/wp\/v2\/users\/4"}],"replies":[{"embeddable":true,"href":"https:\/\/moverdb.com\/de\/wp-json\/wp\/v2\/comments?post=6046"}],"version-history":[{"count":1,"href":"https:\/\/moverdb.com\/de\/wp-json\/wp\/v2\/pages\/6046\/revisions"}],"predecessor-version":[{"id":6048,"href":"https:\/\/moverdb.com\/de\/wp-json\/wp\/v2\/pages\/6046\/revisions\/6048"}],"up":[{"embeddable":true,"href":"https:\/\/moverdb.com\/de\/wp-json\/wp\/v2\/pages\/190"}],"wp:attachment":[{"href":"https:\/\/moverdb.com\/de\/wp-json\/wp\/v2\/media?parent=6046"}],"curies":[{"name":"wp","href":"https:\/\/api.w.org\/{rel}","templated":true}]}}