{"id":6043,"date":"2023-02-01T13:40:56","date_gmt":"2023-02-01T13:40:56","guid":{"rendered":"https:\/\/moverdb.com\/?page_id=6043"},"modified":"2026-01-08T15:24:40","modified_gmt":"2026-01-08T15:24:40","slug":"umzugsunternehmen-estland","status":"publish","type":"page","link":"https:\/\/moverdb.com\/de\/moving-companies\/moving-companies-estonia\/","title":{"rendered":"Die 4 besten internationalen Umzugsunternehmen in Estland"},"content":{"rendered":"<p>Ein Umzug kann eine stressige Zeit sein, egal ob es sich um einen Wohnungswechsel oder einen Gesch\u00e4ftsumzug handelt. Viele Menschen nehmen die Dienste eines <a href=\"https:\/\/moverdb.com\/de\/moving-companies\/\" data-internallinksmanager029f6b8e52c=\"79\" title=\"Top 25 Internationale Umzugsunternehmen Online\">Umzugsunternehmen<\/a> denn sie k\u00f6nnen Ihr Hab und Gut sicher transportieren und den Stress Ihres Umzugs verringern. Im Folgenden haben wir eine Liste der estnischen <a href=\"https:\/\/moverdb.com\/de\/international-removals\/\" data-internallinksmanager029f6b8e52c=\"27\" title=\"36 Beste internationale Umzugsunternehmen in Gro\u00dfbritannien\">Umzugsunternehmen<\/a> die Mitglieder der <a href=\"https:\/\/moverdb.com\/de\/iam\/\" data-internallinksmanager029f6b8e52c=\"23\" title=\"International Association of Movers (IAM) erkl\u00e4rt\">Internationaler Verband der M\u00f6belspediteure<\/a> (IAM) und\/oder <a href=\"https:\/\/moverdb.com\/de\/fidi-faim\/\" data-internallinksmanager029f6b8e52c=\"16\" title=\"FIDI &amp; FAIM (FIDI Accredited International Mover) Erl\u00e4utert\">FIDI<\/a> Accredited International Mover (FAIM), die Ihnen bei Ihrem Umzug helfen k\u00f6nnten.<\/p>\n<div id=\"ez-toc-container\" class=\"ez-toc-v2_0_82_2 ez-toc-wrap-left counter-hierarchy ez-toc-counter ez-toc-transparent ez-toc-container-direction\">\n<div class=\"ez-toc-title-container\">\n<p class=\"ez-toc-title\" style=\"cursor:inherit\">Rubriken<\/p>\n<span class=\"ez-toc-title-toggle\"><a href=\"#\" class=\"ez-toc-pull-right ez-toc-btn ez-toc-btn-xs ez-toc-btn-default ez-toc-toggle\" aria-label=\"Inhaltsverzeichnis umschalten\"><span class=\"ez-toc-js-icon-con\"><span class=\"\"><span class=\"eztoc-hide\" style=\"display:none;\">Umschalten auf<\/span><span class=\"ez-toc-icon-toggle-span\"><svg style=\"fill: #999;color:#999\" xmlns=\"http:\/\/www.w3.org\/2000\/svg\" class=\"list-377408\" width=\"20px\" height=\"20px\" viewbox=\"0 0 24 24\" fill=\"none\"><path d=\"M6 6H4v2h2V6zm14 0H8v2h12V6zM4 11h2v2H4v-2zm16 0H8v2h12v-2zM4 16h2v2H4v-2zm16 0H8v2h12v-2z\" fill=\"currentColor\"><\/path><\/svg><svg style=\"fill: #999;color:#999\" class=\"arrow-unsorted-368013\" xmlns=\"http:\/\/www.w3.org\/2000\/svg\" width=\"10px\" height=\"10px\" viewbox=\"0 0 24 24\" version=\"1.2\" baseprofile=\"tiny\"><path d=\"M18.2 9.3l-6.2-6.3-6.2 6.3c-.2.2-.3.4-.3.7s.1.5.3.7c.2.2.4.3.7.3h11c.3 0 .5-.1.7-.3.2-.2.3-.5.3-.7s-.1-.5-.3-.7zM5.8 14.7l6.2 6.3 6.2-6.3c.2-.2.3-.5.3-.7s-.1-.5-.3-.7c-.2-.2-.4-.3-.7-.3h-11c-.3 0-.5.1-.7.3-.2.2-.3.5-.3.7s.1.5.3.7z\"\/><\/svg><\/span><\/span><\/span><\/a><\/span><\/div>\n<nav><ul class='ez-toc-list ez-toc-list-level-1 eztoc-toggle-hide-by-default' ><li class='ez-toc-page-1 ez-toc-heading-level-2'><a class=\"ez-toc-link ez-toc-heading-1\" href=\"https:\/\/moverdb.com\/de\/moving-companies\/moving-companies-estonia\/#1_Adduco\" >1. Adduco<\/a><\/li><li class='ez-toc-page-1 ez-toc-heading-level-2'><a class=\"ez-toc-link ez-toc-heading-2\" href=\"https:\/\/moverdb.com\/de\/moving-companies\/moving-companies-estonia\/#2_AVA_Express\" >2. AVA-Express<\/a><\/li><li class='ez-toc-page-1 ez-toc-heading-level-2'><a class=\"ez-toc-link ez-toc-heading-3\" href=\"https:\/\/moverdb.com\/de\/moving-companies\/moving-companies-estonia\/#3_MoveMaster\" >3. MoveMaster<\/a><\/li><li class='ez-toc-page-1 ez-toc-heading-level-2'><a class=\"ez-toc-link ez-toc-heading-4\" href=\"https:\/\/moverdb.com\/de\/moving-companies\/moving-companies-estonia\/#4_KLG_Estonia\" >4. KLG Estland<\/a><\/li><li class='ez-toc-page-1 ez-toc-heading-level-2'><a class=\"ez-toc-link ez-toc-heading-5\" href=\"https:\/\/moverdb.com\/de\/moving-companies\/moving-companies-estonia\/#Other_Useful_Guides_to_Estonia\" >Andere n\u00fctzliche Reisef\u00fchrer f\u00fcr Estland<\/a><\/li><\/ul><\/nav><\/div>\n<h2><span class=\"ez-toc-section\" id=\"1_Adduco\"><\/span><strong>1. Adduco<\/strong><span class=\"ez-toc-section-end\"><\/span><\/h2>\n<p><img loading=\"lazy\" decoding=\"async\" class=\"alignnone size-full wp-image-6044\" src=\"https:\/\/moverdb.com\/wp-content\/uploads\/Adduco-international-moving-company.png\" alt=\"Adduco Internationales Umzugsunternehmen\" width=\"1440\" height=\"629\" data-wp-pid=\"6044\" srcset=\"https:\/\/moverdb.com\/wp-content\/uploads\/Adduco-international-moving-company.png 1440w, https:\/\/moverdb.com\/wp-content\/uploads\/Adduco-international-moving-company-300x131.png 300w, https:\/\/moverdb.com\/wp-content\/uploads\/Adduco-international-moving-company-1024x447.png 1024w, https:\/\/moverdb.com\/wp-content\/uploads\/Adduco-international-moving-company-18x8.png 18w, https:\/\/moverdb.com\/wp-content\/uploads\/Adduco-international-moving-company-600x262.png 600w\" sizes=\"auto, (max-width: 1440px) 100vw, 1440px\" \/><\/p>\n<ul>\n<li>Schwere Gegenst\u00e4nde bewegen<\/li>\n<li>Internationale Umz\u00fcge<\/li>\n<li>Umz\u00fcge im Haushalt<\/li>\n<li>Gesch\u00e4ftliche Umz\u00fcge<\/li>\n<li>Verpackungsservice<\/li>\n<li>Planen Sie Ihre Reiseroute und Ihren Transport<\/li>\n<li>Unterst\u00fctzung bei der Dokumentation<\/li>\n<li>Kunsttransport<\/li>\n<li>Versicherung<\/li>\n<li>L\u00f6sungen f\u00fcr die Lagerung<\/li>\n<\/ul>\n<p>Adduco ist ein Umzugsunternehmen, das seit 2006 Umz\u00fcge unterst\u00fctzt und B\u00fcros in Tallinn und Tartu unterh\u00e4lt. Das Unternehmen ist seit 16 Jahren Mitglied der IAM und hat dadurch Zugang zu einem internationalen Netzwerk von Umzugsunternehmen, die bei weltweiten Umz\u00fcgen helfen.<\/p>\n<p>Adduco bietet einen Umzugsservice an, der auch einen Entr\u00fcmpelungsservice umfasst, um Ihnen zu helfen, die Menge an Habseligkeiten, die Sie bei Ihrem Umzug mitnehmen, zu reduzieren. Sie werden Ihren Umzug sorgf\u00e4ltig verwalten, Ihre Reiseroute planen und die erforderlichen Dokumente und Versicherungen vorbereiten. Au\u00dferdem verpacken sie Ihr Hab und Gut sicher und transportieren es, bevor sie es am Zielort auspacken.<\/p>\n<p>Website: <a href=\"https:\/\/adduco.ee\/en\/\" target=\"_blank\" rel=\"noopener\">https:\/\/adduco.ee\/en\/<\/a><\/p>\n<h2><span class=\"ez-toc-section\" id=\"2_AVA_Express\"><\/span><strong>2. AVA-Express<\/strong><span class=\"ez-toc-section-end\"><\/span><\/h2>\n<p><img loading=\"lazy\" decoding=\"async\" class=\"alignnone size-full wp-image-5928\" src=\"https:\/\/moverdb.com\/wp-content\/uploads\/AVA-Express-international-moving-company.png\" alt=\"AVA Express internationales Umzugsunternehmen\" width=\"1440\" height=\"712\" data-wp-pid=\"5928\" srcset=\"https:\/\/moverdb.com\/wp-content\/uploads\/AVA-Express-international-moving-company.png 1440w, https:\/\/moverdb.com\/wp-content\/uploads\/AVA-Express-international-moving-company-300x148.png 300w, https:\/\/moverdb.com\/wp-content\/uploads\/AVA-Express-international-moving-company-1024x506.png 1024w, https:\/\/moverdb.com\/wp-content\/uploads\/AVA-Express-international-moving-company-18x9.png 18w, https:\/\/moverdb.com\/wp-content\/uploads\/AVA-Express-international-moving-company-600x297.png 600w\" sizes=\"auto, (max-width: 1440px) 100vw, 1440px\" \/><\/p>\n<ul>\n<li>Nationale Umz\u00fcge<\/li>\n<li>Internationale Umz\u00fcge<\/li>\n<li>Umz\u00fcge im Haushalt<\/li>\n<li>B\u00fcroumz\u00fcge<\/li>\n<li>Spezialtransporte und Ausr\u00fcstung<\/li>\n<li>Verpackungsdienstleistungen<\/li>\n<li>Vorkehrungen f\u00fcr den Transport<\/li>\n<li>Bewegen schwerer Gegenst\u00e4nde<\/li>\n<li>Transport von Kunst<\/li>\n<li>L\u00f6sungen f\u00fcr die Zwischenlagerung<\/li>\n<\/ul>\n<p>AVA Express ist ein estnisches Umzugsunternehmen mit \u00fcber 20 Jahren Erfahrung in der Durchf\u00fchrung von Haushalts- und B\u00fcroumz\u00fcgen. Das Unternehmen arbeitet mit internationalen Umzugsunternehmen zusammen, um weltweite Umz\u00fcge durchzuf\u00fchren, und ist Mitglied der IAM. Das Unternehmen verf\u00fcgt \u00fcber einen eigenen Fuhrpark zur Durchf\u00fchrung von Umz\u00fcgen in <a href=\"https:\/\/moverdb.com\/de\/moving-to-estonia\/\" data-internallinksmanager029f6b8e52c=\"430\" title=\"Umzug nach Estland? 2026 Lebenshaltungskosten &amp; Umzugstipps\">Estland<\/a>.<\/p>\n<p>AVA Express bietet Haushalten und Unternehmen ein individuelles Angebot f\u00fcr ihren Umzugsservice. Sie stellen das gesamte Verpackungsmaterial f\u00fcr Ihren Umzug zur Verf\u00fcgung und verpacken auf Wunsch Ihr Hab und Gut f\u00fcr Sie. Sie sorgen f\u00fcr den sicheren Transport Ihres Eigentums, einschlie\u00dflich Kunstwerken und schweren Gegenst\u00e4nden, zu Ihrem Zielort innerhalb Estlands oder ins Ausland.<\/p>\n<p>Website: <a href=\"http:\/\/www.ava.ee\" target=\"_blank\" rel=\"noopener\">http:\/\/www.ava.ee<\/a><\/p>\n<h2><span class=\"ez-toc-section\" id=\"3_MoveMaster\"><\/span><strong>3. MoveMaster<\/strong><span class=\"ez-toc-section-end\"><\/span><\/h2>\n<p><img loading=\"lazy\" decoding=\"async\" class=\"alignnone size-full wp-image-5976\" src=\"https:\/\/moverdb.com\/wp-content\/uploads\/MoveMaster-international-moving-company.png\" alt=\"MoveMaster internationales Umzugsunternehmen\" width=\"1440\" height=\"713\" data-wp-pid=\"5976\" srcset=\"https:\/\/moverdb.com\/wp-content\/uploads\/MoveMaster-international-moving-company.png 1440w, https:\/\/moverdb.com\/wp-content\/uploads\/MoveMaster-international-moving-company-300x149.png 300w, https:\/\/moverdb.com\/wp-content\/uploads\/MoveMaster-international-moving-company-1024x507.png 1024w, https:\/\/moverdb.com\/wp-content\/uploads\/MoveMaster-international-moving-company-18x9.png 18w, https:\/\/moverdb.com\/wp-content\/uploads\/MoveMaster-international-moving-company-600x297.png 600w\" sizes=\"auto, (max-width: 1440px) 100vw, 1440px\" \/><\/p>\n<ul>\n<li>Lokale und nationale Umz\u00fcge<\/li>\n<li>Internationale Umz\u00fcge<\/li>\n<li>Umz\u00fcge in Wohnungen<\/li>\n<li>Unternehmen zieht um<\/li>\n<li>Individueller Ansatz<\/li>\n<li>Verpackungsservice<\/li>\n<li>Land-, See- und Luftverkehr<\/li>\n<li>Transport von Kunstgegenst\u00e4nden<\/li>\n<li>Versicherung<\/li>\n<li>Lagereinrichtungen<\/li>\n<\/ul>\n<p>MoveMaster ist ein estnisches Umzugsunternehmen mit Sitz in Tallinn und 39 Jahren Erfahrung, das Tausende von Umz\u00fcgen in 147 L\u00e4ndern durchgef\u00fchrt hat. Sie arbeiten mit Kooperationspartnern in Gro\u00dfst\u00e4dten zusammen, um bei Umz\u00fcgen au\u00dferhalb ihres Gebiets zu helfen, und sind Mitglied der IAM.<\/p>\n<p>MoveMaster bietet einen individuellen Ansatz f\u00fcr seine Umzugsdienstleistungen, der eine Inspektion vor dem Umzug in Tallinn beinhaltet, um den am besten geeigneten Umzugsplan zu erstellen. Sie bieten einen Verpackungsservice mit hochwertigem Verpackungsmaterial, um Ihr Hab und Gut zu sch\u00fctzen, demontieren die M\u00f6bel und bauen sie bei der Ankunft wieder auf. Sie organisieren den Transport auf dem Land-, See- und Luftweg und unterst\u00fctzen Sie bei Zollerkl\u00e4rungen und Versicherungen.<\/p>\n<p>Website: <a href=\"http:\/\/www.movemaster.ee\" target=\"_blank\" rel=\"noopener\">http:\/\/www.movemaster.ee<\/a><\/p>\n<h2><span class=\"ez-toc-section\" id=\"4_KLG_Estonia\"><\/span><strong>4. KLG Estland<\/strong><span class=\"ez-toc-section-end\"><\/span><\/h2>\n<p><img loading=\"lazy\" decoding=\"async\" class=\"alignnone size-full wp-image-5964\" src=\"https:\/\/moverdb.com\/wp-content\/uploads\/KLG-Estonia-international-moving-company.png\" alt=\"KLG Estonia internationales Umzugsunternehmen\" width=\"1440\" height=\"711\" data-wp-pid=\"5964\" srcset=\"https:\/\/moverdb.com\/wp-content\/uploads\/KLG-Estonia-international-moving-company.png 1440w, https:\/\/moverdb.com\/wp-content\/uploads\/KLG-Estonia-international-moving-company-300x148.png 300w, https:\/\/moverdb.com\/wp-content\/uploads\/KLG-Estonia-international-moving-company-1024x506.png 1024w, https:\/\/moverdb.com\/wp-content\/uploads\/KLG-Estonia-international-moving-company-18x9.png 18w, https:\/\/moverdb.com\/wp-content\/uploads\/KLG-Estonia-international-moving-company-600x296.png 600w\" sizes=\"auto, (max-width: 1440px) 100vw, 1440px\" \/><\/p>\n<ul>\n<li>Nationale Umz\u00fcge<\/li>\n<li>Internationale Umz\u00fcge<\/li>\n<li>Umz\u00fcge im Haushalt<\/li>\n<li>Verpackungsservice<\/li>\n<li>Bauen Sie individuelle Holzkisten<\/li>\n<li>Land-, Luft-, See- und Schienentransport<\/li>\n<li>Unterst\u00fctzung durch den Zoll<\/li>\n<li>Kunsttransport<\/li>\n<li>Versicherung<\/li>\n<li>Kurz- und Langzeitlagereinrichtungen<\/li>\n<\/ul>\n<p>KLG Estonia ist ein Anbieter von speziellen Logistikl\u00f6sungen mit Sitz in Tallinn, der seit 1994 Umzugsdienstleistungen anbietet. Das Unternehmen verf\u00fcgt \u00fcber ein weltweites Netz von Partnern, die es bei der Durchf\u00fchrung internationaler Umz\u00fcge unterst\u00fctzen. Das Unternehmen ist von der FIDI akkreditiert.<\/p>\n<p>KLG Estonia bietet eine Inspektion und Beratung an, um Ihren Bedarf zu ermitteln. Sie bieten einen professionellen Verpackungsservice, um Ihr Eigentum zu sch\u00fctzen, einschlie\u00dflich ma\u00dfgeschneiderter Holzkisten, die f\u00fcr jeden Inhalt geeignet sind, einschlie\u00dflich Kunstwerke und IT-Ger\u00e4te. Sie transportieren auch gr\u00f6\u00dfere Gegenst\u00e4nde wie Motorr\u00e4der und Klaviere. Sie arrangieren den Transport auf dem Land-, Luft-, See- und Schienenweg und helfen bei den Zollformalit\u00e4ten.<\/p>\n<p>Website: <a href=\"http:\/\/www.klg.ee\/\" target=\"_blank\" rel=\"noopener\">http:\/\/www.klg.ee\/<\/a><\/p>\n<h2><span class=\"ez-toc-section\" id=\"Other_Useful_Guides_to_Estonia\"><\/span>Andere n\u00fctzliche Reisef\u00fchrer f\u00fcr Estland<span class=\"ez-toc-section-end\"><\/span><\/h2>\n<ul>\n<li> <a href=\"https:\/\/moverdb.com\/de\/moving-to-estonia\/\">Umzug nach Estland? 2026 Lebenshaltungskosten &amp; Umzugstipps<\/a><\/li>\n<li> <a href=\"https:\/\/moverdb.com\/de\/moving-to-estonia\/best-places-to-live-estonia\/\">Die 12 besten Orte zum Leben in Estland<\/a><\/li>\n<li> <a href=\"https:\/\/moverdb.com\/de\/containerschifffahrt\/estland\/\">2023 Seefracht-Container-Tarife von und nach Estland<\/a><\/li>\n<\/ul>","protected":false},"excerpt":{"rendered":"<p>Moving can be a stressful time, whether that is moving home or your business. Many people employ the services of a moving company as they can safely move your belongings and reduce the stress of your move. Below we have compiled a list of Estonian removal companies that are members of the International Association of [&hellip;]<\/p>\n","protected":false},"author":4,"featured_media":0,"parent":190,"menu_order":0,"comment_status":"closed","ping_status":"closed","template":"","meta":{"_genesis_hide_title":false,"_genesis_hide_breadcrumbs":false,"_genesis_hide_singular_image":false,"_genesis_hide_footer_widgets":false,"_genesis_custom_body_class":"","_genesis_custom_post_class":"","_genesis_layout":"","footnotes":""},"class_list":{"0":"post-6043","1":"page","2":"type-page","3":"status-publish","5":"entry","6":"has-post-thumbnail"},"_links":{"self":[{"href":"https:\/\/moverdb.com\/de\/wp-json\/wp\/v2\/pages\/6043","targetHints":{"allow":["GET"]}}],"collection":[{"href":"https:\/\/moverdb.com\/de\/wp-json\/wp\/v2\/pages"}],"about":[{"href":"https:\/\/moverdb.com\/de\/wp-json\/wp\/v2\/types\/page"}],"author":[{"embeddable":true,"href":"https:\/\/moverdb.com\/de\/wp-json\/wp\/v2\/users\/4"}],"replies":[{"embeddable":true,"href":"https:\/\/moverdb.com\/de\/wp-json\/wp\/v2\/comments?post=6043"}],"version-history":[{"count":3,"href":"https:\/\/moverdb.com\/de\/wp-json\/wp\/v2\/pages\/6043\/revisions"}],"predecessor-version":[{"id":16257,"href":"https:\/\/moverdb.com\/de\/wp-json\/wp\/v2\/pages\/6043\/revisions\/16257"}],"up":[{"embeddable":true,"href":"https:\/\/moverdb.com\/de\/wp-json\/wp\/v2\/pages\/190"}],"wp:attachment":[{"href":"https:\/\/moverdb.com\/de\/wp-json\/wp\/v2\/media?parent=6043"}],"curies":[{"name":"wp","href":"https:\/\/api.w.org\/{rel}","templated":true}]}}