{"id":6040,"date":"2023-02-01T12:37:34","date_gmt":"2023-02-01T12:37:34","guid":{"rendered":"https:\/\/moverdb.com\/?page_id=6040"},"modified":"2026-01-08T15:24:14","modified_gmt":"2026-01-08T15:24:14","slug":"umzugsunternehmen-el-salvador","status":"publish","type":"page","link":"https:\/\/moverdb.com\/de\/moving-companies\/moving-companies-el-salvador\/","title":{"rendered":"Die 3 besten internationalen Umzugsunternehmen in El Salvador"},"content":{"rendered":"<p>Planen Sie einen Umzug in El Salvador oder nach oder von El Salvador? Dann sollten Sie vielleicht die Dienste eines Umzugsunternehmens in Anspruch nehmen. <a href=\"https:\/\/moverdb.com\/de\/moving-companies\/\" data-internallinksmanager029f6b8e52c=\"79\" title=\"Top 25 Internationale Umzugsunternehmen Online\">Umzugsunternehmen<\/a> um Sie zu unterst\u00fctzen und Ihnen etwas Druck zu nehmen. Im Folgenden haben wir eine Liste von El Salvador zusammengestellt <a href=\"https:\/\/moverdb.com\/de\/international-removals\/\" data-internallinksmanager029f6b8e52c=\"27\" title=\"36 Beste internationale Umzugsunternehmen in Gro\u00dfbritannien\">Umzugsunternehmen<\/a> die Mitglieder der <a href=\"https:\/\/moverdb.com\/de\/iam\/\" data-internallinksmanager029f6b8e52c=\"23\" title=\"International Association of Movers (IAM) erkl\u00e4rt\">Internationaler Verband der M\u00f6belspediteure<\/a> (IAM) und\/oder <a href=\"https:\/\/moverdb.com\/de\/fidi-faim\/\" data-internallinksmanager029f6b8e52c=\"16\" title=\"FIDI &amp; FAIM (FIDI Accredited International Mover) Erl\u00e4utert\">FIDI<\/a> Accredited International Mover (FAIM), die Ihnen bei Ihrem Umzug behilflich sein k\u00f6nnen.<\/p>\n<h2><strong>1. Comca International<\/strong><\/h2>\n<ul>\n<li>Nationale Umz\u00fcge<\/li>\n<li>Internationale Umz\u00fcge<\/li>\n<li>Umz\u00fcge im Haushalt<\/li>\n<li>Inspektion vor Ort<\/li>\n<li>Professioneller Verpackungsdienst<\/li>\n<li>Stra\u00dfen-, See- und Luftverkehr<\/li>\n<li>Unterst\u00fctzung durch den Zoll<\/li>\n<li>Kunstwerke als Verpackung<\/li>\n<li>Versicherung<\/li>\n<li>Sichere Lagerung<\/li>\n<\/ul>\n<p>Comca International ist ein 1967 gegr\u00fcndetes Unternehmen f\u00fcr Transport- und Vertriebslogistikl\u00f6sungen, das nationale und internationale Umzugsdienstleistungen anbietet. Das Unternehmen unterh\u00e4lt strategische Allianzen mit internationalen Agenturen, die es ihm erm\u00f6glichen, internationale Umz\u00fcge durchzuf\u00fchren. Das Unternehmen ist seit 55 Jahren Mitglied der IAM.<\/p>\n<p>Comca International erstellt eine Inspektion und einen Kostenvoranschlag f\u00fcr Ihren Umzug und ber\u00e4t Sie bei der Wahl der besten Transportmethode. Sie bieten professionelle Verpackungsdienstleistungen unter Verwendung der besten Materialien und Kisten oder Holzverschl\u00e4ge mit selbstklebendem Kunststoff und Umreifungen f\u00fcr einen besseren Schutz w\u00e4hrend des Transports. Sie organisieren den Stra\u00dfen-, See- oder Lufttransport und helfen bei den Zollformalit\u00e4ten.<\/p>\n<p>Website: <a href=\"http:\/\/www.comca.com.sv\" target=\"_blank\" rel=\"noopener\">http:\/\/www.comca.com.sv<\/a><\/p>\n<h2><strong>2. Mudanzas Suarez<\/strong><\/h2>\n<p><img loading=\"lazy\" decoding=\"async\" class=\"alignnone size-full wp-image-5982\" src=\"https:\/\/moverdb.com\/wp-content\/uploads\/Mudanzas-Suarez-international-moving-company.png\" alt=\"Mudanzas Suarez internationales Umzugsunternehmen\" width=\"1440\" height=\"712\" data-wp-pid=\"5982\" srcset=\"https:\/\/moverdb.com\/wp-content\/uploads\/Mudanzas-Suarez-international-moving-company.png 1440w, https:\/\/moverdb.com\/wp-content\/uploads\/Mudanzas-Suarez-international-moving-company-300x148.png 300w, https:\/\/moverdb.com\/wp-content\/uploads\/Mudanzas-Suarez-international-moving-company-1024x506.png 1024w, https:\/\/moverdb.com\/wp-content\/uploads\/Mudanzas-Suarez-international-moving-company-18x9.png 18w, https:\/\/moverdb.com\/wp-content\/uploads\/Mudanzas-Suarez-international-moving-company-600x297.png 600w\" sizes=\"auto, (max-width: 1440px) 100vw, 1440px\" \/><\/p>\n<ul>\n<li>Nationale Umz\u00fcge<\/li>\n<li>Internationale Umz\u00fcge<\/li>\n<li>Umz\u00fcge in Wohnungen<\/li>\n<li>Gesch\u00e4ftliche Umz\u00fcge<\/li>\n<li>Pers\u00f6nlicher Service<\/li>\n<li>Haus-zu-Haus-Dienst<\/li>\n<li>Verpackungsservice<\/li>\n<li>Ma\u00dfgeschneiderte Holzkisten<\/li>\n<li>Auswahl an Transportm\u00f6glichkeiten<\/li>\n<li>Klimatisierter Lagerraum<\/li>\n<\/ul>\n<p>Mudanzas Suarez ist ein 1958 gegr\u00fcndetes Logistik- und Umzugsunternehmen mit Sitz in Antiguo Cuscatlan. Das Unternehmen verf\u00fcgt \u00fcber ein umfangreiches Netz von internationalen Agenten, die es bei der Durchf\u00fchrung von Umz\u00fcgen in der ganzen Welt unterst\u00fctzen. Das Unternehmen ist Mitglied der IAM und kann auf 54 Dienstjahre zur\u00fcckblicken.<\/p>\n<p>Mudanzas Suarez bietet einen pers\u00f6nlichen Service und stellt mit seinem hauseigenen Schreinerteam, das ma\u00dfgeschneiderte Holzkisten herstellt, individuelle Verpackungsl\u00f6sungen bereit. Sie bieten einen Verpackungsservice, der Ihr Hab und Gut w\u00e4hrend des Transports sch\u00fctzt. Sie bieten eine Auswahl an Frachtoptionen, einschlie\u00dflich Luftfracht und Seefracht wie Sammelgut.<\/p>\n<p>Website: <a href=\"http:\/\/suarez.com.sv\" target=\"_blank\" rel=\"noopener\">http:\/\/suarez.com.sv<\/a><\/p>\n<h2><strong>3. Mudisa El Salvador<\/strong><\/h2>\n<p><img loading=\"lazy\" decoding=\"async\" class=\"alignnone size-full wp-image-5983\" src=\"https:\/\/moverdb.com\/wp-content\/uploads\/Mudisa-international-moving-company.png\" alt=\"Mudisa internationales Umzugsunternehmen\" width=\"1440\" height=\"712\" data-wp-pid=\"5983\" srcset=\"https:\/\/moverdb.com\/wp-content\/uploads\/Mudisa-international-moving-company.png 1440w, https:\/\/moverdb.com\/wp-content\/uploads\/Mudisa-international-moving-company-300x148.png 300w, https:\/\/moverdb.com\/wp-content\/uploads\/Mudisa-international-moving-company-1024x506.png 1024w, https:\/\/moverdb.com\/wp-content\/uploads\/Mudisa-international-moving-company-18x9.png 18w, https:\/\/moverdb.com\/wp-content\/uploads\/Mudisa-international-moving-company-600x297.png 600w\" sizes=\"auto, (max-width: 1440px) 100vw, 1440px\" \/><\/p>\n<ul>\n<li>Nationale Umz\u00fcge<\/li>\n<li>Internationale Umz\u00fcge<\/li>\n<li>Umz\u00fcge im Haushalt<\/li>\n<li>Firmenumz\u00fcge<\/li>\n<li>Umzugsdienste<\/li>\n<li>Haus-zu-Haus-Dienste<\/li>\n<li>Verpackung, einschlie\u00dflich ma\u00dfgeschneiderter Kisten und Verschl\u00e4ge<\/li>\n<li>Transport von Kunstwerken<\/li>\n<li>Fahrzeugtransport<\/li>\n<li>Sichere Lagereinrichtungen<\/li>\n<\/ul>\n<p>Mudisa ist ein 1963 in San Salvador gegr\u00fcndetes Unternehmen f\u00fcr Umz\u00fcge, Logistik und St\u00fcckgut. Sie bieten einen internationalen T\u00fcr-zu-T\u00fcr-Service in Zusammenarbeit mit anderen internationalen Umzugsunternehmen und verf\u00fcgen \u00fcber eine eigene Fahrzeugflotte f\u00fcr nationale Umz\u00fcge. Das Unternehmen ist Mitglied der IAM und kann auf 45 Jahre Erfahrung zur\u00fcckblicken.<\/p>\n<p>Mudisa bietet Haushalten und Unternehmen Umzugs- und Relocation-Dienstleistungen an. Sie bieten Dienstleistungen an Ihrem bisherigen und neuen Standort an, wie z. B. das Ein- und Auspacken von Kisten und Verschl\u00e4gen nach Ma\u00df. Zu ihren Umzugsdienstleistungen geh\u00f6ren Unterst\u00fctzung bei der Einwanderung, Ankunftsdienste, Beratung zu Schulen, Wohnungssuche und Eingew\u00f6hnungsdienste.<\/p>\n<p>Website: <a href=\"http:\/\/www.mudisa.com.sv\" target=\"_blank\" rel=\"noopener\">http:\/\/www.mudisa.com.sv<\/a><\/p>","protected":false},"excerpt":{"rendered":"<p>Are you planning on moving in El Salvador or to or from El Salvador? Then you may want to employ the services of a moving company to assist you and take some of the pressure off. Below we have compiled a list of El Salvador removal companies that are members of the International Association of [&hellip;]<\/p>\n","protected":false},"author":4,"featured_media":0,"parent":190,"menu_order":0,"comment_status":"closed","ping_status":"closed","template":"","meta":{"_genesis_hide_title":false,"_genesis_hide_breadcrumbs":false,"_genesis_hide_singular_image":false,"_genesis_hide_footer_widgets":false,"_genesis_custom_body_class":"","_genesis_custom_post_class":"","_genesis_layout":"","footnotes":""},"class_list":{"0":"post-6040","1":"page","2":"type-page","3":"status-publish","5":"entry","6":"has-post-thumbnail"},"_links":{"self":[{"href":"https:\/\/moverdb.com\/de\/wp-json\/wp\/v2\/pages\/6040","targetHints":{"allow":["GET"]}}],"collection":[{"href":"https:\/\/moverdb.com\/de\/wp-json\/wp\/v2\/pages"}],"about":[{"href":"https:\/\/moverdb.com\/de\/wp-json\/wp\/v2\/types\/page"}],"author":[{"embeddable":true,"href":"https:\/\/moverdb.com\/de\/wp-json\/wp\/v2\/users\/4"}],"replies":[{"embeddable":true,"href":"https:\/\/moverdb.com\/de\/wp-json\/wp\/v2\/comments?post=6040"}],"version-history":[{"count":3,"href":"https:\/\/moverdb.com\/de\/wp-json\/wp\/v2\/pages\/6040\/revisions"}],"predecessor-version":[{"id":6056,"href":"https:\/\/moverdb.com\/de\/wp-json\/wp\/v2\/pages\/6040\/revisions\/6056"}],"up":[{"embeddable":true,"href":"https:\/\/moverdb.com\/de\/wp-json\/wp\/v2\/pages\/190"}],"wp:attachment":[{"href":"https:\/\/moverdb.com\/de\/wp-json\/wp\/v2\/media?parent=6040"}],"curies":[{"name":"wp","href":"https:\/\/api.w.org\/{rel}","templated":true}]}}