{"id":6036,"date":"2023-02-01T13:45:53","date_gmt":"2023-02-01T13:45:53","guid":{"rendered":"https:\/\/moverdb.com\/?page_id=6036"},"modified":"2026-01-08T15:29:19","modified_gmt":"2026-01-08T15:29:19","slug":"umzugsunternehmen-dominikanische-republik","status":"publish","type":"page","link":"https:\/\/moverdb.com\/de\/moving-companies\/moving-companies-dominican-republic\/","title":{"rendered":"Die 6 besten internationalen Umzugsunternehmen in Dominikanische Republik"},"content":{"rendered":"<p>Wenn Sie in der Dominikanischen Republik umziehen oder Ihr Unternehmen in die Dominikanische Republik oder aus der Dominikanischen Republik verlagern, suchen Sie vielleicht nach Unterst\u00fctzung. Ein Umzugsunternehmen k\u00f6nnte Ihnen den Umzug erleichtern und Ihnen einen Teil des Stresses abnehmen. Nachfolgend haben wir eine Liste der Dominikanischen Republik zusammengestellt <a href=\"https:\/\/moverdb.com\/de\/international-removals\/\" data-internallinksmanager029f6b8e52c=\"27\" title=\"36 Beste internationale Umzugsunternehmen in Gro\u00dfbritannien\">Umzugsunternehmen<\/a> die Mitglieder der <a href=\"https:\/\/moverdb.com\/de\/iam\/\" data-internallinksmanager029f6b8e52c=\"23\" title=\"International Association of Movers (IAM) erkl\u00e4rt\">Internationaler Verband der M\u00f6belspediteure<\/a> (IAM) und\/oder <a href=\"https:\/\/moverdb.com\/de\/fidi-faim\/\" data-internallinksmanager029f6b8e52c=\"16\" title=\"FIDI &amp; FAIM (FIDI Accredited International Mover) Erl\u00e4utert\">FIDI<\/a> Accredited International Mover (FAIM), die Ihnen vielleicht weiterhelfen k\u00f6nnen.<\/p>\n<div id=\"ez-toc-container\" class=\"ez-toc-v2_0_82_2 ez-toc-wrap-left counter-hierarchy ez-toc-counter ez-toc-transparent ez-toc-container-direction\">\n<div class=\"ez-toc-title-container\">\n<p class=\"ez-toc-title\" style=\"cursor:inherit\">Rubriken<\/p>\n<span class=\"ez-toc-title-toggle\"><a href=\"#\" class=\"ez-toc-pull-right ez-toc-btn ez-toc-btn-xs ez-toc-btn-default ez-toc-toggle\" aria-label=\"Inhaltsverzeichnis umschalten\"><span class=\"ez-toc-js-icon-con\"><span class=\"\"><span class=\"eztoc-hide\" style=\"display:none;\">Umschalten auf<\/span><span class=\"ez-toc-icon-toggle-span\"><svg style=\"fill: #999;color:#999\" xmlns=\"http:\/\/www.w3.org\/2000\/svg\" class=\"list-377408\" width=\"20px\" height=\"20px\" viewbox=\"0 0 24 24\" fill=\"none\"><path d=\"M6 6H4v2h2V6zm14 0H8v2h12V6zM4 11h2v2H4v-2zm16 0H8v2h12v-2zM4 16h2v2H4v-2zm16 0H8v2h12v-2z\" fill=\"currentColor\"><\/path><\/svg><svg style=\"fill: #999;color:#999\" class=\"arrow-unsorted-368013\" xmlns=\"http:\/\/www.w3.org\/2000\/svg\" width=\"10px\" height=\"10px\" viewbox=\"0 0 24 24\" version=\"1.2\" baseprofile=\"tiny\"><path d=\"M18.2 9.3l-6.2-6.3-6.2 6.3c-.2.2-.3.4-.3.7s.1.5.3.7c.2.2.4.3.7.3h11c.3 0 .5-.1.7-.3.2-.2.3-.5.3-.7s-.1-.5-.3-.7zM5.8 14.7l6.2 6.3 6.2-6.3c.2-.2.3-.5.3-.7s-.1-.5-.3-.7c-.2-.2-.4-.3-.7-.3h-11c-.3 0-.5.1-.7.3-.2.2-.3.5-.3.7s.1.5.3.7z\"\/><\/svg><\/span><\/span><\/span><\/a><\/span><\/div>\n<nav><ul class='ez-toc-list ez-toc-list-level-1 eztoc-toggle-hide-by-default' ><li class='ez-toc-page-1 ez-toc-heading-level-2'><a class=\"ez-toc-link ez-toc-heading-1\" href=\"https:\/\/moverdb.com\/de\/moving-companies\/moving-companies-dominican-republic\/#1_International_Packers\" >1. Internationale Packer<\/a><\/li><li class='ez-toc-page-1 ez-toc-heading-level-2'><a class=\"ez-toc-link ez-toc-heading-2\" href=\"https:\/\/moverdb.com\/de\/moving-companies\/moving-companies-dominican-republic\/#2_Mega_Movers\" >2. Mega-Mover<\/a><\/li><li class='ez-toc-page-1 ez-toc-heading-level-2'><a class=\"ez-toc-link ez-toc-heading-3\" href=\"https:\/\/moverdb.com\/de\/moving-companies\/moving-companies-dominican-republic\/#3_Dominican_International_Moving\" >3. Dominikanischer internationaler Umzug<\/a><\/li><li class='ez-toc-page-1 ez-toc-heading-level-2'><a class=\"ez-toc-link ez-toc-heading-4\" href=\"https:\/\/moverdb.com\/de\/moving-companies\/moving-companies-dominican-republic\/#4_Frank_Leo\" >4. Frank Leo<\/a><\/li><li class='ez-toc-page-1 ez-toc-heading-level-2'><a class=\"ez-toc-link ez-toc-heading-5\" href=\"https:\/\/moverdb.com\/de\/moving-companies\/moving-companies-dominican-republic\/#5_L_G_International_Movers\" >5. L&amp;G International Movers<\/a><\/li><li class='ez-toc-page-1 ez-toc-heading-level-2'><a class=\"ez-toc-link ez-toc-heading-6\" href=\"https:\/\/moverdb.com\/de\/moving-companies\/moving-companies-dominican-republic\/#6_Latino_Express\" >6. Latino-Express<\/a><\/li><\/ul><\/nav><\/div>\n<h2><span class=\"ez-toc-section\" id=\"1_International_Packers\"><\/span><strong>1. Internationale Packer<\/strong><span class=\"ez-toc-section-end\"><\/span><\/h2>\n<p><img loading=\"lazy\" decoding=\"async\" class=\"alignnone size-full wp-image-5961\" src=\"https:\/\/moverdb.com\/wp-content\/uploads\/International-Packers-international-moving-company.png\" alt=\"International Packers internationales Umzugsunternehmen\" width=\"1440\" height=\"683\" data-wp-pid=\"5961\" srcset=\"https:\/\/moverdb.com\/wp-content\/uploads\/International-Packers-international-moving-company.png 1440w, https:\/\/moverdb.com\/wp-content\/uploads\/International-Packers-international-moving-company-300x142.png 300w, https:\/\/moverdb.com\/wp-content\/uploads\/International-Packers-international-moving-company-1024x486.png 1024w, https:\/\/moverdb.com\/wp-content\/uploads\/International-Packers-international-moving-company-18x9.png 18w, https:\/\/moverdb.com\/wp-content\/uploads\/International-Packers-international-moving-company-600x285.png 600w\" sizes=\"auto, (max-width: 1440px) 100vw, 1440px\" \/><\/p>\n<ul>\n<li>Nationale Umz\u00fcge<\/li>\n<li>Internationale Umz\u00fcge<\/li>\n<li>Umz\u00fcge im Haushalt<\/li>\n<li>Firmenumz\u00fcge<\/li>\n<li>Professioneller Verpackungsdienst<\/li>\n<li>Unterst\u00fctzung durch den Zoll<\/li>\n<li>Transport von Kunstwerken<\/li>\n<li>Versand von Haustieren<\/li>\n<li>Versicherung<\/li>\n<li>Lagereinrichtungen<\/li>\n<\/ul>\n<p>International Packers ist ein 1989 gegr\u00fcndetes Umzugs- und Lagerungsunternehmen mit Sitz in Santo Domingo. Sie bieten Umzugs- und Relocation-Dienstleistungen an, einschlie\u00dflich Spezialdienstleistungen f\u00fcr den Transport von Kunstwerken, den Transport von Haustieren und die Vermietung von M\u00f6beln. Das Unternehmen ist seit 33 Jahren Mitglied der IAM und ist von der FIDI akkreditiert.<\/p>\n<p>International Packers bietet einen pers\u00f6nlichen Service f\u00fcr nationale und internationale Umz\u00fcge, die mit internationalen Umzugsagenten in der ganzen Welt durchgef\u00fchrt werden. Sie bieten einen T\u00fcr-zu-T\u00fcr-Service an, der einen professionellen Verpackungsservice zum Schutz Ihres Hab und Guts und einen Versicherungsschutz umfasst. Sie bieten auch Lagerm\u00f6glichkeiten, falls Sie diese ben\u00f6tigen.<\/p>\n<p>Website: <a href=\"http:\/\/www.internt-packers.com.do\" target=\"_blank\" rel=\"noopener\">http:\/\/www.internt-packers.com.do<\/a><\/p>\n<h2><span class=\"ez-toc-section\" id=\"2_Mega_Movers\"><\/span><strong>2. Mega-Mover<\/strong><span class=\"ez-toc-section-end\"><\/span><\/h2>\n<p><img loading=\"lazy\" decoding=\"async\" class=\"alignnone size-full wp-image-5970\" src=\"https:\/\/moverdb.com\/wp-content\/uploads\/Mega-Movers-international-moving-company.png\" alt=\"Mega Movers internationales Umzugsunternehmen\" width=\"1440\" height=\"677\" data-wp-pid=\"5970\" srcset=\"https:\/\/moverdb.com\/wp-content\/uploads\/Mega-Movers-international-moving-company.png 1440w, https:\/\/moverdb.com\/wp-content\/uploads\/Mega-Movers-international-moving-company-300x141.png 300w, https:\/\/moverdb.com\/wp-content\/uploads\/Mega-Movers-international-moving-company-1024x481.png 1024w, https:\/\/moverdb.com\/wp-content\/uploads\/Mega-Movers-international-moving-company-18x8.png 18w, https:\/\/moverdb.com\/wp-content\/uploads\/Mega-Movers-international-moving-company-600x282.png 600w\" sizes=\"auto, (max-width: 1440px) 100vw, 1440px\" \/><\/p>\n<ul>\n<li>Nationale Umz\u00fcge<\/li>\n<li>Internationale Umz\u00fcge<\/li>\n<li>Umz\u00fcge im Haushalt<\/li>\n<li>B\u00fcroumz\u00fcge<\/li>\n<li>Spezialisiert auf den Transport von medizinischen Ger\u00e4ten<\/li>\n<li>Verpackungsdienstleistungen<\/li>\n<li>Ma\u00dfgeschneiderte Kisten<\/li>\n<li>Spezialisierte Ausr\u00fcstung<\/li>\n<li>F\u00fcr \u00fcbergro\u00dfe und\/oder \u00fcbergewichtige G\u00fcter<\/li>\n<li>Versicherung<\/li>\n<\/ul>\n<p>Mega Movers ist ein Logistikunternehmen in Familienbesitz, das in der Dominikanischen Republik, Puerto Rico und in der Karibik t\u00e4tig ist. Das Unternehmen bietet Maschinenmontagen, schl\u00fcsselfertige Projekte, \u00fcbergro\u00dfe\/\u00fcberschwere G\u00fcter und internationale Haushaltsumz\u00fcge an. Dar\u00fcber hinaus bietet das Unternehmen einen speziellen Service f\u00fcr den Transport von medizinischen Ger\u00e4ten innerhalb der Dominikanischen Republik. Das Unternehmen ist seit 3 Jahren Mitglied der IAM.<\/p>\n<p>Mega Movers bietet einen pers\u00f6nlichen Service, zu dem auch eine interne Beratung und Betreuung geh\u00f6rt. Sie stellen erfahrene Packer und neues Verpackungsmaterial zur Verf\u00fcgung, darunter auch selbst gefertigte Kisten nach Ma\u00df. Au\u00dferdem arbeiten sie mit \u00fcber 1.000 internationalen Umzugsunternehmen auf der ganzen Welt zusammen, um ihre Dienstleistungen gemeinsam zu erbringen.<\/p>\n<p>Website: <a href=\"http:\/\/www.megamovers.co\" target=\"_blank\" rel=\"noopener\">http:\/\/www.megamovers.co<\/a><\/p>\n<h2><span class=\"ez-toc-section\" id=\"3_Dominican_International_Moving\"><\/span><strong>3. Dominikanischer internationaler Umzug<\/strong><span class=\"ez-toc-section-end\"><\/span><\/h2>\n<p><img loading=\"lazy\" decoding=\"async\" class=\"alignnone size-full wp-image-5939\" src=\"https:\/\/moverdb.com\/wp-content\/uploads\/Domincan-International-Moving-company.png\" alt=\"Domincan International Umzugsunternehmen\" width=\"1440\" height=\"672\" data-wp-pid=\"5939\" srcset=\"https:\/\/moverdb.com\/wp-content\/uploads\/Domincan-International-Moving-company.png 1440w, https:\/\/moverdb.com\/wp-content\/uploads\/Domincan-International-Moving-company-300x140.png 300w, https:\/\/moverdb.com\/wp-content\/uploads\/Domincan-International-Moving-company-1024x478.png 1024w, https:\/\/moverdb.com\/wp-content\/uploads\/Domincan-International-Moving-company-18x8.png 18w, https:\/\/moverdb.com\/wp-content\/uploads\/Domincan-International-Moving-company-600x280.png 600w\" sizes=\"auto, (max-width: 1440px) 100vw, 1440px\" \/><\/p>\n<ul>\n<li>Nationale Umz\u00fcge<\/li>\n<li>Internationale Umz\u00fcge<\/li>\n<li>Umz\u00fcge in Wohnungen<\/li>\n<li>Gesch\u00e4ftliche Umz\u00fcge<\/li>\n<li>Erfahrung im Umgang mit empfindlichen und zerbrechlichen Gegenst\u00e4nden<\/li>\n<li>Verpackungsdienstleistungen<\/li>\n<li>Unterst\u00fctzung durch den Zoll<\/li>\n<li>Fahrzeugtransport<\/li>\n<li>Umsiedlung von Haustieren<\/li>\n<li>Lagereinrichtungen<\/li>\n<\/ul>\n<p>Dominican International Moving ist ein <a href=\"https:\/\/moverdb.com\/de\/moving-companies\/\" data-internallinksmanager029f6b8e52c=\"79\" title=\"Top 25 Internationale Umzugsunternehmen Online\">Umzugsunternehmen<\/a> mit Sitz in Santo Domingo, die nationale und internationale Umz\u00fcge und Verlegungen anbietet. Sie bieten auch Fahrzeugtransporte und Haustierumz\u00fcge an. Das Unternehmen ist Mitglied der IAM und verf\u00fcgt \u00fcber ein weltweites Netz von qualifizierten Agenten, die bei internationalen Umz\u00fcgen helfen.<\/p>\n<p>Dominican International Moving bietet umfassende Umzugsl\u00f6sungen an, die das sichere Verpacken all Ihrer Habseligkeiten mit Spezialverpackungen, die Demontage der M\u00f6bel und die Erstellung eines Inventars umfassen. Sie arrangieren den Transport Ihrer G\u00fcter, erledigen die Zollformalit\u00e4ten, entladen sie und bauen die M\u00f6bel zusammen.<\/p>\n<p>Website: <a href=\"http:\/\/www.dim.do\/\" target=\"_blank\" rel=\"noopener\">http:\/\/www.dim.do\/<\/a><\/p>\n<h2><span class=\"ez-toc-section\" id=\"4_Frank_Leo\"><\/span><strong>4. Frank Leo<\/strong><span class=\"ez-toc-section-end\"><\/span><\/h2>\n<p><img loading=\"lazy\" decoding=\"async\" class=\"alignnone size-full wp-image-5946\" src=\"https:\/\/moverdb.com\/wp-content\/uploads\/Frank-Leo-international-moving-company.png\" alt=\"Frank Leo internationales Umzugsunternehmen\" width=\"1440\" height=\"680\" data-wp-pid=\"5946\" srcset=\"https:\/\/moverdb.com\/wp-content\/uploads\/Frank-Leo-international-moving-company.png 1440w, https:\/\/moverdb.com\/wp-content\/uploads\/Frank-Leo-international-moving-company-300x142.png 300w, https:\/\/moverdb.com\/wp-content\/uploads\/Frank-Leo-international-moving-company-1024x484.png 1024w, https:\/\/moverdb.com\/wp-content\/uploads\/Frank-Leo-international-moving-company-18x9.png 18w, https:\/\/moverdb.com\/wp-content\/uploads\/Frank-Leo-international-moving-company-600x283.png 600w\" sizes=\"auto, (max-width: 1440px) 100vw, 1440px\" \/><\/p>\n<ul>\n<li>Nationale Umz\u00fcge<\/li>\n<li>Internationale Umz\u00fcge<\/li>\n<li>Umzugsdienste<\/li>\n<li>Umz\u00fcge im Haushalt<\/li>\n<li>Kommerzielle Umz\u00fcge<\/li>\n<li>Land-, See- und Luftverkehr<\/li>\n<li>Zollabfertigung<\/li>\n<li>Zus\u00e4tzliche Transportdienste f\u00fcr Fahrzeuge und Haustiere<\/li>\n<li>Versicherung<\/li>\n<li>Lagereinrichtungen<\/li>\n<\/ul>\n<p>Frank Leo ist ein Logistik- und Umzugsunternehmen, das 1990 in der Dominikanischen Republik gegr\u00fcndet wurde. Sie bieten nationale und internationale Umzugsdienste sowie Relocation Services, die Sie mit lokaler Beratung und der Eingew\u00f6hnung in einem neuen Land unterst\u00fctzen. Das Unternehmen ist Mitglied der IAM und kann auf 32 Jahre Erfahrung zur\u00fcckblicken.<\/p>\n<p>Frank Leo bietet ma\u00dfgeschneiderte L\u00f6sungen f\u00fcr Einzelpersonen, Familien, Unternehmen und Diplomaten. Zu den Dienstleistungen geh\u00f6rt das Verpacken all Ihrer Besitzt\u00fcmer mit speziellen Verpackungsdienstleistungen f\u00fcr Antiquit\u00e4ten, Kunstwerke und Maschinen. Sie organisieren den Transport auf dem Land-, See- oder Luftweg und unterst\u00fctzen Sie bei der Zollabfertigung. Sie bieten auch Dienstleistungen f\u00fcr den Umzug von Fahrzeugen, Booten, Leichtflugzeugen, Pflanzen und Haustieren an.<\/p>\n<p>Website: <a href=\"http:\/\/www.frankleo.com\" target=\"_blank\" rel=\"noopener\">http:\/\/www.frankleo.com<\/a><\/p>\n<h2><span class=\"ez-toc-section\" id=\"5_L_G_International_Movers\"><\/span><strong>5. L&amp;G International Movers<\/strong><span class=\"ez-toc-section-end\"><\/span><\/h2>\n<p><img loading=\"lazy\" decoding=\"async\" class=\"alignnone size-full wp-image-5965\" src=\"https:\/\/moverdb.com\/wp-content\/uploads\/LG-International-Movers-company.png\" alt=\"L&amp;G International Movers Unternehmen\" width=\"1440\" height=\"676\" data-wp-pid=\"5965\" srcset=\"https:\/\/moverdb.com\/wp-content\/uploads\/LG-International-Movers-company.png 1440w, https:\/\/moverdb.com\/wp-content\/uploads\/LG-International-Movers-company-300x141.png 300w, https:\/\/moverdb.com\/wp-content\/uploads\/LG-International-Movers-company-1024x481.png 1024w, https:\/\/moverdb.com\/wp-content\/uploads\/LG-International-Movers-company-18x8.png 18w, https:\/\/moverdb.com\/wp-content\/uploads\/LG-International-Movers-company-600x282.png 600w\" sizes=\"auto, (max-width: 1440px) 100vw, 1440px\" \/><\/p>\n<ul>\n<li>Nationale Umz\u00fcge<\/li>\n<li>Internationale Umz\u00fcge<\/li>\n<li>Umz\u00fcge in Wohnungen<\/li>\n<li>Gesch\u00e4ftliche Umz\u00fcge<\/li>\n<li>Selbstverpackungsoption<\/li>\n<li>Verpackungsdienstleistungen<\/li>\n<li>Auswahl an Transportm\u00f6glichkeiten<\/li>\n<li>Zollabfertigung<\/li>\n<li>Autotransport<\/li>\n<li>Lagereinrichtungen<\/li>\n<\/ul>\n<p>L&amp;G International Movers ist ein Unternehmen f\u00fcr Logistik und internationale Umzugsdienstleistungen mit Sitz in Santo Domingo. Das Unternehmen bietet internationale Umz\u00fcge \u00fcber seine Partner, andere Umzugsunternehmen und Spediteure in der ganzen Welt an. Das Unternehmen ist Mitglied der IAM und von der FIDI akkreditiert.<\/p>\n<p>L&amp;G International Movers verpackt Ihr Hab und Gut mit den modernsten Techniken und Materialien, oder Sie packen es selbst. L&amp;G International Movers bietet eine Reihe von Transportdienstleistungen an, darunter Luftfracht und Seefracht sowie wirtschaftlichere Methoden wie Sammelgut, bei denen Sie Ihre Sendung mit anderen kombinieren k\u00f6nnen. Das Unternehmen unterst\u00fctzt Sie auch bei der Zollabfertigung.<\/p>\n<p>Website: <a href=\"http:\/\/www.lginternationalmovers.com\" target=\"_blank\" rel=\"noopener\">http:\/\/www.lginternationalmovers.com<\/a><\/p>\n<h2><span class=\"ez-toc-section\" id=\"6_Latino_Express\"><\/span><strong>6. Latino-Express<\/strong><span class=\"ez-toc-section-end\"><\/span><\/h2>\n<p><img loading=\"lazy\" decoding=\"async\" class=\"alignnone size-full wp-image-5967\" src=\"https:\/\/moverdb.com\/wp-content\/uploads\/Latino-Express-international-moving-company.png\" alt=\"Latino Express internationales Umzugsunternehmen\" width=\"1440\" height=\"665\" data-wp-pid=\"5967\" srcset=\"https:\/\/moverdb.com\/wp-content\/uploads\/Latino-Express-international-moving-company.png 1440w, https:\/\/moverdb.com\/wp-content\/uploads\/Latino-Express-international-moving-company-300x139.png 300w, https:\/\/moverdb.com\/wp-content\/uploads\/Latino-Express-international-moving-company-1024x473.png 1024w, https:\/\/moverdb.com\/wp-content\/uploads\/Latino-Express-international-moving-company-18x8.png 18w, https:\/\/moverdb.com\/wp-content\/uploads\/Latino-Express-international-moving-company-600x277.png 600w\" sizes=\"auto, (max-width: 1440px) 100vw, 1440px\" \/><\/p>\n<ul>\n<li>Nationale Umz\u00fcge<\/li>\n<li>Internationale Umz\u00fcge<\/li>\n<li>Umz\u00fcge<\/li>\n<li>Umz\u00fcge von Haushalten<\/li>\n<li>Umz\u00fcge von Unternehmen<\/li>\n<li>Verpackungsdienstleistungen<\/li>\n<li>Professionell geschultes Personal<\/li>\n<li>Zollmakler<\/li>\n<li>Land-, See- und Luftfracht<\/li>\n<li>Sichere Speicherl\u00f6sungen<\/li>\n<\/ul>\n<p>Latino Express ist ein 1979 gegr\u00fcndetes Fracht- und Umzugsunternehmen, das nationale und internationale Umz\u00fcge sowie Relocation Services anbietet. Das Unternehmen arbeitet mit einem Netzwerk von internationalen Umzugsunternehmen zusammen, um Umzugsdienstleistungen auf der ganzen Welt zu erbringen. Das Unternehmen ist seit 43 Jahren Mitglied der IAM.<\/p>\n<p>Latino Express bietet einen professionellen Umzugsservice, der Haushalts- und Firmenumz\u00fcge umfasst. Sie bieten einen Verpackungsservice durch geschultes Personal, das Ihr Hab und Gut sch\u00fctzt, und sie arrangieren den Versand auf dem Land-, See- oder Luftweg und unterst\u00fctzen Sie bei der Zollabwicklung. Bei Bedarf bieten sie auch sichere Lagerungsl\u00f6sungen an.<\/p>\n<p>Website: <a href=\"http:\/\/www.latinoexpress.com.do\" target=\"_blank\" rel=\"noopener\">http:\/\/www.latinoexpress.com.do<\/a><\/p>","protected":false},"excerpt":{"rendered":"<p>If you are moving home or relocating your business in the Dominican Republic, or to or from the Dominican Republic, you might be looking for some assistance. A moving or relocation company could help ease your move and take away some of the stress. Below we have compiled a list of Dominican Republic removal companies [&hellip;]<\/p>\n","protected":false},"author":4,"featured_media":0,"parent":190,"menu_order":0,"comment_status":"closed","ping_status":"closed","template":"","meta":{"_genesis_hide_title":false,"_genesis_hide_breadcrumbs":false,"_genesis_hide_singular_image":false,"_genesis_hide_footer_widgets":false,"_genesis_custom_body_class":"","_genesis_custom_post_class":"","_genesis_layout":"","footnotes":""},"class_list":{"0":"post-6036","1":"page","2":"type-page","3":"status-publish","5":"entry","6":"has-post-thumbnail"},"_links":{"self":[{"href":"https:\/\/moverdb.com\/de\/wp-json\/wp\/v2\/pages\/6036","targetHints":{"allow":["GET"]}}],"collection":[{"href":"https:\/\/moverdb.com\/de\/wp-json\/wp\/v2\/pages"}],"about":[{"href":"https:\/\/moverdb.com\/de\/wp-json\/wp\/v2\/types\/page"}],"author":[{"embeddable":true,"href":"https:\/\/moverdb.com\/de\/wp-json\/wp\/v2\/users\/4"}],"replies":[{"embeddable":true,"href":"https:\/\/moverdb.com\/de\/wp-json\/wp\/v2\/comments?post=6036"}],"version-history":[{"count":1,"href":"https:\/\/moverdb.com\/de\/wp-json\/wp\/v2\/pages\/6036\/revisions"}],"predecessor-version":[{"id":6037,"href":"https:\/\/moverdb.com\/de\/wp-json\/wp\/v2\/pages\/6036\/revisions\/6037"}],"up":[{"embeddable":true,"href":"https:\/\/moverdb.com\/de\/wp-json\/wp\/v2\/pages\/190"}],"wp:attachment":[{"href":"https:\/\/moverdb.com\/de\/wp-json\/wp\/v2\/media?parent=6036"}],"curies":[{"name":"wp","href":"https:\/\/api.w.org\/{rel}","templated":true}]}}