{"id":6034,"date":"2023-02-01T13:52:21","date_gmt":"2023-02-01T13:52:21","guid":{"rendered":"https:\/\/moverdb.com\/?page_id=6034"},"modified":"2026-01-08T15:29:54","modified_gmt":"2026-01-08T15:29:54","slug":"umzugsunternehmen-djibouti","status":"publish","type":"page","link":"https:\/\/moverdb.com\/de\/moving-companies\/moving-companies-djibouti\/","title":{"rendered":"Beste internationale Umzugsfirmen in Dschibuti"},"content":{"rendered":"<p>Planen Sie einen Umzug in Dschibuti? Oder einen Umzug nach oder von Dschibuti? Dann brauchen Sie vielleicht Hilfe bei Ihrem Umzug, vor allem, wenn Sie von einem Land ins andere ziehen, denn der Papierkram und der Transport k\u00f6nnen sehr kompliziert sein. Nachfolgend haben wir eine Liste von Dschibuti zusammengestellt <a href=\"https:\/\/moverdb.com\/de\/international-removals\/\" data-internallinksmanager029f6b8e52c=\"27\" title=\"36 Beste internationale Umzugsunternehmen in Gro\u00dfbritannien\">Umzugsunternehmen<\/a> die Mitglieder der <a href=\"https:\/\/moverdb.com\/de\/iam\/\" data-internallinksmanager029f6b8e52c=\"23\" title=\"International Association of Movers (IAM) erkl\u00e4rt\">Internationaler Verband der M\u00f6belspediteure<\/a> (IAM) und\/oder <a href=\"https:\/\/moverdb.com\/de\/fidi-faim\/\" data-internallinksmanager029f6b8e52c=\"16\" title=\"FIDI &amp; FAIM (FIDI Accredited International Mover) Erl\u00e4utert\">FIDI<\/a> Accredited International Mover (FAIM), der Ihnen helfen kann.<\/p>\n<h2><strong>MTI Logistik<\/strong><\/h2>\n<p><img loading=\"lazy\" decoding=\"async\" class=\"alignnone size-full wp-image-5979\" src=\"https:\/\/moverdb.com\/wp-content\/uploads\/MTI-Logistics-international-moving-company.png\" alt=\"MTI Logistics internationales Umzugsunternehmen\" width=\"1440\" height=\"682\" data-wp-pid=\"5979\" srcset=\"https:\/\/moverdb.com\/wp-content\/uploads\/MTI-Logistics-international-moving-company.png 1440w, https:\/\/moverdb.com\/wp-content\/uploads\/MTI-Logistics-international-moving-company-300x142.png 300w, https:\/\/moverdb.com\/wp-content\/uploads\/MTI-Logistics-international-moving-company-1024x485.png 1024w, https:\/\/moverdb.com\/wp-content\/uploads\/MTI-Logistics-international-moving-company-18x9.png 18w, https:\/\/moverdb.com\/wp-content\/uploads\/MTI-Logistics-international-moving-company-600x284.png 600w\" sizes=\"auto, (max-width: 1440px) 100vw, 1440px\" \/><\/p>\n<ul>\n<li>Nationale Umz\u00fcge<\/li>\n<li>Internationale Umz\u00fcge<\/li>\n<li>Abteilung Relocation<\/li>\n<li>Gesch\u00e4ftliche Umz\u00fcge<\/li>\n<li>Verpackungsdienstleistungen<\/li>\n<li>Land-, See- und Luftverkehr<\/li>\n<li>Konsolidierung von Sendungen<\/li>\n<li>Zollabfertigung<\/li>\n<li>Angebot an Flottenfahrzeugen<\/li>\n<li>Lagereinrichtungen<\/li>\n<\/ul>\n<p>MTI Logistics ist ein G\u00fctertransport- und Logistikunternehmen, das unter seiner Marke MTI Movers Umzugsdienstleistungen anbietet. Das Unternehmen verf\u00fcgt \u00fcber eine gro\u00dfe Flotte von Lastkraftwagen und Hebezeugen f\u00fcr den Transport und die Bef\u00f6rderung. Das Unternehmen ist Mitglied der IAM und kann auf 15 Jahre Erfahrung zur\u00fcckblicken.<\/p>\n<p>MTI Logistics bietet Umzugsdienstleistungen innerhalb Dschibutis und von und nach Dschibuti an. Sie bieten Stra\u00dfen-, See- und Lufttransporte sowie die Konsolidierung von Sendungen und Unterst\u00fctzung bei der Zollabfertigung. Das Unternehmen ist auf Gesch\u00e4ftsumz\u00fcge spezialisiert und kann sowohl beim Verpacken als auch beim Transport Unterst\u00fctzung leisten und Lagerm\u00f6glichkeiten anbieten.<\/p>\n<p>Website: <a href=\"http:\/\/www.mti-logistics.com\" target=\"_blank\" rel=\"noopener\">http:\/\/www.mti-logistics.com<\/a><\/p>","protected":false},"excerpt":{"rendered":"<p>Are you planning a move in Djibouti? Or moving to or from Djibouti? Then you may want some help with that move especially if you are moving between countries as the paperwork and transportation can be complex to navigate. Below we have compiled a list of Djibouti removal companies that are members of the International [&hellip;]<\/p>\n","protected":false},"author":4,"featured_media":0,"parent":190,"menu_order":0,"comment_status":"closed","ping_status":"closed","template":"","meta":{"_genesis_hide_title":false,"_genesis_hide_breadcrumbs":false,"_genesis_hide_singular_image":false,"_genesis_hide_footer_widgets":false,"_genesis_custom_body_class":"","_genesis_custom_post_class":"","_genesis_layout":"","footnotes":""},"class_list":{"0":"post-6034","1":"page","2":"type-page","3":"status-publish","5":"entry","6":"has-post-thumbnail"},"_links":{"self":[{"href":"https:\/\/moverdb.com\/de\/wp-json\/wp\/v2\/pages\/6034","targetHints":{"allow":["GET"]}}],"collection":[{"href":"https:\/\/moverdb.com\/de\/wp-json\/wp\/v2\/pages"}],"about":[{"href":"https:\/\/moverdb.com\/de\/wp-json\/wp\/v2\/types\/page"}],"author":[{"embeddable":true,"href":"https:\/\/moverdb.com\/de\/wp-json\/wp\/v2\/users\/4"}],"replies":[{"embeddable":true,"href":"https:\/\/moverdb.com\/de\/wp-json\/wp\/v2\/comments?post=6034"}],"version-history":[{"count":1,"href":"https:\/\/moverdb.com\/de\/wp-json\/wp\/v2\/pages\/6034\/revisions"}],"predecessor-version":[{"id":6035,"href":"https:\/\/moverdb.com\/de\/wp-json\/wp\/v2\/pages\/6034\/revisions\/6035"}],"up":[{"embeddable":true,"href":"https:\/\/moverdb.com\/de\/wp-json\/wp\/v2\/pages\/190"}],"wp:attachment":[{"href":"https:\/\/moverdb.com\/de\/wp-json\/wp\/v2\/media?parent=6034"}],"curies":[{"name":"wp","href":"https:\/\/api.w.org\/{rel}","templated":true}]}}