{"id":6026,"date":"2023-02-01T13:47:16","date_gmt":"2023-02-01T13:47:16","guid":{"rendered":"https:\/\/moverdb.com\/?page_id=6026"},"modified":"2026-01-08T15:29:04","modified_gmt":"2026-01-08T15:29:04","slug":"umzugsunternehmen-tschechische-republik","status":"publish","type":"page","link":"https:\/\/moverdb.com\/de\/moving-companies\/moving-companies-czech-republic\/","title":{"rendered":"Die 5 besten internationalen Umzugsunternehmen in der Tschechischen Republik"},"content":{"rendered":"<p>Ein Umzug kann eine stressige Zeit sein, weshalb viele Menschen die Hilfe eines <a href=\"https:\/\/moverdb.com\/de\/moving-companies\/\" data-internallinksmanager029f6b8e52c=\"79\" title=\"Top 25 Internationale Umzugsunternehmen Online\">Umzugsunternehmen<\/a> um Ihnen die Last zu erleichtern. Ganz gleich, ob Sie selbst oder Ihr Unternehmen lokal oder international umziehen, es gibt ein Unternehmen, das Ihnen helfen kann. Im Folgenden haben wir eine Liste zusammengestellt mit <a href=\"https:\/\/moverdb.com\/de\/moving-to-the-czech-republic\/\" data-internallinksmanager029f6b8e52c=\"391\" title=\"Umzug in die Tschechische Republik? 2024 Lebenshaltungskosten &amp; Umzugstipps\">Tschechische Republik<\/a> <a href=\"https:\/\/moverdb.com\/de\/international-removals\/\" data-internallinksmanager029f6b8e52c=\"27\" title=\"36 Beste internationale Umzugsunternehmen in Gro\u00dfbritannien\">Umzugsunternehmen<\/a> die Mitglieder der <a href=\"https:\/\/moverdb.com\/de\/iam\/\" data-internallinksmanager029f6b8e52c=\"23\" title=\"International Association of Movers (IAM) erkl\u00e4rt\">Internationaler Verband der M\u00f6belspediteure<\/a> (IAM) und\/oder <a href=\"https:\/\/moverdb.com\/de\/fidi-faim\/\" data-internallinksmanager029f6b8e52c=\"16\" title=\"FIDI &amp; FAIM (FIDI Accredited International Mover) Erl\u00e4utert\">FIDI<\/a> Accredited International Mover (FAIM), der Ihnen helfen kann.<\/p>\n<div id=\"ez-toc-container\" class=\"ez-toc-v2_0_82_2 ez-toc-wrap-left counter-hierarchy ez-toc-counter ez-toc-transparent ez-toc-container-direction\">\n<div class=\"ez-toc-title-container\">\n<p class=\"ez-toc-title\" style=\"cursor:inherit\">Rubriken<\/p>\n<span class=\"ez-toc-title-toggle\"><a href=\"#\" class=\"ez-toc-pull-right ez-toc-btn ez-toc-btn-xs ez-toc-btn-default ez-toc-toggle\" aria-label=\"Inhaltsverzeichnis umschalten\"><span class=\"ez-toc-js-icon-con\"><span class=\"\"><span class=\"eztoc-hide\" style=\"display:none;\">Umschalten auf<\/span><span class=\"ez-toc-icon-toggle-span\"><svg style=\"fill: #999;color:#999\" xmlns=\"http:\/\/www.w3.org\/2000\/svg\" class=\"list-377408\" width=\"20px\" height=\"20px\" viewbox=\"0 0 24 24\" fill=\"none\"><path d=\"M6 6H4v2h2V6zm14 0H8v2h12V6zM4 11h2v2H4v-2zm16 0H8v2h12v-2zM4 16h2v2H4v-2zm16 0H8v2h12v-2z\" fill=\"currentColor\"><\/path><\/svg><svg style=\"fill: #999;color:#999\" class=\"arrow-unsorted-368013\" xmlns=\"http:\/\/www.w3.org\/2000\/svg\" width=\"10px\" height=\"10px\" viewbox=\"0 0 24 24\" version=\"1.2\" baseprofile=\"tiny\"><path d=\"M18.2 9.3l-6.2-6.3-6.2 6.3c-.2.2-.3.4-.3.7s.1.5.3.7c.2.2.4.3.7.3h11c.3 0 .5-.1.7-.3.2-.2.3-.5.3-.7s-.1-.5-.3-.7zM5.8 14.7l6.2 6.3 6.2-6.3c.2-.2.3-.5.3-.7s-.1-.5-.3-.7c-.2-.2-.4-.3-.7-.3h-11c-.3 0-.5.1-.7.3-.2.2-.3.5-.3.7s.1.5.3.7z\"\/><\/svg><\/span><\/span><\/span><\/a><\/span><\/div>\n<nav><ul class='ez-toc-list ez-toc-list-level-1 eztoc-toggle-hide-by-default' ><li class='ez-toc-page-1 ez-toc-heading-level-2'><a class=\"ez-toc-link ez-toc-heading-1\" href=\"https:\/\/moverdb.com\/de\/moving-companies\/moving-companies-czech-republic\/#1_Santa_Fe_Relocation\" >1. Santa Fe-Umzug<\/a><\/li><li class='ez-toc-page-1 ez-toc-heading-level-2'><a class=\"ez-toc-link ez-toc-heading-2\" href=\"https:\/\/moverdb.com\/de\/moving-companies\/moving-companies-czech-republic\/#2_Voerman_International\" >2. Voerman International<\/a><\/li><li class='ez-toc-page-1 ez-toc-heading-level-2'><a class=\"ez-toc-link ez-toc-heading-3\" href=\"https:\/\/moverdb.com\/de\/moving-companies\/moving-companies-czech-republic\/#3_Gosselin\" >3. Gosselin<\/a><\/li><li class='ez-toc-page-1 ez-toc-heading-level-2'><a class=\"ez-toc-link ez-toc-heading-4\" href=\"https:\/\/moverdb.com\/de\/moving-companies\/moving-companies-czech-republic\/#4_KAE_International_Movers\" >4. KAE Internationale Umzugsunternehmen<\/a><\/li><li class='ez-toc-page-1 ez-toc-heading-level-2'><a class=\"ez-toc-link ez-toc-heading-5\" href=\"https:\/\/moverdb.com\/de\/moving-companies\/moving-companies-czech-republic\/#5_Fenix_Shipping\" >5. Fenix Versand<\/a><\/li><li class='ez-toc-page-1 ez-toc-heading-level-2'><a class=\"ez-toc-link ez-toc-heading-6\" href=\"https:\/\/moverdb.com\/de\/moving-companies\/moving-companies-czech-republic\/#Other_Useful_Guides_to_the_Czech_Republic\" >Andere n\u00fctzliche Reisef\u00fchrer f\u00fcr die Tschechische Republik<\/a><\/li><\/ul><\/nav><\/div>\n<h2><span class=\"ez-toc-section\" id=\"1_Santa_Fe_Relocation\"><\/span><strong>1. Santa Fe-Umzug<\/strong><span class=\"ez-toc-section-end\"><\/span><\/h2>\n<p><img loading=\"lazy\" decoding=\"async\" class=\"alignnone size-full wp-image-6030\" src=\"https:\/\/moverdb.com\/wp-content\/uploads\/Santa-Fe-Relocation-Prague-international-moving-company.png\" alt=\"Santa Fe Relocation Prag internationales Umzugsunternehmen\" width=\"1440\" height=\"683\" data-wp-pid=\"6030\" srcset=\"https:\/\/moverdb.com\/wp-content\/uploads\/Santa-Fe-Relocation-Prague-international-moving-company.png 1440w, https:\/\/moverdb.com\/wp-content\/uploads\/Santa-Fe-Relocation-Prague-international-moving-company-300x142.png 300w, https:\/\/moverdb.com\/wp-content\/uploads\/Santa-Fe-Relocation-Prague-international-moving-company-1024x486.png 1024w, https:\/\/moverdb.com\/wp-content\/uploads\/Santa-Fe-Relocation-Prague-international-moving-company-18x9.png 18w, https:\/\/moverdb.com\/wp-content\/uploads\/Santa-Fe-Relocation-Prague-international-moving-company-600x285.png 600w\" sizes=\"auto, (max-width: 1440px) 100vw, 1440px\" \/><\/p>\n<ul>\n<li>Lokale Umz\u00fcge<\/li>\n<li>Internationale Umz\u00fcge<\/li>\n<li>Umz\u00fcge im Haushalt<\/li>\n<li>Unternehmensverlagerungen<\/li>\n<li>Verpackungsservice mit hochwertigen Materialien<\/li>\n<li>Transport auf dem Land-, Luft- oder Seeweg<\/li>\n<li>Zollabfertigung<\/li>\n<li>Unterst\u00fctzung bei Visa und Einwanderung<\/li>\n<li>Transport von Haustieren und Fahrzeugen<\/li>\n<li>Kurz- bis langfristige Lagereinrichtungen<\/li>\n<\/ul>\n<p>Santa Fe Relocation ist ein internationales Umzugs- und Relocation-Unternehmen mit Niederlassungen in wichtigen L\u00e4ndern. Die Prager Niederlassung wurde 1992 er\u00f6ffnet und bietet sowohl Wohn- als auch Firmenumz\u00fcge an. Santa Fe Relocation ist seit 30 Jahren Mitglied der IAM und ist von der FIDI akkreditiert.<\/p>\n<p>Santa Fe Relocation bietet vor dem Umzug eine Beratung vor Ort an, um Ihre Bed\u00fcrfnisse zu ermitteln. Sie bieten einen professionellen Verpackungsservice mit Katalogisierung aller Gegenst\u00e4nde und Verwendung der besten Verpackungsmaterialien und -techniken. Sie organisieren den Transport auf dem Land-, Luft- oder Seeweg mit Zollabfertigung. Sie bieten zus\u00e4tzliche Dienstleistungen wie Versicherung, Lagerung, Wohnungs- und Schulsuche, Eingew\u00f6hnungsservice, Transport von Haustieren und Fahrzeugen.<\/p>\n<p>Website: <a href=\"https:\/\/www.santaferelo.com\/en\/contact\/our-offices\/czech-republic-prague\/\" target=\"_blank\" rel=\"noopener\">https:\/\/www.santaferelo.com\/en\/contact\/our-offices\/czech-republic-prague\/<\/a><\/p>\n<h2><span class=\"ez-toc-section\" id=\"2_Voerman_International\"><\/span><strong>2. Voerman International<\/strong><span class=\"ez-toc-section-end\"><\/span><\/h2>\n<p><img loading=\"lazy\" decoding=\"async\" class=\"alignnone size-full wp-image-6011\" src=\"https:\/\/moverdb.com\/wp-content\/uploads\/Voerman-international-moving-company.png\" alt=\"Voerman internationales Umzugsunternehmen\" width=\"1440\" height=\"683\" data-wp-pid=\"6011\" srcset=\"https:\/\/moverdb.com\/wp-content\/uploads\/Voerman-international-moving-company.png 1440w, https:\/\/moverdb.com\/wp-content\/uploads\/Voerman-international-moving-company-300x142.png 300w, https:\/\/moverdb.com\/wp-content\/uploads\/Voerman-international-moving-company-1024x486.png 1024w, https:\/\/moverdb.com\/wp-content\/uploads\/Voerman-international-moving-company-18x9.png 18w, https:\/\/moverdb.com\/wp-content\/uploads\/Voerman-international-moving-company-600x285.png 600w\" sizes=\"auto, (max-width: 1440px) 100vw, 1440px\" \/><\/p>\n<ul>\n<li>Nationale Umz\u00fcge<\/li>\n<li>Internationale Umz\u00fcge<\/li>\n<li>Umzugsdienste<\/li>\n<li>Unterst\u00fctzung bei Einwanderung und Visum<\/li>\n<li>Unterst\u00fctzung bei der Suche nach einer Wohnung und einer Schule<\/li>\n<li>Fahrzeugtransport<\/li>\n<li>Umsiedlung von Haustieren<\/li>\n<li>Versicherung<\/li>\n<li>Kurz- bis langfristige Lagerung<\/li>\n<li>Nachhaltige Umz\u00fcge ab Februar 2023<\/li>\n<\/ul>\n<p>Voerman International ist ein Umzugs- und Relocation-Unternehmen, das seit 1986 mit B\u00fcros in den folgenden L\u00e4ndern t\u00e4tig ist <a href=\"https:\/\/moverdb.com\/de\/moving-to-the-netherlands\/\" data-internallinksmanager029f6b8e52c=\"328\" title=\"Umzug in die Niederlande? 2026 Lebenshaltungskosten &amp; Umzugstipps\">Niederlande<\/a>Russland, die Tschechische Republik und <a href=\"https:\/\/moverdb.com\/de\/moving-to-poland\/\" data-internallinksmanager029f6b8e52c=\"378\" title=\"Umzug nach Polen? 2026 Lebenshaltungskosten &amp; Umzugstipps\">Polen<\/a>. Sie arbeiten mit anderen internationalen Umzugsunternehmen zusammen, um Dienstleistungen in der ganzen Welt zu erbringen. Das Unternehmen ist seit 26 Jahren Mitglied der IAM und Mitglied der <a href=\"https:\/\/moverdb.com\/de\/harmony-relocation-network\/\" data-internallinksmanager029f6b8e52c=\"20\" title=\"Harmony Relocation Network (HRN) erkl\u00e4rt\">Harmony Relocation Netzwerk<\/a> und sind von der FIDI akkreditiert.<\/p>\n<p>Voerman International bietet einen umfassenden Service an, der sowohl vor als auch nach der Abreise Dienstleistungen wie die Erledigung von Formalit\u00e4ten, Einwanderung und Visumshilfe umfasst. Sie bieten auch Eingew\u00f6hnungsdienste, Unterst\u00fctzung bei der Wohnungs- und Schulsuche, Handwerkerdienste, Kultur- und Sprachtraining.<\/p>\n<p>Website: <a href=\"https:\/\/www.voerman.com\/\" target=\"_blank\" rel=\"noopener\">https:\/\/www.voerman.com\/<\/a><\/p>\n<h2><span class=\"ez-toc-section\" id=\"3_Gosselin\"><\/span><strong>3. Gosselin<\/strong><span class=\"ez-toc-section-end\"><\/span><\/h2>\n<p><img loading=\"lazy\" decoding=\"async\" class=\"alignnone size-full wp-image-5954\" src=\"https:\/\/moverdb.com\/wp-content\/uploads\/Gosselin-Czech-Republic-international-moving-company.png\" alt=\"Gosselin Tschechische Republik Internationales Umzugsunternehmen\" width=\"1440\" height=\"682\" data-wp-pid=\"5954\" srcset=\"https:\/\/moverdb.com\/wp-content\/uploads\/Gosselin-Czech-Republic-international-moving-company.png 1440w, https:\/\/moverdb.com\/wp-content\/uploads\/Gosselin-Czech-Republic-international-moving-company-300x142.png 300w, https:\/\/moverdb.com\/wp-content\/uploads\/Gosselin-Czech-Republic-international-moving-company-1024x485.png 1024w, https:\/\/moverdb.com\/wp-content\/uploads\/Gosselin-Czech-Republic-international-moving-company-18x9.png 18w, https:\/\/moverdb.com\/wp-content\/uploads\/Gosselin-Czech-Republic-international-moving-company-600x284.png 600w\" sizes=\"auto, (max-width: 1440px) 100vw, 1440px\" \/><\/p>\n<ul>\n<li>Internationale Umz\u00fcge<\/li>\n<li>Umzugsdienste<\/li>\n<li>Umz\u00fcge im Haushalt<\/li>\n<li>B\u00fcroumz\u00fcge<\/li>\n<li>Verpackungsservice mit hochwertigen Materialien<\/li>\n<li>Land- oder Seetransport<\/li>\n<li>Transport von Kunstwerken<\/li>\n<li>Umsiedlung von Haustieren<\/li>\n<li>Fahrzeugtransport<\/li>\n<li>Lagereinrichtungen<\/li>\n<\/ul>\n<p>Gosselin ist ein internationaler Umzugsdienstleister mit Niederlassungen in ganz Europa, einschlie\u00dflich Prag, der 1992 gegr\u00fcndet wurde. Au\u00dferdem verf\u00fcgt das Unternehmen \u00fcber ein weltweites Partnernetz f\u00fcr internationale Umz\u00fcge. Gosselin ist Mitglied der IAM und kann auf 30 Jahre Erfahrung zur\u00fcckblicken.<\/p>\n<p>Gosselin bietet einen erfahrenen Umzugsservice, der Haushaltsgegenst\u00e4nde, B\u00fcros, Kraftfahrzeuge, Haustiere und Kunstgegenst\u00e4nde innerhalb und au\u00dferhalb der Tschechischen Republik transportieren kann. Sie verpacken Ihr Hab und Gut mit hochwertigem Verpackungsmaterial auf hohem Niveau. Sie organisieren den Transport auf dem Land- oder Seeweg zu Ihrem Zielort. Sie bieten Dienstleistungen f\u00fcr Privatpersonen, Unternehmen, Diplomaten und Botschaften an.<\/p>\n<p>Website: <a href=\"https:\/\/gosselin-moving.com\/en\/czech-republic\" target=\"_blank\" rel=\"noopener\">https:\/\/gosselin-moving.com\/en\/czech-republic<\/a><\/p>\n<h2><span class=\"ez-toc-section\" id=\"4_KAE_International_Movers\"><\/span><strong>4. KAE Internationale Umzugsunternehmen<\/strong><span class=\"ez-toc-section-end\"><\/span><\/h2>\n<p><img loading=\"lazy\" decoding=\"async\" class=\"alignnone size-full wp-image-6028\" src=\"https:\/\/moverdb.com\/wp-content\/uploads\/KAE-International-Movers-international-moving-company.png\" alt=\"KAE International Movers internationales Umzugsunternehmen\" width=\"1440\" height=\"681\" data-wp-pid=\"6028\" srcset=\"https:\/\/moverdb.com\/wp-content\/uploads\/KAE-International-Movers-international-moving-company.png 1440w, https:\/\/moverdb.com\/wp-content\/uploads\/KAE-International-Movers-international-moving-company-300x142.png 300w, https:\/\/moverdb.com\/wp-content\/uploads\/KAE-International-Movers-international-moving-company-1024x484.png 1024w, https:\/\/moverdb.com\/wp-content\/uploads\/KAE-International-Movers-international-moving-company-18x9.png 18w, https:\/\/moverdb.com\/wp-content\/uploads\/KAE-International-Movers-international-moving-company-600x284.png 600w\" sizes=\"auto, (max-width: 1440px) 100vw, 1440px\" \/><\/p>\n<ul>\n<li>Nationale Umz\u00fcge<\/li>\n<li>Internationale Umz\u00fcge<\/li>\n<li>Umz\u00fcge im Haushalt<\/li>\n<li>B\u00fcroumz\u00fcge<\/li>\n<li>Verpackungsdienstleistungen<\/li>\n<li>Unterst\u00fctzung durch den Zoll<\/li>\n<li>Versicherung<\/li>\n<li>Transport von Kunstwerken<\/li>\n<li>Fahrzeugtransport<\/li>\n<li>L\u00f6sungen f\u00fcr die Lagerung<\/li>\n<\/ul>\n<p>KAE International Movers ist ein Umzugs- und Relocation-Dienstleister mit Niederlassungen in der Tschechischen Republik und <a href=\"https:\/\/moverdb.com\/de\/moving-to-greece\/\" data-internallinksmanager029f6b8e52c=\"353\" title=\"Umzug nach Griechenland? 2026 Lebenshaltungskosten &amp; Umzugstipps\">Griechenland<\/a>. Sie arbeiten mit internationalen Umzugsunternehmen zusammen, um ihre Dienstleistungen weltweit anzubieten. Sie sind seit 8 Jahren Mitglied der IAM.<\/p>\n<p>KAE International Movers bietet eine erste Besichtigung an, um Ihren Umzugsbedarf zu ermitteln und ein Angebot zu erstellen. Sie bieten einen professionellen Verpackungsservice f\u00fcr Wohnungen und B\u00fcros, der diese sch\u00fctzt und f\u00fcr den Transport auf dem Land-, Luft- oder Seeweg kennzeichnet. Sie helfen Ihnen bei der Zollabfertigung und den Dokumenten. Sie bieten auch spezielle Transportdienste f\u00fcr Kunstgegenst\u00e4nde und Fahrzeuge an.<\/p>\n<p>Website: <a href=\"http:\/\/www.kaeintlmovers.com\" target=\"_blank\" rel=\"noopener\">http:\/\/www.kaeintlmovers.com<\/a><\/p>\n<h2><span class=\"ez-toc-section\" id=\"5_Fenix_Shipping\"><\/span><strong>5. Fenix Versand<\/strong><span class=\"ez-toc-section-end\"><\/span><\/h2>\n<p><img loading=\"lazy\" decoding=\"async\" class=\"alignnone size-full wp-image-6027\" src=\"https:\/\/moverdb.com\/wp-content\/uploads\/Fenix-Shipping-international-moving-company.png\" alt=\"Fenix Shipping internationales Umzugsunternehmen\" width=\"1440\" height=\"683\" data-wp-pid=\"6027\" srcset=\"https:\/\/moverdb.com\/wp-content\/uploads\/Fenix-Shipping-international-moving-company.png 1440w, https:\/\/moverdb.com\/wp-content\/uploads\/Fenix-Shipping-international-moving-company-300x142.png 300w, https:\/\/moverdb.com\/wp-content\/uploads\/Fenix-Shipping-international-moving-company-1024x486.png 1024w, https:\/\/moverdb.com\/wp-content\/uploads\/Fenix-Shipping-international-moving-company-18x9.png 18w, https:\/\/moverdb.com\/wp-content\/uploads\/Fenix-Shipping-international-moving-company-600x285.png 600w\" sizes=\"auto, (max-width: 1440px) 100vw, 1440px\" \/><\/p>\n<ul>\n<li>Nationale Umz\u00fcge<\/li>\n<li>Internationale Umz\u00fcge<\/li>\n<li>Umzugsdienste<\/li>\n<li>Umz\u00fcge im Haushalt<\/li>\n<li>Verpackungsservice<\/li>\n<li>Stra\u00dfe, See und Luft<\/li>\n<li>Unterst\u00fctzung durch den Zoll<\/li>\n<li>Reinigungsdienste<\/li>\n<li>Transport von Haustieren<\/li>\n<li>Kurz- bis langfristige Lagereinrichtungen<\/li>\n<\/ul>\n<p>Fenix Shipping ist ein internationales Umzugsunternehmen mit Sitz in Prag, das Umzugsdienstleistungen innerhalb der Tschechischen Republik sowie von und nach der Tschechischen Republik anbietet. Sie arbeiten mit Partnern aus der ganzen Welt zusammen, um ihre internationalen Dienstleistungen anzubieten. Sie sind seit 7 Jahren Mitglied der IAM.<\/p>\n<p>Fenix Shipping bietet einen kompletten Umzugsservice an, der Verpackungsdienstleistungen zum Schutz Ihres Eigentums umfasst, und \u00fcbernimmt das Verladen Ihres Eigentums und den Transport auf dem Land-, See- oder Luftweg. Das Unternehmen k\u00fcmmert sich auch um die Zollabfertigung und die erforderlichen Dokumente f\u00fcr Ihren Umzug. Ihr Umzugsservice hilft auch bei der Reinigung und der Anmietung eines Autos.<\/p>\n<p>Website: <a href=\"http:\/\/www.fenixshipping.cz\" target=\"_blank\" rel=\"noopener\">http:\/\/www.fenixshipping.cz<\/a><\/p>\n<h2><span class=\"ez-toc-section\" id=\"Other_Useful_Guides_to_the_Czech_Republic\"><\/span>Andere n\u00fctzliche Reisef\u00fchrer f\u00fcr die Tschechische Republik<span class=\"ez-toc-section-end\"><\/span><\/h2>\n<ul>\n<li> <a href=\"https:\/\/moverdb.com\/de\/moving-to-the-czech-republic\/\">Umzug in die Tschechische Republik? 2024 Lebenshaltungskosten &amp; Umzugstipps<\/a><\/li>\n<li> <a href=\"https:\/\/moverdb.com\/de\/moving-to-the-czech-republic\/best-places-to-live-in-czech-republic\/\">Die 12 besten Orte zum Leben in der Tschechischen Republik<\/a><\/li>\n<li> <a href=\"https:\/\/moverdb.com\/de\/?page_id=9648&#038;preview=true\">21 Geheimnisse \u00fcber das Leben in der Tschechischen Republik, die man vor dem Umzug kennen sollte<\/a><\/li>\n<li> <a href=\"https:\/\/moverdb.com\/de\/containerschifffahrt\/tschechische-republik\/\">2024 Seefracht-Container-Tarife von und nach der Tschechischen Republik<\/a><\/li>\n<\/ul>","protected":false},"excerpt":{"rendered":"<p>Moving can be a stressful time which is why many people seek the assistance of a moving company to help ease the burden. Whether you are moving yourself or your business locally or internationally, there is a company that can help. Below we have compiled a list of Czech Republic removal companies that are members [&hellip;]<\/p>\n","protected":false},"author":4,"featured_media":0,"parent":190,"menu_order":0,"comment_status":"closed","ping_status":"closed","template":"","meta":{"_genesis_hide_title":false,"_genesis_hide_breadcrumbs":false,"_genesis_hide_singular_image":false,"_genesis_hide_footer_widgets":false,"_genesis_custom_body_class":"","_genesis_custom_post_class":"","_genesis_layout":"","footnotes":""},"class_list":{"0":"post-6026","1":"page","2":"type-page","3":"status-publish","5":"entry","6":"has-post-thumbnail"},"_links":{"self":[{"href":"https:\/\/moverdb.com\/de\/wp-json\/wp\/v2\/pages\/6026","targetHints":{"allow":["GET"]}}],"collection":[{"href":"https:\/\/moverdb.com\/de\/wp-json\/wp\/v2\/pages"}],"about":[{"href":"https:\/\/moverdb.com\/de\/wp-json\/wp\/v2\/types\/page"}],"author":[{"embeddable":true,"href":"https:\/\/moverdb.com\/de\/wp-json\/wp\/v2\/users\/4"}],"replies":[{"embeddable":true,"href":"https:\/\/moverdb.com\/de\/wp-json\/wp\/v2\/comments?post=6026"}],"version-history":[{"count":4,"href":"https:\/\/moverdb.com\/de\/wp-json\/wp\/v2\/pages\/6026\/revisions"}],"predecessor-version":[{"id":16359,"href":"https:\/\/moverdb.com\/de\/wp-json\/wp\/v2\/pages\/6026\/revisions\/16359"}],"up":[{"embeddable":true,"href":"https:\/\/moverdb.com\/de\/wp-json\/wp\/v2\/pages\/190"}],"wp:attachment":[{"href":"https:\/\/moverdb.com\/de\/wp-json\/wp\/v2\/media?parent=6026"}],"curies":[{"name":"wp","href":"https:\/\/api.w.org\/{rel}","templated":true}]}}