{"id":6024,"date":"2023-02-01T12:30:48","date_gmt":"2023-02-01T12:30:48","guid":{"rendered":"https:\/\/moverdb.com\/?page_id=6024"},"modified":"2026-01-08T15:23:41","modified_gmt":"2026-01-08T15:23:41","slug":"umzugsunternehmen-in-zypern","status":"publish","type":"page","link":"https:\/\/moverdb.com\/de\/moving-companies\/moving-companies-in-cyprus\/","title":{"rendered":"2 beste internationale Umzugsunternehmen in Zypern"},"content":{"rendered":"<p>Wenn Sie nach Hause umziehen in <a href=\"https:\/\/moverdb.com\/de\/moving-to-cyprus\/\" data-internallinksmanager029f6b8e52c=\"377\" title=\"Umzug nach Zypern? 2026 Lebenshaltungskosten &amp; Umzugstipps\">Zypern<\/a>oder von oder nach Zypern umziehen, k\u00f6nnen Sie sich bei Ihrem Umzug von einem Umzugsunternehmen helfen lassen. <a href=\"https:\/\/moverdb.com\/de\/relocation-agents\/\" data-internallinksmanager029f6b8e52c=\"1\" title=\"7 Gr\u00fcnde, warum Sie einen Relocation Agent beauftragen sollten?\">Umzugshelfer<\/a> die Ihnen einen Teil des Stresses abnehmen k\u00f6nnen. Im Folgenden haben wir eine Liste von Zypern zusammengestellt <a href=\"https:\/\/moverdb.com\/de\/international-removals\/\" data-internallinksmanager029f6b8e52c=\"27\" title=\"36 Beste internationale Umzugsunternehmen in Gro\u00dfbritannien\">Umzugsunternehmen<\/a> die Mitglieder der <a href=\"https:\/\/moverdb.com\/de\/iam\/\" data-internallinksmanager029f6b8e52c=\"23\" title=\"International Association of Movers (IAM) erkl\u00e4rt\">Internationaler Verband der M\u00f6belspediteure<\/a> (IAM) und\/oder <a href=\"https:\/\/moverdb.com\/de\/fidi-faim\/\" data-internallinksmanager029f6b8e52c=\"16\" title=\"FIDI &amp; FAIM (FIDI Accredited International Mover) Erl\u00e4utert\">FIDI<\/a> Accredited International Mover (FAIM), der Ihnen helfen kann.<\/p>\n<h2><strong>1. Columbia Worldwide Movers<\/strong><\/h2>\n<p><img loading=\"lazy\" decoding=\"async\" class=\"alignnone size-full wp-image-5936\" src=\"https:\/\/moverdb.com\/wp-content\/uploads\/Columbia-Worldwide-Movers-international-moving-company.png\" alt=\"Columbia Worldwide Movers internationales Umzugsunternehmen\" width=\"1440\" height=\"682\" data-wp-pid=\"5936\" srcset=\"https:\/\/moverdb.com\/wp-content\/uploads\/Columbia-Worldwide-Movers-international-moving-company.png 1440w, https:\/\/moverdb.com\/wp-content\/uploads\/Columbia-Worldwide-Movers-international-moving-company-300x142.png 300w, https:\/\/moverdb.com\/wp-content\/uploads\/Columbia-Worldwide-Movers-international-moving-company-1024x485.png 1024w, https:\/\/moverdb.com\/wp-content\/uploads\/Columbia-Worldwide-Movers-international-moving-company-18x9.png 18w, https:\/\/moverdb.com\/wp-content\/uploads\/Columbia-Worldwide-Movers-international-moving-company-600x284.png 600w\" sizes=\"auto, (max-width: 1440px) 100vw, 1440px\" \/><\/p>\n<ul>\n<li>Nationale Umz\u00fcge<\/li>\n<li>Internationale Umz\u00fcge<\/li>\n<li>Umzugsdienste<\/li>\n<li>Umz\u00fcge im Haushalt<\/li>\n<li>Gesch\u00e4ftliche Umz\u00fcge<\/li>\n<li>Verpackungsdienstleistungen<\/li>\n<li>Land, See und Luft<\/li>\n<li>Transport von Haustieren<\/li>\n<li><a href=\"https:\/\/moverdb.com\/de\/car-transport-shipping\/\" data-internallinksmanager029f6b8e52c=\"2\" title=\"2026 Internationale Autotransporte &amp; Angebote f\u00fcr Fahrzeugtransporte\">Transport von Fahrzeugen<\/a><\/li>\n<li>Lagereinrichtungen<\/li>\n<\/ul>\n<p>Columbia Worldwide Movers wurde 1994 als Anbieter von Umzugs- und Lagerungsdienstleistungen gegr\u00fcndet. Das Unternehmen bietet nationale und internationale Umzugsdienste f\u00fcr Haushalte und Unternehmen an. Ihre internationalen Umz\u00fcge f\u00fchren sie in Zusammenarbeit mit vertrauensw\u00fcrdigen Umzugsunternehmen in anderen L\u00e4ndern durch. Columbia Worldwide Movers ist seit 28 Jahren Mitglied der IAM und ist von der FIDI akkreditiert.<\/p>\n<p>Columbia Worldwide Movers bietet ma\u00dfgeschneiderte Umzugsl\u00f6sungen mit einem Haus-zu-Haus-Service, der die Organisation des Verpackens Ihres Eigentums und den Transport auf dem Land-, See- oder Luftweg mit Zollabfertigung umfasst. Sie bieten auch spezielle Transportdienste f\u00fcr Haustiere und Fahrzeuge an.<\/p>\n<p>Website: <a href=\"http:\/\/www.columbiamovers.com\" target=\"_blank\" rel=\"noopener\">http:\/\/www.columbiamovers.com<\/a><\/p>\n<h2><strong>2. Orbit Umzug und Lagerung<\/strong><\/h2>\n<p><img loading=\"lazy\" decoding=\"async\" class=\"alignnone size-full wp-image-5988\" src=\"https:\/\/moverdb.com\/wp-content\/uploads\/Orbit-Moving-and-Storage-international-moving-company.png\" alt=\"Orbit Umzug und Lagerung internationales Umzugsunternehmen\" width=\"1440\" height=\"679\" data-wp-pid=\"5988\" srcset=\"https:\/\/moverdb.com\/wp-content\/uploads\/Orbit-Moving-and-Storage-international-moving-company.png 1440w, https:\/\/moverdb.com\/wp-content\/uploads\/Orbit-Moving-and-Storage-international-moving-company-300x141.png 300w, https:\/\/moverdb.com\/wp-content\/uploads\/Orbit-Moving-and-Storage-international-moving-company-1024x483.png 1024w, https:\/\/moverdb.com\/wp-content\/uploads\/Orbit-Moving-and-Storage-international-moving-company-18x8.png 18w, https:\/\/moverdb.com\/wp-content\/uploads\/Orbit-Moving-and-Storage-international-moving-company-600x283.png 600w\" sizes=\"auto, (max-width: 1440px) 100vw, 1440px\" \/><\/p>\n<ul>\n<li>Lokale Umz\u00fcge<\/li>\n<li>Internationale Umz\u00fcge<\/li>\n<li>Umzugsdienste<\/li>\n<li>Umz\u00fcge in Wohnungen<\/li>\n<li>B\u00fcroverlagerungen<\/li>\n<li>Verpackungsdienstleistungen<\/li>\n<li>Transport von Kunstwerken<\/li>\n<li>Versand von Haustieren<\/li>\n<li>Transport von Fahrzeugen<\/li>\n<li>Speicherdienste<\/li>\n<\/ul>\n<p>Orbit Moving and Storage ist ein internationales Umzugs- und Lagerungsunternehmen, das seit 1982 t\u00e4tig ist. Das Unternehmen ist Teil der Orphee Beingoglou Group, einem Transport- und Logistikanbieter. Das Unternehmen verf\u00fcgt \u00fcber ein weltweites Netzwerk von Umzugsagenten, die bei internationalen Umz\u00fcgen helfen. Das Unternehmen ist seit 40 Jahren Mitglied der IAM und ist von der FIDI akkreditiert.<\/p>\n<p>Orbit Moving and Storage bietet Umzugsdienstleistungen f\u00fcr Privat- und Gesch\u00e4ftskunden, die mit modernster Technik und Verpackungsmaterial durchgef\u00fchrt werden. Sie bieten einen professionellen Verpackungsservice und organisieren den Transport Ihres Eigentums, einschlie\u00dflich eines speziellen Services f\u00fcr Kunstgegenst\u00e4nde, Haustiere und Fahrzeuge.<\/p>\n<p>Website: <a href=\"http:\/\/www.orbitcy.com\/\" target=\"_blank\" rel=\"noopener\">http:\/\/www.orbitcy.com\/<\/a><\/p>\n<p>Siehe auch:<\/p>\n<ul>\n<li> <a href=\"https:\/\/moverdb.com\/de\/moving-to-cyprus\/living-in-cyprus\/\">20 Geheimnisse \u00fcber das Leben auf Zypern, die man vor dem Umzug kennen sollte<\/a><\/li>\n<li> <a href=\"https:\/\/moverdb.com\/de\/moving-to-cyprus\/\">Umzug nach Zypern? Lebenshaltungskosten &amp; Umzugstipps<\/a><\/li>\n<li> <a href=\"https:\/\/moverdb.com\/de\/containerschifffahrt\/zypern\/\">Containerverschiffungstarife von und nach Zypern<\/a><\/li>\n<\/ul>","protected":false},"excerpt":{"rendered":"<p>If you are moving home in Cyprus, or moving to or from Cyprus you might want some help with your move from a moving or relocation agent that can take away some of the stress. Below we have compiled a list of Cyprus removal companies that are members of the International Association of Movers (IAM) [&hellip;]<\/p>\n","protected":false},"author":4,"featured_media":0,"parent":190,"menu_order":0,"comment_status":"closed","ping_status":"closed","template":"","meta":{"_genesis_hide_title":false,"_genesis_hide_breadcrumbs":false,"_genesis_hide_singular_image":false,"_genesis_hide_footer_widgets":false,"_genesis_custom_body_class":"","_genesis_custom_post_class":"","_genesis_layout":"","footnotes":""},"class_list":{"0":"post-6024","1":"page","2":"type-page","3":"status-publish","5":"entry","6":"has-post-thumbnail"},"_links":{"self":[{"href":"https:\/\/moverdb.com\/de\/wp-json\/wp\/v2\/pages\/6024","targetHints":{"allow":["GET"]}}],"collection":[{"href":"https:\/\/moverdb.com\/de\/wp-json\/wp\/v2\/pages"}],"about":[{"href":"https:\/\/moverdb.com\/de\/wp-json\/wp\/v2\/types\/page"}],"author":[{"embeddable":true,"href":"https:\/\/moverdb.com\/de\/wp-json\/wp\/v2\/users\/4"}],"replies":[{"embeddable":true,"href":"https:\/\/moverdb.com\/de\/wp-json\/wp\/v2\/comments?post=6024"}],"version-history":[{"count":4,"href":"https:\/\/moverdb.com\/de\/wp-json\/wp\/v2\/pages\/6024\/revisions"}],"predecessor-version":[{"id":15035,"href":"https:\/\/moverdb.com\/de\/wp-json\/wp\/v2\/pages\/6024\/revisions\/15035"}],"up":[{"embeddable":true,"href":"https:\/\/moverdb.com\/de\/wp-json\/wp\/v2\/pages\/190"}],"wp:attachment":[{"href":"https:\/\/moverdb.com\/de\/wp-json\/wp\/v2\/media?parent=6024"}],"curies":[{"name":"wp","href":"https:\/\/api.w.org\/{rel}","templated":true}]}}