{"id":6022,"date":"2023-02-01T12:31:45","date_gmt":"2023-02-01T12:31:45","guid":{"rendered":"https:\/\/moverdb.com\/?page_id=6022"},"modified":"2026-01-08T15:23:40","modified_gmt":"2026-01-08T15:23:40","slug":"umzugsunternehmen-curacao","status":"publish","type":"page","link":"https:\/\/moverdb.com\/de\/moving-companies\/moving-companies-curacao\/","title":{"rendered":"2 beste internationale Umzugsfirmen in Curacao"},"content":{"rendered":"<p>Ein Wohnungs- oder B\u00fcroumzug kann stressig und zeitaufw\u00e4ndig sein. Die Unterst\u00fctzung eines Umzugsunternehmens kann Ihnen die Arbeit erleichtern und Sie k\u00f6nnen von dessen Erfahrung profitieren. Unten haben wir aufgelistet <a href=\"https:\/\/moverdb.com\/de\/moving-to-curacao\/\" data-internallinksmanager029f6b8e52c=\"429\" title=\"Umzug nach Cura\u00e7ao? 2026 Lebenshaltungskosten &amp; Umzugstipps\">Curacao<\/a> <a href=\"https:\/\/moverdb.com\/de\/international-removals\/\" data-internallinksmanager029f6b8e52c=\"27\" title=\"36 Beste internationale Umzugsunternehmen in Gro\u00dfbritannien\">Umzugsunternehmen<\/a> die Mitglieder der <a href=\"https:\/\/moverdb.com\/de\/iam\/\" data-internallinksmanager029f6b8e52c=\"23\" title=\"International Association of Movers (IAM) erkl\u00e4rt\">Internationaler Verband der M\u00f6belspediteure<\/a> (IAM) und\/oder <a href=\"https:\/\/moverdb.com\/de\/fidi-faim\/\" data-internallinksmanager029f6b8e52c=\"16\" title=\"FIDI &amp; FAIM (FIDI Accredited International Mover) Erl\u00e4utert\">FIDI<\/a> Accredited International Mover (FAIM), die Ihnen vielleicht weiterhelfen k\u00f6nnen.<\/p>\n<h2><strong>1. AGS Meyer<\/strong><\/h2>\n<p><img loading=\"lazy\" decoding=\"async\" class=\"alignnone size-full wp-image-5918\" src=\"https:\/\/moverdb.com\/wp-content\/uploads\/AGS-Meyer-international-moving-company.png\" alt=\"AGS Meyer internationales Umzugsunternehmen\" width=\"1440\" height=\"684\" data-wp-pid=\"5918\" srcset=\"https:\/\/moverdb.com\/wp-content\/uploads\/AGS-Meyer-international-moving-company.png 1440w, https:\/\/moverdb.com\/wp-content\/uploads\/AGS-Meyer-international-moving-company-300x143.png 300w, https:\/\/moverdb.com\/wp-content\/uploads\/AGS-Meyer-international-moving-company-1024x486.png 1024w, https:\/\/moverdb.com\/wp-content\/uploads\/AGS-Meyer-international-moving-company-18x9.png 18w, https:\/\/moverdb.com\/wp-content\/uploads\/AGS-Meyer-international-moving-company-600x285.png 600w\" sizes=\"auto, (max-width: 1440px) 100vw, 1440px\" \/><\/p>\n<ul>\n<li>Lokale Umz\u00fcge<\/li>\n<li>Internationale Umz\u00fcge<\/li>\n<li>Umz\u00fcge im Haushalt<\/li>\n<li>Unternehmensverlagerungen<\/li>\n<li>Haus-zu-Haus-Dienst<\/li>\n<li>Verpackungsdienstleistungen<\/li>\n<li>Land-, Luft- und Seetransport<\/li>\n<li>Zollformalit\u00e4ten<\/li>\n<li>Akkreditiert durch FIDI<\/li>\n<li>Speicherdienste<\/li>\n<\/ul>\n<p>AGS Meyer ist ein <a href=\"https:\/\/moverdb.com\/de\/moving-companies\/\" data-internallinksmanager029f6b8e52c=\"79\" title=\"Top 25 Internationale Umzugsunternehmen Online\">Umzugsunternehmen<\/a> Das 1959 in Curacao gegr\u00fcndete Unternehmen bietet lokale und internationale Umz\u00fcge f\u00fcr Haushalte und Unternehmen an und verf\u00fcgt \u00fcber 7 Niederlassungen in der Karibik. Sie verf\u00fcgen \u00fcber ein weltweites Netz von angeschlossenen Umzugsunternehmen, die internationale Umz\u00fcge durchf\u00fchren. Das Unternehmen ist seit 63 Jahren Mitglied der IAM und ist von der FIDI akkreditiert.<\/p>\n<p>AGS Meyer bietet Privatkunden, Unternehmen und diplomatischen Vertretungen einen T\u00fcr-zu-T\u00fcr-Umzugsservice mit Umzugs- und Lagerungsm\u00f6glichkeiten. Sie beraten Sie bei Ihrem Umzug und unterst\u00fctzen Sie bei jedem Schritt. Sie verpacken Ihr Hab und Gut sicher, erledigen den Transport und die Zollformalit\u00e4ten und packen am Zielort aus.<\/p>\n<p>Website: <a href=\"https:\/\/www.meyermoving.com\/\" target=\"_blank\" rel=\"noopener\">https:\/\/www.meyermoving.com\/<\/a><\/p>\n<h2><strong>2. Karibik Umzugsdienste<\/strong><\/h2>\n<p><img loading=\"lazy\" decoding=\"async\" class=\"alignnone size-full wp-image-5933\" src=\"https:\/\/moverdb.com\/wp-content\/uploads\/Caribbean-Moving-Services-international-moving-company.png\" alt=\"Caribbean Moving Services internationales Umzugsunternehmen\" width=\"1440\" height=\"680\" data-wp-pid=\"5933\" srcset=\"https:\/\/moverdb.com\/wp-content\/uploads\/Caribbean-Moving-Services-international-moving-company.png 1440w, https:\/\/moverdb.com\/wp-content\/uploads\/Caribbean-Moving-Services-international-moving-company-300x142.png 300w, https:\/\/moverdb.com\/wp-content\/uploads\/Caribbean-Moving-Services-international-moving-company-1024x484.png 1024w, https:\/\/moverdb.com\/wp-content\/uploads\/Caribbean-Moving-Services-international-moving-company-18x9.png 18w, https:\/\/moverdb.com\/wp-content\/uploads\/Caribbean-Moving-Services-international-moving-company-600x283.png 600w\" sizes=\"auto, (max-width: 1440px) 100vw, 1440px\" \/><\/p>\n<ul>\n<li>Lokale Umz\u00fcge<\/li>\n<li>Internationale Umz\u00fcge<\/li>\n<li>Umz\u00fcge in Wohnungen<\/li>\n<li>B\u00fcroumz\u00fcge<\/li>\n<li>Ma\u00dfgeschneiderter Umzugsplan<\/li>\n<li>Verpackungsservice<\/li>\n<li>M\u00f6bel demontieren und montieren<\/li>\n<li>Land, See und Luft<\/li>\n<li>Zollabfertigung<\/li>\n<li>Lagereinrichtungen<\/li>\n<\/ul>\n<p>Caribbean Moving Services ist ein Umzugsunternehmen in Willemstad, das zu einer Gruppe von Unternehmen geh\u00f6rt, zu der auch Caribbean Cargo Services und G&amp;V Free Zone geh\u00f6ren. Das Unternehmen wurde 1981 als Frachtunternehmen gegr\u00fcndet und expandierte 1994 in den Bereich Umzugsdienste, um das gr\u00f6\u00dfte Umzugsunternehmen der Insel zu werden. Das Unternehmen ist seit 28 Jahren Mitglied der IAM und ist von der FIDI akkreditiert.<\/p>\n<p>Caribbean Moving Services bietet einen Umzugsservice aus einer Hand, der mit einer Bestandsaufnahme und einer einzigen Anlaufstelle beginnt. Sie bieten einen professionellen Verpackungsservice, der die Demontage von M\u00f6beln und das sichere Verpacken von Gegenst\u00e4nden umfasst. Sie organisieren den Transport auf dem Land-, See- oder Luftweg mit Zollabfertigung und verpacken und montieren die M\u00f6bel.<\/p>\n<p>Website: <a href=\"https:\/\/www.cmscur.com\/\" target=\"_blank\" rel=\"noopener\">https:\/\/www.cmscur.com\/<\/a><\/p>","protected":false},"excerpt":{"rendered":"<p>Moving home or office can be stressful and time-consuming so getting some support from a moving or relocation company can help lighten your load and you can benefit from their experience. Below we have listed Curacao removal companies that are members of the International Association of Movers (IAM) and\/or FIDI Accredited International Mover (FAIM) who [&hellip;]<\/p>\n","protected":false},"author":4,"featured_media":0,"parent":190,"menu_order":0,"comment_status":"closed","ping_status":"closed","template":"","meta":{"_genesis_hide_title":false,"_genesis_hide_breadcrumbs":false,"_genesis_hide_singular_image":false,"_genesis_hide_footer_widgets":false,"_genesis_custom_body_class":"","_genesis_custom_post_class":"","_genesis_layout":"","footnotes":""},"class_list":{"0":"post-6022","1":"page","2":"type-page","3":"status-publish","5":"entry","6":"has-post-thumbnail"},"_links":{"self":[{"href":"https:\/\/moverdb.com\/de\/wp-json\/wp\/v2\/pages\/6022","targetHints":{"allow":["GET"]}}],"collection":[{"href":"https:\/\/moverdb.com\/de\/wp-json\/wp\/v2\/pages"}],"about":[{"href":"https:\/\/moverdb.com\/de\/wp-json\/wp\/v2\/types\/page"}],"author":[{"embeddable":true,"href":"https:\/\/moverdb.com\/de\/wp-json\/wp\/v2\/users\/4"}],"replies":[{"embeddable":true,"href":"https:\/\/moverdb.com\/de\/wp-json\/wp\/v2\/comments?post=6022"}],"version-history":[{"count":1,"href":"https:\/\/moverdb.com\/de\/wp-json\/wp\/v2\/pages\/6022\/revisions"}],"predecessor-version":[{"id":6023,"href":"https:\/\/moverdb.com\/de\/wp-json\/wp\/v2\/pages\/6022\/revisions\/6023"}],"up":[{"embeddable":true,"href":"https:\/\/moverdb.com\/de\/wp-json\/wp\/v2\/pages\/190"}],"wp:attachment":[{"href":"https:\/\/moverdb.com\/de\/wp-json\/wp\/v2\/media?parent=6022"}],"curies":[{"name":"wp","href":"https:\/\/api.w.org\/{rel}","templated":true}]}}