{"id":6020,"date":"2023-02-01T13:55:01","date_gmt":"2023-02-01T13:55:01","guid":{"rendered":"https:\/\/moverdb.com\/?page_id=6020"},"modified":"2026-01-08T15:29:53","modified_gmt":"2026-01-08T15:29:53","slug":"umzugsunternehmen-kroatien","status":"publish","type":"page","link":"https:\/\/moverdb.com\/de\/moving-companies\/moving-companies-croatia\/","title":{"rendered":"Die besten internationalen Umzugsunternehmen in Kroatien"},"content":{"rendered":"<p>Wenn Sie Ihren Wohn- oder Gesch\u00e4ftssitz in <a href=\"https:\/\/moverdb.com\/de\/moving-to-croatia\/\" data-internallinksmanager029f6b8e52c=\"428\" title=\"Umzug nach Kroatien? 2026 Lebenshaltungskosten &amp; Umzugstipps\">Kroatien<\/a>oder nach oder aus Kroatien umziehen, brauchen Sie vielleicht Hilfe bei Ihrem Umzug. Zur Unterst\u00fctzung derjenigen, die umziehen, haben wir eine Liste von kroatischen <a href=\"https:\/\/moverdb.com\/de\/international-removals\/\" data-internallinksmanager029f6b8e52c=\"27\" title=\"36 Beste internationale Umzugsunternehmen in Gro\u00dfbritannien\">Umzugsunternehmen<\/a> unten, die Mitglieder der <a href=\"https:\/\/moverdb.com\/de\/iam\/\" data-internallinksmanager029f6b8e52c=\"23\" title=\"International Association of Movers (IAM) erkl\u00e4rt\">Internationaler Verband der M\u00f6belspediteure<\/a> (IAM) und\/oder <a href=\"https:\/\/moverdb.com\/de\/fidi-faim\/\" data-internallinksmanager029f6b8e52c=\"16\" title=\"FIDI &amp; FAIM (FIDI Accredited International Mover) Erl\u00e4utert\">FIDI<\/a> Akkreditierter internationaler Spediteur (FAIM).<\/p>\n<h2><strong>Gosselin<\/strong><\/h2>\n<p><img loading=\"lazy\" decoding=\"async\" class=\"alignnone size-full wp-image-5953\" src=\"https:\/\/moverdb.com\/wp-content\/uploads\/Gosselin-Croatia-international-moving-company.png\" alt=\"Gosselin Kroatien internationales Umzugsunternehmen\" width=\"1440\" height=\"680\" data-wp-pid=\"5953\" srcset=\"https:\/\/moverdb.com\/wp-content\/uploads\/Gosselin-Croatia-international-moving-company.png 1440w, https:\/\/moverdb.com\/wp-content\/uploads\/Gosselin-Croatia-international-moving-company-300x142.png 300w, https:\/\/moverdb.com\/wp-content\/uploads\/Gosselin-Croatia-international-moving-company-1024x484.png 1024w, https:\/\/moverdb.com\/wp-content\/uploads\/Gosselin-Croatia-international-moving-company-18x9.png 18w, https:\/\/moverdb.com\/wp-content\/uploads\/Gosselin-Croatia-international-moving-company-600x283.png 600w\" sizes=\"auto, (max-width: 1440px) 100vw, 1440px\" \/><\/p>\n<ul>\n<li>Nationale Umz\u00fcge<\/li>\n<li>Internationale Umz\u00fcge<\/li>\n<li>Umz\u00fcge im Haushalt<\/li>\n<li>B\u00fcro- und Botschaftsumz\u00fcge<\/li>\n<li>Geschulte Umzugshelfer bieten hohe Qualit\u00e4tsstandards<\/li>\n<li>Einpacken und Auspacken<\/li>\n<li>Bildende Kunst in Bewegung<\/li>\n<li>Transport von Haustieren<\/li>\n<li>Verbringung von Fahrzeugen<\/li>\n<li>Kurz- bis langfristige Lagerung<\/li>\n<\/ul>\n<p>Gosselin ist ein <a href=\"https:\/\/moverdb.com\/de\/moving-companies\/\" data-internallinksmanager029f6b8e52c=\"79\" title=\"Top 25 Internationale Umzugsunternehmen Online\">internationales Umzugsunternehmen<\/a> mit Niederlassungen in der ganzen Welt, die seit 1930 t\u00e4tig sind. Sie bieten seit \u00fcber 20 Jahren Umzugsdienstleistungen in Kroatien von ihrer Basis in Zagreb aus an. Sie sind Mitglied der IAM mit 9 Jahren Erfahrung.<\/p>\n<p>Gosselin bietet einen professionellen Umzugsservice f\u00fcr au\u00dfergew\u00f6hnlich gro\u00dfe oder kleine Umz\u00fcge, die auch Kunstgegenst\u00e4nde, die eine besonders sorgf\u00e4ltige Behandlung erfordern, und spezielle Dienstleistungen wie den Transport von Haustieren und Fahrzeugen umfassen k\u00f6nnen. Sie stellen geschultes Personal zur Verf\u00fcgung, das nach hohen Qualit\u00e4tsstandards arbeitet, um Ihr Hab und Gut w\u00e4hrend des Transports zu sch\u00fctzen, und packen Ihre Sachen bei der Ankunft aus.<\/p>\n<p>Website: <a href=\"https:\/\/gosselin-moving.com\/en\/southeast-europe\" target=\"_blank\" rel=\"noopener\">https:\/\/gosselin-moving.com\/en\/southeast-europe<\/a><\/p>\n<h2>Andere n\u00fctzliche Reisef\u00fchrer f\u00fcr Kroatien<\/h2>\n<ul>\n<li> <a href=\"https:\/\/moverdb.com\/de\/containerschifffahrt\/kroatien\/\">2024 Seefracht-Container-Tarife von und nach Kroatien<\/a><\/li>\n<li> <a href=\"https:\/\/moverdb.com\/de\/moving-to-croatia\/\">Umzug nach Kroatien? 2026 Lebenshaltungskosten &amp; Umzugstipps<\/a><\/li>\n<li> <a href=\"https:\/\/moverdb.com\/de\/moving-to-croatia\/living-in-croatia\/\">21 Geheimnisse \u00fcber das Leben in Kroatien, die man vor dem Umzug kennen sollte<\/a><\/li>\n<\/ul>","protected":false},"excerpt":{"rendered":"<p>If you are moving home or business in Croatia, or to or from Croatia, you might want some help with your move. To assist those that are moving we have compiled a list of Croatian removal companies below that are members of the International Association of Movers (IAM) and\/or FIDI Accredited International Mover (FAIM). Gosselin [&hellip;]<\/p>\n","protected":false},"author":4,"featured_media":0,"parent":190,"menu_order":0,"comment_status":"closed","ping_status":"closed","template":"","meta":{"_genesis_hide_title":false,"_genesis_hide_breadcrumbs":false,"_genesis_hide_singular_image":false,"_genesis_hide_footer_widgets":false,"_genesis_custom_body_class":"","_genesis_custom_post_class":"","_genesis_layout":"","footnotes":""},"class_list":{"0":"post-6020","1":"page","2":"type-page","3":"status-publish","5":"entry","6":"has-post-thumbnail"},"_links":{"self":[{"href":"https:\/\/moverdb.com\/de\/wp-json\/wp\/v2\/pages\/6020","targetHints":{"allow":["GET"]}}],"collection":[{"href":"https:\/\/moverdb.com\/de\/wp-json\/wp\/v2\/pages"}],"about":[{"href":"https:\/\/moverdb.com\/de\/wp-json\/wp\/v2\/types\/page"}],"author":[{"embeddable":true,"href":"https:\/\/moverdb.com\/de\/wp-json\/wp\/v2\/users\/4"}],"replies":[{"embeddable":true,"href":"https:\/\/moverdb.com\/de\/wp-json\/wp\/v2\/comments?post=6020"}],"version-history":[{"count":2,"href":"https:\/\/moverdb.com\/de\/wp-json\/wp\/v2\/pages\/6020\/revisions"}],"predecessor-version":[{"id":18351,"href":"https:\/\/moverdb.com\/de\/wp-json\/wp\/v2\/pages\/6020\/revisions\/18351"}],"up":[{"embeddable":true,"href":"https:\/\/moverdb.com\/de\/wp-json\/wp\/v2\/pages\/190"}],"wp:attachment":[{"href":"https:\/\/moverdb.com\/de\/wp-json\/wp\/v2\/media?parent=6020"}],"curies":[{"name":"wp","href":"https:\/\/api.w.org\/{rel}","templated":true}]}}