{"id":6015,"date":"2023-02-01T13:48:20","date_gmt":"2023-02-01T13:48:20","guid":{"rendered":"https:\/\/moverdb.com\/?page_id=6015"},"modified":"2026-01-08T15:29:16","modified_gmt":"2026-01-08T15:29:16","slug":"umzugsunternehmen-costa-rica","status":"publish","type":"page","link":"https:\/\/moverdb.com\/de\/moving-companies\/moving-companies-costa-rica\/","title":{"rendered":"Die 6 besten internationalen Umzugsunternehmen in Costa Rica"},"content":{"rendered":"<p>Ziehen Sie um von oder nach <a href=\"https:\/\/moverdb.com\/de\/moving-to-costa-rica\/\" data-internallinksmanager029f6b8e52c=\"427\" title=\"Umzug nach Costa Rica? 2026 Lebenshaltungskosten &amp; Umzugstipps\">Costa Rica<\/a>oder innerhalb Costa Ricas umziehen? Dann brauchen Sie vielleicht Hilfe beim Umzug Ihres gesamten Hab und Guts, denn ein Umzug kann sehr komplex sein, vor allem, wenn Sie in ein anderes Land ziehen. Im Folgenden haben wir eine Liste von costaricanischen <a href=\"https:\/\/moverdb.com\/de\/international-removals\/\" data-internallinksmanager029f6b8e52c=\"27\" title=\"36 Beste internationale Umzugsunternehmen in Gro\u00dfbritannien\">Umzugsunternehmen<\/a> die Mitglieder der <a href=\"https:\/\/moverdb.com\/de\/iam\/\" data-internallinksmanager029f6b8e52c=\"23\" title=\"International Association of Movers (IAM) erkl\u00e4rt\">Internationaler Verband der M\u00f6belspediteure<\/a> (IAM) und\/oder <a href=\"https:\/\/moverdb.com\/de\/fidi-faim\/\" data-internallinksmanager029f6b8e52c=\"16\" title=\"FIDI &amp; FAIM (FIDI Accredited International Mover) Erl\u00e4utert\">FIDI<\/a> Accredited International Mover (FAIM), der Ihnen helfen kann.<\/p>\n<div id=\"ez-toc-container\" class=\"ez-toc-v2_0_82_2 ez-toc-wrap-left counter-hierarchy ez-toc-counter ez-toc-transparent ez-toc-container-direction\">\n<div class=\"ez-toc-title-container\">\n<p class=\"ez-toc-title\" style=\"cursor:inherit\">Rubriken<\/p>\n<span class=\"ez-toc-title-toggle\"><a href=\"#\" class=\"ez-toc-pull-right ez-toc-btn ez-toc-btn-xs ez-toc-btn-default ez-toc-toggle\" aria-label=\"Inhaltsverzeichnis umschalten\"><span class=\"ez-toc-js-icon-con\"><span class=\"\"><span class=\"eztoc-hide\" style=\"display:none;\">Umschalten auf<\/span><span class=\"ez-toc-icon-toggle-span\"><svg style=\"fill: #999;color:#999\" xmlns=\"http:\/\/www.w3.org\/2000\/svg\" class=\"list-377408\" width=\"20px\" height=\"20px\" viewbox=\"0 0 24 24\" fill=\"none\"><path d=\"M6 6H4v2h2V6zm14 0H8v2h12V6zM4 11h2v2H4v-2zm16 0H8v2h12v-2zM4 16h2v2H4v-2zm16 0H8v2h12v-2z\" fill=\"currentColor\"><\/path><\/svg><svg style=\"fill: #999;color:#999\" class=\"arrow-unsorted-368013\" xmlns=\"http:\/\/www.w3.org\/2000\/svg\" width=\"10px\" height=\"10px\" viewbox=\"0 0 24 24\" version=\"1.2\" baseprofile=\"tiny\"><path d=\"M18.2 9.3l-6.2-6.3-6.2 6.3c-.2.2-.3.4-.3.7s.1.5.3.7c.2.2.4.3.7.3h11c.3 0 .5-.1.7-.3.2-.2.3-.5.3-.7s-.1-.5-.3-.7zM5.8 14.7l6.2 6.3 6.2-6.3c.2-.2.3-.5.3-.7s-.1-.5-.3-.7c-.2-.2-.4-.3-.7-.3h-11c-.3 0-.5.1-.7.3-.2.2-.3.5-.3.7s.1.5.3.7z\"\/><\/svg><\/span><\/span><\/span><\/a><\/span><\/div>\n<nav><ul class='ez-toc-list ez-toc-list-level-1 eztoc-toggle-hide-by-default' ><li class='ez-toc-page-1 ez-toc-heading-level-2'><a class=\"ez-toc-link ez-toc-heading-1\" href=\"https:\/\/moverdb.com\/de\/moving-companies\/moving-companies-costa-rica\/#1_Allianz_Moving\" >1. Allianz Umzug<\/a><\/li><li class='ez-toc-page-1 ez-toc-heading-level-2'><a class=\"ez-toc-link ez-toc-heading-2\" href=\"https:\/\/moverdb.com\/de\/moving-companies\/moving-companies-costa-rica\/#2_Gateway_Moving_and_Relocation\" >2. Gateway Umzug und Relocation<\/a><\/li><li class='ez-toc-page-1 ez-toc-heading-level-2'><a class=\"ez-toc-link ez-toc-heading-3\" href=\"https:\/\/moverdb.com\/de\/moving-companies\/moving-companies-costa-rica\/#3_Inter_Moves_SG_Global\" >3. Inter Moves SG Global<\/a><\/li><li class='ez-toc-page-1 ez-toc-heading-level-2'><a class=\"ez-toc-link ez-toc-heading-4\" href=\"https:\/\/moverdb.com\/de\/moving-companies\/moving-companies-costa-rica\/#4_Mudanzas_Mundiales\" >4. Mudanzas Mundiales<\/a><\/li><li class='ez-toc-page-1 ez-toc-heading-level-2'><a class=\"ez-toc-link ez-toc-heading-5\" href=\"https:\/\/moverdb.com\/de\/moving-companies\/moving-companies-costa-rica\/#5_Multimodal\" >5. Multimodal<\/a><\/li><li class='ez-toc-page-1 ez-toc-heading-level-2'><a class=\"ez-toc-link ez-toc-heading-6\" href=\"https:\/\/moverdb.com\/de\/moving-companies\/moving-companies-costa-rica\/#6_Winmovers\" >6. Winmovers<\/a><\/li><li class='ez-toc-page-1 ez-toc-heading-level-2'><a class=\"ez-toc-link ez-toc-heading-7\" href=\"https:\/\/moverdb.com\/de\/moving-companies\/moving-companies-costa-rica\/#Other_Useful_Guides_to_Costa_Rica\" >Andere n\u00fctzliche Reisef\u00fchrer f\u00fcr Costa Rica<\/a><\/li><\/ul><\/nav><\/div>\n<h2><span class=\"ez-toc-section\" id=\"1_Allianz_Moving\"><\/span><strong>1. Allianz Umzug<\/strong><span class=\"ez-toc-section-end\"><\/span><\/h2>\n<p><img loading=\"lazy\" decoding=\"async\" class=\"alignnone size-full wp-image-5925\" src=\"https:\/\/moverdb.com\/wp-content\/uploads\/Allianz-Moving-international-moving-company.png\" alt=\"Allianz Moving internationales Umzugsunternehmen\" width=\"1440\" height=\"684\" data-wp-pid=\"5925\" srcset=\"https:\/\/moverdb.com\/wp-content\/uploads\/Allianz-Moving-international-moving-company.png 1440w, https:\/\/moverdb.com\/wp-content\/uploads\/Allianz-Moving-international-moving-company-300x143.png 300w, https:\/\/moverdb.com\/wp-content\/uploads\/Allianz-Moving-international-moving-company-1024x486.png 1024w, https:\/\/moverdb.com\/wp-content\/uploads\/Allianz-Moving-international-moving-company-18x9.png 18w, https:\/\/moverdb.com\/wp-content\/uploads\/Allianz-Moving-international-moving-company-600x285.png 600w\" sizes=\"auto, (max-width: 1440px) 100vw, 1440px\" \/><\/p>\n<ul>\n<li>Lokale und nationale Umz\u00fcge<\/li>\n<li>Internationale Umz\u00fcge<\/li>\n<li>Umzugsdienste<\/li>\n<li>Umz\u00fcge in Wohnungen<\/li>\n<li>B\u00fcroumz\u00fcge<\/li>\n<li>Verpackungsservice<\/li>\n<li>Versicherung<\/li>\n<li>Umzug von Haustieren<\/li>\n<li><a href=\"https:\/\/moverdb.com\/de\/car-transport-shipping\/\" data-internallinksmanager029f6b8e52c=\"2\" title=\"2026 Internationale Autotransporte &amp; Angebote f\u00fcr Fahrzeugtransporte\">Autotransport<\/a><\/li>\n<li>Lagereinrichtungen<\/li>\n<\/ul>\n<p>Allianz Moving ist ein Anbieter von internationalen Umzugsl\u00f6sungen mit \u00fcber 20 Jahren Erfahrung bei lokalen und globalen Umz\u00fcgen. Sie bieten internationale Umz\u00fcge durch ihr globales Netzwerk von Umzugspartnern an. Sie sind Mitglied der IAM mit 7 Jahren Erfahrung.<\/p>\n<p>Allianz Moving bietet Ihnen vor dem Umzug eine Bestandsaufnahme an, um Ihren Bedarf zu ermitteln und einen Kostenvoranschlag zu erstellen. Sie bieten Ihnen einen Verpackungsservice, der Ihr Hab und Gut sch\u00fctzt, und arrangieren den Transport Ihres Hab und Guts einschlie\u00dflich der Zollabfertigung. Das Unternehmen bietet auch zus\u00e4tzliche internationale Umzugsdienste f\u00fcr Haustiere und Autos sowie kurz- bis langfristige Lagerm\u00f6glichkeiten an.<\/p>\n<p>Website: <a href=\"http:\/\/www.allianzmoving.com\" target=\"_blank\" rel=\"noopener\">http:\/\/www.allianzmoving.com<\/a><\/p>\n<h2><span class=\"ez-toc-section\" id=\"2_Gateway_Moving_and_Relocation\"><\/span><strong>2. Gateway Umzug und Relocation<\/strong><span class=\"ez-toc-section-end\"><\/span><\/h2>\n<p><img loading=\"lazy\" decoding=\"async\" class=\"alignnone size-full wp-image-5949\" src=\"https:\/\/moverdb.com\/wp-content\/uploads\/Gateway-Moving-and-Relocation-international-moving-company.png\" alt=\"Gateway Umzug und Relocation internationales Umzugsunternehmen\" width=\"1440\" height=\"683\" data-wp-pid=\"5949\" srcset=\"https:\/\/moverdb.com\/wp-content\/uploads\/Gateway-Moving-and-Relocation-international-moving-company.png 1440w, https:\/\/moverdb.com\/wp-content\/uploads\/Gateway-Moving-and-Relocation-international-moving-company-300x142.png 300w, https:\/\/moverdb.com\/wp-content\/uploads\/Gateway-Moving-and-Relocation-international-moving-company-1024x486.png 1024w, https:\/\/moverdb.com\/wp-content\/uploads\/Gateway-Moving-and-Relocation-international-moving-company-18x9.png 18w, https:\/\/moverdb.com\/wp-content\/uploads\/Gateway-Moving-and-Relocation-international-moving-company-600x285.png 600w\" sizes=\"auto, (max-width: 1440px) 100vw, 1440px\" \/><\/p>\n<ul>\n<li>Lokale und nationale Umz\u00fcge<\/li>\n<li>Internationale Umz\u00fcge<\/li>\n<li>Umz\u00fcge in Wohnungen<\/li>\n<li>Industrie- und B\u00fcroverlagerungen<\/li>\n<li>Ma\u00dfgeschneiderte Umzugspakete<\/li>\n<li>Verpackungsdienstleistungen und Kistenbau<\/li>\n<li>Hochwertige Ausstattung<\/li>\n<li>Zollabfertigung<\/li>\n<li>Transport von Fahrzeugen<\/li>\n<li>Lagereinrichtungen<\/li>\n<\/ul>\n<p>Gateway Moving and Relocation ist ein familiengef\u00fchrtes Umzugs- und Relocation-Unternehmen mit Sitz in <a href=\"https:\/\/moverdb.com\/de\/moving-to-san-jose\/\" data-internallinksmanager029f6b8e52c=\"64\" title=\"Umzug nach San Jose? 2026 Lebenshaltungskosten &amp; Umzugstipps\">San Jose<\/a> mit einem B\u00fcro in <a href=\"https:\/\/moverdb.com\/de\/moving-companies\/moving-companies-nicaragua\/\" data-internallinksmanager029f6b8e52c=\"278\" title=\"Die besten internationalen Umzugsunternehmen in Nicaragua\">Nicaragua<\/a>. Sie arbeiten mit anderen Umzugsunternehmen auf der ganzen Welt zusammen, um einen internationalen Service zu bieten. Sie sind Mitglied der IAM mit 6 Jahren Erfahrung.<\/p>\n<p>Gateway Moving and Relocation bietet personalisierte Umzugspakete, die auf Ihre Bed\u00fcrfnisse zugeschnitten sind. Sie bieten einen Verpackungsservice an, der Ihre Gegenst\u00e4nde w\u00e4hrend des Transports sch\u00fctzt, darunter alles von feinen <a href=\"https:\/\/moverdb.com\/de\/moving-to-china\/\" data-internallinksmanager029f6b8e52c=\"357\" title=\"Umzug nach China? 2026 Lebenshaltungskosten &amp; Umzugstipps\">china<\/a> bis hin zu Musikinstrumenten und sperrigen M\u00f6beln. Sie bieten Zollabfertigungsdienste, Fahrzeugtransporte und Lagerungsdienste vor oder nach Ihrem Umzug.<\/p>\n<p>Website: <a href=\"https:\/\/www.gatewaymovingcr.com\" target=\"_blank\" rel=\"noopener\">https:\/\/www.gatewaymovingcr.com<\/a><\/p>\n<h2><span class=\"ez-toc-section\" id=\"3_Inter_Moves_SG_Global\"><\/span><strong>3. Inter Moves SG Global<\/strong><span class=\"ez-toc-section-end\"><\/span><\/h2>\n<p><img loading=\"lazy\" decoding=\"async\" class=\"alignnone size-full wp-image-5959\" src=\"https:\/\/moverdb.com\/wp-content\/uploads\/Inter-Moves-SG-Global-international-moving-company.png\" alt=\"Inter Moves SG Internationales Umzugsunternehmen\" width=\"1440\" height=\"684\" data-wp-pid=\"5959\" srcset=\"https:\/\/moverdb.com\/wp-content\/uploads\/Inter-Moves-SG-Global-international-moving-company.png 1440w, https:\/\/moverdb.com\/wp-content\/uploads\/Inter-Moves-SG-Global-international-moving-company-300x143.png 300w, https:\/\/moverdb.com\/wp-content\/uploads\/Inter-Moves-SG-Global-international-moving-company-1024x486.png 1024w, https:\/\/moverdb.com\/wp-content\/uploads\/Inter-Moves-SG-Global-international-moving-company-18x9.png 18w, https:\/\/moverdb.com\/wp-content\/uploads\/Inter-Moves-SG-Global-international-moving-company-600x285.png 600w\" sizes=\"auto, (max-width: 1440px) 100vw, 1440px\" \/><\/p>\n<ul>\n<li>Lokale und nationale Umz\u00fcge<\/li>\n<li>Internationale Umz\u00fcge<\/li>\n<li>Umz\u00fcge im Haushalt<\/li>\n<li>Umz\u00fcge von B\u00fcros<\/li>\n<li>Verpackungsdienstleistungen<\/li>\n<li>Zollmakler<\/li>\n<li>Umz\u00fcge von Antiquit\u00e4ten und Kunstwerken<\/li>\n<li>Fahrzeugtransport<\/li>\n<li>Versicherungsm\u00f6glichkeiten<\/li>\n<li>Lagereinrichtungen<\/li>\n<\/ul>\n<p>Inter Moves SG Global ist ein Speditionsunternehmen und internationaler Umzugsdienstleister, der 2001 gegr\u00fcndet wurde. Das Unternehmen bietet lokale, nationale und internationale Umzugsdienste f\u00fcr Haushalte und B\u00fcros an. Das Unternehmen ist Mitglied der IAM und kann auf 21 Jahre Erfahrung zur\u00fcckblicken.<\/p>\n<p>Inter Moves SG Global bietet einen professionellen Umzugsservice an, der Ihr Hab und Gut verpackt und die Verladung in Container und Kisten sowie den Transport zu Ihrem Zielort einschlie\u00dflich der Zollabwicklung \u00fcbernimmt. Sie bieten auch die Vermittlung von Versicherungen an, um den besten Versicherungsschutz f\u00fcr Ihren Umzug zu finden. Sie bieten sogar ein Bed &amp; Breakfast-Hotel f\u00fcr Umziehende, die eine vor\u00fcbergehende Unterkunft ben\u00f6tigen.<\/p>\n<p>Website: <a href=\"http:\/\/www.InterMoves-SGCR.com\" target=\"_blank\" rel=\"noopener\">http:\/\/www.InterMoves-SGCR.com<\/a><\/p>\n<h2><span class=\"ez-toc-section\" id=\"4_Mudanzas_Mundiales\"><\/span><strong>4. Mudanzas Mundiales<\/strong><span class=\"ez-toc-section-end\"><\/span><\/h2>\n<p><img loading=\"lazy\" decoding=\"async\" class=\"alignnone size-full wp-image-5981\" src=\"https:\/\/moverdb.com\/wp-content\/uploads\/Mudanzas-Mundiales-international-moving-company.png\" alt=\"Mudanzas Mundiales Internationales Umzugsunternehmen\" width=\"1440\" height=\"680\" data-wp-pid=\"5981\" srcset=\"https:\/\/moverdb.com\/wp-content\/uploads\/Mudanzas-Mundiales-international-moving-company.png 1440w, https:\/\/moverdb.com\/wp-content\/uploads\/Mudanzas-Mundiales-international-moving-company-300x142.png 300w, https:\/\/moverdb.com\/wp-content\/uploads\/Mudanzas-Mundiales-international-moving-company-1024x484.png 1024w, https:\/\/moverdb.com\/wp-content\/uploads\/Mudanzas-Mundiales-international-moving-company-18x9.png 18w, https:\/\/moverdb.com\/wp-content\/uploads\/Mudanzas-Mundiales-international-moving-company-600x283.png 600w\" sizes=\"auto, (max-width: 1440px) 100vw, 1440px\" \/><\/p>\n<ul>\n<li>Internationale Umz\u00fcge<\/li>\n<li>Umz\u00fcge in Wohnungen<\/li>\n<li>Kommerzielle Umz\u00fcge<\/li>\n<li>Umzugsdienste<\/li>\n<li>Professioneller Verpackungsdienst<\/li>\n<li>Transport auf dem Land-, See- oder Luftweg<\/li>\n<li>Zollmakler<\/li>\n<li>Transport von Kunstwerken<\/li>\n<li>Transport von Haustieren<\/li>\n<li>Lagereinrichtungen<\/li>\n<\/ul>\n<p>Mudanzas Mundiales ist ein Umzugsunternehmen mit \u00fcber 60 Jahren Erfahrung in integrierter Logistik und internationalem Handel. Das Unternehmen hat Niederlassungen in San Jose und Nicaragua. Mudanzas Mundiales ist seit 53 Jahren Mitglied der IAM und ist von der FIDI akkreditiert.<\/p>\n<p>Mudanzas Mundiales bietet einen pers\u00f6nlichen Ansatz f\u00fcr Umz\u00fcge mit einem T\u00fcr-zu-T\u00fcr-Service, der einen Einpackservice mit hochwertigen Materialien bis hin zum Auspacken und Aufstellen der M\u00f6bel umfasst. Mudanzas Mundiales arrangiert den Transport auf dem Land-, See- oder Luftweg mit Zollabfertigung und Versicherung. Der Umzugsservice hilft Ihnen bei der Orientierung, bei der Wohnungs- und Schulsuche, beim Ankunftsservice und beim Sprach- und Kulturtraining.<\/p>\n<p>Website: <a href=\"http:\/\/mudanzasmundiales.com\" target=\"_blank\" rel=\"noopener\">http:\/\/mudanzasmundiales.com<\/a><\/p>\n<h2><span class=\"ez-toc-section\" id=\"5_Multimodal\"><\/span><strong>5. Multimodal<\/strong><span class=\"ez-toc-section-end\"><\/span><\/h2>\n<p><img loading=\"lazy\" decoding=\"async\" class=\"alignnone size-full wp-image-5984\" src=\"https:\/\/moverdb.com\/wp-content\/uploads\/Multimodal-international-moving-company.png\" alt=\"Multimodales internationales Umzugsunternehmen\" width=\"1440\" height=\"680\" data-wp-pid=\"5984\" srcset=\"https:\/\/moverdb.com\/wp-content\/uploads\/Multimodal-international-moving-company.png 1440w, https:\/\/moverdb.com\/wp-content\/uploads\/Multimodal-international-moving-company-300x142.png 300w, https:\/\/moverdb.com\/wp-content\/uploads\/Multimodal-international-moving-company-1024x484.png 1024w, https:\/\/moverdb.com\/wp-content\/uploads\/Multimodal-international-moving-company-18x9.png 18w, https:\/\/moverdb.com\/wp-content\/uploads\/Multimodal-international-moving-company-600x283.png 600w\" sizes=\"auto, (max-width: 1440px) 100vw, 1440px\" \/><\/p>\n<ul>\n<li>Internationale Umz\u00fcge<\/li>\n<li>Umz\u00fcge in Wohnungen<\/li>\n<li>B\u00fcroumz\u00fcge<\/li>\n<li>Abwicklung und \u00dcberwachung von Sendungen<\/li>\n<li>Land-, See- und Luftverkehr<\/li>\n<li>Zollabfertigung<\/li>\n<li>Frachtversicherung<\/li>\n<li>Transport von Haustieren<\/li>\n<li>Fahrzeugtransport<\/li>\n<li>Lagereinrichtungen<\/li>\n<\/ul>\n<p>Multimodal ist ein spezialisiertes internationales Handels- und Zollunternehmen, das Umzugsdienstleistungen in Costa Rica und Nicaragua anbietet. Es wurde 1999 gegr\u00fcndet und bot haupts\u00e4chlich Luftfracht an, erweiterte aber sein Angebot auf alle Transportmittel. Das Unternehmen ist seit 37 Jahren Mitglied der IAM und arbeitet mit anderen Agenturen zusammen, um seine Dienstleistungen international anzubieten.<\/p>\n<p>Multimodal bietet einen sicheren und zuverl\u00e4ssigen Umzugsservice, der keine Komplikationen und unn\u00f6tigen Kosten verursacht. Sie bieten professionelle Verpackungsdienste f\u00fcr den sicheren Transport Ihres Eigentums und organisieren den Transport auf dem Land-, See- oder Luftweg sowie die Zollabfertigung.<\/p>\n<p>Website: <a href=\"http:\/\/www.multimodalcr.com\" target=\"_blank\" rel=\"noopener\">http:\/\/www.multimodalcr.com<\/a><\/p>\n<h2><span class=\"ez-toc-section\" id=\"6_Winmovers\"><\/span><strong>6. Winmovers<\/strong><span class=\"ez-toc-section-end\"><\/span><\/h2>\n<p><img loading=\"lazy\" decoding=\"async\" class=\"alignnone size-full wp-image-6016\" src=\"https:\/\/moverdb.com\/wp-content\/uploads\/Winmovers-international-moving-company.png\" alt=\"Winmovers internationales Umzugsunternehmen\" width=\"1440\" height=\"678\" data-wp-pid=\"6016\" srcset=\"https:\/\/moverdb.com\/wp-content\/uploads\/Winmovers-international-moving-company.png 1440w, https:\/\/moverdb.com\/wp-content\/uploads\/Winmovers-international-moving-company-300x141.png 300w, https:\/\/moverdb.com\/wp-content\/uploads\/Winmovers-international-moving-company-1024x482.png 1024w, https:\/\/moverdb.com\/wp-content\/uploads\/Winmovers-international-moving-company-18x8.png 18w, https:\/\/moverdb.com\/wp-content\/uploads\/Winmovers-international-moving-company-600x283.png 600w\" sizes=\"auto, (max-width: 1440px) 100vw, 1440px\" \/><\/p>\n<ul>\n<li>Lokale und nationale Umz\u00fcge<\/li>\n<li>Internationale Umz\u00fcge<\/li>\n<li>Umz\u00fcge im Haushalt<\/li>\n<li>Gesch\u00e4ftliche Umz\u00fcge<\/li>\n<li>Haus-zu-Haus-Dienst<\/li>\n<li>Professioneller Verpackungsdienst<\/li>\n<li>Industrielle Verpackungen<\/li>\n<li>Land-, Luft- und Seetransport<\/li>\n<li>Spezialartikel wie Klavier- und Computerausr\u00fcstung<\/li>\n<li>Ein vielf\u00e4ltiger Fuhrpark<\/li>\n<\/ul>\n<p>Winmovers ist ein internationaler und lokaler Umzugsdienstleister, der 2003 gegr\u00fcndet wurde. Das Unternehmen ist seit 19 Jahren Mitglied der IAM und von der FIDI akkreditiert. Sie verf\u00fcgen \u00fcber eine gro\u00dfe und vielf\u00e4ltige Flotte von Lastwagen, die eine Vielzahl von Transportanforderungen erf\u00fcllen.<\/p>\n<p>Winmovers bietet einen Haus-zu-Haus-Service an, der einen professionellen Verpackungsservice durch geschultes Personal umfasst, das Ihr Hab und Gut mit einer Reihe von Verpackungsmaterialien wie Kartons, Abdeckungen und Decken sch\u00fctzen wird. Sie stellen auch ihre eigenen zertifizierten Holzkisten her. Winmovers organisiert den Transport Ihres Umzugsguts auf dem Land-, Luft- oder Seeweg.<\/p>\n<p>Website: <a href=\"http:\/\/www.winmovers.com\" target=\"_blank\" rel=\"noopener\">http:\/\/www.winmovers.com<\/a><\/p>\n<h2><span class=\"ez-toc-section\" id=\"Other_Useful_Guides_to_Costa_Rica\"><\/span>Andere n\u00fctzliche Reisef\u00fchrer f\u00fcr Costa Rica<span class=\"ez-toc-section-end\"><\/span><\/h2>\n<ul>\n<li> <a href=\"https:\/\/moverdb.com\/de\/containerschifffahrt\/costa-rica\/\">2024 Seefracht-Container-Tarife von und nach Costa Rica<\/a><\/li>\n<li> <a href=\"https:\/\/moverdb.com\/de\/moving-to-costa-rica\/\">Umzug nach Costa Rica? 2026 Lebenshaltungskosten &amp; Umzugstipps<\/a><\/li>\n<li> <a href=\"https:\/\/moverdb.com\/de\/moving-to-costa-rica\/living-in-costa-rica\/\">21 Geheimnisse \u00fcber das Leben in Costa Rica, die man vor dem Umzug kennen sollte<\/a><\/li>\n<\/ul>","protected":false},"excerpt":{"rendered":"<p>Are you moving to or from Costa Rica, or moving within Costa Rica? Then you might be interested in some help moving all of your belongings as it can be complex especially if you are moving countries. Below we have compiled a list of Costa Rican removal companies that are members of the International Association [&hellip;]<\/p>\n","protected":false},"author":4,"featured_media":0,"parent":190,"menu_order":0,"comment_status":"closed","ping_status":"closed","template":"","meta":{"_genesis_hide_title":false,"_genesis_hide_breadcrumbs":false,"_genesis_hide_singular_image":false,"_genesis_hide_footer_widgets":false,"_genesis_custom_body_class":"","_genesis_custom_post_class":"","_genesis_layout":"","footnotes":""},"class_list":{"0":"post-6015","1":"page","2":"type-page","3":"status-publish","5":"entry","6":"has-post-thumbnail"},"_links":{"self":[{"href":"https:\/\/moverdb.com\/de\/wp-json\/wp\/v2\/pages\/6015","targetHints":{"allow":["GET"]}}],"collection":[{"href":"https:\/\/moverdb.com\/de\/wp-json\/wp\/v2\/pages"}],"about":[{"href":"https:\/\/moverdb.com\/de\/wp-json\/wp\/v2\/types\/page"}],"author":[{"embeddable":true,"href":"https:\/\/moverdb.com\/de\/wp-json\/wp\/v2\/users\/4"}],"replies":[{"embeddable":true,"href":"https:\/\/moverdb.com\/de\/wp-json\/wp\/v2\/comments?post=6015"}],"version-history":[{"count":2,"href":"https:\/\/moverdb.com\/de\/wp-json\/wp\/v2\/pages\/6015\/revisions"}],"predecessor-version":[{"id":18296,"href":"https:\/\/moverdb.com\/de\/wp-json\/wp\/v2\/pages\/6015\/revisions\/18296"}],"up":[{"embeddable":true,"href":"https:\/\/moverdb.com\/de\/wp-json\/wp\/v2\/pages\/190"}],"wp:attachment":[{"href":"https:\/\/moverdb.com\/de\/wp-json\/wp\/v2\/media?parent=6015"}],"curies":[{"name":"wp","href":"https:\/\/api.w.org\/{rel}","templated":true}]}}