{"id":5631,"date":"2022-11-28T15:27:20","date_gmt":"2022-11-28T15:27:20","guid":{"rendered":"https:\/\/moverdb.com\/?page_id=5631"},"modified":"2026-01-08T13:18:59","modified_gmt":"2026-01-08T13:18:59","slug":"stressfrei-bewegen","status":"publish","type":"page","link":"https:\/\/moverdb.com\/de\/stress-free-move\/","title":{"rendered":"Wie Sie Ihren internationalen Umzug stressfrei gestalten"},"content":{"rendered":"<p><span style=\"font-weight: 400;\">Ein Umzug ins Ausland ist sicherlich eine aufregende Zeit, die mit vielen gemischten Gef\u00fchlen verbunden ist, aber wenn Sie schon einmal umziehen mussten, wissen Sie, dass dies alles andere als eine entspannende und angenehme Erfahrung ist. <\/span><\/p>\n<p><span style=\"font-weight: 400;\">W\u00e4hrend ein Umzug in Ihrem eigenen Land manchmal \u00fcberw\u00e4ltigend sein kann, k\u00f6nnen Sie sich nur vorstellen, wie schwierig es ist, wenn Sie international umziehen.<\/span><\/p>\n<p><img loading=\"lazy\" decoding=\"async\" class=\"aligncenter size-full wp-image-5632\" src=\"https:\/\/moverdb.com\/wp-content\/uploads\/stress-free-move.jpg\" alt=\"Stressfreier Umzug\" width=\"1000\" height=\"667\" data-wp-pid=\"5632\" srcset=\"https:\/\/moverdb.com\/wp-content\/uploads\/stress-free-move.jpg 1000w, https:\/\/moverdb.com\/wp-content\/uploads\/stress-free-move-300x200.jpg 300w, https:\/\/moverdb.com\/wp-content\/uploads\/stress-free-move-18x12.jpg 18w, https:\/\/moverdb.com\/wp-content\/uploads\/stress-free-move-600x400.jpg 600w\" sizes=\"auto, (max-width: 1000px) 100vw, 1000px\" \/><\/p>\n<p><span style=\"font-weight: 400;\">Sie m\u00fcssen sich nicht nur mit den \u00fcblichen Umzugsvorg\u00e4ngen befassen, sondern es gibt noch einige weitere, die die ganze Erfahrung ziemlich nervenaufreibend und angstausl\u00f6send machen k\u00f6nnen.&nbsp;<\/span><\/p>\n<p><span style=\"font-weight: 400;\">Es ist v\u00f6llig verst\u00e4ndlich, dass man sich manchmal gestresst und \u00fcberfordert f\u00fchlt, aber wenn man gut vorbereitet und organisiert ist, gen\u00fcgend Zeit hat und fr\u00fch genug damit anf\u00e4ngt, kann man sich selbst helfen, die Frustration zu \u00fcberwinden und den Umzug so reibungslos wie m\u00f6glich zu gestalten.&nbsp;<\/span><\/p>\n<p><span style=\"font-weight: 400;\">Immobilienexperten von<\/span><span style=\"font-weight: 400;\"><a href=\"http:\/\/www.housesalesdirect.com\/\" target=\"_blank\" rel=\"noopener\"> Hausverkauf direkt <\/a>Wir haben uns \u00fcberlegt, wie wir sicherstellen k\u00f6nnen, dass Ihr internationaler Umzug effizient und stressfrei durchgef\u00fchrt wird, und uns dabei auch um zus\u00e4tzliche Faktoren wie Einwanderung, grenz\u00fcberschreitende Verschiffung und Zoll k\u00fcmmern. <\/span><\/p>\n<p><span style=\"font-weight: 400;\">Eine klare und solide Checkliste wird Ihnen helfen, den etwas chaotischen Umzugsprozess in einen schmerzfreien Prozess zu verwandeln.&nbsp;<\/span><\/p>\n<div id=\"ez-toc-container\" class=\"ez-toc-v2_0_82_2 ez-toc-wrap-left counter-hierarchy ez-toc-counter ez-toc-transparent ez-toc-container-direction\">\n<div class=\"ez-toc-title-container\">\n<p class=\"ez-toc-title\" style=\"cursor:inherit\">Rubriken<\/p>\n<span class=\"ez-toc-title-toggle\"><a href=\"#\" class=\"ez-toc-pull-right ez-toc-btn ez-toc-btn-xs ez-toc-btn-default ez-toc-toggle\" aria-label=\"Inhaltsverzeichnis umschalten\"><span class=\"ez-toc-js-icon-con\"><span class=\"\"><span class=\"eztoc-hide\" style=\"display:none;\">Umschalten auf<\/span><span class=\"ez-toc-icon-toggle-span\"><svg style=\"fill: #999;color:#999\" xmlns=\"http:\/\/www.w3.org\/2000\/svg\" class=\"list-377408\" width=\"20px\" height=\"20px\" viewbox=\"0 0 24 24\" fill=\"none\"><path d=\"M6 6H4v2h2V6zm14 0H8v2h12V6zM4 11h2v2H4v-2zm16 0H8v2h12v-2zM4 16h2v2H4v-2zm16 0H8v2h12v-2z\" fill=\"currentColor\"><\/path><\/svg><svg style=\"fill: #999;color:#999\" class=\"arrow-unsorted-368013\" xmlns=\"http:\/\/www.w3.org\/2000\/svg\" width=\"10px\" height=\"10px\" viewbox=\"0 0 24 24\" version=\"1.2\" baseprofile=\"tiny\"><path d=\"M18.2 9.3l-6.2-6.3-6.2 6.3c-.2.2-.3.4-.3.7s.1.5.3.7c.2.2.4.3.7.3h11c.3 0 .5-.1.7-.3.2-.2.3-.5.3-.7s-.1-.5-.3-.7zM5.8 14.7l6.2 6.3 6.2-6.3c.2-.2.3-.5.3-.7s-.1-.5-.3-.7c-.2-.2-.4-.3-.7-.3h-11c-.3 0-.5.1-.7.3-.2.2-.3.5-.3.7s.1.5.3.7z\"\/><\/svg><\/span><\/span><\/span><\/a><\/span><\/div>\n<nav><ul class='ez-toc-list ez-toc-list-level-1 eztoc-toggle-hide-by-default' ><li class='ez-toc-page-1 ez-toc-heading-level-2'><a class=\"ez-toc-link ez-toc-heading-1\" href=\"https:\/\/moverdb.com\/de\/stress-free-move\/#Plan_In_Advance\" >Im Voraus planen<\/a><\/li><li class='ez-toc-page-1 ez-toc-heading-level-2'><a class=\"ez-toc-link ez-toc-heading-2\" href=\"https:\/\/moverdb.com\/de\/stress-free-move\/#Sort_Out_Immigration\" >Einwanderung regeln<\/a><\/li><li class='ez-toc-page-1 ez-toc-heading-level-2'><a class=\"ez-toc-link ez-toc-heading-3\" href=\"https:\/\/moverdb.com\/de\/stress-free-move\/#Get_Your_Documents_Ready\" >Bereiten Sie Ihre Dokumente vor<\/a><\/li><li class='ez-toc-page-1 ez-toc-heading-level-2'><a class=\"ez-toc-link ez-toc-heading-4\" href=\"https:\/\/moverdb.com\/de\/stress-free-move\/#Sort_Out_Your_Finances\" >Ordnen Sie Ihre Finanzen<\/a><\/li><li class='ez-toc-page-1 ez-toc-heading-level-2'><a class=\"ez-toc-link ez-toc-heading-5\" href=\"https:\/\/moverdb.com\/de\/stress-free-move\/#Research_International_Moving_Companies\" >Forschung Internationale Umzugsunternehmen<\/a><\/li><li class='ez-toc-page-1 ez-toc-heading-level-2'><a class=\"ez-toc-link ez-toc-heading-6\" href=\"https:\/\/moverdb.com\/de\/stress-free-move\/#Make_a_Packing_Checklist\" >Erstellen Sie eine Checkliste f\u00fcr das Packen<\/a><\/li><li class='ez-toc-page-1 ez-toc-heading-level-2'><a class=\"ez-toc-link ez-toc-heading-7\" href=\"https:\/\/moverdb.com\/de\/stress-free-move\/#Reach_Out_To_Providers\" >Erreichen Sie Anbieter<\/a><\/li><li class='ez-toc-page-1 ez-toc-heading-level-2'><a class=\"ez-toc-link ez-toc-heading-8\" href=\"https:\/\/moverdb.com\/de\/stress-free-move\/#Familiarise_Yourself_With_The_Culture\" >Machen Sie sich mit der Kultur vertraut<\/a><\/li><li class='ez-toc-page-1 ez-toc-heading-level-2'><a class=\"ez-toc-link ez-toc-heading-9\" href=\"https:\/\/moverdb.com\/de\/stress-free-move\/#In_Conclusion\" >Fazit<\/a><\/li><\/ul><\/nav><\/div>\n<h2><span class=\"ez-toc-section\" id=\"Plan_In_Advance\"><\/span><b>Im Voraus planen<\/b><span class=\"ez-toc-section-end\"><\/span><\/h2>\n<p><span style=\"font-weight: 400;\">Ein internationaler Umzug ist ein ziemlich langwieriger Prozess, und wenn man sich nicht gen\u00fcgend Zeit f\u00fcr die Planung und Vorbereitung nimmt, werden die Fristen zu den Dingen geh\u00f6ren, die Ihnen Stress und Angst bereiten. <\/span><\/p>\n<p><span style=\"font-weight: 400;\">Je fr\u00fcher Sie damit beginnen, desto einfacher ist es, daf\u00fcr zu sorgen, dass alles rechtzeitig erledigt wird, dass alle Herausforderungen oder unerwarteten Probleme ruhig und effizient angegangen werden und dass Sie nichts \u00fcberst\u00fcrzen m\u00fcssen.&nbsp;<\/span><\/p>\n<p><span style=\"font-weight: 400;\">Organisation ist das A und O. Deshalb ist diese Liste von Dingen, die Sie beachten und vorbereiten sollten, ein n\u00fctzlicher Leitfaden, auf den Sie immer wieder zur\u00fcckgreifen k\u00f6nnen, wenn Sie sich verloren f\u00fchlen oder mit den Aufgaben \u00fcberfordert sind. <\/span><\/p>\n<p><span style=\"font-weight: 400;\">Ein effizientes Zeitmanagement vermeidet unn\u00f6tigen Stress und gibt Ihnen die Gewissheit, dass Sie genug Zeit haben, um alles zu erledigen. Wir empfehlen Ihnen, eine detaillierte Aufgabenliste zu erstellen, die Ihnen hilft, Ihre Fortschritte zu verfolgen und Sie daran erinnert, was als N\u00e4chstes zu tun ist.&nbsp;<\/span><\/p>\n<h2><span class=\"ez-toc-section\" id=\"Sort_Out_Immigration\"><\/span><b>Einwanderung regeln<\/b><span class=\"ez-toc-section-end\"><\/span><\/h2>\n<p><span style=\"font-weight: 400;\">Bei der Einwanderung gibt es eine Menge zu beachten, von den rechtlichen Unterlagen \u00fcber die Impfvorschriften bis hin zu den l\u00e4nderspezifischen Gesetzen, die Sie einhalten m\u00fcssen. Es ist ein komplexer und langwieriger Prozess, den Sie entweder selbst recherchieren k\u00f6nnen oder Sie ersparen sich die M\u00fche und beauftragen einen Einwanderungsexperten, der Sie w\u00e4hrend der gesamten Zeit begleitet.<\/span><\/p>\n<p><img loading=\"lazy\" decoding=\"async\" class=\"aligncenter size-full wp-image-5633\" src=\"https:\/\/moverdb.com\/wp-content\/uploads\/immigration-residence.jpg\" alt=\"\" width=\"1000\" height=\"667\" data-wp-pid=\"5633\" srcset=\"https:\/\/moverdb.com\/wp-content\/uploads\/immigration-residence.jpg 1000w, https:\/\/moverdb.com\/wp-content\/uploads\/immigration-residence-300x200.jpg 300w, https:\/\/moverdb.com\/wp-content\/uploads\/immigration-residence-18x12.jpg 18w, https:\/\/moverdb.com\/wp-content\/uploads\/immigration-residence-600x400.jpg 600w\" sizes=\"auto, (max-width: 1000px) 100vw, 1000px\" \/><\/p>\n<p><span style=\"font-weight: 400;\">Denken Sie daran, dass jedes Land spezifische Anforderungen und Gesetze hat, so dass es schwierig ist, alles, was Sie brauchen, in nur einem Blogbeitrag zu finden. Sie werden umfangreiche Nachforschungen anstellen, sich mit den Beh\u00f6rden in Verbindung setzen und vielleicht einen Fachmann zu Rate ziehen m\u00fcssen. Aber Sie brauchen sich keine Sorgen zu machen, denn solange Sie fr\u00fchzeitig damit beginnen, haben Sie gen\u00fcgend Zeit, sich mit allem zu befassen, was auf Sie zukommt.&nbsp;<\/span><\/p>\n<h2><span class=\"ez-toc-section\" id=\"Get_Your_Documents_Ready\"><\/span><b>Bereiten Sie Ihre Dokumente vor<\/b><span class=\"ez-toc-section-end\"><\/span><\/h2>\n<p><span style=\"font-weight: 400;\">Papierkram ist unvermeidlich, wenn es um einen Umzug geht, vor allem, wenn es sich um einen internationalen Umzug handelt. Sie sollten alle erforderlichen Unterlagen bereithalten und bei Bedarf zur Hand haben, und f\u00fcr den Fall der F\u00e4lle mehrere Kopien bereithalten. <\/span><\/p>\n<p><span style=\"font-weight: 400;\">Dies wird dazu beitragen, Verfahren wie den VISA-Antrag oder die Beschaffung eines Reisepasses zu beschleunigen. Im Folgenden finden Sie eine Liste der wichtigsten Dokumente, die Sie zur Hand haben sollten:&nbsp;<\/span><\/p>\n<ul>\n<li style=\"font-weight: 400;\" aria-level=\"1\"><span style=\"font-weight: 400;\">Reisepass\/Lichtbildausweis\/F\u00fchrerschein&nbsp;<\/span><\/li>\n<li style=\"font-weight: 400;\" aria-level=\"1\"><span style=\"font-weight: 400;\">Geburtsurkunde&nbsp;<\/span><\/li>\n<li style=\"font-weight: 400;\" aria-level=\"1\"><span style=\"font-weight: 400;\">Sozialversicherungsausweis<\/span><\/li>\n<li style=\"font-weight: 400;\" aria-level=\"1\"><span style=\"font-weight: 400;\">Medizinische\/zahn\u00e4rztliche Unterlagen<\/span><\/li>\n<\/ul>\n<h2><span class=\"ez-toc-section\" id=\"Sort_Out_Your_Finances\"><\/span><b>Ordnen Sie Ihre Finanzen<\/b><span class=\"ez-toc-section-end\"><\/span><\/h2>\n<p><span style=\"font-weight: 400;\">Ein Umzug ins Ausland ist nicht nur eine stressige Erfahrung, sondern hat auch Auswirkungen auf Ihre Finanzen. Es ist wichtig, dass Sie sicherstellen, dass Sie \u00fcber gen\u00fcgend Geldmittel f\u00fcr den Umzug verf\u00fcgen und auch Zugang dazu haben. Falls Sie das noch nicht getan haben, sollten Sie sich informieren \u00fcber <a href=\"https:\/\/moverdb.com\/de\/international-money-transfer-services\/\" data-internallinksmanager029f6b8e52c=\"239\" title=\"11 beste internationale Geldtransferdienste 2026\">Geldtransfer<\/a> Dienstleistungen.&nbsp;<\/span><\/p>\n<p><span style=\"font-weight: 400;\">Das Gespr\u00e4ch mit Ihrer bisherigen Bank und die \u00dcbertragung Ihrer Gelder auf eine andere Bank ist ein Prozess, der Zeit und m\u00f6glicherweise auch einige Formalit\u00e4ten erfordert. Wenn Sie die oben genannten Tipps befolgen, haben Sie sowohl die Zeit als auch die Unterlagen, die Sie ben\u00f6tigen, um diesen Vorgang schnell und reibungslos abzuwickeln.&nbsp;<\/span><\/p>\n<p><span style=\"font-weight: 400;\">Auch die Einrichtung eines Bankkontos in Ihrem neuen Wohnsitzland kann mehrere Wochen dauern und je nach Land unterschiedliche Dokumente erfordern. Deshalb sollten Sie sich vergewissern, dass Ihre bestehenden Bankkarten keine internationalen Geb\u00fchren haben, oder eine Kreditkarte ohne solche Geb\u00fchren beantragen.&nbsp;<\/span><\/p>\n<p><span style=\"font-weight: 400;\">Es wird empfohlen, dass Sie f\u00fcr einen internationalen Umzug auch einen Notfallfonds haben sollten. Man wei\u00df nie, was passieren k\u00f6nnte und wann zus\u00e4tzliche Ausgaben anfallen. Wenn Sie also im Voraus sparen, haben Sie den n\u00f6tigen Komfort f\u00fcr einen stressfreien Umzug.&nbsp;<\/span><\/p>\n<h2><span class=\"ez-toc-section\" id=\"Research_International_Moving_Companies\"><\/span><b>Forschung Internationale Umzugsunternehmen<\/b><span class=\"ez-toc-section-end\"><\/span><\/h2>\n<p><span style=\"font-weight: 400;\">Die sichere \u00dcberf\u00fchrung Ihres Hausrats \u00fcber Grenzen hinweg ist ebenfalls von gr\u00f6\u00dfter Bedeutung. Manchmal \u00fcberqueren die Transporte sogar Ozeane, um an den endg\u00fcltigen Bestimmungsort zu gelangen. Daher ist es wichtig, dass Sie die bestm\u00f6gliche Option f\u00fcr Sie und Ihr Budget w\u00e4hlen. <\/span><\/p>\n<p><span style=\"font-weight: 400;\">Sie k\u00f6nnen schon lange im Voraus Angebote einholen und Preise vergleichen sowie f\u00fcr die gew\u00fcnschten Tage buchen, so dass Sie nicht tagelang oder sogar wochenlang ohne Ihr Hab und Gut in Ihrem neuen Haus warten m\u00fcssen. <\/span><\/p>\n<p><span style=\"font-weight: 400;\">Das h\u00e4ngt davon ab, wie viele Gegenst\u00e4nde Sie haben, aus welchem Land Sie sie schicken und wohin sie gehen, aber hier ist eine Liste mit einigen der <\/span><a href=\"https:\/\/moverdb.com\/de\/umzugsunternehmen\/\"><span style=\"font-weight: 400;\">beste internationale Umzugsunternehmen<\/span><\/a><span style=\"font-weight: 400;\">. Denken Sie daran, dass jeder Umzug anders und pers\u00f6nlich ist, wenn Sie die Entscheidung treffen, also stellen Sie sicher, dass es f\u00fcr Sie passt!<\/span><\/p>\n<h2><span class=\"ez-toc-section\" id=\"Make_a_Packing_Checklist\"><\/span><b>Erstellen Sie eine Checkliste f\u00fcr das Packen<\/b><span class=\"ez-toc-section-end\"><\/span><\/h2>\n<p><span style=\"font-weight: 400;\">Wie bei allen anderen Dingen gilt auch hier: Wenn Sie im Voraus beginnen, sind Sie gut organisiert und stehen nicht unter Zeitdruck. <\/span><\/p>\n<p><span style=\"font-weight: 400;\">Wenn Sie mit dem Packen f\u00fcr Ihren Umzug beginnen, ist es wichtig, dass Sie eine Packliste mit allen wichtigen Dingen erstellen, n\u00fctzliche Tipps und Packtricks lesen und sich von unn\u00f6tigen Dingen trennen. Wenn Sie alles beschriften und sich an einen Zeitplan halten, behalten Sie den \u00dcberblick, so dass das Packen w\u00e4hrend des gesamten langwierigen und komplizierten Prozesses mehr Freude als Stress bereitet.<\/span><\/p>\n<h2><span class=\"ez-toc-section\" id=\"Reach_Out_To_Providers\"><\/span><b>Erreichen Sie Anbieter<\/b><span class=\"ez-toc-section-end\"><\/span><\/h2>\n<p><span style=\"font-weight: 400;\">Jetzt, da der Umzug n\u00e4her r\u00fcckt, ist es an der Zeit, sich an die notwendigen Dienstleister zu wenden, um Konten zu schlie\u00dfen und Abonnements zu k\u00fcndigen. Stellen Sie sicher, dass Sie die letzten Z\u00e4hlerst\u00e4nde ablesen, ausstehende Guthaben einziehen, Ihre Post weiterleiten und alle, die es wissen m\u00fcssen, \u00fcber Ihren Umzug informieren. <\/span><\/p>\n<p><span style=\"font-weight: 400;\">Auch wenn einige dieser Aufgaben nicht lange im Voraus erledigt werden k\u00f6nnen, sollten Sie sie nicht v\u00f6llig vergessen und bis zur letzten Minute aufschieben.&nbsp;<\/span><\/p>\n<h2><span class=\"ez-toc-section\" id=\"Familiarise_Yourself_With_The_Culture\"><\/span><b>Machen Sie sich mit der Kultur vertraut<\/b><span class=\"ez-toc-section-end\"><\/span><\/h2>\n<p><span style=\"font-weight: 400;\">Schlie\u00dflich m\u00f6chten Sie vorbereitet sein, wenn Sie Ihr endg\u00fcltiges Ziel und Ihr neues Zuhause erreichen. Sich mit den Sitten, Gebr\u00e4uchen und Traditionen des Landes vertraut zu machen, ist ein guter Ausgangspunkt, damit Sie die Einheimischen in den ersten Monaten Ihres Umzugs nicht unbewusst vor den Kopf sto\u00dfen.&nbsp;<\/span><\/p>\n<h2><span class=\"ez-toc-section\" id=\"In_Conclusion\"><\/span><b>Fazit<\/b><span class=\"ez-toc-section-end\"><\/span><\/h2>\n<p><span style=\"font-weight: 400;\">Wir k\u00f6nnen zwar nicht versprechen, dass es keine Hindernisse und Herausforderungen auf dem Weg gibt, aber wir hoffen, dass Sie, wenn Sie diese n\u00fctzlichen Tipps befolgen, in der Lage sein werden, auf die meisten Dinge vorbereitet zu sein, die w\u00e4hrend des internationalen Umzugs h\u00f6chstwahrscheinlich auftreten werden. <\/span><\/p>\n<p><span style=\"font-weight: 400;\">Es ist auch wichtig, sich immer wieder daran zu erinnern, dass am Ende eine aufregende Zeit auf Sie wartet!&nbsp;<\/span><\/p>","protected":false},"excerpt":{"rendered":"<p>Moving abroad is certainly an exciting time, packed with a lot of mixed emotions, but if you ever had to move home before, you would know that it is anything but a relaxing and pleasant experience. While a house move in your own country can be overwhelming at times, you can only imagine how difficult [&hellip;]<\/p>\n","protected":false},"author":1,"featured_media":5632,"parent":0,"menu_order":0,"comment_status":"closed","ping_status":"closed","template":"","meta":{"_genesis_hide_title":false,"_genesis_hide_breadcrumbs":false,"_genesis_hide_singular_image":false,"_genesis_hide_footer_widgets":false,"_genesis_custom_body_class":"","_genesis_custom_post_class":"","_genesis_layout":"","footnotes":""},"class_list":{"0":"post-5631","1":"page","2":"type-page","3":"status-publish","4":"has-post-thumbnail","6":"entry"},"_links":{"self":[{"href":"https:\/\/moverdb.com\/de\/wp-json\/wp\/v2\/pages\/5631","targetHints":{"allow":["GET"]}}],"collection":[{"href":"https:\/\/moverdb.com\/de\/wp-json\/wp\/v2\/pages"}],"about":[{"href":"https:\/\/moverdb.com\/de\/wp-json\/wp\/v2\/types\/page"}],"author":[{"embeddable":true,"href":"https:\/\/moverdb.com\/de\/wp-json\/wp\/v2\/users\/1"}],"replies":[{"embeddable":true,"href":"https:\/\/moverdb.com\/de\/wp-json\/wp\/v2\/comments?post=5631"}],"version-history":[{"count":1,"href":"https:\/\/moverdb.com\/de\/wp-json\/wp\/v2\/pages\/5631\/revisions"}],"predecessor-version":[{"id":5634,"href":"https:\/\/moverdb.com\/de\/wp-json\/wp\/v2\/pages\/5631\/revisions\/5634"}],"wp:featuredmedia":[{"embeddable":true,"href":"https:\/\/moverdb.com\/de\/wp-json\/wp\/v2\/media\/5632"}],"wp:attachment":[{"href":"https:\/\/moverdb.com\/de\/wp-json\/wp\/v2\/media?parent=5631"}],"curies":[{"name":"wp","href":"https:\/\/api.w.org\/{rel}","templated":true}]}}