{"id":5527,"date":"2023-02-01T13:45:10","date_gmt":"2023-02-01T13:45:10","guid":{"rendered":"https:\/\/moverdb.com\/?page_id=5527"},"modified":"2026-01-08T15:29:15","modified_gmt":"2026-01-08T15:29:15","slug":"chile-umzugsunternehmen","status":"publish","type":"page","link":"https:\/\/moverdb.com\/de\/moving-companies\/chile-moving-companies\/","title":{"rendered":"Die 6 besten internationalen Umzugsunternehmen in Chile"},"content":{"rendered":"<p>Ein Umzug kann eine anstrengende und stressige Zeit sein, vor allem, wenn man \u00fcber weite Strecken oder in ein anderes Land umzieht. Hier ist ein <a href=\"https:\/\/moverdb.com\/de\/moving-companies\/\" data-internallinksmanager029f6b8e52c=\"79\" title=\"Top 25 Internationale Umzugsunternehmen Online\">Umzugsunternehmen<\/a> kann dazu beitragen, Ihren Stress zu verringern, indem es Ihnen einen Teil der Arbeit abnimmt. Im Folgenden haben wir eine Liste von chilenischen <a href=\"https:\/\/moverdb.com\/de\/international-removals\/\" data-internallinksmanager029f6b8e52c=\"27\" title=\"36 Beste internationale Umzugsunternehmen in Gro\u00dfbritannien\">Umzugsunternehmen<\/a> die Mitglieder der <a href=\"https:\/\/moverdb.com\/de\/iam\/\" data-internallinksmanager029f6b8e52c=\"23\" title=\"International Association of Movers (IAM) erkl\u00e4rt\">Internationaler Verband der M\u00f6belspediteure<\/a> (IAM) und\/oder <a href=\"https:\/\/moverdb.com\/de\/fidi-faim\/\" data-internallinksmanager029f6b8e52c=\"16\" title=\"FIDI &amp; FAIM (FIDI Accredited International Mover) Erl\u00e4utert\">FIDI<\/a> Accredited International Mover (FAIM), die Sie bei Ihrem Umzug unterst\u00fctzen k\u00f6nnen.<\/p>\n<div id=\"ez-toc-container\" class=\"ez-toc-v2_0_82_2 ez-toc-wrap-left counter-hierarchy ez-toc-counter ez-toc-transparent ez-toc-container-direction\">\n<div class=\"ez-toc-title-container\">\n<p class=\"ez-toc-title\" style=\"cursor:inherit\">Rubriken<\/p>\n<span class=\"ez-toc-title-toggle\"><a href=\"#\" class=\"ez-toc-pull-right ez-toc-btn ez-toc-btn-xs ez-toc-btn-default ez-toc-toggle\" aria-label=\"Inhaltsverzeichnis umschalten\"><span class=\"ez-toc-js-icon-con\"><span class=\"\"><span class=\"eztoc-hide\" style=\"display:none;\">Umschalten auf<\/span><span class=\"ez-toc-icon-toggle-span\"><svg style=\"fill: #999;color:#999\" xmlns=\"http:\/\/www.w3.org\/2000\/svg\" class=\"list-377408\" width=\"20px\" height=\"20px\" viewbox=\"0 0 24 24\" fill=\"none\"><path d=\"M6 6H4v2h2V6zm14 0H8v2h12V6zM4 11h2v2H4v-2zm16 0H8v2h12v-2zM4 16h2v2H4v-2zm16 0H8v2h12v-2z\" fill=\"currentColor\"><\/path><\/svg><svg style=\"fill: #999;color:#999\" class=\"arrow-unsorted-368013\" xmlns=\"http:\/\/www.w3.org\/2000\/svg\" width=\"10px\" height=\"10px\" viewbox=\"0 0 24 24\" version=\"1.2\" baseprofile=\"tiny\"><path d=\"M18.2 9.3l-6.2-6.3-6.2 6.3c-.2.2-.3.4-.3.7s.1.5.3.7c.2.2.4.3.7.3h11c.3 0 .5-.1.7-.3.2-.2.3-.5.3-.7s-.1-.5-.3-.7zM5.8 14.7l6.2 6.3 6.2-6.3c.2-.2.3-.5.3-.7s-.1-.5-.3-.7c-.2-.2-.4-.3-.7-.3h-11c-.3 0-.5.1-.7.3-.2.2-.3.5-.3.7s.1.5.3.7z\"\/><\/svg><\/span><\/span><\/span><\/a><\/span><\/div>\n<nav><ul class='ez-toc-list ez-toc-list-level-1 eztoc-toggle-hide-by-default' ><li class='ez-toc-page-1 ez-toc-heading-level-2'><a class=\"ez-toc-link ez-toc-heading-1\" href=\"https:\/\/moverdb.com\/de\/moving-companies\/chile-moving-companies\/#1_Unipack\" >1. Unipack<\/a><\/li><li class='ez-toc-page-1 ez-toc-heading-level-2'><a class=\"ez-toc-link ez-toc-heading-2\" href=\"https:\/\/moverdb.com\/de\/moving-companies\/chile-moving-companies\/#2_Atlas_International_Movers\" >2. Atlas International Movers<\/a><\/li><li class='ez-toc-page-1 ez-toc-heading-level-2'><a class=\"ez-toc-link ez-toc-heading-3\" href=\"https:\/\/moverdb.com\/de\/moving-companies\/chile-moving-companies\/#3_Decapack\" >3. Entpacken<\/a><\/li><li class='ez-toc-page-1 ez-toc-heading-level-2'><a class=\"ez-toc-link ez-toc-heading-4\" href=\"https:\/\/moverdb.com\/de\/moving-companies\/chile-moving-companies\/#4_Global_Alliance_International\" >4. Globale Allianz International<\/a><\/li><li class='ez-toc-page-1 ez-toc-heading-level-2'><a class=\"ez-toc-link ez-toc-heading-5\" href=\"https:\/\/moverdb.com\/de\/moving-companies\/chile-moving-companies\/#5_REMSSA\" >5. REMSSA<\/a><\/li><li class='ez-toc-page-1 ez-toc-heading-level-2'><a class=\"ez-toc-link ez-toc-heading-6\" href=\"https:\/\/moverdb.com\/de\/moving-companies\/chile-moving-companies\/#6_Ward_Van_Lines\" >6. Ward Van Lines<\/a><\/li><li class='ez-toc-page-1 ez-toc-heading-level-2'><a class=\"ez-toc-link ez-toc-heading-7\" href=\"https:\/\/moverdb.com\/de\/moving-companies\/chile-moving-companies\/#Other_Useful_Guides_to_Chile\" >Andere n\u00fctzliche Reisef\u00fchrer f\u00fcr Chile<\/a><\/li><\/ul><\/nav><\/div>\n<h2><span class=\"ez-toc-section\" id=\"1_Unipack\"><\/span><strong>1. Unipack<\/strong><span class=\"ez-toc-section-end\"><\/span><\/h2>\n<p><img loading=\"lazy\" decoding=\"async\" class=\"alignnone size-full wp-image-5496\" src=\"https:\/\/moverdb.com\/wp-content\/uploads\/Unipack-international-moving-company.png\" alt=\"Unipack Internationales Umzugsunternehmen\" width=\"1440\" height=\"683\" data-wp-pid=\"5496\" srcset=\"https:\/\/moverdb.com\/wp-content\/uploads\/Unipack-international-moving-company.png 1440w, https:\/\/moverdb.com\/wp-content\/uploads\/Unipack-international-moving-company-300x142.png 300w, https:\/\/moverdb.com\/wp-content\/uploads\/Unipack-international-moving-company-1024x486.png 1024w, https:\/\/moverdb.com\/wp-content\/uploads\/Unipack-international-moving-company-18x9.png 18w, https:\/\/moverdb.com\/wp-content\/uploads\/Unipack-international-moving-company-600x285.png 600w\" sizes=\"auto, (max-width: 1440px) 100vw, 1440px\" \/><\/p>\n<ul>\n<li>Nationale Umz\u00fcge<\/li>\n<li>Internationale Umz\u00fcge<\/li>\n<li>Umz\u00fcge im Haushalt<\/li>\n<li>Inspektion vor Ort<\/li>\n<li>Einpack- und Auspackservice<\/li>\n<li>M\u00f6bel demontieren und montieren<\/li>\n<li>Land-, See- und Luftverkehr<\/li>\n<li>Unterst\u00fctzung der Dokumentation<\/li>\n<li>Transport von Haustieren<\/li>\n<li>Kurz- bis langfristige Lagerung<\/li>\n<\/ul>\n<p>Unipack ist ein nationaler und internationaler Umzugsdienst, der 1993 in Santiago gegr\u00fcndet wurde. Das Unternehmen verf\u00fcgt \u00fcber ein weltweites Netz von Agenten, die es bei internationalen Umz\u00fcgen auf 5 Kontinenten unterst\u00fctzen. Unipack ist seit 29 Jahren Mitglied der IAM und ist von der FIDI akkreditiert.<\/p>\n<p>Unipack verwendet die neuesten Verpackungs- und Transporttechniken sowie Materialien, um sichere Umz\u00fcge f\u00fcr seine Kunden zu gew\u00e4hrleisten. Der Prozess beginnt mit einer Inspektion in Ihrem Haus, und die Dokumente werden besprochen. Unipack verpackt und demontiert Ihre M\u00f6bel und arrangiert den Stra\u00dfen-, Luft- und Seetransport, packt sie aus und baut sie am Zielort wieder auf. Sie unterst\u00fctzen Sie bei der Dokumentation einschlie\u00dflich der Zollabfertigung.<\/p>\n<p>Website: <a href=\"http:\/\/www.unipack.cl\" target=\"_blank\" rel=\"noopener\">http:\/\/www.unipack.cl<\/a><\/p>\n<h2><span class=\"ez-toc-section\" id=\"2_Atlas_International_Movers\"><\/span><strong>2. Atlas International Movers<\/strong><span class=\"ez-toc-section-end\"><\/span><\/h2>\n<p><img loading=\"lazy\" decoding=\"async\" class=\"alignnone size-full wp-image-5415\" src=\"https:\/\/moverdb.com\/wp-content\/uploads\/Atlas-International-Movers-moving-company.png\" alt=\"Atlas International Movers Umzugsunternehmen\" width=\"1440\" height=\"682\" data-wp-pid=\"5415\" srcset=\"https:\/\/moverdb.com\/wp-content\/uploads\/Atlas-International-Movers-moving-company.png 1440w, https:\/\/moverdb.com\/wp-content\/uploads\/Atlas-International-Movers-moving-company-300x142.png 300w, https:\/\/moverdb.com\/wp-content\/uploads\/Atlas-International-Movers-moving-company-1024x485.png 1024w, https:\/\/moverdb.com\/wp-content\/uploads\/Atlas-International-Movers-moving-company-18x9.png 18w, https:\/\/moverdb.com\/wp-content\/uploads\/Atlas-International-Movers-moving-company-600x284.png 600w\" sizes=\"auto, (max-width: 1440px) 100vw, 1440px\" \/><\/p>\n<ul>\n<li>Nationale Umz\u00fcge<\/li>\n<li>Internationale Umz\u00fcge<\/li>\n<li>Umz\u00fcge im Haushalt<\/li>\n<li>B\u00fcroumz\u00fcge<\/li>\n<li>Haus-zu-Haus-Dienst<\/li>\n<li>Hochwertiger Verpackungsservice<\/li>\n<li>Land-, See- und Luftfracht<\/li>\n<li>Transport von Kunstwerken<\/li>\n<li>Autotransport<\/li>\n<li>Kurz- bis langfristige Lagereinrichtungen<\/li>\n<\/ul>\n<p>Atlas International Movers verf\u00fcgt \u00fcber mehr als 25 Jahre Erfahrung im Umzug von H\u00e4usern und B\u00fcros in <a href=\"https:\/\/moverdb.com\/de\/moving-to-chile\/\" data-internallinksmanager029f6b8e52c=\"426\" title=\"Umzug nach Chile? 2026 Lebenshaltungskosten &amp; Umzugstipps\">Chile<\/a> und nach oder von Chile. Sie arbeiten mit einem Netzwerk von zuverl\u00e4ssigen Umzugsunternehmen in der ganzen Welt zusammen, um internationale Umz\u00fcge durchzuf\u00fchren. Sie sind Mitglied der IAM mit 16 Jahren Erfahrung.<\/p>\n<p>Atlas International Movers bietet einen Hausbesuch an, um Ihre Anforderungen zu beurteilen, und wird Sie durch den Prozess und die Dokumentation f\u00fchren. Sie stellen Ihnen geschultes Personal zur Verf\u00fcgung, das Ihr Hab und Gut nach einem hohen Standard verpackt, um es w\u00e4hrend des Transports auf dem Land-, See- oder Luftweg zu sch\u00fctzen. Atlas International Movers unterst\u00fctzt Sie bei den Zolldokumenten f\u00fcr die Ein- und Ausfuhr.<\/p>\n<p>Website: <a href=\"http:\/\/www.atlasinternationalchile.cl\" target=\"_blank\" rel=\"noopener\">http:\/\/www.atlasinternationalchile.cl<\/a><\/p>\n<h2><span class=\"ez-toc-section\" id=\"3_Decapack\"><\/span><strong>3. Entpacken<\/strong><span class=\"ez-toc-section-end\"><\/span><\/h2>\n<p><img loading=\"lazy\" decoding=\"async\" class=\"alignnone size-full wp-image-5430\" src=\"https:\/\/moverdb.com\/wp-content\/uploads\/Decapack-international-moving-company.png\" alt=\"Decapack internationales Umzugsunternehmen\" width=\"1440\" height=\"680\" data-wp-pid=\"5430\" srcset=\"https:\/\/moverdb.com\/wp-content\/uploads\/Decapack-international-moving-company.png 1440w, https:\/\/moverdb.com\/wp-content\/uploads\/Decapack-international-moving-company-300x142.png 300w, https:\/\/moverdb.com\/wp-content\/uploads\/Decapack-international-moving-company-1024x484.png 1024w, https:\/\/moverdb.com\/wp-content\/uploads\/Decapack-international-moving-company-18x9.png 18w, https:\/\/moverdb.com\/wp-content\/uploads\/Decapack-international-moving-company-600x283.png 600w\" sizes=\"auto, (max-width: 1440px) 100vw, 1440px\" \/><\/p>\n<ul>\n<li>Nationale Umz\u00fcge<\/li>\n<li>Internationale Umz\u00fcge<\/li>\n<li>Umz\u00fcge in Wohnungen<\/li>\n<li>B\u00fcroumz\u00fcge<\/li>\n<li>Umzugsservice<\/li>\n<li>Haus-zu-Haus-Dienst<\/li>\n<li>Verpackungsservice<\/li>\n<li>Versicherung<\/li>\n<li>Spezialisierter Service f\u00fcr Kunstwerke<\/li>\n<li>Kurz- bis langfristige Lagerung<\/li>\n<\/ul>\n<p>Decapack ist ein internationales Umzugsunternehmen mit Sitz in Santiago, das 1942 gegr\u00fcndet wurde. Das Unternehmen ist in San Antonio und Valparaiso vertreten. <a href=\"https:\/\/moverdb.com\/de\/top-49-container-ports\/\" data-internallinksmanager029f6b8e52c=\"80\" title=\"Top 49 der gr\u00f6\u00dften und verkehrsreichsten Containerh\u00e4fen im Jahr 2025\">H\u00e4fen<\/a> und Santiago International Airport. Das Unternehmen ist seit 52 Jahren Mitglied der IAM und ist von der FIDI akkreditiert.<\/p>\n<p>Decapack bietet einen Haus-zu-Haus-Service, der mit einem pers\u00f6nlichen oder virtuellen Besuch beginnt, um Ihren Bedarf zu ermitteln. Ein Koordinator ber\u00e4t Sie pers\u00f6nlich und hilft Ihnen bei den Formalit\u00e4ten und der Dokumentation. Sie bieten einen Verpackungsservice zum Schutz Ihres Eigentums und eine Versicherung f\u00fcr den Fall des Falles.<\/p>\n<p>Website: <a href=\"http:\/\/www.decapack.com\" target=\"_blank\" rel=\"noopener\">http:\/\/www.decapack.com<\/a><\/p>\n<h2><span class=\"ez-toc-section\" id=\"4_Global_Alliance_International\"><\/span><strong>4. Globale Allianz International<\/strong><span class=\"ez-toc-section-end\"><\/span><\/h2>\n<p><img loading=\"lazy\" decoding=\"async\" class=\"alignnone size-full wp-image-5441\" src=\"https:\/\/moverdb.com\/wp-content\/uploads\/Global-Alliance-International-moving-company.png\" alt=\"Global Alliance Internationales Umzugsunternehmen\" width=\"1440\" height=\"677\" data-wp-pid=\"5441\" srcset=\"https:\/\/moverdb.com\/wp-content\/uploads\/Global-Alliance-International-moving-company.png 1440w, https:\/\/moverdb.com\/wp-content\/uploads\/Global-Alliance-International-moving-company-300x141.png 300w, https:\/\/moverdb.com\/wp-content\/uploads\/Global-Alliance-International-moving-company-1024x481.png 1024w, https:\/\/moverdb.com\/wp-content\/uploads\/Global-Alliance-International-moving-company-18x8.png 18w, https:\/\/moverdb.com\/wp-content\/uploads\/Global-Alliance-International-moving-company-600x282.png 600w\" sizes=\"auto, (max-width: 1440px) 100vw, 1440px\" \/><\/p>\n<ul>\n<li>Nationale Umz\u00fcge<\/li>\n<li>Internationale Umz\u00fcge<\/li>\n<li>Umz\u00fcge in Wohnungen<\/li>\n<li>Firmenumz\u00fcge<\/li>\n<li>Hervorragend ausgebildetes Personal<\/li>\n<li>Kompletter Verpackungsdienst<\/li>\n<li>Land-, See- und Luftverkehr<\/li>\n<li>Unterst\u00fctzung durch den Zoll<\/li>\n<li>Transport von Haustieren<\/li>\n<li>L\u00f6sungen f\u00fcr die vor\u00fcbergehende und dauerhafte Lagerung<\/li>\n<\/ul>\n<p>Global Alliance International ist ein chilenisches Umzugsunternehmen, das 1995 gegr\u00fcndet wurde und eine Tochtergesellschaft von Express Movers Transportes ist. Sie arbeiten mit Umzugsagenten am Zielort zusammen, um internationale Umz\u00fcge durchzuf\u00fchren. Das Unternehmen ist Mitglied der IAM und kann auf 16 Jahre Erfahrung zur\u00fcckblicken.<\/p>\n<p>Global Alliance International stellt Ihnen ein Team von Packern zur Verf\u00fcgung, die Ihr gesamtes Hab und Gut demontieren und verpacken, wobei sie das am besten geeignete Verpackungsmaterial zu dessen Schutz und spezielle Kartons verwenden. Sie erstellen auch ein Inventar, beschriftete Kartons und Container f\u00fcr den Land-, Luft- oder Seetransport und unterst\u00fctzen Sie bei den Zollunterlagen. Sie bieten auch L\u00f6sungen f\u00fcr die vor\u00fcbergehende und dauerhafte Lagerung an.<\/p>\n<p>Website: <a href=\"http:\/\/www.globalalliancechile.com\" target=\"_blank\" rel=\"noopener\">http:\/\/www.globalalliancechile.com<\/a><\/p>\n<h2><span class=\"ez-toc-section\" id=\"5_REMSSA\"><\/span><strong>5. REMSSA<\/strong><span class=\"ez-toc-section-end\"><\/span><\/h2>\n<p><img loading=\"lazy\" decoding=\"async\" class=\"alignnone size-full wp-image-5482\" src=\"https:\/\/moverdb.com\/wp-content\/uploads\/REMSSA-international-moving-company.png\" alt=\"REMSSA Internationales Umzugsunternehmen\" width=\"1440\" height=\"683\" data-wp-pid=\"5482\" srcset=\"https:\/\/moverdb.com\/wp-content\/uploads\/REMSSA-international-moving-company.png 1440w, https:\/\/moverdb.com\/wp-content\/uploads\/REMSSA-international-moving-company-300x142.png 300w, https:\/\/moverdb.com\/wp-content\/uploads\/REMSSA-international-moving-company-1024x486.png 1024w, https:\/\/moverdb.com\/wp-content\/uploads\/REMSSA-international-moving-company-18x9.png 18w, https:\/\/moverdb.com\/wp-content\/uploads\/REMSSA-international-moving-company-600x285.png 600w\" sizes=\"auto, (max-width: 1440px) 100vw, 1440px\" \/><\/p>\n<ul>\n<li>Nationale Umz\u00fcge<\/li>\n<li>Internationale Umz\u00fcge<\/li>\n<li>Umz\u00fcge in Wohnungen<\/li>\n<li>B\u00fcroumz\u00fcge<\/li>\n<li>Umsiedlung<\/li>\n<li>Haus-zu-Haus-Dienst<\/li>\n<li>Verpackungsservice<\/li>\n<li>Transport von Kunstwerken<\/li>\n<li>Transport von Haustieren<\/li>\n<li>Sichere Lagereinrichtungen<\/li>\n<\/ul>\n<p>REMSSA ist ein Umzugsunternehmen mit Sitz in Santiago, das im Jahr 2000 gegr\u00fcndet wurde und in ganz Chile Niederlassungen in Flugh\u00e4fen und H\u00e4fen unterh\u00e4lt. Sie bieten nationale und internationale Umzugsdienstleistungen f\u00fcr Haushalte und Firmenkunden an. Das Unternehmen ist Mitglied der IAM und kann auf 22 Jahre Erfahrung zur\u00fcckblicken.<\/p>\n<p>REMSSA bietet einen personalisierten Umzugsservice, der Ihren Umzug oder Ihre Verlagerung von T\u00fcr zu T\u00fcr abwickelt. Sie bieten einen Verpackungs-, Verlade- und Auspackservice mit industrieller Frachtverpackung zum Schutz w\u00e4hrend des Transports. Sie bieten auch spezielle Dienstleistungen f\u00fcr die Unterst\u00fctzung bei der Einwanderung, den Transport von Kunstwerken, den Transport von Haustieren und bei Bedarf sichere Lagerm\u00f6glichkeiten.<\/p>\n<p>Website: <a href=\"http:\/\/www.remssa.cl\" target=\"_blank\" rel=\"noopener\">http:\/\/www.remssa.cl<\/a><\/p>\n<h2><span class=\"ez-toc-section\" id=\"6_Ward_Van_Lines\"><\/span><strong>6. Ward Van Lines<\/strong><span class=\"ez-toc-section-end\"><\/span><\/h2>\n<p><img loading=\"lazy\" decoding=\"async\" class=\"alignnone size-full wp-image-5499\" src=\"https:\/\/moverdb.com\/wp-content\/uploads\/Ward-Van-Lines-international-moving-company.png\" alt=\"Ward Van Lines internationales Umzugsunternehmen\" width=\"1440\" height=\"680\" data-wp-pid=\"5499\" srcset=\"https:\/\/moverdb.com\/wp-content\/uploads\/Ward-Van-Lines-international-moving-company.png 1440w, https:\/\/moverdb.com\/wp-content\/uploads\/Ward-Van-Lines-international-moving-company-300x142.png 300w, https:\/\/moverdb.com\/wp-content\/uploads\/Ward-Van-Lines-international-moving-company-1024x484.png 1024w, https:\/\/moverdb.com\/wp-content\/uploads\/Ward-Van-Lines-international-moving-company-18x9.png 18w, https:\/\/moverdb.com\/wp-content\/uploads\/Ward-Van-Lines-international-moving-company-600x283.png 600w\" sizes=\"auto, (max-width: 1440px) 100vw, 1440px\" \/><\/p>\n<ul>\n<li>Nationale Umz\u00fcge<\/li>\n<li>Internationale Umz\u00fcge<\/li>\n<li>Pers\u00f6nlicher Service<\/li>\n<li>Verpackungsservice mit erstklassigen Materialien<\/li>\n<li>M\u00f6bel demontieren und montieren<\/li>\n<li>Kennzeichnung von Artikeln zur st\u00e4ndigen Nachverfolgung<\/li>\n<li>Verfolgen Sie Ihren Umzug durch GPS-Tracking<\/li>\n<li>Ausfuhrdokumente einschlie\u00dflich Zollabfertigung<\/li>\n<li>Versicherung<\/li>\n<li>Sichere Lagereinrichtungen<\/li>\n<\/ul>\n<p>Ward Van Lines ist ein internationales und nationales Umzugsunternehmen, das 1969 gegr\u00fcndet wurde. Der Hauptsitz des Unternehmens befindet sich in Santiago und es hat Niederlassungen in den wichtigsten H\u00e4fen, darunter Valparaiso und San Antonio. Das Unternehmen ist seit 53 Jahren Mitglied der IAM und von der FIDI akkreditiert.<\/p>\n<p>Ward Van Lines bietet einen pers\u00f6nlichen T\u00fcr-zu-T\u00fcr-Service, bei dem erstklassige Materialien verwendet werden, um Ihr Hab und Gut sicher zu verpacken, und Holzkisten f\u00fcr zerbrechliche Gegenst\u00e4nde zum Einsatz kommen. Das Unternehmen erstellt ein Inventar und versieht alle Ihre Gegenst\u00e4nde mit eindeutigen Strichcodes, um sie zu identifizieren. Die Lkws sind mit einem GPS-Tracking-System ausgestattet, mit dem Sie Ihr Hab und Gut rund um die Uhr verfolgen k\u00f6nnen.<\/p>\n<p>Website: <a href=\"http:\/\/www.wardvanlines.com\" target=\"_blank\" rel=\"noopener\">http:\/\/www.wardvanlines.com<\/a><\/p>\n<h2><span class=\"ez-toc-section\" id=\"Other_Useful_Guides_to_Chile\"><\/span>Andere n\u00fctzliche Reisef\u00fchrer f\u00fcr Chile<span class=\"ez-toc-section-end\"><\/span><\/h2>\n<ul>\n<li> <a href=\"https:\/\/moverdb.com\/de\/containerschifffahrt\/chile\/\">2024 Seefracht-Container-Tarife von und nach Chile<\/a><\/li>\n<li> <a href=\"https:\/\/moverdb.com\/de\/moving-to-chile\/\">Umzug nach Chile? 2026 Lebenshaltungskosten &amp; Umzugstipps<\/a><\/li>\n<li> <a href=\"https:\/\/moverdb.com\/de\/moving-to-chile\/best-places-to-live-chile\/\">Die 12 besten Orte zum Leben in Chile<\/a><\/li>\n<\/ul>","protected":false},"excerpt":{"rendered":"<p>Moving can be a busy and stressful time especially in you are moving long distance or to another country. This is where a moving company can help reduce your stress by taking away some of the workload. Below we have compiled a list of Chilean removal companies that are members of the International Association of [&hellip;]<\/p>\n","protected":false},"author":4,"featured_media":0,"parent":190,"menu_order":0,"comment_status":"closed","ping_status":"closed","template":"","meta":{"_genesis_hide_title":false,"_genesis_hide_breadcrumbs":false,"_genesis_hide_singular_image":false,"_genesis_hide_footer_widgets":false,"_genesis_custom_body_class":"","_genesis_custom_post_class":"","_genesis_layout":"","footnotes":""},"class_list":{"0":"post-5527","1":"page","2":"type-page","3":"status-publish","5":"entry","6":"has-post-thumbnail"},"_links":{"self":[{"href":"https:\/\/moverdb.com\/de\/wp-json\/wp\/v2\/pages\/5527","targetHints":{"allow":["GET"]}}],"collection":[{"href":"https:\/\/moverdb.com\/de\/wp-json\/wp\/v2\/pages"}],"about":[{"href":"https:\/\/moverdb.com\/de\/wp-json\/wp\/v2\/types\/page"}],"author":[{"embeddable":true,"href":"https:\/\/moverdb.com\/de\/wp-json\/wp\/v2\/users\/4"}],"replies":[{"embeddable":true,"href":"https:\/\/moverdb.com\/de\/wp-json\/wp\/v2\/comments?post=5527"}],"version-history":[{"count":4,"href":"https:\/\/moverdb.com\/de\/wp-json\/wp\/v2\/pages\/5527\/revisions"}],"predecessor-version":[{"id":16390,"href":"https:\/\/moverdb.com\/de\/wp-json\/wp\/v2\/pages\/5527\/revisions\/16390"}],"up":[{"embeddable":true,"href":"https:\/\/moverdb.com\/de\/wp-json\/wp\/v2\/pages\/190"}],"wp:attachment":[{"href":"https:\/\/moverdb.com\/de\/wp-json\/wp\/v2\/media?parent=5527"}],"curies":[{"name":"wp","href":"https:\/\/api.w.org\/{rel}","templated":true}]}}