{"id":5520,"date":"2023-02-01T13:56:46","date_gmt":"2023-02-01T13:56:46","guid":{"rendered":"https:\/\/moverdb.com\/?page_id=5520"},"modified":"2026-01-08T15:29:45","modified_gmt":"2026-01-08T15:29:45","slug":"karibische-niederlandische-umzugsunternehmen","status":"publish","type":"page","link":"https:\/\/moverdb.com\/de\/moving-companies\/caribbean-netherlands-moving-companies\/","title":{"rendered":"Beste internationale Spediteure in der Karibik Niederlande"},"content":{"rendered":"<p>Wenn Sie in der Karibik umziehen m\u00f6chten <a href=\"https:\/\/moverdb.com\/de\/moving-to-the-netherlands\/\" data-internallinksmanager029f6b8e52c=\"328\" title=\"Umzug in die Niederlande? 2026 Lebenshaltungskosten &amp; Umzugstipps\">Niederlande<\/a>oder in die bzw. aus den karibischen Niederlanden ben\u00f6tigen Sie m\u00f6glicherweise die Unterst\u00fctzung eines <a href=\"https:\/\/moverdb.com\/de\/moving-companies\/\" data-internallinksmanager029f6b8e52c=\"79\" title=\"Top 25 Internationale Umzugsunternehmen Online\">Umzugsunternehmen<\/a> um den Druck des Umzugs zu verringern. Im Folgenden haben wir eine Liste der karibischen Niederlande zusammengestellt <a href=\"https:\/\/moverdb.com\/de\/international-removals\/\" data-internallinksmanager029f6b8e52c=\"27\" title=\"36 Beste internationale Umzugsunternehmen in Gro\u00dfbritannien\">Umzugsunternehmen<\/a> die Mitglieder der <a href=\"https:\/\/moverdb.com\/de\/iam\/\" data-internallinksmanager029f6b8e52c=\"23\" title=\"International Association of Movers (IAM) erkl\u00e4rt\">Internationaler Verband der M\u00f6belspediteure<\/a> (IAM) und\/oder <a href=\"https:\/\/moverdb.com\/de\/fidi-faim\/\" data-internallinksmanager029f6b8e52c=\"16\" title=\"FIDI &amp; FAIM (FIDI Accredited International Mover) Erl\u00e4utert\">FIDI<\/a> Accredited International Mover (FAIM), der Ihnen helfen kann.<\/p>\n<h2><strong>Meyer Umzug<\/strong><\/h2>\n<p><img loading=\"lazy\" decoding=\"async\" class=\"alignnone size-full wp-image-5459\" src=\"https:\/\/moverdb.com\/wp-content\/uploads\/Meyer-Moving-international-moving-company.png\" alt=\"Meyer Moving internationales Umzugsunternehmen\" width=\"1440\" height=\"682\" data-wp-pid=\"5459\" srcset=\"https:\/\/moverdb.com\/wp-content\/uploads\/Meyer-Moving-international-moving-company.png 1440w, https:\/\/moverdb.com\/wp-content\/uploads\/Meyer-Moving-international-moving-company-300x142.png 300w, https:\/\/moverdb.com\/wp-content\/uploads\/Meyer-Moving-international-moving-company-1024x485.png 1024w, https:\/\/moverdb.com\/wp-content\/uploads\/Meyer-Moving-international-moving-company-18x9.png 18w, https:\/\/moverdb.com\/wp-content\/uploads\/Meyer-Moving-international-moving-company-600x284.png 600w\" sizes=\"auto, (max-width: 1440px) 100vw, 1440px\" \/><\/p>\n<ul>\n<li>Lokale Umz\u00fcge<\/li>\n<li>Internationale Umz\u00fcge<\/li>\n<li>Umz\u00fcge in Wohnungen<\/li>\n<li>Unternehmen zieht um<\/li>\n<li>Haus-zu-Haus-Dienst<\/li>\n<li>Einpacken und Auspacken<\/li>\n<li>Land-, See- und Luftfracht<\/li>\n<li>Unterst\u00fctzung nach dem Umzug<\/li>\n<li>Fahrzeug\u00fcberf\u00fchrung<\/li>\n<li>Lagereinrichtungen<\/li>\n<\/ul>\n<p>Meyer Moving ist ein 1959 gegr\u00fcndetes Umzugsunternehmen, das sich auf lokale und internationale Umz\u00fcge f\u00fcr Privat- und Firmenkunden spezialisiert hat. Das Unternehmen verf\u00fcgt \u00fcber 7 Niederlassungen in der Karibik und ein globales Netzwerk von angeschlossenen Unternehmen und Partneragenturen, die internationale Umz\u00fcge durchf\u00fchren. Das Unternehmen ist seit 63 Jahren Mitglied der IAM und ist von der FIDI akkreditiert.<\/p>\n<p>Meyer Moving bietet Umzugs-, Umzugsund Lagerungsdienste an, die Beratung zum Umzug und Unterst\u00fctzung bei Ihrem Umzug von T\u00fcr zu T\u00fcr umfassen. Sie verpacken Ihr Hab und Gut sicher, arrangieren den Transport auf dem Land-, See- oder Luftweg, den Auspackservice und die Einlagerung, falls erforderlich.<\/p>\n<p>Website: <a href=\"http:\/\/www.meyermoving.com\/\" target=\"_blank\" rel=\"noopener\">http:\/\/www.meyermoving.com\/<\/a><\/p>","protected":false},"excerpt":{"rendered":"<p>If you are thinking of moving within the Caribbean Netherlands, or to or from the Caribbean Netherlands you may want support from a moving company to reduce the pressure of moving. Below we have compiled a list of Caribbean Netherlands removal companies that are members of the International Association of Movers (IAM) and\/or FIDI Accredited [&hellip;]<\/p>\n","protected":false},"author":4,"featured_media":0,"parent":190,"menu_order":0,"comment_status":"closed","ping_status":"closed","template":"","meta":{"_genesis_hide_title":false,"_genesis_hide_breadcrumbs":false,"_genesis_hide_singular_image":false,"_genesis_hide_footer_widgets":false,"_genesis_custom_body_class":"","_genesis_custom_post_class":"","_genesis_layout":"","footnotes":""},"class_list":{"0":"post-5520","1":"page","2":"type-page","3":"status-publish","5":"entry","6":"has-post-thumbnail"},"_links":{"self":[{"href":"https:\/\/moverdb.com\/de\/wp-json\/wp\/v2\/pages\/5520","targetHints":{"allow":["GET"]}}],"collection":[{"href":"https:\/\/moverdb.com\/de\/wp-json\/wp\/v2\/pages"}],"about":[{"href":"https:\/\/moverdb.com\/de\/wp-json\/wp\/v2\/types\/page"}],"author":[{"embeddable":true,"href":"https:\/\/moverdb.com\/de\/wp-json\/wp\/v2\/users\/4"}],"replies":[{"embeddable":true,"href":"https:\/\/moverdb.com\/de\/wp-json\/wp\/v2\/comments?post=5520"}],"version-history":[{"count":4,"href":"https:\/\/moverdb.com\/de\/wp-json\/wp\/v2\/pages\/5520\/revisions"}],"predecessor-version":[{"id":7597,"href":"https:\/\/moverdb.com\/de\/wp-json\/wp\/v2\/pages\/5520\/revisions\/7597"}],"up":[{"embeddable":true,"href":"https:\/\/moverdb.com\/de\/wp-json\/wp\/v2\/pages\/190"}],"wp:attachment":[{"href":"https:\/\/moverdb.com\/de\/wp-json\/wp\/v2\/media?parent=5520"}],"curies":[{"name":"wp","href":"https:\/\/api.w.org\/{rel}","templated":true}]}}