{"id":5518,"date":"2023-02-01T13:53:00","date_gmt":"2023-02-01T13:53:00","guid":{"rendered":"https:\/\/moverdb.com\/?page_id=5518"},"modified":"2026-01-08T15:29:50","modified_gmt":"2026-01-08T15:29:50","slug":"burkina-faso-umzugs-unternehmen","status":"publish","type":"page","link":"https:\/\/moverdb.com\/de\/moving-companies\/burkina-faso-moving-companies\/","title":{"rendered":"Die besten internationalen Umzugsunternehmen in Burkina Faso"},"content":{"rendered":"<p>Wenn Sie einen Umzug in Burkina Faso oder einen Umzug von oder nach Burkina Faso planen, kann die Hilfe eines Umzugsunternehmens hilfreich sein. Ein Umzugsunternehmen kann die physische und psychische Last erleichtern, besonders wenn Sie in ein anderes Land umziehen. Nachfolgend haben wir eine Liste von Burkina Faso zusammengestellt <a href=\"https:\/\/moverdb.com\/de\/moving-companies\/\" data-internallinksmanager029f6b8e52c=\"79\" title=\"Top 25 Internationale Umzugsunternehmen Online\">Umzugsunternehmen<\/a> die Mitglieder der <a href=\"https:\/\/moverdb.com\/de\/iam\/\" data-internallinksmanager029f6b8e52c=\"23\" title=\"International Association of Movers (IAM) erkl\u00e4rt\">Internationaler Verband der M\u00f6belspediteure<\/a> (IAM), die Sie unterst\u00fctzen k\u00f6nnen.<\/p>\n<p><strong>Bewegung Eins<\/strong><\/p>\n<p><img loading=\"lazy\" decoding=\"async\" class=\"alignnone size-full wp-image-5461\" src=\"https:\/\/moverdb.com\/wp-content\/uploads\/Move-One-international-moving-company.png\" alt=\"Move One internationales Umzugsunternehmen\" width=\"1440\" height=\"680\" data-wp-pid=\"5461\" srcset=\"https:\/\/moverdb.com\/wp-content\/uploads\/Move-One-international-moving-company.png 1440w, https:\/\/moverdb.com\/wp-content\/uploads\/Move-One-international-moving-company-300x142.png 300w, https:\/\/moverdb.com\/wp-content\/uploads\/Move-One-international-moving-company-1024x484.png 1024w, https:\/\/moverdb.com\/wp-content\/uploads\/Move-One-international-moving-company-18x9.png 18w, https:\/\/moverdb.com\/wp-content\/uploads\/Move-One-international-moving-company-600x283.png 600w\" sizes=\"auto, (max-width: 1440px) 100vw, 1440px\" \/><\/p>\n<ul>\n<li>Internationale Umz\u00fcge<\/li>\n<li>Umz\u00fcge<\/li>\n<li>Umz\u00fcge in Wohnungen<\/li>\n<li>B\u00fcroverlagerungen<\/li>\n<li>Unterst\u00fctzung bei der Einwanderung<\/li>\n<li>Geschultes und professionelles Personal<\/li>\n<li>Transport von Haustieren<\/li>\n<li>Unterst\u00fctzung bei der Suche nach einer Wohnung und Schulen<\/li>\n<li>Dienstleistungen zur Eingew\u00f6hnung<\/li>\n<li>Lagereinrichtungen<\/li>\n<\/ul>\n<p>Move One ist ein 1992 gegr\u00fcndetes Umzugsunternehmen mit einer Niederlassung in Oagadougou, das Logistik-, Umzugs- und globale Mobilit\u00e4tsl\u00f6sungen anbietet. Sie behaupten, Marktf\u00fchrer in Europa, Afrika, dem Nahen Osten, dem Balkan und der GUS zu sein. Das Unternehmen ist seit 23 Jahren Mitglied der IAM. Sie sind Teil eines Netzwerks von internationalen Umzugsunternehmen, die internationale Umz\u00fcge anbieten.<\/p>\n<p>Move One bietet Umz\u00fcge, Umzugsdienstleistungen und Relocation Services mit professioneller Unterst\u00fctzung durch geschultes Personal, das Sie bei Ihrem Umzug begleitet und Ihnen bei der Bew\u00e4ltigung der b\u00fcrokratischen H\u00fcrden hilft. Sie k\u00f6nnen beim Transport von Haustieren, bei der Wohnungssuche und bei der Schulsuche helfen.<\/p>\n<p>Website: <a href=\"https:\/\/www.moveoneinc.com\/\" target=\"_blank\" rel=\"noopener\">https:\/\/www.moveoneinc.com\/<\/a><\/p>","protected":false},"excerpt":{"rendered":"<p>If you are planning a move in Burkina Faso, or moving to or from Burkina Faso then enlisting the assistance of a moving company can help. A moving company can lighten the load physical and mentally especially if you are moving countries. Below we have compiled a list of Burkina Faso moving companies that are [&hellip;]<\/p>\n","protected":false},"author":4,"featured_media":0,"parent":190,"menu_order":0,"comment_status":"closed","ping_status":"closed","template":"","meta":{"_genesis_hide_title":false,"_genesis_hide_breadcrumbs":false,"_genesis_hide_singular_image":false,"_genesis_hide_footer_widgets":false,"_genesis_custom_body_class":"","_genesis_custom_post_class":"","_genesis_layout":"","footnotes":""},"class_list":{"0":"post-5518","1":"page","2":"type-page","3":"status-publish","5":"entry"},"_links":{"self":[{"href":"https:\/\/moverdb.com\/de\/wp-json\/wp\/v2\/pages\/5518","targetHints":{"allow":["GET"]}}],"collection":[{"href":"https:\/\/moverdb.com\/de\/wp-json\/wp\/v2\/pages"}],"about":[{"href":"https:\/\/moverdb.com\/de\/wp-json\/wp\/v2\/types\/page"}],"author":[{"embeddable":true,"href":"https:\/\/moverdb.com\/de\/wp-json\/wp\/v2\/users\/4"}],"replies":[{"embeddable":true,"href":"https:\/\/moverdb.com\/de\/wp-json\/wp\/v2\/comments?post=5518"}],"version-history":[{"count":1,"href":"https:\/\/moverdb.com\/de\/wp-json\/wp\/v2\/pages\/5518\/revisions"}],"predecessor-version":[{"id":5519,"href":"https:\/\/moverdb.com\/de\/wp-json\/wp\/v2\/pages\/5518\/revisions\/5519"}],"up":[{"embeddable":true,"href":"https:\/\/moverdb.com\/de\/wp-json\/wp\/v2\/pages\/190"}],"wp:attachment":[{"href":"https:\/\/moverdb.com\/de\/wp-json\/wp\/v2\/media?parent=5518"}],"curies":[{"name":"wp","href":"https:\/\/api.w.org\/{rel}","templated":true}]}}