{"id":5515,"date":"2023-02-01T13:53:52","date_gmt":"2023-02-01T13:53:52","guid":{"rendered":"https:\/\/moverdb.com\/?page_id=5515"},"modified":"2026-01-08T15:29:52","modified_gmt":"2026-01-08T15:29:52","slug":"kamerun-umzugsunternehmen","status":"publish","type":"page","link":"https:\/\/moverdb.com\/de\/moving-companies\/cameroon-moving-companies\/","title":{"rendered":"Beste internationale Umzugsfirmen in Kamerun"},"content":{"rendered":"<p>Ziehen Sie mit Ihrem Haus oder Ihrem Unternehmen um? Dann w\u00fcnschen Sie sich vielleicht Hilfe, um den Umzug zu erleichtern, vor allem, wenn Sie in ein anderes Land umziehen, also eine seri\u00f6se <a href=\"https:\/\/moverdb.com\/de\/moving-companies\/\" data-internallinksmanager029f6b8e52c=\"79\" title=\"Top 25 Internationale Umzugsunternehmen Online\">Umzugsunternehmen<\/a> helfen k\u00f6nnte. Im Folgenden haben wir eine Liste von Kamerun zusammengestellt <a href=\"https:\/\/moverdb.com\/de\/international-removals\/\" data-internallinksmanager029f6b8e52c=\"27\" title=\"36 Beste internationale Umzugsunternehmen in Gro\u00dfbritannien\">Umzugsunternehmen<\/a> die Mitglieder der <a href=\"https:\/\/moverdb.com\/de\/iam\/\" data-internallinksmanager029f6b8e52c=\"23\" title=\"International Association of Movers (IAM) erkl\u00e4rt\">Internationaler Verband der M\u00f6belspediteure<\/a> (IAM), die Ihnen helfen k\u00f6nnen.<\/p>\n<h2><strong>Bewegung Eins<\/strong><\/h2>\n<p><img loading=\"lazy\" decoding=\"async\" class=\"alignnone size-full wp-image-5461\" src=\"https:\/\/moverdb.com\/wp-content\/uploads\/Move-One-international-moving-company.png\" alt=\"Move One internationales Umzugsunternehmen\" width=\"1440\" height=\"680\" data-wp-pid=\"5461\" srcset=\"https:\/\/moverdb.com\/wp-content\/uploads\/Move-One-international-moving-company.png 1440w, https:\/\/moverdb.com\/wp-content\/uploads\/Move-One-international-moving-company-300x142.png 300w, https:\/\/moverdb.com\/wp-content\/uploads\/Move-One-international-moving-company-1024x484.png 1024w, https:\/\/moverdb.com\/wp-content\/uploads\/Move-One-international-moving-company-18x9.png 18w, https:\/\/moverdb.com\/wp-content\/uploads\/Move-One-international-moving-company-600x283.png 600w\" sizes=\"auto, (max-width: 1440px) 100vw, 1440px\" \/><\/p>\n<ul>\n<li>Internationale Umz\u00fcge<\/li>\n<li>Umz\u00fcge<\/li>\n<li>Umz\u00fcge im Haushalt<\/li>\n<li>B\u00fcroumz\u00fcge<\/li>\n<li>Professionelles Personal zu Ihrer Unterst\u00fctzung<\/li>\n<li>Unterst\u00fctzung bei der Einwanderung<\/li>\n<li>Transport von Haustieren<\/li>\n<li>Hilfe bei der Eingew\u00f6hnung<\/li>\n<li>Wohnungssuche und Schulsuche<\/li>\n<li>L\u00f6sungen f\u00fcr die Lagerung<\/li>\n<\/ul>\n<p>Move One ist ein internationales Umzugsunternehmen mit Niederlassungen in Europa, Afrika und dem Nahen Osten, einschlie\u00dflich Kamerun. Das Unternehmen bietet seit 1992 L\u00f6sungen f\u00fcr Logistik, Umz\u00fcge und globale Mobilit\u00e4t an. Sie verf\u00fcgen auch \u00fcber ein internationales Netzwerk von Umzugsunternehmen, um Kunden international zu unterst\u00fctzen. Die kamerunische Niederlassung ist seit 6 Jahren Mitglied der IAM.<\/p>\n<p>Move One bietet einen professionellen Service mit hochqualifizierten Mitarbeitern, die Sie bei Ihrem Umzug oder Relocation unterst\u00fctzen. Sie unterst\u00fctzen Sie bei allen Aspekten Ihres Umzugs, einschlie\u00dflich der Organisation der Logistik und der Unterst\u00fctzung bei der Einwanderung sowie beim Transport Ihrer Haustiere. Der Umzugsservice umfasst auch Unterst\u00fctzung bei der Eingew\u00f6hnung, Wohnungs- und Schulsuche.<\/p>\n<p>Website: <a href=\"https:\/\/www.moveoneinc.com\/\" target=\"_blank\" rel=\"noopener\">https:\/\/www.moveoneinc.com\/<\/a><\/p>","protected":false},"excerpt":{"rendered":"<p>Are you moving home or your business? Then you may want help in making the move easier especially if you are relocating to another country, so a reputable moving company could help. Below we have compiled a list of Cameroon removal companies that are members of the International Association of Movers (IAM) that could help [&hellip;]<\/p>\n","protected":false},"author":4,"featured_media":0,"parent":190,"menu_order":0,"comment_status":"closed","ping_status":"closed","template":"","meta":{"_genesis_hide_title":false,"_genesis_hide_breadcrumbs":false,"_genesis_hide_singular_image":false,"_genesis_hide_footer_widgets":false,"_genesis_custom_body_class":"","_genesis_custom_post_class":"","_genesis_layout":"","footnotes":""},"class_list":{"0":"post-5515","1":"page","2":"type-page","3":"status-publish","5":"entry","6":"has-post-thumbnail"},"_links":{"self":[{"href":"https:\/\/moverdb.com\/de\/wp-json\/wp\/v2\/pages\/5515","targetHints":{"allow":["GET"]}}],"collection":[{"href":"https:\/\/moverdb.com\/de\/wp-json\/wp\/v2\/pages"}],"about":[{"href":"https:\/\/moverdb.com\/de\/wp-json\/wp\/v2\/types\/page"}],"author":[{"embeddable":true,"href":"https:\/\/moverdb.com\/de\/wp-json\/wp\/v2\/users\/4"}],"replies":[{"embeddable":true,"href":"https:\/\/moverdb.com\/de\/wp-json\/wp\/v2\/comments?post=5515"}],"version-history":[{"count":2,"href":"https:\/\/moverdb.com\/de\/wp-json\/wp\/v2\/pages\/5515\/revisions"}],"predecessor-version":[{"id":5517,"href":"https:\/\/moverdb.com\/de\/wp-json\/wp\/v2\/pages\/5515\/revisions\/5517"}],"up":[{"embeddable":true,"href":"https:\/\/moverdb.com\/de\/wp-json\/wp\/v2\/pages\/190"}],"wp:attachment":[{"href":"https:\/\/moverdb.com\/de\/wp-json\/wp\/v2\/media?parent=5515"}],"curies":[{"name":"wp","href":"https:\/\/api.w.org\/{rel}","templated":true}]}}