{"id":5512,"date":"2023-02-01T13:54:26","date_gmt":"2023-02-01T13:54:26","guid":{"rendered":"https:\/\/moverdb.com\/?page_id=5512"},"modified":"2026-01-08T15:29:51","modified_gmt":"2026-01-08T15:29:51","slug":"burundi-umzugsunternehmen","status":"publish","type":"page","link":"https:\/\/moverdb.com\/de\/moving-companies\/burundi-moving-companies\/","title":{"rendered":"Die besten internationalen Umzugsunternehmen in Burundi"},"content":{"rendered":"<p>Wenn Sie Ihren Wohn- oder Gesch\u00e4ftssitz nach Burundi verlegen oder aus Burundi umziehen m\u00f6chten, sind Sie vielleicht an den Dienstleistungen eines <a href=\"https:\/\/moverdb.com\/de\/moving-companies\/\" data-internallinksmanager029f6b8e52c=\"79\" title=\"Top 25 Internationale Umzugsunternehmen Online\">Umzugsunternehmen<\/a> die Ihnen den Umzug erleichtern k\u00f6nnen. Im Folgenden haben wir eine Liste von Burundi zusammengestellt <a href=\"https:\/\/moverdb.com\/de\/international-removals\/\" data-internallinksmanager029f6b8e52c=\"27\" title=\"36 Beste internationale Umzugsunternehmen in Gro\u00dfbritannien\">Umzugsunternehmen<\/a> die Mitglieder der <a href=\"https:\/\/moverdb.com\/de\/iam\/\" data-internallinksmanager029f6b8e52c=\"23\" title=\"International Association of Movers (IAM) erkl\u00e4rt\">Internationaler Verband der M\u00f6belspediteure<\/a> (IAM), die Ihnen helfen k\u00f6nnen.<\/p>\n<h2><strong>Logistik der Gro\u00dfen Seen<\/strong><\/h2>\n<p><img loading=\"lazy\" decoding=\"async\" class=\"alignnone size-full wp-image-5444\" src=\"https:\/\/moverdb.com\/wp-content\/uploads\/Great-Lakes-Logistics-international-moving-company.png\" alt=\"Great Lakes Logistics internationales Umzugsunternehmen\" width=\"1440\" height=\"679\" data-wp-pid=\"5444\" srcset=\"https:\/\/moverdb.com\/wp-content\/uploads\/Great-Lakes-Logistics-international-moving-company.png 1440w, https:\/\/moverdb.com\/wp-content\/uploads\/Great-Lakes-Logistics-international-moving-company-300x141.png 300w, https:\/\/moverdb.com\/wp-content\/uploads\/Great-Lakes-Logistics-international-moving-company-1024x483.png 1024w, https:\/\/moverdb.com\/wp-content\/uploads\/Great-Lakes-Logistics-international-moving-company-18x8.png 18w, https:\/\/moverdb.com\/wp-content\/uploads\/Great-Lakes-Logistics-international-moving-company-600x283.png 600w\" sizes=\"auto, (max-width: 1440px) 100vw, 1440px\" \/><\/p>\n<ul>\n<li>Nationale Umz\u00fcge<\/li>\n<li>Internationale Umz\u00fcge<\/li>\n<li>Umz\u00fcge f\u00fcr Wohnzwecke<\/li>\n<li>Kleine kommerzielle Umz\u00fcge<\/li>\n<li>Stra\u00dfen-, Schienen-, See- und Luftfracht<\/li>\n<li>Verpacken, Be- und Entladen<\/li>\n<li>Online-Inventar<\/li>\n<li>Zollabfertigung<\/li>\n<li>Deckt Ostafrika ab<\/li>\n<li>Lagereinrichtungen<\/li>\n<\/ul>\n<p>Great Lakes Logistics ist ein Clearing-, Speditions-, Versand- und Lagerungsunternehmen, das 2015 in Burundi als Niederlassung eines gro\u00dfen Unternehmens der Vereinigten Arabischen Emirate gegr\u00fcndet wurde. Sie bieten Umzugsdienstleistungen in Burundi und Ruanda an, <a href=\"https:\/\/moverdb.com\/de\/moving-companies\/moving-companies-kenya\/\" data-internallinksmanager029f6b8e52c=\"305\" title=\"Die 4 besten internationalen Umzugsunternehmen in Kenia\">Kenia<\/a>Uganda, Tansania, S\u00fcdsudan, <a href=\"https:\/\/moverdb.com\/de\/moving-companies\/moving-companies-mozambique\/\" data-internallinksmanager029f6b8e52c=\"286\" title=\"Die 4 besten internationalen Umzugsunternehmen in Mosambik\">Mosambik<\/a>, <a href=\"https:\/\/moverdb.com\/de\/moving-companies\/moving-companies-malawi\/\" data-internallinksmanager029f6b8e52c=\"295\" title=\"Die besten internationalen Umzugsunternehmen in Malawi\">Malawi<\/a>, DRC, <a href=\"https:\/\/moverdb.com\/de\/moving-companies\/botswana-moving-companies\/\" data-internallinksmanager029f6b8e52c=\"167\" title=\"Die besten internationalen Umzugsunternehmen in Botswana\">Botswana<\/a>Angola und Simbabwe. Sie sind seit 6 Jahren Mitglied der IAM.<\/p>\n<p>Great Lakes Logistics bietet Umz\u00fcge f\u00fcr Privathaushalte und kleine Unternehmen an, die per Stra\u00dfe, Schiene, See- und Luftfracht durchgef\u00fchrt werden k\u00f6nnen. Das Unternehmen bietet eine Reihe von Umzugsdienstleistungen an, darunter Be- und Entladen, Organisation des Umzugsguts, Verpackungsdienste, Zollabfertigung und Lagerung.<\/p>\n<p>Website: <a href=\"https:\/\/www.greatlakeslogistics-bu.bi\" target=\"_blank\" rel=\"noopener\">https:\/\/www.greatlakeslogistics-bu.bi<\/a><\/p>","protected":false},"excerpt":{"rendered":"<p>If you are wanting to move home or business in Burundi, move to or from Burundi, you may be interested in the services of a moving company who could ease the move for you. Below we have compiled a list of Burundi removal companies that are members of the International Association of Movers (IAM) that [&hellip;]<\/p>\n","protected":false},"author":4,"featured_media":0,"parent":190,"menu_order":0,"comment_status":"closed","ping_status":"closed","template":"","meta":{"_genesis_hide_title":false,"_genesis_hide_breadcrumbs":false,"_genesis_hide_singular_image":false,"_genesis_hide_footer_widgets":false,"_genesis_custom_body_class":"","_genesis_custom_post_class":"","_genesis_layout":"","footnotes":""},"class_list":{"0":"post-5512","1":"page","2":"type-page","3":"status-publish","5":"entry","6":"has-post-thumbnail"},"_links":{"self":[{"href":"https:\/\/moverdb.com\/de\/wp-json\/wp\/v2\/pages\/5512","targetHints":{"allow":["GET"]}}],"collection":[{"href":"https:\/\/moverdb.com\/de\/wp-json\/wp\/v2\/pages"}],"about":[{"href":"https:\/\/moverdb.com\/de\/wp-json\/wp\/v2\/types\/page"}],"author":[{"embeddable":true,"href":"https:\/\/moverdb.com\/de\/wp-json\/wp\/v2\/users\/4"}],"replies":[{"embeddable":true,"href":"https:\/\/moverdb.com\/de\/wp-json\/wp\/v2\/comments?post=5512"}],"version-history":[{"count":2,"href":"https:\/\/moverdb.com\/de\/wp-json\/wp\/v2\/pages\/5512\/revisions"}],"predecessor-version":[{"id":5514,"href":"https:\/\/moverdb.com\/de\/wp-json\/wp\/v2\/pages\/5512\/revisions\/5514"}],"up":[{"embeddable":true,"href":"https:\/\/moverdb.com\/de\/wp-json\/wp\/v2\/pages\/190"}],"wp:attachment":[{"href":"https:\/\/moverdb.com\/de\/wp-json\/wp\/v2\/media?parent=5512"}],"curies":[{"name":"wp","href":"https:\/\/api.w.org\/{rel}","templated":true}]}}