{"id":5510,"date":"2023-02-01T12:32:51","date_gmt":"2023-02-01T12:32:51","guid":{"rendered":"https:\/\/moverdb.com\/?page_id=5510"},"modified":"2026-01-08T15:23:39","modified_gmt":"2026-01-08T15:23:39","slug":"bulgarien-umzugsunternehmen","status":"publish","type":"page","link":"https:\/\/moverdb.com\/de\/moving-companies\/bulgaria-moving-companies\/","title":{"rendered":"2 beste internationale Umzugsunternehmen in Bulgarien"},"content":{"rendered":"<p>Wenn Sie Ihren Wohnsitz oder Ihr Unternehmen in <a href=\"https:\/\/moverdb.com\/de\/moving-to-bulgaria\/\" data-internallinksmanager029f6b8e52c=\"322\" title=\"Umzug nach Bulgarien? 2026 Lebenshaltungskosten &amp; Umzugstipps\">Bulgarien<\/a>oder nach oder von Bulgarien umziehen, dann sollten Sie die Dienste eines <a href=\"https:\/\/moverdb.com\/de\/moving-companies\/\" data-internallinksmanager029f6b8e52c=\"79\" title=\"Top 25 Internationale Umzugsunternehmen Online\">Umzugsunternehmen<\/a> um die Arbeitsbelastung zu verringern. Im Folgenden haben wir eine Liste der bulgarischen <a href=\"https:\/\/moverdb.com\/de\/international-removals\/\" data-internallinksmanager029f6b8e52c=\"27\" title=\"36 Beste internationale Umzugsunternehmen in Gro\u00dfbritannien\">Umzugsunternehmen<\/a> die Mitglieder der <a href=\"https:\/\/moverdb.com\/de\/iam\/\" data-internallinksmanager029f6b8e52c=\"23\" title=\"International Association of Movers (IAM) erkl\u00e4rt\">Internationaler Verband der M\u00f6belspediteure<\/a> (IAM) und\/oder <a href=\"https:\/\/moverdb.com\/de\/fidi-faim\/\" data-internallinksmanager029f6b8e52c=\"16\" title=\"FIDI &amp; FAIM (FIDI Accredited International Mover) Erl\u00e4utert\">FIDI<\/a> Accredited International Mover (FAIM), die Ihnen helfen k\u00f6nnten.<\/p>\n<h2><strong>1. Movega<\/strong><\/h2>\n<p><img loading=\"lazy\" decoding=\"async\" class=\"alignnone size-full wp-image-5463\" src=\"https:\/\/moverdb.com\/wp-content\/uploads\/Movega-international-moving-company.png\" alt=\"Movega internationales Umzugsunternehmen\" width=\"1440\" height=\"678\" data-wp-pid=\"5463\" srcset=\"https:\/\/moverdb.com\/wp-content\/uploads\/Movega-international-moving-company.png 1440w, https:\/\/moverdb.com\/wp-content\/uploads\/Movega-international-moving-company-300x141.png 300w, https:\/\/moverdb.com\/wp-content\/uploads\/Movega-international-moving-company-1024x482.png 1024w, https:\/\/moverdb.com\/wp-content\/uploads\/Movega-international-moving-company-18x8.png 18w, https:\/\/moverdb.com\/wp-content\/uploads\/Movega-international-moving-company-600x283.png 600w\" sizes=\"auto, (max-width: 1440px) 100vw, 1440px\" \/><\/p>\n<ul>\n<li>Nationale Umz\u00fcge<\/li>\n<li>Europ\u00e4ische Umz\u00fcge<\/li>\n<li>Umz\u00fcge im Haushalt<\/li>\n<li>B\u00fcroverlagerungen<\/li>\n<li>Voll- und Teillastdienste<\/li>\n<li>Rabatte f\u00fcr die Buchung mehrerer Fahrzeuge<\/li>\n<li>Einpacken und Auspacken<\/li>\n<li>Online-Umfrageplattform zur Ermittlung Ihrer Anforderungen<\/li>\n<li>Kann einen externen Aufzug bereitstellen<\/li>\n<li>L\u00f6sungen f\u00fcr die Lagerung<\/li>\n<\/ul>\n<p>Movega ist ein Umzugsunternehmen mit Sitz in Varna, das Umzugsdienstleistungen in Bulgarien und Europa anbietet. Sie arbeiten mit Umzugspartnern zusammen, um ihre Dienstleistungen international anzubieten. Sie bieten Haushalts- und B\u00fcroumz\u00fcge an und sind seit 2 Jahren Mitglied der IAM.<\/p>\n<p>Movega bietet eine Auswahl an Umzugsdienstleistungen an, die es Ihnen erm\u00f6glichen, eine Voll- oder Teilladung zu nutzen oder Rabatte f\u00fcr mehrere Fahrzeuge zu erhalten. Movega hilft Ihnen bei der Einsch\u00e4tzung Ihrer Umzugsanforderungen mit Hilfe einer Online-Umfrageplattform. Sie bieten sowohl Transportdienstleistungen als auch komplette Ein- und Auspackservices an. Sie verf\u00fcgen \u00fcber einen vielseitigen Fuhrpark mit einem Au\u00dfenaufzug, um gro\u00dfe M\u00f6bel durch Fenster und Balkone zu transportieren.<\/p>\n<p>Website: <a href=\"http:\/\/movega.co.uk\" target=\"_blank\" rel=\"noopener\">http:\/\/movega.co.uk<\/a><\/p>\n<h2><strong>2. Umlaufbahn<\/strong><\/h2>\n<p><img loading=\"lazy\" decoding=\"async\" class=\"alignnone size-full wp-image-5470\" src=\"https:\/\/moverdb.com\/wp-content\/uploads\/Orbit-international-moving-company.png\" alt=\"Orbit Internationales Umzugsunternehmen\" width=\"1440\" height=\"684\" data-wp-pid=\"5470\" srcset=\"https:\/\/moverdb.com\/wp-content\/uploads\/Orbit-international-moving-company.png 1440w, https:\/\/moverdb.com\/wp-content\/uploads\/Orbit-international-moving-company-300x143.png 300w, https:\/\/moverdb.com\/wp-content\/uploads\/Orbit-international-moving-company-1024x486.png 1024w, https:\/\/moverdb.com\/wp-content\/uploads\/Orbit-international-moving-company-18x9.png 18w, https:\/\/moverdb.com\/wp-content\/uploads\/Orbit-international-moving-company-600x285.png 600w\" sizes=\"auto, (max-width: 1440px) 100vw, 1440px\" \/><\/p>\n<ul>\n<li>Nationale Umz\u00fcge<\/li>\n<li>Internationale Umz\u00fcge<\/li>\n<li>Umz\u00fcge im Haushalt<\/li>\n<li>Kommerzielle Logistik<\/li>\n<li>Personalisierter Ansatz<\/li>\n<li>Land-, See- und Luftverkehr<\/li>\n<li>Zollagentur<\/li>\n<li>Einpacken und Auspacken<\/li>\n<li>Transport von Kunst<\/li>\n<li>Transportverfolgung und Versicherung<\/li>\n<\/ul>\n<p>Orbit ist ein Speditions- und Transportunternehmen mit Sitz in Sofia, das seit \u00fcber 25 Jahren Umz\u00fcge in Bulgarien und international durchf\u00fchrt. Das Unternehmen ist Teil der Orphee Beinoglou-Gruppe, die \u00fcber Niederlassungen in ganz Europa verf\u00fcgt und mit anderen Umzugspartnern zusammenarbeitet, um internationale Umz\u00fcge durchzuf\u00fchren. Das Unternehmen ist seit 28 Jahren Mitglied der IAM und ist von der FIDI akkreditiert.<\/p>\n<p>Orbit bietet einen pers\u00f6nlichen Service, der eine erste Inspektion, die Planung Ihres Umzugs auf dem Land-, See- oder Luftweg, das sichere Ein- und Auspacken Ihrer Sachen und die Zollabfertigung umfasst. Mit einer Transportversicherung f\u00fcr Ihr Hab und Gut und einer Sendungsverfolgung sorgen sie f\u00fcr Ruhe.<\/p>\n<p>Website: <a href=\"http:\/\/www.orbit.bg\" target=\"_blank\" rel=\"noopener\">http:\/\/www.orbit.bg<\/a><\/p>\n<h2>Andere n\u00fctzliche Reisef\u00fchrer f\u00fcr Bulgarien<\/h2>\n<ul>\n<li> <a href=\"https:\/\/moverdb.com\/de\/moving-to-bulgaria\/\">Umzug nach Bulgarien? 2026 Lebenshaltungskosten &amp; Umzugstipps<\/a><\/li>\n<li> <a href=\"https:\/\/moverdb.com\/de\/moving-to-bulgaria\/best-places-to-live-bulgaria\/\">Die 13 besten Orte zum Leben in Bulgarien<\/a><\/li>\n<\/ul>","protected":false},"excerpt":{"rendered":"<p>If you are moving home or your business in Bulgaria, or moving to or from Bulgaria, then you may want to engage the services of a moving company to reduce the workload. Below we have compiled a list of Bulgarian removal companies that are members of the International Association of Movers (IAM) and\/or FIDI Accredited [&hellip;]<\/p>\n","protected":false},"author":4,"featured_media":0,"parent":190,"menu_order":0,"comment_status":"closed","ping_status":"closed","template":"","meta":{"_genesis_hide_title":false,"_genesis_hide_breadcrumbs":false,"_genesis_hide_singular_image":false,"_genesis_hide_footer_widgets":false,"_genesis_custom_body_class":"","_genesis_custom_post_class":"","_genesis_layout":"","footnotes":""},"class_list":{"0":"post-5510","1":"page","2":"type-page","3":"status-publish","5":"entry","6":"has-post-thumbnail"},"_links":{"self":[{"href":"https:\/\/moverdb.com\/de\/wp-json\/wp\/v2\/pages\/5510","targetHints":{"allow":["GET"]}}],"collection":[{"href":"https:\/\/moverdb.com\/de\/wp-json\/wp\/v2\/pages"}],"about":[{"href":"https:\/\/moverdb.com\/de\/wp-json\/wp\/v2\/types\/page"}],"author":[{"embeddable":true,"href":"https:\/\/moverdb.com\/de\/wp-json\/wp\/v2\/users\/4"}],"replies":[{"embeddable":true,"href":"https:\/\/moverdb.com\/de\/wp-json\/wp\/v2\/comments?post=5510"}],"version-history":[{"count":3,"href":"https:\/\/moverdb.com\/de\/wp-json\/wp\/v2\/pages\/5510\/revisions"}],"predecessor-version":[{"id":16292,"href":"https:\/\/moverdb.com\/de\/wp-json\/wp\/v2\/pages\/5510\/revisions\/16292"}],"up":[{"embeddable":true,"href":"https:\/\/moverdb.com\/de\/wp-json\/wp\/v2\/pages\/190"}],"wp:attachment":[{"href":"https:\/\/moverdb.com\/de\/wp-json\/wp\/v2\/media?parent=5510"}],"curies":[{"name":"wp","href":"https:\/\/api.w.org\/{rel}","templated":true}]}}