{"id":5507,"date":"2023-02-01T13:55:39","date_gmt":"2023-02-01T13:55:39","guid":{"rendered":"https:\/\/moverdb.com\/?page_id=5507"},"modified":"2026-01-08T15:29:49","modified_gmt":"2026-01-08T15:29:49","slug":"brunei-moving-companies","status":"publish","type":"page","link":"https:\/\/moverdb.com\/de\/moving-companies\/brunei-moving-companies\/","title":{"rendered":"Die besten internationalen Umzugsunternehmen in Brunei Darussalam"},"content":{"rendered":"<p>Der Umzug einer Wohnung oder eines Unternehmens kann komplex und anstrengend sein. Wenn Sie sich die Arbeit erleichtern wollen, sollten Sie einen <a href=\"https:\/\/moverdb.com\/de\/moving-companies\/\" data-internallinksmanager029f6b8e52c=\"79\" title=\"Top 25 Internationale Umzugsunternehmen Online\">Umzugsunternehmen<\/a> um Ihnen zu helfen. Im Folgenden haben wir eine Liste zusammengestellt mit <a href=\"https:\/\/moverdb.com\/de\/moving-to-brunei\/\" data-internallinksmanager029f6b8e52c=\"424\" title=\"Umzug nach Brunei? 2026 Lebenshaltungskosten &amp; Umzugstipps\">Brunei<\/a> Darussalam <a href=\"https:\/\/moverdb.com\/de\/international-removals\/\" data-internallinksmanager029f6b8e52c=\"27\" title=\"36 Beste internationale Umzugsunternehmen in Gro\u00dfbritannien\">Umzugsunternehmen<\/a> die Mitglieder der <a href=\"https:\/\/moverdb.com\/de\/iam\/\" data-internallinksmanager029f6b8e52c=\"23\" title=\"International Association of Movers (IAM) erkl\u00e4rt\">Internationaler Verband der M\u00f6belspediteure<\/a> (IAM), die Sie unterst\u00fctzen k\u00f6nnen.<\/p>\n<h2><strong>Brunei Transportunternehmen <\/strong><\/h2>\n<p><img loading=\"lazy\" decoding=\"async\" class=\"alignnone size-full wp-image-5508\" src=\"https:\/\/moverdb.com\/wp-content\/uploads\/Brunei-Transporting-Company-international-moving-company.png\" alt=\"Brunei Transporting Company internationales Umzugsunternehmen\" width=\"1440\" height=\"682\" data-wp-pid=\"5508\" srcset=\"https:\/\/moverdb.com\/wp-content\/uploads\/Brunei-Transporting-Company-international-moving-company.png 1440w, https:\/\/moverdb.com\/wp-content\/uploads\/Brunei-Transporting-Company-international-moving-company-300x142.png 300w, https:\/\/moverdb.com\/wp-content\/uploads\/Brunei-Transporting-Company-international-moving-company-1024x485.png 1024w, https:\/\/moverdb.com\/wp-content\/uploads\/Brunei-Transporting-Company-international-moving-company-18x9.png 18w, https:\/\/moverdb.com\/wp-content\/uploads\/Brunei-Transporting-Company-international-moving-company-600x284.png 600w\" sizes=\"auto, (max-width: 1440px) 100vw, 1440px\" \/><\/p>\n<ul>\n<li>Internationale Umz\u00fcge<\/li>\n<li>Lokaler Transport<\/li>\n<li>Umz\u00fcge im Haushalt<\/li>\n<li>Kommerzielle Umz\u00fcge<\/li>\n<li>Haus-zu-Haus-Dienste<\/li>\n<li>Land- und Seetransport<\/li>\n<li>Geschultes und erfahrenes Personal<\/li>\n<li>Umfassender Fuhrpark<\/li>\n<li>Zollabfertigungsdienste<\/li>\n<li>Auswahl an Speicherl\u00f6sungen<\/li>\n<\/ul>\n<p>Brunei Transporting Company ist eines der f\u00fchrenden Logistikunternehmen in Brunei Darussalam, das lokale und internationale Umzugsdienstleistungen anbietet. Das Unternehmen arbeitet bei internationalen Umz\u00fcgen mit Partnerunternehmen zusammen, mit denen es in st\u00e4ndigem Kontakt steht, um eine sichere und rasche Bef\u00f6rderung zu gew\u00e4hrleisten. Das Unternehmen ist Mitglied der IAM.<\/p>\n<p>Brunei Transporting Company verf\u00fcgt \u00fcber einen umfangreichen Fuhrpark mit Lastwagen, Autotransportern, Sattelschleppern, Anh\u00e4ngern und Kr\u00e4nen. Das Unternehmen bietet Umzugs- und Logistikdienste f\u00fcr Diplomaten, nationale und multinationale Unternehmen und Privatpersonen. Das Unternehmen bietet einen T\u00fcr-zu-T\u00fcr-Service f\u00fcr die Zustellung von G\u00fctern auf dem Land- und Seeweg sowie Zollmaklerdienste und eine Reihe von Lagerm\u00f6glichkeiten.<\/p>\n<p>Website: <a href=\"http:\/\/www.bruneitransporting.com\" target=\"_blank\" rel=\"noopener\">http:\/\/www.bruneitransporting.com<\/a><\/p>","protected":false},"excerpt":{"rendered":"<p>Moving home or your business can be complex and hard work so if you are looking to lighten the load then you might want to employ a moving company to help you. Below we have compiled a list of Brunei Darussalam removal companies that are members of the International Association of Movers (IAM) that could [&hellip;]<\/p>\n","protected":false},"author":4,"featured_media":0,"parent":190,"menu_order":0,"comment_status":"closed","ping_status":"closed","template":"","meta":{"_genesis_hide_title":false,"_genesis_hide_breadcrumbs":false,"_genesis_hide_singular_image":false,"_genesis_hide_footer_widgets":false,"_genesis_custom_body_class":"","_genesis_custom_post_class":"","_genesis_layout":"","footnotes":""},"class_list":{"0":"post-5507","1":"page","2":"type-page","3":"status-publish","5":"entry","6":"has-post-thumbnail"},"_links":{"self":[{"href":"https:\/\/moverdb.com\/de\/wp-json\/wp\/v2\/pages\/5507","targetHints":{"allow":["GET"]}}],"collection":[{"href":"https:\/\/moverdb.com\/de\/wp-json\/wp\/v2\/pages"}],"about":[{"href":"https:\/\/moverdb.com\/de\/wp-json\/wp\/v2\/types\/page"}],"author":[{"embeddable":true,"href":"https:\/\/moverdb.com\/de\/wp-json\/wp\/v2\/users\/4"}],"replies":[{"embeddable":true,"href":"https:\/\/moverdb.com\/de\/wp-json\/wp\/v2\/comments?post=5507"}],"version-history":[{"count":1,"href":"https:\/\/moverdb.com\/de\/wp-json\/wp\/v2\/pages\/5507\/revisions"}],"predecessor-version":[{"id":5509,"href":"https:\/\/moverdb.com\/de\/wp-json\/wp\/v2\/pages\/5507\/revisions\/5509"}],"up":[{"embeddable":true,"href":"https:\/\/moverdb.com\/de\/wp-json\/wp\/v2\/pages\/190"}],"wp:attachment":[{"href":"https:\/\/moverdb.com\/de\/wp-json\/wp\/v2\/media?parent=5507"}],"curies":[{"name":"wp","href":"https:\/\/api.w.org\/{rel}","templated":true}]}}