{"id":5392,"date":"2022-11-19T02:21:51","date_gmt":"2022-11-19T02:21:51","guid":{"rendered":"https:\/\/moverdb.com\/?page_id=5392"},"modified":"2026-01-08T14:38:39","modified_gmt":"2026-01-08T14:38:39","slug":"turks-and-caicos","status":"publish","type":"page","link":"https:\/\/moverdb.com\/de\/container-shipping\/turks-and-caicos\/","title":{"rendered":"2023 Seefracht-Container-Tarife von und nach den Turks- und Caicosinseln"},"content":{"rendered":"<div class=\"wp-block-image\">\n<figure class=\"aligncenter size-full\"><img loading=\"lazy\" decoding=\"async\" width=\"1000\" height=\"667\" src=\"https:\/\/moverdb.com\/wp-content\/uploads\/turks-and-caicos.jpg\" alt=\"Sandstrand auf einer Insel in Turks und Caicos\" class=\"wp-image-5383\" srcset=\"https:\/\/moverdb.com\/wp-content\/uploads\/turks-and-caicos.jpg 1000w, https:\/\/moverdb.com\/wp-content\/uploads\/turks-and-caicos-300x200.jpg 300w, https:\/\/moverdb.com\/wp-content\/uploads\/turks-and-caicos-18x12.jpg 18w, https:\/\/moverdb.com\/wp-content\/uploads\/turks-and-caicos-600x400.jpg 600w\" sizes=\"auto, (max-width: 1000px) 100vw, 1000px\" \/><\/figure>\n<\/div>\n\n\n<p><strong><a href=\"https:\/\/moverdb.com\/de\/moving-to-the-turks-and-caicos-islands\/\" data-internallinksmanager029f6b8e52c=\"388\" title=\"Umzug auf die Turks- und Caicosinseln? 2026 Lebenshaltungskosten\">Turks- und Caicosinseln<\/a><\/strong> ist ein weiteres britisches Inselgebiet in der Karibik. Dieser Archipel ist auf 8 Hauptinseln bev\u00f6lkert, besteht aber in Wirklichkeit aus \u00fcber 40 Inseln.<\/p>\n\n\n\n<p>F\u00fcr Expats sind die Turks- und Caicosinseln vor allem f\u00fcr diejenigen attraktiv, die sich in eine warme, ruhige Ecke zur\u00fcckziehen und ein langsameres Tempo genie\u00dfen oder ihren Ruhestand an sch\u00f6nen Str\u00e4nden und in ruhigen Wellen verbringen m\u00f6chten. Andere wichtige Gr\u00fcnde, warum sich einige daf\u00fcr entscheiden, dieses irdische Paradies zu ihrem Zuhause zu machen, sind die stabile W\u00e4hrung und die steuerfreien Regelungen f\u00fcr Einkommen, Eigentum und Erbschaft.<\/p>\n\n\n\n<p>Da es sich um einen sehr kleinen Staat handelt, sind die M\u00f6glichkeiten der Seefracht f\u00fcr einen Umzug nach Turks- und Caicos ziemlich begrenzt. Wir haben jedoch unser Bestes getan und ein paar Preise zusammengetragen, die in den folgenden Tabellen aufgef\u00fchrt sind.<\/p>\n\n\n\n<p>Die niedrigsten Turks- und Caicosinseln <a href=\"https:\/\/moverdb.com\/de\/container-shipping\/\" data-internallinksmanager029f6b8e52c=\"3\" title=\"Chart der internationalen Containerschifffahrtsraten: Mai 2026\">Containerfrachtraten<\/a> Ausstellungskosten f\u00fcr 20-Fu\u00df- oder 40-Fu\u00df-Container.<\/p>\n\n\n\n<h2 class=\"wp-block-heading\">Kosten f\u00fcr Schiffscontainer nach Turks- und Caicosinseln (Providenciales)<\/h2>\n\n\n<div class=\"wp-block-image\">\n<figure class=\"aligncenter size-large\"><img loading=\"lazy\" decoding=\"async\" width=\"1024\" height=\"539\" src=\"https:\/\/moverdb.com\/wp-content\/uploads\/Shipping-Container-Costs-to-Turks-and-Caicos-1024x539.png\" alt=\"Kosten f\u00fcr Schiffscontainer nach Turks- und Caicosinseln (Providenciales)\" class=\"wp-image-5380\" srcset=\"https:\/\/moverdb.com\/wp-content\/uploads\/Shipping-Container-Costs-to-Turks-and-Caicos-1024x539.png 1024w, https:\/\/moverdb.com\/wp-content\/uploads\/Shipping-Container-Costs-to-Turks-and-Caicos-300x158.png 300w, https:\/\/moverdb.com\/wp-content\/uploads\/Shipping-Container-Costs-to-Turks-and-Caicos-1536x809.png 1536w, https:\/\/moverdb.com\/wp-content\/uploads\/Shipping-Container-Costs-to-Turks-and-Caicos-18x9.png 18w, https:\/\/moverdb.com\/wp-content\/uploads\/Shipping-Container-Costs-to-Turks-and-Caicos-600x316.png 600w, https:\/\/moverdb.com\/wp-content\/uploads\/Shipping-Container-Costs-to-Turks-and-Caicos.png 2000w\" sizes=\"auto, (max-width: 1024px) 100vw, 1024px\" \/><\/figure>\n<\/div>\n\n\n<table id=\"tablepress-226\" class=\"tablepress tablepress-id-226\">\n<thead>\n<tr class=\"row-1\">\n\t<th class=\"column-1\">Zielland (<a href=\"https:\/\/moverdb.com\/de\/top-49-container-ports\/\" data-internallinksmanager029f6b8e52c=\"80\" title=\"Top 49 der gr\u00f6\u00dften und verkehrsreichsten Containerh\u00e4fen im Jahr 2025\">Hafen<\/a>\/Stadt)<\/th><th class=\"column-2\">20FT<\/th><th class=\"column-3\">40FT<\/th>\n<\/tr>\n<\/thead>\n<tbody class=\"row-striping row-hover\">\n<tr class=\"row-2\">\n\t<td class=\"column-1\"><a href=\"https:\/\/moverdb.com\/de\/container-shipping\/andorra\/\" data-internallinksmanager029f6b8e52c=\"88\" title=\"2023 Seefracht-Container-Tarife von und nach Andorra\">Andorra (Andorra la Vella)<\/a><\/td><td class=\"column-2\">$1,450<\/td><td class=\"column-3\">$1,900<\/td>\n<\/tr>\n<tr class=\"row-3\">\n\t<td class=\"column-1\"><a href=\"https:\/\/moverdb.com\/de\/container-shipping\/australia\/\" data-internallinksmanager029f6b8e52c=\"89\" title=\"2026 Containerfrachtraten von und nach Australien\">Australien (Sydney)<\/a><\/td><td class=\"column-2\">K.A.<\/td><td class=\"column-3\">$12,406<\/td>\n<\/tr>\n<tr class=\"row-4\">\n\t<td class=\"column-1\"><a href=\"https:\/\/moverdb.com\/de\/container-shipping\/austria\/\" data-internallinksmanager029f6b8e52c=\"95\" title=\"2023 Seefracht-Container-Tarife von und nach \u00d6sterreich\">\u00d6sterreich (Wien)<\/a><\/td><td class=\"column-2\">$6,640<\/td><td class=\"column-3\">$7,951<\/td>\n<\/tr>\n<tr class=\"row-5\">\n\t<td class=\"column-1\"><a href=\"https:\/\/moverdb.com\/de\/container-shipping\/bahrain\/\" data-internallinksmanager029f6b8e52c=\"96\" title=\"2026 Seefrachttarife f\u00fcr Container von und nach Bahrain\">Bahrain (Manama)<\/a><\/td><td class=\"column-2\">K.A.<\/td><td class=\"column-3\">$12,306<\/td>\n<\/tr>\n<tr class=\"row-6\">\n\t<td class=\"column-1\"><a href=\"https:\/\/moverdb.com\/de\/container-shipping\/belize\/\" data-internallinksmanager029f6b8e52c=\"137\" title=\"2023 Seefracht-Container-Tarife von und nach Belize\">Belize (Belize-Stadt)<\/a><\/td><td class=\"column-2\">$2,090<\/td><td class=\"column-3\">$2,809<\/td>\n<\/tr>\n<tr class=\"row-7\">\n\t<td class=\"column-1\"><a href=\"https:\/\/moverdb.com\/de\/container-shipping\/brazil\/\" data-internallinksmanager029f6b8e52c=\"98\" title=\"2026 Seefrachttarife f\u00fcr Container von und nach Brasilien\">Brasilien (Santos)<\/a><\/td><td class=\"column-2\">$2,090<\/td><td class=\"column-3\">$2,809<\/td>\n<\/tr>\n<tr class=\"row-8\">\n\t<td class=\"column-1\"><a href=\"https:\/\/moverdb.com\/de\/container-shipping\/cambodia\/\" data-internallinksmanager029f6b8e52c=\"101\" title=\"2023 Seefracht-Container-Tarife von und nach Kambodscha\">Kambodscha (Sihanoukville)<\/a><\/td><td class=\"column-2\">$7,606<\/td><td class=\"column-3\">$8,276<\/td>\n<\/tr>\n<tr class=\"row-9\">\n\t<td class=\"column-1\"><a href=\"https:\/\/moverdb.com\/de\/container-shipping\/china\/\" data-internallinksmanager029f6b8e52c=\"105\" title=\"2023 Seefracht-Container-Tarife von und nach China\">China (Peking)<\/a><\/td><td class=\"column-2\">$6,757<\/td><td class=\"column-3\">$7,134<\/td>\n<\/tr>\n<tr class=\"row-10\">\n\t<td class=\"column-1\">China (Shanghai)<\/td><td class=\"column-2\">$6,696<\/td><td class=\"column-3\">$7,077<\/td>\n<\/tr>\n<tr class=\"row-11\">\n\t<td class=\"column-1\"><a href=\"https:\/\/moverdb.com\/de\/moving-to-gibraltar\/\" data-internallinksmanager029f6b8e52c=\"431\" title=\"Umzug nach Gibraltar? 2026 Lebenshaltungskosten &amp; Umzugstipps\">Gibraltar<\/a><\/td><td class=\"column-2\">$4,178<\/td><td class=\"column-3\">$5,933<\/td>\n<\/tr>\n<tr class=\"row-12\">\n\t<td class=\"column-1\"><a href=\"https:\/\/moverdb.com\/de\/container-shipping\/guernsey\/\" data-internallinksmanager029f6b8e52c=\"121\" title=\"2026 Seefrachttarife f\u00fcr Container von und nach Guernsey\">Guernsey (St. Peter Port)<\/a><\/td><td class=\"column-2\">$2,846<\/td><td class=\"column-3\">$2,953<\/td>\n<\/tr>\n<tr class=\"row-13\">\n\t<td class=\"column-1\"><a href=\"https:\/\/moverdb.com\/de\/container-shipping\/hong-kong\/\" data-internallinksmanager029f6b8e52c=\"123\" title=\"2026 Seefrachttarife f\u00fcr Container von und nach Hongkong\">Hongkong (Hongkong)<\/a><\/td><td class=\"column-2\">$6,696<\/td><td class=\"column-3\">$7,077<\/td>\n<\/tr>\n<tr class=\"row-14\">\n\t<td class=\"column-1\"><a href=\"https:\/\/moverdb.com\/de\/container-shipping\/indonesia\/\" data-internallinksmanager029f6b8e52c=\"126\" title=\"2026 Seefrachttarife f\u00fcr Container von und nach Indonesien\">Indonesien (Jakarta)<\/a><\/td><td class=\"column-2\">$7,295<\/td><td class=\"column-3\">$7,762<\/td>\n<\/tr>\n<tr class=\"row-15\">\n\t<td class=\"column-1\"><a href=\"https:\/\/moverdb.com\/de\/moving-to-luxembourg\/\" data-internallinksmanager029f6b8e52c=\"349\" title=\"Umzug nach Luxemburg? 2026 Lebenshaltungskosten &amp; Umzugstipps\">Luxemburg<\/a><\/td><td class=\"column-2\">$3,940<\/td><td class=\"column-3\">$5,490<\/td>\n<\/tr>\n<tr class=\"row-16\">\n\t<td class=\"column-1\"><a href=\"https:\/\/moverdb.com\/de\/container-shipping\/united-arab-emirates\/\" data-internallinksmanager029f6b8e52c=\"188\" title=\"2026 Containerfrachtraten von und nach den VAE\">UAE (Jebel Ali)<\/a><\/td><td class=\"column-2\">$6,276<\/td><td class=\"column-3\">$6,943<\/td>\n<\/tr>\n<tr class=\"row-17\">\n\t<td class=\"column-1\"><a href=\"https:\/\/moverdb.com\/de\/moving-to-the-united-states\/\" data-internallinksmanager029f6b8e52c=\"94\" title=\"Umzug in die Vereinigten Staaten? 2026 Lebenshaltungskosten &amp; Umzugstipps\">US<\/a> (<a href=\"https:\/\/moverdb.com\/de\/moving-to-los-angeles\/\" data-internallinksmanager029f6b8e52c=\"51\" title=\"Umzug nach Los Angeles? 2026 LA Lebenshaltungskosten &amp; Umzugstipps\">Los Angeles<\/a>)<\/td><td class=\"column-2\">$912<\/td><td class=\"column-3\">$1,309<\/td>\n<\/tr>\n<tr class=\"row-18\">\n\t<td class=\"column-1\"><a href=\"https:\/\/moverdb.com\/de\/container-shipping\/united-states\/\" data-internallinksmanager029f6b8e52c=\"87\" title=\"2026 Seefrachttarife f\u00fcr Container von und nach den USA\">USA (New York)<\/a><\/td><td class=\"column-2\">$2,624<\/td><td class=\"column-3\">$1,937<\/td>\n<\/tr>\n<\/tbody>\n<\/table>\n<!-- #tablepress-226 from cache -->\n\n\n\n<h2 class=\"wp-block-heading\">Kosten f\u00fcr Schiffscontainer von Turks- und Caicosinseln (Providenciales)<\/h2>\n\n\n<div class=\"wp-block-image\">\n<figure class=\"aligncenter size-large\"><img loading=\"lazy\" decoding=\"async\" width=\"1024\" height=\"539\" src=\"https:\/\/moverdb.com\/wp-content\/uploads\/Shipping-Container-Costs-from-Turks-and-Caicos-1024x539.png\" alt=\"Kosten f\u00fcr Schiffscontainer von Turks- und Caicosinseln (Providenciales)\" class=\"wp-image-5378\" srcset=\"https:\/\/moverdb.com\/wp-content\/uploads\/Shipping-Container-Costs-from-Turks-and-Caicos-1024x539.png 1024w, https:\/\/moverdb.com\/wp-content\/uploads\/Shipping-Container-Costs-from-Turks-and-Caicos-300x158.png 300w, https:\/\/moverdb.com\/wp-content\/uploads\/Shipping-Container-Costs-from-Turks-and-Caicos-1536x809.png 1536w, https:\/\/moverdb.com\/wp-content\/uploads\/Shipping-Container-Costs-from-Turks-and-Caicos-18x9.png 18w, https:\/\/moverdb.com\/wp-content\/uploads\/Shipping-Container-Costs-from-Turks-and-Caicos-600x316.png 600w, https:\/\/moverdb.com\/wp-content\/uploads\/Shipping-Container-Costs-from-Turks-and-Caicos.png 2000w\" sizes=\"auto, (max-width: 1024px) 100vw, 1024px\" \/><\/figure>\n<\/div>\n\n\n<table id=\"tablepress-224\" class=\"tablepress tablepress-id-224\">\n<thead>\n<tr class=\"row-1\">\n\t<th class=\"column-1\">Bestimmungsland (Hafen\/Stadt)<\/th><th class=\"column-2\">20FT<\/th><th class=\"column-3\">40FT<\/th>\n<\/tr>\n<\/thead>\n<tbody class=\"row-striping row-hover\">\n<tr class=\"row-2\">\n\t<td class=\"column-1\">Andorra (Andorra la Vella)<\/td><td class=\"column-2\">K.A.<\/td><td class=\"column-3\">$355<\/td>\n<\/tr>\n<tr class=\"row-3\">\n\t<td class=\"column-1\"><a href=\"https:\/\/moverdb.com\/de\/container-shipping\/antigua-and-barbuda\/\" data-internallinksmanager029f6b8e52c=\"92\" title=\"2026 Seefrachttarife f\u00fcr Container von und nach Antigua und Barbuda\">Antigua und Barbuda (St. John's)<\/a><\/td><td class=\"column-2\">$600<\/td><td class=\"column-3\">$801<\/td>\n<\/tr>\n<tr class=\"row-4\">\n\t<td class=\"column-1\">Australien (Sydney)<\/td><td class=\"column-2\">$2,845<\/td><td class=\"column-3\">K.A.<\/td>\n<\/tr>\n<tr class=\"row-5\">\n\t<td class=\"column-1\">Brasilien (Santos)<\/td><td class=\"column-2\">$873<\/td><td class=\"column-3\">$1,312<\/td>\n<\/tr>\n<tr class=\"row-6\">\n\t<td class=\"column-1\"><a href=\"https:\/\/moverdb.com\/de\/container-shipping\/canada\/\" data-internallinksmanager029f6b8e52c=\"102\" title=\"2023 Seefracht-Container-Tarife von und nach Kanada\">Kanada (Toronto)<\/a><\/td><td class=\"column-2\">$1,078<\/td><td class=\"column-3\">$2,422<\/td>\n<\/tr>\n<tr class=\"row-7\">\n\t<td class=\"column-1\">China (Shanghai)<\/td><td class=\"column-2\">$2,415<\/td><td class=\"column-3\">$3,105<\/td>\n<\/tr>\n<tr class=\"row-8\">\n\t<td class=\"column-1\"><a href=\"https:\/\/moverdb.com\/de\/container-shipping\/pakistan\/\" data-internallinksmanager029f6b8e52c=\"155\" title=\"2023 Seefracht-Container-Tarife von und nach Pakistan\">Pakistan (Karatschi)<\/a><\/td><td class=\"column-2\">$4,507<\/td><td class=\"column-3\">$4,830<\/td>\n<\/tr>\n<tr class=\"row-9\">\n\t<td class=\"column-1\"><a href=\"https:\/\/moverdb.com\/de\/container-shipping\/saudi-arabia\/\" data-internallinksmanager029f6b8e52c=\"178\" title=\"2023 Seefracht-Container-Tarife von und nach Saudi-Arabien\">Saudi-Arabien (Jeddah)<\/a><\/td><td class=\"column-2\">$7,212<\/td><td class=\"column-3\">$9,776<\/td>\n<\/tr>\n<tr class=\"row-10\">\n\t<td class=\"column-1\"><a href=\"https:\/\/moverdb.com\/de\/container-shipping\/spain\/\" data-internallinksmanager029f6b8e52c=\"182\" title=\"2026 Seefrachttarife f\u00fcr Container von und nach Spanien\">Spanien (Valencia)<\/a><\/td><td class=\"column-2\">$2,983<\/td><td class=\"column-3\">$3,099<\/td>\n<\/tr>\n<tr class=\"row-11\">\n\t<td class=\"column-1\">USA (New York)<\/td><td class=\"column-2\">$1,297<\/td><td class=\"column-3\">$1,383<\/td>\n<\/tr>\n<tr class=\"row-12\">\n\t<td class=\"column-1\"><a href=\"https:\/\/moverdb.com\/de\/container-shipping\/vietnam\/\" data-internallinksmanager029f6b8e52c=\"245\" title=\"2023 Seefracht-Container-Tarife von und nach Vietnam\">Vietnam (Saigon)<\/a><\/td><td class=\"column-2\">$3,804<\/td><td class=\"column-3\">$3,670<\/td>\n<\/tr>\n<\/tbody>\n<\/table>\n<!-- #tablepress-224 from cache -->\n\n\n\n<h3 class=\"wp-block-heading\">Anmerkungen zu den Daten:<\/h3>\n\n\n\n<ul class=\"wp-block-list\">\n<li>Alle $-Zahlen in US-Dollar (USD);<\/li>\n\n\n\n<li>Die Preise gelten ab Anfang 2022;<\/li>\n\n\n\n<li>Die Karten in diesem Artikel wurden erstellt mit <a href=\"https:\/\/www.mapchart.net\" target=\"_blank\" rel=\"noreferrer noopener\">https:\/\/www.mapchart.net<\/a>. Es steht Ihnen frei, die Karten weiterzugeben, solange Sie einen Link zu folgenden Seiten angeben <a href=\"https:\/\/moverdb.com\/de\/\" target=\"_blank\" rel=\"noreferrer noopener\">MoverDB<\/a>;<\/li>\n\n\n\n<li>Die oben genannten S\u00e4tze sind nur Sch\u00e4tzungen und k\u00f6nnen sich seit der Ver\u00f6ffentlichung dieses Artikels (April 2022) ge\u00e4ndert haben. Sie basieren auf dem niedrigsten gesch\u00e4tzten Satz, der entweder <a href=\"https:\/\/www.searates.com\" target=\"_blank\" rel=\"noreferrer noopener\">https:\/\/www.searates.com<\/a> oder <a href=\"https:\/\/www.gocomet.com\/freight-shipping-rates-index-calculator\" target=\"_blank\" rel=\"noreferrer noopener\">https:\/\/www.gocomet.com<\/a>;<\/li>\n\n\n\n<li>Um eine genauere Vorstellung von den Kosten f\u00fcr Sie zu erhalten, verwenden Sie bitte das Angebotsformular oben auf dieser Seite;<\/li>\n\n\n\n<li>Bitte beachten Sie auch unseren Leitfaden zu <a href=\"https:\/\/moverdb.com\/de\/containerschifffahrt\/\" target=\"_blank\" rel=\"noreferrer noopener\">internationale Containerschifffahrt<\/a>.<\/li>\n<\/ul>","protected":false},"excerpt":{"rendered":"<p>Turks and Caicos is yet another British island territory in the Caribbean. This archipelago is populated on 8 main islands, but in fact, it consists of over 40 islands. For expats, Turks and Caicos is mainly attractive to those who want to retreat to a warm, quiet corner and enjoy a slower pace or spend [&hellip;]<\/p>\n","protected":false},"author":2,"featured_media":5383,"parent":44,"menu_order":0,"comment_status":"closed","ping_status":"closed","template":"","meta":{"_genesis_hide_title":false,"_genesis_hide_breadcrumbs":false,"_genesis_hide_singular_image":false,"_genesis_hide_footer_widgets":false,"_genesis_custom_body_class":"","_genesis_custom_post_class":"","_genesis_layout":"","footnotes":""},"class_list":{"0":"post-5392","1":"page","2":"type-page","3":"status-publish","4":"has-post-thumbnail","6":"entry"},"_links":{"self":[{"href":"https:\/\/moverdb.com\/de\/wp-json\/wp\/v2\/pages\/5392","targetHints":{"allow":["GET"]}}],"collection":[{"href":"https:\/\/moverdb.com\/de\/wp-json\/wp\/v2\/pages"}],"about":[{"href":"https:\/\/moverdb.com\/de\/wp-json\/wp\/v2\/types\/page"}],"author":[{"embeddable":true,"href":"https:\/\/moverdb.com\/de\/wp-json\/wp\/v2\/users\/2"}],"replies":[{"embeddable":true,"href":"https:\/\/moverdb.com\/de\/wp-json\/wp\/v2\/comments?post=5392"}],"version-history":[{"count":1,"href":"https:\/\/moverdb.com\/de\/wp-json\/wp\/v2\/pages\/5392\/revisions"}],"predecessor-version":[{"id":5394,"href":"https:\/\/moverdb.com\/de\/wp-json\/wp\/v2\/pages\/5392\/revisions\/5394"}],"up":[{"embeddable":true,"href":"https:\/\/moverdb.com\/de\/wp-json\/wp\/v2\/pages\/44"}],"wp:featuredmedia":[{"embeddable":true,"href":"https:\/\/moverdb.com\/de\/wp-json\/wp\/v2\/media\/5383"}],"wp:attachment":[{"href":"https:\/\/moverdb.com\/de\/wp-json\/wp\/v2\/media?parent=5392"}],"curies":[{"name":"wp","href":"https:\/\/api.w.org\/{rel}","templated":true}]}}