{"id":5374,"date":"2022-11-12T18:07:51","date_gmt":"2022-11-12T18:07:51","guid":{"rendered":"https:\/\/moverdb.com\/?page_id=5374"},"modified":"2026-01-08T14:38:42","modified_gmt":"2026-01-08T14:38:42","slug":"trinidad-und-tobago","status":"publish","type":"page","link":"https:\/\/moverdb.com\/de\/container-shipping\/trinidad-and-tobago\/","title":{"rendered":"2026 Seefrachttarife f\u00fcr Container von und nach Trinidad und Tobago"},"content":{"rendered":"<div class=\"wp-block-image\">\n<figure class=\"aligncenter size-full\"><img loading=\"lazy\" decoding=\"async\" width=\"1000\" height=\"662\" src=\"https:\/\/moverdb.com\/wp-content\/uploads\/trinidad-and-tobago.jpg\" alt=\"Ein Sandstrand mit Palmen in Trinidad und Tobago\" class=\"wp-image-5361\" srcset=\"https:\/\/moverdb.com\/wp-content\/uploads\/trinidad-and-tobago.jpg 1000w, https:\/\/moverdb.com\/wp-content\/uploads\/trinidad-and-tobago-300x200.jpg 300w, https:\/\/moverdb.com\/wp-content\/uploads\/trinidad-and-tobago-18x12.jpg 18w, https:\/\/moverdb.com\/wp-content\/uploads\/trinidad-and-tobago-600x397.jpg 600w\" sizes=\"auto, (max-width: 1000px) 100vw, 1000px\" \/><\/figure>\n<\/div>\n\n\n<p><strong>Trinidad und Tobago<\/strong> ist ein weiteres karibisches Juwel, das mit seinen tropischen Str\u00e4nden und pulsierenden kulturellen Hotspots lockt. Dieses Land mit zwei Inseln liegt in der N\u00e4he von Mittel- und S\u00fcdamerika, so dass die Reisem\u00f6glichkeiten zahlreich und bequem sind.<\/p>\n\n\n\n<p>Diese beliebte Insel ist bekannt f\u00fcr ihr aufregendes Nachtleben und eine F\u00fclle von anderen unterhaltsamen Aktivit\u00e4ten. Die Infrastruktur ist gut entwickelt und die Lebenshaltungskosten sind niedrig. Daher entscheiden sich viele Auswanderer aus den umliegenden L\u00e4ndern und dar\u00fcber hinaus, Trinidad und Tobago eine Chance zu geben und dorthin zu ziehen.<\/p>\n\n\n\n<p>Doch bevor Sie das tun, sollten Sie einen Blick auf die Kosten werfen, die f\u00fcr den Transport Ihres Hausrats nach oder von Trinidad und Tobago anfallen.<\/p>\n\n\n\n<p>Die niedrigste Trinidad und Tobago <a href=\"https:\/\/moverdb.com\/de\/container-shipping\/\" data-internallinksmanager029f6b8e52c=\"3\" title=\"Chart der internationalen Containerschifffahrtsraten: April 2026\">Containerfrachtraten<\/a> f\u00fcr den Versand eines 20'- oder 40'-Containers in das oder aus dem Land enthalten. Allerdings sind die M\u00f6glichkeiten recht begrenzt, da das Land von Frachtschiffen nicht so stark frequentiert wird.<\/p>\n\n\n\n<h2 class=\"wp-block-heading\">Kosten f\u00fcr den Versand von Containern nach Trinidad und Tobago (Port of Spain)<\/h2>\n\n\n<div class=\"wp-block-image\">\n<figure class=\"aligncenter size-large\"><img loading=\"lazy\" decoding=\"async\" width=\"1024\" height=\"539\" src=\"https:\/\/moverdb.com\/wp-content\/uploads\/Shipping-Container-Costs-to-Trinidad-and-Tobago-1024x539.png\" alt=\"Kosten f\u00fcr den Versand von Containern nach Trinidad und Tobago (Port of Spain)\" class=\"wp-image-5364\" srcset=\"https:\/\/moverdb.com\/wp-content\/uploads\/Shipping-Container-Costs-to-Trinidad-and-Tobago-1024x539.png 1024w, https:\/\/moverdb.com\/wp-content\/uploads\/Shipping-Container-Costs-to-Trinidad-and-Tobago-300x158.png 300w, https:\/\/moverdb.com\/wp-content\/uploads\/Shipping-Container-Costs-to-Trinidad-and-Tobago-1536x809.png 1536w, https:\/\/moverdb.com\/wp-content\/uploads\/Shipping-Container-Costs-to-Trinidad-and-Tobago-18x9.png 18w, https:\/\/moverdb.com\/wp-content\/uploads\/Shipping-Container-Costs-to-Trinidad-and-Tobago-600x316.png 600w, https:\/\/moverdb.com\/wp-content\/uploads\/Shipping-Container-Costs-to-Trinidad-and-Tobago.png 2000w\" sizes=\"auto, (max-width: 1024px) 100vw, 1024px\" \/><\/figure>\n<\/div>\n\n\n<table id=\"tablepress-222\" class=\"tablepress tablepress-id-222\">\n<thead>\n<tr class=\"row-1\">\n\t<th class=\"column-1\">Zielland (<a href=\"https:\/\/moverdb.com\/de\/top-49-container-ports\/\" data-internallinksmanager029f6b8e52c=\"80\" title=\"Top 49 der gr\u00f6\u00dften und verkehrsreichsten Containerh\u00e4fen im Jahr 2025\">Hafen<\/a>\/Stadt)<\/th><th class=\"column-2\">20FT<\/th><th class=\"column-3\">40FT<\/th>\n<\/tr>\n<\/thead>\n<tbody class=\"row-striping row-hover\">\n<tr class=\"row-2\">\n\t<td class=\"column-1\"><a href=\"https:\/\/moverdb.com\/de\/container-shipping\/andorra\/\" data-internallinksmanager029f6b8e52c=\"88\" title=\"2023 Seefracht-Container-Tarife von und nach Andorra\">Andorra (Andorra la Vella)<\/a><\/td><td class=\"column-2\">$4,035<\/td><td class=\"column-3\">$5,908<\/td>\n<\/tr>\n<tr class=\"row-3\">\n\t<td class=\"column-1\"><a href=\"https:\/\/moverdb.com\/de\/container-shipping\/argentina\/\" data-internallinksmanager029f6b8e52c=\"91\" title=\"2026 Seefrachttarife f\u00fcr Container von und nach Argentinien\">Argentinien (Buenos Aires)<\/a><\/td><td class=\"column-2\">$600<\/td><td class=\"column-3\">$801<\/td>\n<\/tr>\n<tr class=\"row-4\">\n\t<td class=\"column-1\"><a href=\"https:\/\/moverdb.com\/de\/container-shipping\/aruba\/\" data-internallinksmanager029f6b8e52c=\"90\" title=\"2023 Seefracht-Container-Tarife von und nach Aruba\">Aruba (Oranjestad)<\/a><\/td><td class=\"column-2\">$600<\/td><td class=\"column-3\">$801<\/td>\n<\/tr>\n<tr class=\"row-5\">\n\t<td class=\"column-1\"><a href=\"https:\/\/moverdb.com\/de\/container-shipping\/australia\/\" data-internallinksmanager029f6b8e52c=\"89\" title=\"2026 Containerfrachtraten von und nach Australien\">Australien (Sydney)<\/a><\/td><td class=\"column-2\">$10,171<\/td><td class=\"column-3\">K.A.<\/td>\n<\/tr>\n<tr class=\"row-6\">\n\t<td class=\"column-1\"><a href=\"https:\/\/moverdb.com\/de\/container-shipping\/austria\/\" data-internallinksmanager029f6b8e52c=\"95\" title=\"2023 Seefracht-Container-Tarife von und nach \u00d6sterreich\">\u00d6sterreich (Wien)<\/a><\/td><td class=\"column-2\">$4,022<\/td><td class=\"column-3\">K.A.<\/td>\n<\/tr>\n<tr class=\"row-7\">\n\t<td class=\"column-1\"><a href=\"https:\/\/moverdb.com\/de\/container-shipping\/belize\/\" data-internallinksmanager029f6b8e52c=\"137\" title=\"2023 Seefracht-Container-Tarife von und nach Belize\">Belize (Belize-Stadt)<\/a><\/td><td class=\"column-2\">$1,760<\/td><td class=\"column-3\">$1,806<\/td>\n<\/tr>\n<tr class=\"row-8\">\n\t<td class=\"column-1\"><a href=\"https:\/\/moverdb.com\/de\/container-shipping\/brazil\/\" data-internallinksmanager029f6b8e52c=\"98\" title=\"2026 Seefrachttarife f\u00fcr Container von und nach Brasilien\">Brasilien (Santos)<\/a><\/td><td class=\"column-2\">$2,948<\/td><td class=\"column-3\">$3,161<\/td>\n<\/tr>\n<tr class=\"row-9\">\n\t<td class=\"column-1\"><a href=\"https:\/\/moverdb.com\/de\/container-shipping\/brunei\/\" data-internallinksmanager029f6b8e52c=\"100\" title=\"2026 Seefrachttarife f\u00fcr Container von und nach Brunei\">Brunei (Muara)<\/a><\/td><td class=\"column-2\">$7,403<\/td><td class=\"column-3\">$7,801<\/td>\n<\/tr>\n<tr class=\"row-10\">\n\t<td class=\"column-1\"><a href=\"https:\/\/moverdb.com\/de\/container-shipping\/chile\/\" data-internallinksmanager029f6b8e52c=\"104\" title=\"2026 Seefrachttarife f\u00fcr Container von und nach Chile\">Chile (San Antonio)<\/a><\/td><td class=\"column-2\">$1,887<\/td><td class=\"column-3\">$2,709<\/td>\n<\/tr>\n<tr class=\"row-11\">\n\t<td class=\"column-1\"><a href=\"https:\/\/moverdb.com\/de\/container-shipping\/china\/\" data-internallinksmanager029f6b8e52c=\"105\" title=\"2023 Seefracht-Container-Tarife von und nach China\">China (Peking)<\/a><\/td><td class=\"column-2\">$3,457<\/td><td class=\"column-3\">$3,026<\/td>\n<\/tr>\n<tr class=\"row-12\">\n\t<td class=\"column-1\">China (Shanghai)<\/td><td class=\"column-2\">$4,895<\/td><td class=\"column-3\">$4,512<\/td>\n<\/tr>\n<tr class=\"row-13\">\n\t<td class=\"column-1\"><a href=\"https:\/\/moverdb.com\/de\/container-shipping\/colombia\/\" data-internallinksmanager029f6b8e52c=\"106\" title=\"2023 Seefracht-Container-Tarife von und nach Kolumbien\">Kolumbien (Barranquilla)<\/a><\/td><td class=\"column-2\">$1,117<\/td><td class=\"column-3\">$1,775<\/td>\n<\/tr>\n<tr class=\"row-14\">\n\t<td class=\"column-1\"><a href=\"https:\/\/moverdb.com\/de\/container-shipping\/costa-rica\/\" data-internallinksmanager029f6b8e52c=\"138\" title=\"2026 Seefrachttarife f\u00fcr Container von und nach Costa Rica\">Costa Rica (Limon)<\/a><\/td><td class=\"column-2\">$1,540<\/td><td class=\"column-3\">$2,048<\/td>\n<\/tr>\n<tr class=\"row-15\">\n\t<td class=\"column-1\"><a href=\"https:\/\/moverdb.com\/de\/container-shipping\/dominican-republic\/\" data-internallinksmanager029f6b8e52c=\"112\" title=\"2023 Seefracht-Container-Tarife von und nach der Dominikanischen Republik\">Dominikanische Republik (Santo Domingo)<\/a><\/td><td class=\"column-2\">$616<\/td><td class=\"column-3\">$1,360<\/td>\n<\/tr>\n<tr class=\"row-16\">\n\t<td class=\"column-1\"><a href=\"https:\/\/moverdb.com\/de\/container-shipping\/germany\/\" data-internallinksmanager029f6b8e52c=\"118\" title=\"2023 Seefracht-Container-Tarife von und nach Deutschland\">Deutschland (Hamburg)<\/a><\/td><td class=\"column-2\">$2,167<\/td><td class=\"column-3\">$2,982<\/td>\n<\/tr>\n<tr class=\"row-17\">\n\t<td class=\"column-1\"><a href=\"https:\/\/moverdb.com\/de\/container-shipping\/greece\/\" data-internallinksmanager029f6b8e52c=\"120\" title=\"2026 Seefrachttarife f\u00fcr Container von und nach Griechenland\">Griechenland (Piraeus)<\/a><\/td><td class=\"column-2\">$2,306<\/td><td class=\"column-3\">$2,886<\/td>\n<\/tr>\n<tr class=\"row-18\">\n\t<td class=\"column-1\"><a href=\"https:\/\/moverdb.com\/de\/container-shipping\/guernsey\/\" data-internallinksmanager029f6b8e52c=\"121\" title=\"2026 Seefrachttarife f\u00fcr Container von und nach Guernsey\">Guernsey (St. Peter Port)<\/a><\/td><td class=\"column-2\">$2,499<\/td><td class=\"column-3\">$3,484<\/td>\n<\/tr>\n<tr class=\"row-19\">\n\t<td class=\"column-1\"><a href=\"https:\/\/moverdb.com\/de\/container-shipping\/haiti\/\" data-internallinksmanager029f6b8e52c=\"122\" title=\"2023 Seefracht-Container-Tarife von und nach Haiti\">Haiti (Port-au-Prince)<\/a><\/td><td class=\"column-2\">$616<\/td><td class=\"column-3\">$1,360<\/td>\n<\/tr>\n<tr class=\"row-20\">\n\t<td class=\"column-1\"><a href=\"https:\/\/moverdb.com\/de\/container-shipping\/hong-kong\/\" data-internallinksmanager029f6b8e52c=\"123\" title=\"2026 Seefrachttarife f\u00fcr Container von und nach Hongkong\">Hongkong (Hongkong)<\/a><\/td><td class=\"column-2\">$11,550<\/td><td class=\"column-3\">$11,750<\/td>\n<\/tr>\n<tr class=\"row-21\">\n\t<td class=\"column-1\"><a href=\"https:\/\/moverdb.com\/de\/container-shipping\/india\/\" data-internallinksmanager029f6b8e52c=\"125\" title=\"2023 Seefracht-Container-Tarife von und nach Indien\">Indien (Mumbai)<\/a><\/td><td class=\"column-2\">$3,025<\/td><td class=\"column-3\">$3,833<\/td>\n<\/tr>\n<tr class=\"row-22\">\n\t<td class=\"column-1\"><a href=\"https:\/\/moverdb.com\/de\/container-shipping\/indonesia\/\" data-internallinksmanager029f6b8e52c=\"126\" title=\"2026 Seefrachttarife f\u00fcr Container von und nach Indonesien\">Indonesien (Jakarta)<\/a><\/td><td class=\"column-2\">$3,827<\/td><td class=\"column-3\">$3,425<\/td>\n<\/tr>\n<tr class=\"row-23\">\n\t<td class=\"column-1\"><a href=\"https:\/\/moverdb.com\/de\/container-shipping\/isle-of-man\/\" data-internallinksmanager029f6b8e52c=\"128\" title=\"2023 Seefracht-Container-Tarife von und nach der Isle of Man\">Isle of Man (Douglas)<\/a><\/td><td class=\"column-2\">$2,255<\/td><td class=\"column-3\">$3,119<\/td>\n<\/tr>\n<tr class=\"row-24\">\n\t<td class=\"column-1\"><a href=\"https:\/\/moverdb.com\/de\/container-shipping\/italy\/\" data-internallinksmanager029f6b8e52c=\"130\" title=\"2023 Seefracht-Container-Tarife von und nach Italien\">Italien (Triest)<\/a><\/td><td class=\"column-2\">$1,672<\/td><td class=\"column-3\">$1,670<\/td>\n<\/tr>\n<tr class=\"row-25\">\n\t<td class=\"column-1\"><a href=\"https:\/\/moverdb.com\/de\/container-shipping\/japan\/\" data-internallinksmanager029f6b8e52c=\"131\" title=\"2023 Seefracht-Container-Tarife von und nach Japan\">Japan (Tokio)<\/a><\/td><td class=\"column-2\">$7,222<\/td><td class=\"column-3\">$7,454<\/td>\n<\/tr>\n<tr class=\"row-26\">\n\t<td class=\"column-1\"><a href=\"https:\/\/moverdb.com\/de\/container-shipping\/jersey\/\" data-internallinksmanager029f6b8e52c=\"132\" title=\"2023 Seefracht-Container-Tarife von und nach Jersey\">Jersey (St. Helier)<\/a><\/td><td class=\"column-2\">$2,499<\/td><td class=\"column-3\">$3,484<\/td>\n<\/tr>\n<tr class=\"row-27\">\n\t<td class=\"column-1\"><a href=\"https:\/\/moverdb.com\/de\/moving-to-luxembourg\/\" data-internallinksmanager029f6b8e52c=\"349\" title=\"Umzug nach Luxemburg? 2026 Lebenshaltungskosten &amp; Umzugstipps\">Luxemburg<\/a><\/td><td class=\"column-2\">$1,188<\/td><td class=\"column-3\">$1,845<\/td>\n<\/tr>\n<tr class=\"row-28\">\n\t<td class=\"column-1\"><a href=\"https:\/\/moverdb.com\/de\/container-shipping\/pakistan\/\" data-internallinksmanager029f6b8e52c=\"155\" title=\"2023 Seefracht-Container-Tarife von und nach Pakistan\">Pakistan (Karatschi)<\/a><\/td><td class=\"column-2\">$9,839<\/td><td class=\"column-3\">$10,678<\/td>\n<\/tr>\n<tr class=\"row-29\">\n\t<td class=\"column-1\"><a href=\"https:\/\/moverdb.com\/de\/container-shipping\/spain\/\" data-internallinksmanager029f6b8e52c=\"182\" title=\"2026 Seefrachttarife f\u00fcr Container von und nach Spanien\">Spanien (Valencia)<\/a><\/td><td class=\"column-2\">$7,997<\/td><td class=\"column-3\">$11,762<\/td>\n<\/tr>\n<tr class=\"row-30\">\n\t<td class=\"column-1\"><a href=\"https:\/\/moverdb.com\/de\/container-shipping\/thailand\/\" data-internallinksmanager029f6b8e52c=\"189\" title=\"2026 Seefrachttarife f\u00fcr Container von und nach Thailand\">Thailand (Laem Chabang)<\/a><\/td><td class=\"column-2\">$8,550<\/td><td class=\"column-3\">K.A.<\/td>\n<\/tr>\n<tr class=\"row-31\">\n\t<td class=\"column-1\"><a href=\"https:\/\/moverdb.com\/de\/moving-to-the-united-states\/\" data-internallinksmanager029f6b8e52c=\"94\" title=\"Umzug in die Vereinigten Staaten? 2026 Lebenshaltungskosten &amp; Umzugstipps\">US<\/a> (<a href=\"https:\/\/moverdb.com\/de\/moving-to-los-angeles\/\" data-internallinksmanager029f6b8e52c=\"51\" title=\"Umzug nach Los Angeles? 2026 LA Lebenshaltungskosten &amp; Umzugstipps\">Los Angeles<\/a>)<\/td><td class=\"column-2\">$1,123<\/td><td class=\"column-3\">$1,336<\/td>\n<\/tr>\n<tr class=\"row-32\">\n\t<td class=\"column-1\"><a href=\"https:\/\/moverdb.com\/de\/container-shipping\/united-states\/\" data-internallinksmanager029f6b8e52c=\"87\" title=\"2026 Seefrachttarife f\u00fcr Container von und nach den USA\">USA (New York)<\/a><\/td><td class=\"column-2\">$1,333<\/td><td class=\"column-3\">$1,679<\/td>\n<\/tr>\n<\/tbody>\n<\/table>\n<!-- #tablepress-222 from cache -->\n\n\n\n<h2 class=\"wp-block-heading\">Kosten f\u00fcr den Versand von Containern aus Trinidad und Tobago (Port of Spain)<\/h2>\n\n\n<div class=\"wp-block-image\">\n<figure class=\"aligncenter size-large\"><img loading=\"lazy\" decoding=\"async\" width=\"1024\" height=\"539\" src=\"https:\/\/moverdb.com\/wp-content\/uploads\/Shipping-Container-Costs-from-Trinidad-and-Tobago-1024x539.png\" alt=\"Kosten f\u00fcr den Versand von Containern aus Trinidad und Tobago (Port of Spain)\" class=\"wp-image-5362\" srcset=\"https:\/\/moverdb.com\/wp-content\/uploads\/Shipping-Container-Costs-from-Trinidad-and-Tobago-1024x539.png 1024w, https:\/\/moverdb.com\/wp-content\/uploads\/Shipping-Container-Costs-from-Trinidad-and-Tobago-300x158.png 300w, https:\/\/moverdb.com\/wp-content\/uploads\/Shipping-Container-Costs-from-Trinidad-and-Tobago-1536x809.png 1536w, https:\/\/moverdb.com\/wp-content\/uploads\/Shipping-Container-Costs-from-Trinidad-and-Tobago-18x9.png 18w, https:\/\/moverdb.com\/wp-content\/uploads\/Shipping-Container-Costs-from-Trinidad-and-Tobago-600x316.png 600w, https:\/\/moverdb.com\/wp-content\/uploads\/Shipping-Container-Costs-from-Trinidad-and-Tobago.png 2000w\" sizes=\"auto, (max-width: 1024px) 100vw, 1024px\" \/><\/figure>\n<\/div>\n\n\n<table id=\"tablepress-219\" class=\"tablepress tablepress-id-219\">\n<thead>\n<tr class=\"row-1\">\n\t<th class=\"column-1\">Bestimmungsland (Hafen\/Stadt)<\/th><th class=\"column-2\">20FT<\/th><th class=\"column-3\">40FT<\/th>\n<\/tr>\n<\/thead>\n<tbody class=\"row-striping row-hover\">\n<tr class=\"row-2\">\n\t<td class=\"column-1\">Australien (Sydney)<\/td><td class=\"column-2\">$1,825<\/td><td class=\"column-3\">K.A.<\/td>\n<\/tr>\n<tr class=\"row-3\">\n\t<td class=\"column-1\">\u00d6sterreich (Wien)<\/td><td class=\"column-2\">$250<\/td><td class=\"column-3\">$250<\/td>\n<\/tr>\n<tr class=\"row-4\">\n\t<td class=\"column-1\">Brasilien (Santos)<\/td><td class=\"column-2\">$660<\/td><td class=\"column-3\">$1,082<\/td>\n<\/tr>\n<tr class=\"row-5\">\n\t<td class=\"column-1\"><a href=\"https:\/\/moverdb.com\/de\/container-shipping\/british-virgin-islands\/\" data-internallinksmanager029f6b8e52c=\"99\" title=\"2023 Seefracht-Container-Tarife von und nach den Britischen Jungferninseln\">Britische Jungferninseln (Road Town)<\/a><\/td><td class=\"column-2\">$1,188<\/td><td class=\"column-3\">$1,418<\/td>\n<\/tr>\n<tr class=\"row-6\">\n\t<td class=\"column-1\">Chile (San Antonio)<\/td><td class=\"column-2\">$1,452<\/td><td class=\"column-3\">$1,722<\/td>\n<\/tr>\n<tr class=\"row-7\">\n\t<td class=\"column-1\">China (Shanghai)<\/td><td class=\"column-2\">$950<\/td><td class=\"column-3\">$1,111<\/td>\n<\/tr>\n<tr class=\"row-8\">\n\t<td class=\"column-1\">Kolumbien (Barranquilla)<\/td><td class=\"column-2\">$979<\/td><td class=\"column-3\">$1,397<\/td>\n<\/tr>\n<tr class=\"row-9\">\n\t<td class=\"column-1\">Costa Rica (Limon)<\/td><td class=\"column-2\">$1,617<\/td><td class=\"column-3\">$2,079<\/td>\n<\/tr>\n<tr class=\"row-10\">\n\t<td class=\"column-1\"><a href=\"https:\/\/moverdb.com\/de\/container-shipping\/croatia\/\" data-internallinksmanager029f6b8e52c=\"107\" title=\"2023 Seefracht-Container-Tarife von und nach Kroatien\">Kroatien (Rijeka)<\/a><\/td><td class=\"column-2\">$1,672<\/td><td class=\"column-3\">$1,670<\/td>\n<\/tr>\n<tr class=\"row-11\">\n\t<td class=\"column-1\">Dominikanische Republik (Santo Domingo)<\/td><td class=\"column-2\">$913<\/td><td class=\"column-3\">$1,313<\/td>\n<\/tr>\n<tr class=\"row-12\">\n\t<td class=\"column-1\">Haiti (Port-au-Prince)<\/td><td class=\"column-2\">$913<\/td><td class=\"column-3\">$1,313<\/td>\n<\/tr>\n<tr class=\"row-13\">\n\t<td class=\"column-1\">Hongkong (Hongkong)<\/td><td class=\"column-2\">$886<\/td><td class=\"column-3\">$1,111<\/td>\n<\/tr>\n<tr class=\"row-14\">\n\t<td class=\"column-1\">Indien (Mumbai)<\/td><td class=\"column-2\">$1,606<\/td><td class=\"column-3\">$2,289<\/td>\n<\/tr>\n<tr class=\"row-15\">\n\t<td class=\"column-1\">Indonesien (Jakarta)<\/td><td class=\"column-2\">$1,012<\/td><td class=\"column-3\">$1,353<\/td>\n<\/tr>\n<tr class=\"row-16\">\n\t<td class=\"column-1\">Japan (Tokio)<\/td><td class=\"column-2\">$886<\/td><td class=\"column-3\">$1,353<\/td>\n<\/tr>\n<tr class=\"row-17\">\n\t<td class=\"column-1\">Luxemburg<\/td><td class=\"column-2\">$1,291<\/td><td class=\"column-3\">$1,588<\/td>\n<\/tr>\n<\/tbody>\n<\/table>\n<!-- #tablepress-219 from cache -->\n\n\n\n<h3 class=\"wp-block-heading\">Anmerkungen zu den Daten:<\/h3>\n\n\n\n<ul class=\"wp-block-list\">\n<li>Alle $-Zahlen in US-Dollar (USD);<\/li>\n\n\n\n<li>Die Preise gelten ab Anfang 2022;<\/li>\n\n\n\n<li>Die Karten in diesem Artikel wurden erstellt mit <a href=\"https:\/\/www.mapchart.net\" target=\"_blank\" rel=\"noreferrer noopener\">https:\/\/www.mapchart.net<\/a>. Es steht Ihnen frei, die Karten weiterzugeben, solange Sie einen Link zu folgenden Seiten angeben <a href=\"https:\/\/moverdb.com\/de\/\" target=\"_blank\" rel=\"noreferrer noopener\">MoverDB<\/a>;<\/li>\n\n\n\n<li>Die oben genannten S\u00e4tze sind nur Sch\u00e4tzungen und k\u00f6nnen sich seit der Ver\u00f6ffentlichung dieses Artikels (April 2022) ge\u00e4ndert haben. Sie basieren auf dem niedrigsten gesch\u00e4tzten Satz, der entweder <a href=\"https:\/\/www.searates.com\" target=\"_blank\" rel=\"noreferrer noopener\">https:\/\/www.searates.com<\/a> oder <a href=\"https:\/\/www.gocomet.com\/freight-shipping-rates-index-calculator\" target=\"_blank\" rel=\"noreferrer noopener\">https:\/\/www.gocomet.com<\/a>;<\/li>\n\n\n\n<li>Um eine genauere Vorstellung von den Kosten f\u00fcr Sie zu erhalten, verwenden Sie bitte das Angebotsformular oben auf dieser Seite;<\/li>\n\n\n\n<li>Bitte beachten Sie auch unseren Leitfaden zu <a href=\"https:\/\/moverdb.com\/de\/containerschifffahrt\/\" target=\"_blank\" rel=\"noreferrer noopener\">internationale Containerschifffahrt<\/a>.<\/li>\n<\/ul>","protected":false},"excerpt":{"rendered":"<p>Trinidad and Tobago is another Caribbean jewel that attracts with its tropical beaches and vibrant cultural hotspots. This dual island country is close to both Central and South America so the travel opportunities are numerous and convenient. This popular island is known for its exciting nightlife and an abundance of other entertaining pursuits. Its infrastructure [&hellip;]<\/p>\n","protected":false},"author":2,"featured_media":5361,"parent":44,"menu_order":0,"comment_status":"closed","ping_status":"closed","template":"","meta":{"_genesis_hide_title":false,"_genesis_hide_breadcrumbs":false,"_genesis_hide_singular_image":false,"_genesis_hide_footer_widgets":false,"_genesis_custom_body_class":"","_genesis_custom_post_class":"","_genesis_layout":"","footnotes":""},"class_list":{"0":"post-5374","1":"page","2":"type-page","3":"status-publish","4":"has-post-thumbnail","6":"entry"},"_links":{"self":[{"href":"https:\/\/moverdb.com\/de\/wp-json\/wp\/v2\/pages\/5374","targetHints":{"allow":["GET"]}}],"collection":[{"href":"https:\/\/moverdb.com\/de\/wp-json\/wp\/v2\/pages"}],"about":[{"href":"https:\/\/moverdb.com\/de\/wp-json\/wp\/v2\/types\/page"}],"author":[{"embeddable":true,"href":"https:\/\/moverdb.com\/de\/wp-json\/wp\/v2\/users\/2"}],"replies":[{"embeddable":true,"href":"https:\/\/moverdb.com\/de\/wp-json\/wp\/v2\/comments?post=5374"}],"version-history":[{"count":1,"href":"https:\/\/moverdb.com\/de\/wp-json\/wp\/v2\/pages\/5374\/revisions"}],"predecessor-version":[{"id":5375,"href":"https:\/\/moverdb.com\/de\/wp-json\/wp\/v2\/pages\/5374\/revisions\/5375"}],"up":[{"embeddable":true,"href":"https:\/\/moverdb.com\/de\/wp-json\/wp\/v2\/pages\/44"}],"wp:featuredmedia":[{"embeddable":true,"href":"https:\/\/moverdb.com\/de\/wp-json\/wp\/v2\/media\/5361"}],"wp:attachment":[{"href":"https:\/\/moverdb.com\/de\/wp-json\/wp\/v2\/media?parent=5374"}],"curies":[{"name":"wp","href":"https:\/\/api.w.org\/{rel}","templated":true}]}}