{"id":5275,"date":"2022-10-26T22:09:36","date_gmt":"2022-10-26T22:09:36","guid":{"rendered":"https:\/\/moverdb.com\/?page_id=5275"},"modified":"2026-01-08T13:20:42","modified_gmt":"2026-01-08T13:20:42","slug":"sint-maarten","status":"publish","type":"page","link":"https:\/\/moverdb.com\/de\/container-shipping\/sint-maarten\/","title":{"rendered":"2023 Seefracht-Container-Tarife von und nach Sint Maarten"},"content":{"rendered":"<div class=\"wp-block-image\">\n<figure class=\"aligncenter size-full\"><img loading=\"lazy\" decoding=\"async\" width=\"1000\" height=\"667\" src=\"https:\/\/moverdb.com\/wp-content\/uploads\/sint-maarten.jpg\" alt=\"Eine Stra\u00dfe mit Palmen in Sint Maarten\" class=\"wp-image-5064\" srcset=\"https:\/\/moverdb.com\/wp-content\/uploads\/sint-maarten.jpg 1000w, https:\/\/moverdb.com\/wp-content\/uploads\/sint-maarten-300x200.jpg 300w, https:\/\/moverdb.com\/wp-content\/uploads\/sint-maarten-18x12.jpg 18w, https:\/\/moverdb.com\/wp-content\/uploads\/sint-maarten-600x400.jpg 600w\" sizes=\"auto, (max-width: 1000px) 100vw, 1000px\" \/><\/figure>\n<\/div>\n\n\n<p><strong><a href=\"https:\/\/moverdb.com\/de\/moving-to-sint-maarten-saint-martin\/\" data-internallinksmanager029f6b8e52c=\"389\" title=\"Umzug nach Sint Maarten\/Saint Martin? 2026 Lebenshaltungskosten\">Sint Maarten<\/a><\/strong> ist einer der wohlhabendsten Inselstaaten in der Karibik. Dieses winzige Land, das von den Niederl\u00e4ndern kolonisiert wurde, dient als eines ihrer Gouverneure und ist so weit fortgeschritten, dass es jeden Ausl\u00e4nder aufnehmen kann, der sich dort niederlassen m\u00f6chte.<\/p>\n\n\n\n<p>Der Ministaat ist etwas f\u00fcr alle, die sich ein ruhiges Leben an einem Ort w\u00fcnschen, an dem der Sommer nie endet. Obwohl das Land eine niederl\u00e4ndische Kolonie ist, wird praktisch von allen Einwohnern Englisch gesprochen. Rentner, die dort leben, k\u00f6nnen die sch\u00f6nen Str\u00e4nde, das pulsierende Nachtleben und die stabile Wirtschaft genie\u00dfen, ohne sich Gedanken dar\u00fcber zu machen, was im Rest der Welt vor sich geht.<\/p>\n\n\n\n<p>Ein Umzug nach Sint Maarten ist also recht einfach, auch wenn Seefracht vielleicht nicht die beste Option ist. Es gibt nur wenige L\u00e4nder auf der Welt, die diese Insel beliefern, und noch weniger, die Sendungen von dort erhalten.<\/p>\n\n\n\n<p>Wir haben alle der niedrigsten Sint Maarten <a href=\"https:\/\/moverdb.com\/de\/container-shipping\/\" data-internallinksmanager029f6b8e52c=\"3\" title=\"Chart der internationalen Containerschifffahrtsraten: April 2026\">Containerfrachtraten<\/a> die wir in den unten stehenden Tabellen entdecken konnten. Sie k\u00f6nnen auch unser Angebotstool ausprobieren, um zu sehen, ob Sie mehr Gl\u00fcck haben und ein individuelles Angebot erhalten.<\/p>\n\n\n\n<h2 class=\"wp-block-heading\">Kosten f\u00fcr Schiffscontainer nach Sint Maarten (Philipsburg)<\/h2>\n\n\n<div class=\"wp-block-image\">\n<figure class=\"aligncenter size-large\"><img loading=\"lazy\" decoding=\"async\" width=\"1024\" height=\"539\" src=\"https:\/\/moverdb.com\/wp-content\/uploads\/Shipping-Container-Costs-to-Sint-Maarten-1024x539.png\" alt=\"Kosten f\u00fcr Schiffscontainer nach Sint Maarten (Philipsburg)\" class=\"wp-image-5060\" srcset=\"https:\/\/moverdb.com\/wp-content\/uploads\/Shipping-Container-Costs-to-Sint-Maarten-1024x539.png 1024w, https:\/\/moverdb.com\/wp-content\/uploads\/Shipping-Container-Costs-to-Sint-Maarten-300x158.png 300w, https:\/\/moverdb.com\/wp-content\/uploads\/Shipping-Container-Costs-to-Sint-Maarten-1536x809.png 1536w, https:\/\/moverdb.com\/wp-content\/uploads\/Shipping-Container-Costs-to-Sint-Maarten-18x9.png 18w, https:\/\/moverdb.com\/wp-content\/uploads\/Shipping-Container-Costs-to-Sint-Maarten-600x316.png 600w, https:\/\/moverdb.com\/wp-content\/uploads\/Shipping-Container-Costs-to-Sint-Maarten.png 2000w\" sizes=\"auto, (max-width: 1024px) 100vw, 1024px\" \/><\/figure>\n<\/div>\n\n\n<table id=\"tablepress-199\" class=\"tablepress tablepress-id-199\">\n<thead>\n<tr class=\"row-1\">\n\t<th class=\"column-1\">Zielland (<a href=\"https:\/\/moverdb.com\/de\/top-49-container-ports\/\" data-internallinksmanager029f6b8e52c=\"80\" title=\"Top 49 der gr\u00f6\u00dften und verkehrsreichsten Containerh\u00e4fen im Jahr 2025\">Hafen<\/a>\/Stadt)<\/th><th class=\"column-2\">20FT<\/th><th class=\"column-3\">40FT<\/th>\n<\/tr>\n<\/thead>\n<tbody class=\"row-striping row-hover\">\n<tr class=\"row-2\">\n\t<td class=\"column-1\"><a href=\"https:\/\/moverdb.com\/de\/container-shipping\/andorra\/\" data-internallinksmanager029f6b8e52c=\"88\" title=\"2023 Seefracht-Container-Tarife von und nach Andorra\">Andorra (Andorra la Vella)<\/a><\/td><td class=\"column-2\">$1,868<\/td><td class=\"column-3\">$3,171<\/td>\n<\/tr>\n<tr class=\"row-3\">\n\t<td class=\"column-1\"><a href=\"https:\/\/moverdb.com\/de\/container-shipping\/australia\/\" data-internallinksmanager029f6b8e52c=\"89\" title=\"2026 Containerfrachtraten von und nach Australien\">Australien (Sydney)<\/a><\/td><td class=\"column-2\">K.A.<\/td><td class=\"column-3\">$12,406<\/td>\n<\/tr>\n<tr class=\"row-4\">\n\t<td class=\"column-1\"><a href=\"https:\/\/moverdb.com\/de\/container-shipping\/austria\/\" data-internallinksmanager029f6b8e52c=\"95\" title=\"2023 Seefracht-Container-Tarife von und nach \u00d6sterreich\">\u00d6sterreich (Wien)<\/a><\/td><td class=\"column-2\">K.A.<\/td><td class=\"column-3\">$3,739<\/td>\n<\/tr>\n<tr class=\"row-5\">\n\t<td class=\"column-1\"><a href=\"https:\/\/moverdb.com\/de\/container-shipping\/bahrain\/\" data-internallinksmanager029f6b8e52c=\"96\" title=\"2026 Seefrachttarife f\u00fcr Container von und nach Bahrain\">Bahrain (Manama)<\/a><\/td><td class=\"column-2\">K.A.<\/td><td class=\"column-3\">$12,306<\/td>\n<\/tr>\n<tr class=\"row-6\">\n\t<td class=\"column-1\"><a href=\"https:\/\/moverdb.com\/de\/container-shipping\/brazil\/\" data-internallinksmanager029f6b8e52c=\"98\" title=\"2026 Seefrachttarife f\u00fcr Container von und nach Brasilien\">Brasilien (Santos)<\/a><\/td><td class=\"column-2\">$8,780<\/td><td class=\"column-3\">$9,731<\/td>\n<\/tr>\n<tr class=\"row-7\">\n\t<td class=\"column-1\"><a href=\"https:\/\/moverdb.com\/de\/container-shipping\/cambodia\/\" data-internallinksmanager029f6b8e52c=\"101\" title=\"2023 Seefracht-Container-Tarife von und nach Kambodscha\">Kambodscha (Sihanoukville)<\/a><\/td><td class=\"column-2\">$7,606<\/td><td class=\"column-3\">$8,618<\/td>\n<\/tr>\n<tr class=\"row-8\">\n\t<td class=\"column-1\"><a href=\"https:\/\/moverdb.com\/de\/container-shipping\/china\/\" data-internallinksmanager029f6b8e52c=\"105\" title=\"2023 Seefracht-Container-Tarife von und nach China\">China (Peking)<\/a><\/td><td class=\"column-2\">$6,757<\/td><td class=\"column-3\">$7,134<\/td>\n<\/tr>\n<tr class=\"row-9\">\n\t<td class=\"column-1\">China (Shanghai)<\/td><td class=\"column-2\">$6,408<\/td><td class=\"column-3\">$7,077<\/td>\n<\/tr>\n<tr class=\"row-10\">\n\t<td class=\"column-1\"><a href=\"https:\/\/moverdb.com\/de\/container-shipping\/greece\/\" data-internallinksmanager029f6b8e52c=\"120\" title=\"2026 Seefrachttarife f\u00fcr Container von und nach Griechenland\">Griechenland (Piraeus)<\/a><\/td><td class=\"column-2\">$3,966<\/td><td class=\"column-3\">$5,523<\/td>\n<\/tr>\n<tr class=\"row-11\">\n\t<td class=\"column-1\"><a href=\"https:\/\/moverdb.com\/de\/container-shipping\/hong-kong\/\" data-internallinksmanager029f6b8e52c=\"123\" title=\"2026 Seefrachttarife f\u00fcr Container von und nach Hongkong\">Hongkong (Hongkong)<\/a><\/td><td class=\"column-2\">$6,696<\/td><td class=\"column-3\">$7,077<\/td>\n<\/tr>\n<tr class=\"row-12\">\n\t<td class=\"column-1\"><a href=\"https:\/\/moverdb.com\/de\/container-shipping\/india\/\" data-internallinksmanager029f6b8e52c=\"125\" title=\"2023 Seefracht-Container-Tarife von und nach Indien\">Indien (Mumbai)<\/a><\/td><td class=\"column-2\">$16,500<\/td><td class=\"column-3\">$15,960<\/td>\n<\/tr>\n<tr class=\"row-13\">\n\t<td class=\"column-1\"><a href=\"https:\/\/moverdb.com\/de\/container-shipping\/indonesia\/\" data-internallinksmanager029f6b8e52c=\"126\" title=\"2026 Seefrachttarife f\u00fcr Container von und nach Indonesien\">Indonesien (Jakarta)<\/a><\/td><td class=\"column-2\">$7,295<\/td><td class=\"column-3\">$7,762<\/td>\n<\/tr>\n<tr class=\"row-14\">\n\t<td class=\"column-1\"><a href=\"https:\/\/moverdb.com\/de\/moving-to-luxembourg\/\" data-internallinksmanager029f6b8e52c=\"349\" title=\"Umzug nach Luxemburg? 2026 Lebenshaltungskosten &amp; Umzugstipps\">Luxemburg<\/a><\/td><td class=\"column-2\">$2,963<\/td><td class=\"column-3\">$4,610<\/td>\n<\/tr>\n<tr class=\"row-15\">\n\t<td class=\"column-1\"><a href=\"https:\/\/moverdb.com\/de\/moving-to-the-united-states\/\" data-internallinksmanager029f6b8e52c=\"94\" title=\"Umzug in die Vereinigten Staaten? 2026 Lebenshaltungskosten &amp; Umzugstipps\">US<\/a> (<a href=\"https:\/\/moverdb.com\/de\/moving-to-los-angeles\/\" data-internallinksmanager029f6b8e52c=\"51\" title=\"Umzug nach Los Angeles? 2026 LA Lebenshaltungskosten &amp; Umzugstipps\">Los Angeles<\/a>)<\/td><td class=\"column-2\">$912<\/td><td class=\"column-3\">$1,309<\/td>\n<\/tr>\n<tr class=\"row-16\">\n\t<td class=\"column-1\"><a href=\"https:\/\/moverdb.com\/de\/container-shipping\/united-states\/\" data-internallinksmanager029f6b8e52c=\"87\" title=\"2026 Seefrachttarife f\u00fcr Container von und nach den USA\">USA (New York)<\/a><\/td><td class=\"column-2\">$2,624<\/td><td class=\"column-3\">$1,937<\/td>\n<\/tr>\n<\/tbody>\n<\/table>\n<!-- #tablepress-199 from cache -->\n\n\n\n<h2 class=\"wp-block-heading\">Schiffscontainer Kosten von Sint Maarten (Philipsburg)<\/h2>\n\n\n<div class=\"wp-block-image\">\n<figure class=\"aligncenter size-large\"><img loading=\"lazy\" decoding=\"async\" width=\"1024\" height=\"539\" src=\"https:\/\/moverdb.com\/wp-content\/uploads\/Shipping-Container-Costs-from-Sint-Maarten-1024x539.png\" alt=\"Schiffscontainer Kosten von Sint Maarten (Philipsburg)\" class=\"wp-image-5062\" srcset=\"https:\/\/moverdb.com\/wp-content\/uploads\/Shipping-Container-Costs-from-Sint-Maarten-1024x539.png 1024w, https:\/\/moverdb.com\/wp-content\/uploads\/Shipping-Container-Costs-from-Sint-Maarten-300x158.png 300w, https:\/\/moverdb.com\/wp-content\/uploads\/Shipping-Container-Costs-from-Sint-Maarten-1536x809.png 1536w, https:\/\/moverdb.com\/wp-content\/uploads\/Shipping-Container-Costs-from-Sint-Maarten-18x9.png 18w, https:\/\/moverdb.com\/wp-content\/uploads\/Shipping-Container-Costs-from-Sint-Maarten-600x316.png 600w, https:\/\/moverdb.com\/wp-content\/uploads\/Shipping-Container-Costs-from-Sint-Maarten.png 2000w\" sizes=\"auto, (max-width: 1024px) 100vw, 1024px\" \/><\/figure>\n<\/div>\n\n\n<table id=\"tablepress-200\" class=\"tablepress tablepress-id-200\">\n<thead>\n<tr class=\"row-1\">\n\t<th class=\"column-1\">Bestimmungsland (Hafen\/Stadt)<\/th><th class=\"column-2\">20FT<\/th><th class=\"column-3\">40FT<\/th>\n<\/tr>\n<\/thead>\n<tbody class=\"row-striping row-hover\">\n<tr class=\"row-2\">\n\t<td class=\"column-1\">Andorra (Andorra la Vella)<\/td><td class=\"column-2\">$346<\/td><td class=\"column-3\">$355<\/td>\n<\/tr>\n<tr class=\"row-3\">\n\t<td class=\"column-1\"><a href=\"https:\/\/moverdb.com\/de\/container-shipping\/antigua-and-barbuda\/\" data-internallinksmanager029f6b8e52c=\"92\" title=\"2026 Seefrachttarife f\u00fcr Container von und nach Antigua und Barbuda\">Antigua und Barbuda (St. John's)<\/a><\/td><td class=\"column-2\">$875<\/td><td class=\"column-3\">$1,076<\/td>\n<\/tr>\n<tr class=\"row-4\">\n\t<td class=\"column-1\">Australien (Sydney)<\/td><td class=\"column-2\">K.A.<\/td><td class=\"column-3\">$2,845<\/td>\n<\/tr>\n<tr class=\"row-5\">\n\t<td class=\"column-1\"><a href=\"https:\/\/moverdb.com\/de\/container-shipping\/germany\/\" data-internallinksmanager029f6b8e52c=\"118\" title=\"2023 Seefracht-Container-Tarife von und nach Deutschland\">Deutschland (Hamburg)<\/a><\/td><td class=\"column-2\">$1,941<\/td><td class=\"column-3\">$2,964<\/td>\n<\/tr>\n<tr class=\"row-6\">\n\t<td class=\"column-1\">USA (New York)<\/td><td class=\"column-2\">$1,022<\/td><td class=\"column-3\">$1,108<\/td>\n<\/tr>\n<\/tbody>\n<\/table>\n<!-- #tablepress-200 from cache -->\n\n\n\n<h3 class=\"wp-block-heading\">Anmerkungen zu den Daten:<\/h3>\n\n\n\n<ul class=\"wp-block-list\"><li>Alle $-Zahlen in US-Dollar (USD);<\/li><li>Die Preise gelten ab Anfang 2022;<\/li><li>Die Karten in diesem Artikel wurden erstellt mit <a href=\"https:\/\/www.mapchart.net\" target=\"_blank\" rel=\"noreferrer noopener\">https:\/\/www.mapchart.net<\/a>. Es steht Ihnen frei, die Karten weiterzugeben, solange Sie einen Link zu folgenden Seiten angeben <a href=\"https:\/\/moverdb.com\/de\/\">Mo<\/a><a href=\"https:\/\/moverdb.com\/de\/\" target=\"_blank\" rel=\"noreferrer noopener\">v<\/a><a href=\"https:\/\/moverdb.com\/de\/\">erDB<\/a>;<\/li><li>Die oben genannten S\u00e4tze sind nur Sch\u00e4tzungen und k\u00f6nnen sich seit der Ver\u00f6ffentlichung dieses Artikels (April 2022) ge\u00e4ndert haben. Sie basieren auf dem niedrigsten gesch\u00e4tzten Satz, der entweder <a href=\"https:\/\/www.searates.com\" target=\"_blank\" rel=\"noreferrer noopener\">https:\/\/www.searates.com<\/a> oder <a href=\"https:\/\/www.gocomet.com\/freight-shipping-rates-index-calculator\" target=\"_blank\" rel=\"noreferrer noopener\">https:\/\/www.gocomet.com<\/a>;<\/li><li>Um eine genauere Vorstellung von den Kosten f\u00fcr Sie zu erhalten, verwenden Sie bitte das Angebotsformular oben auf dieser Seite;<\/li><li>Bitte beachten Sie auch unseren Leitfaden zu <a href=\"https:\/\/moverdb.com\/de\/containerschifffahrt\/\" target=\"_blank\" rel=\"noreferrer noopener\">internationale Containerschifffahrt<\/a>.<\/li><\/ul>","protected":false},"excerpt":{"rendered":"<p>Sint Maarten is one of the most prosperous island countries in the Caribbean. Being colonized by the Dutch, this tiny nation serves as one of its governorships and is well-advanced to accommodate any foreigner who wishes to move there. The mini-state is for everyone who desires a quieter life in a place where summers never [&hellip;]<\/p>\n","protected":false},"author":2,"featured_media":5064,"parent":44,"menu_order":0,"comment_status":"closed","ping_status":"closed","template":"","meta":{"_genesis_hide_title":false,"_genesis_hide_breadcrumbs":false,"_genesis_hide_singular_image":false,"_genesis_hide_footer_widgets":false,"_genesis_custom_body_class":"","_genesis_custom_post_class":"","_genesis_layout":"","footnotes":""},"class_list":{"0":"post-5275","1":"page","2":"type-page","3":"status-publish","4":"has-post-thumbnail","6":"entry"},"_links":{"self":[{"href":"https:\/\/moverdb.com\/de\/wp-json\/wp\/v2\/pages\/5275","targetHints":{"allow":["GET"]}}],"collection":[{"href":"https:\/\/moverdb.com\/de\/wp-json\/wp\/v2\/pages"}],"about":[{"href":"https:\/\/moverdb.com\/de\/wp-json\/wp\/v2\/types\/page"}],"author":[{"embeddable":true,"href":"https:\/\/moverdb.com\/de\/wp-json\/wp\/v2\/users\/2"}],"replies":[{"embeddable":true,"href":"https:\/\/moverdb.com\/de\/wp-json\/wp\/v2\/comments?post=5275"}],"version-history":[{"count":3,"href":"https:\/\/moverdb.com\/de\/wp-json\/wp\/v2\/pages\/5275\/revisions"}],"predecessor-version":[{"id":5294,"href":"https:\/\/moverdb.com\/de\/wp-json\/wp\/v2\/pages\/5275\/revisions\/5294"}],"up":[{"embeddable":true,"href":"https:\/\/moverdb.com\/de\/wp-json\/wp\/v2\/pages\/44"}],"wp:featuredmedia":[{"embeddable":true,"href":"https:\/\/moverdb.com\/de\/wp-json\/wp\/v2\/media\/5064"}],"wp:attachment":[{"href":"https:\/\/moverdb.com\/de\/wp-json\/wp\/v2\/media?parent=5275"}],"curies":[{"name":"wp","href":"https:\/\/api.w.org\/{rel}","templated":true}]}}