{"id":5242,"date":"2022-10-24T11:48:27","date_gmt":"2022-10-24T11:48:27","guid":{"rendered":"https:\/\/moverdb.com\/?page_id=5242"},"modified":"2026-01-08T15:29:48","modified_gmt":"2026-01-08T15:29:48","slug":"botswana","status":"publish","type":"page","link":"https:\/\/moverdb.com\/de\/moving-companies\/botswana-moving-companies\/","title":{"rendered":"Die besten internationalen Umzugsunternehmen in Botswana"},"content":{"rendered":"<p>Planen Sie einen Umzug innerhalb von Botswana oder von und nach Botswana? Ganz gleich, ob Sie mit Ihrem Haus oder Ihrem Unternehmen umziehen, die Dienste eines Umzugsunternehmens <a href=\"https:\/\/moverdb.com\/de\/moving-companies\/\" data-internallinksmanager029f6b8e52c=\"79\" title=\"Top 25 Internationale Umzugsunternehmen Online\">Umzugsunternehmen<\/a> kann Ihnen die Last erleichtern. Um Sie zu unterst\u00fctzen, haben wir eine Liste von Botswana zusammengestellt <a href=\"https:\/\/moverdb.com\/de\/international-removals\/\" data-internallinksmanager029f6b8e52c=\"27\" title=\"36 Beste internationale Umzugsunternehmen in Gro\u00dfbritannien\">Umzugsunternehmen<\/a> unten, die Mitglieder der <a href=\"https:\/\/moverdb.com\/de\/iam\/\" data-internallinksmanager029f6b8e52c=\"23\" title=\"International Association of Movers (IAM) erkl\u00e4rt\">Internationaler Verband der M\u00f6belspediteure<\/a> (IAM) und\/oder <a href=\"https:\/\/moverdb.com\/de\/fidi-faim\/\" data-internallinksmanager029f6b8e52c=\"16\" title=\"FIDI &amp; FAIM (FIDI Accredited International Mover) Erl\u00e4utert\">FIDI<\/a> Akkreditierter internationaler Spediteur (FAIM).<\/p>\n<h2><strong>AGS Worldwide Movers<\/strong><\/h2>\n<p><em><img loading=\"lazy\" decoding=\"async\" class=\"alignnone size-full wp-image-5137\" src=\"https:\/\/moverdb.com\/wp-content\/uploads\/AGS-Wroldwide-Movers-international-moving-company.png\" alt=\"AGS Wroldwide Movers internationales Umzugsunternehmen\" width=\"1440\" height=\"680\" data-wp-pid=\"5137\" srcset=\"https:\/\/moverdb.com\/wp-content\/uploads\/AGS-Wroldwide-Movers-international-moving-company.png 1440w, https:\/\/moverdb.com\/wp-content\/uploads\/AGS-Wroldwide-Movers-international-moving-company-300x142.png 300w, https:\/\/moverdb.com\/wp-content\/uploads\/AGS-Wroldwide-Movers-international-moving-company-1024x484.png 1024w, https:\/\/moverdb.com\/wp-content\/uploads\/AGS-Wroldwide-Movers-international-moving-company-18x9.png 18w, https:\/\/moverdb.com\/wp-content\/uploads\/AGS-Wroldwide-Movers-international-moving-company-600x283.png 600w\" sizes=\"auto, (max-width: 1440px) 100vw, 1440px\" \/><\/em><\/p>\n<ul>\n<li>Lokale und nationale Umz\u00fcge<\/li>\n<li>Internationale Umz\u00fcge<\/li>\n<li>Kommerzielle Umz\u00fcge f\u00fcr B\u00fcros<\/li>\n<li>Umz\u00fcge von Haushalten<\/li>\n<li>Ma\u00dfgeschneiderter Service<\/li>\n<li>Bietet einen Haus-zu-Haus-Service<\/li>\n<li>Geschulte Packer, die nach internationalen Standards arbeiten<\/li>\n<li>Verwendung innovativer Verpackungsmaterialien<\/li>\n<li>Fahrzeugverlagerung<\/li>\n<li>Sichere Lagereinrichtungen<\/li>\n<\/ul>\n<p>AGS Worldwide Movers ist ein 1974 gegr\u00fcndetes internationales Unternehmen mit 146 Standorten in 97 L\u00e4ndern, darunter Europa, Asien und Afrika einschlie\u00dflich Botswana. Das Unternehmen verf\u00fcgt \u00fcber ein Partnernetz in Nord-, Mittel- und S\u00fcdamerika sowie in Ozeanien, um Dienstleistungen in diesen L\u00e4ndern anzubieten. Die Niederlassung in Botswana ist seit 41 Jahren Mitglied der IAM und von der FIDI akkreditiert.<\/p>\n<p>AGS Worldwide Movers bietet Umzugsdienstleistungen in Botswana und auf der ganzen Welt an und setzt dabei modernste Technologie ein, um Kostenvoranschl\u00e4ge, Sendungsverfolgung und Lieferungen zu unterst\u00fctzen. Sie besch\u00e4ftigen geschulte Packer, die nach internationalen Verpackungsstandards und -techniken arbeiten und hochwertige Verpackungsmaterialien verwenden. Sie bieten auch Fahrzeugumz\u00fcge und sichere Lagerm\u00f6glichkeiten an.<\/p>\n<p>Website: <a href=\"https:\/\/www.agsmovers.com\" target=\"_blank\" rel=\"noopener\">https:\/\/www.agsmovers.com<\/a><\/p>","protected":false},"excerpt":{"rendered":"<p>Are you planning a move within Botswana, or to or from Botswana? Whether you are moving your home or your business, engaging the services of a moving company can help lighten the load. To assist you we have compiled a list of Botswana removal companies below that are members of the International Association of Movers [&hellip;]<\/p>\n","protected":false},"author":4,"featured_media":0,"parent":190,"menu_order":0,"comment_status":"closed","ping_status":"closed","template":"","meta":{"_genesis_hide_title":false,"_genesis_hide_breadcrumbs":false,"_genesis_hide_singular_image":false,"_genesis_hide_footer_widgets":false,"_genesis_custom_body_class":"","_genesis_custom_post_class":"","_genesis_layout":"","footnotes":""},"class_list":{"0":"post-5242","1":"page","2":"type-page","3":"status-publish","5":"entry"},"_links":{"self":[{"href":"https:\/\/moverdb.com\/de\/wp-json\/wp\/v2\/pages\/5242","targetHints":{"allow":["GET"]}}],"collection":[{"href":"https:\/\/moverdb.com\/de\/wp-json\/wp\/v2\/pages"}],"about":[{"href":"https:\/\/moverdb.com\/de\/wp-json\/wp\/v2\/types\/page"}],"author":[{"embeddable":true,"href":"https:\/\/moverdb.com\/de\/wp-json\/wp\/v2\/users\/4"}],"replies":[{"embeddable":true,"href":"https:\/\/moverdb.com\/de\/wp-json\/wp\/v2\/comments?post=5242"}],"version-history":[{"count":1,"href":"https:\/\/moverdb.com\/de\/wp-json\/wp\/v2\/pages\/5242\/revisions"}],"predecessor-version":[{"id":5243,"href":"https:\/\/moverdb.com\/de\/wp-json\/wp\/v2\/pages\/5242\/revisions\/5243"}],"up":[{"embeddable":true,"href":"https:\/\/moverdb.com\/de\/wp-json\/wp\/v2\/pages\/190"}],"wp:attachment":[{"href":"https:\/\/moverdb.com\/de\/wp-json\/wp\/v2\/media?parent=5242"}],"curies":[{"name":"wp","href":"https:\/\/api.w.org\/{rel}","templated":true}]}}