{"id":5240,"date":"2022-10-24T11:49:20","date_gmt":"2022-10-24T11:49:20","guid":{"rendered":"https:\/\/moverdb.com\/?page_id=5240"},"modified":"2026-01-08T15:23:38","modified_gmt":"2026-01-08T15:23:38","slug":"bosnien-herzegowina","status":"publish","type":"page","link":"https:\/\/moverdb.com\/de\/moving-companies\/bosnia-and-herzegovina-moving-companies\/","title":{"rendered":"2 beste internationale Umzugsunternehmen in Bosnien und Herzegowina"},"content":{"rendered":"<p>Ein Umzug kann eine stressige Zeit sein, vor allem, wenn man auch noch in ein anderes Land umzieht. Hier kann ein Umzugsunternehmen helfen, den Druck zu mindern. Um Ihnen zu helfen, haben wir eine Liste von Bosnien und Herzegowina zusammengestellt <a href=\"https:\/\/moverdb.com\/de\/international-removals\/\" data-internallinksmanager029f6b8e52c=\"27\" title=\"36 Beste internationale Umzugsunternehmen in Gro\u00dfbritannien\">Umzugsunternehmen<\/a> die Mitglieder der <a href=\"https:\/\/moverdb.com\/de\/iam\/\" data-internallinksmanager029f6b8e52c=\"23\" title=\"International Association of Movers (IAM) erkl\u00e4rt\">Internationaler Verband der M\u00f6belspediteure<\/a> (IAM), der Sie unterst\u00fctzen kann.<\/p>\n<h2><strong>1. AGS Worldwide Movers<\/strong><\/h2>\n<p><em><img loading=\"lazy\" decoding=\"async\" class=\"alignnone size-full wp-image-5137\" src=\"https:\/\/moverdb.com\/wp-content\/uploads\/AGS-Wroldwide-Movers-international-moving-company.png\" alt=\"AGS Wroldwide Movers internationales Umzugsunternehmen\" width=\"1440\" height=\"680\" data-wp-pid=\"5137\" srcset=\"https:\/\/moverdb.com\/wp-content\/uploads\/AGS-Wroldwide-Movers-international-moving-company.png 1440w, https:\/\/moverdb.com\/wp-content\/uploads\/AGS-Wroldwide-Movers-international-moving-company-300x142.png 300w, https:\/\/moverdb.com\/wp-content\/uploads\/AGS-Wroldwide-Movers-international-moving-company-1024x484.png 1024w, https:\/\/moverdb.com\/wp-content\/uploads\/AGS-Wroldwide-Movers-international-moving-company-18x9.png 18w, https:\/\/moverdb.com\/wp-content\/uploads\/AGS-Wroldwide-Movers-international-moving-company-600x283.png 600w\" sizes=\"auto, (max-width: 1440px) 100vw, 1440px\" \/><\/em><\/p>\n<ul>\n<li>Nationale Umz\u00fcge<\/li>\n<li>Internationale Umz\u00fcge<\/li>\n<li>Umz\u00fcge in Wohnungen<\/li>\n<li>B\u00fcroumz\u00fcge<\/li>\n<li>Umz\u00fcge von T\u00fcr zu T\u00fcr<\/li>\n<li>Geschultes Personal zum Verpacken und Transportieren Ihrer Sachen<\/li>\n<li>Innovative Verpackungsmaterialien und -methoden<\/li>\n<li>Umweltfreundliche Verpackung<\/li>\n<li>Fahrzeug\u00fcberf\u00fchrungen<\/li>\n<li>Sichere Lagerung<\/li>\n<\/ul>\n<p>AGS Worldwide Movers wurde 1974 gegr\u00fcndet und hat sich zu einem internationalen Umzugsunternehmen entwickelt, das Europa, Asien und Afrika mit Partnern in Amerika und Ozeanien umspannt. Das Unternehmen verf\u00fcgt \u00fcber 146 Standorte in 97 L\u00e4ndern. Das Unternehmen ist Mitglied der IAM und kann auf 25 Jahre Erfahrung zur\u00fcckblicken.<\/p>\n<p>AGS Worldwide Movers verwendet modernste und intelligente L\u00f6sungen, um Kostenvoranschl\u00e4ge, Sendungsverfolgung und Lieferung effektiver zu gestalten. Sie stellen geschulte Mitarbeiter zur Verf\u00fcgung, die Ihr Hab und Gut sicher verpacken, um es mit innovativen Verpackungsmaterialien und -techniken vor Besch\u00e4digungen zu sch\u00fctzen. Sie bieten auch Transportl\u00f6sungen f\u00fcr Fahrzeuge und sichere Lagerung, falls erforderlich.<\/p>\n<p>Website: <a href=\"http:\/\/www.agsmovers.com\" target=\"_blank\" rel=\"noopener\">http:\/\/www.agsmovers.com<\/a><\/p>\n<h2><strong>2. Intermove<\/strong><\/h2>\n<p><em><img loading=\"lazy\" decoding=\"async\" class=\"alignnone size-full wp-image-5176\" src=\"https:\/\/moverdb.com\/wp-content\/uploads\/Intermove-international-moving-company.png\" alt=\"Intermove Internationales Umzugsunternehmen\" width=\"1440\" height=\"680\" data-wp-pid=\"5176\" srcset=\"https:\/\/moverdb.com\/wp-content\/uploads\/Intermove-international-moving-company.png 1440w, https:\/\/moverdb.com\/wp-content\/uploads\/Intermove-international-moving-company-300x142.png 300w, https:\/\/moverdb.com\/wp-content\/uploads\/Intermove-international-moving-company-1024x484.png 1024w, https:\/\/moverdb.com\/wp-content\/uploads\/Intermove-international-moving-company-18x9.png 18w, https:\/\/moverdb.com\/wp-content\/uploads\/Intermove-international-moving-company-600x283.png 600w\" sizes=\"auto, (max-width: 1440px) 100vw, 1440px\" \/><\/em><\/p>\n<ul>\n<li>Lokale und nationale Umz\u00fcge<\/li>\n<li>Internationale Umz\u00fcge<\/li>\n<li>Umz\u00fcge im Haushalt<\/li>\n<li>Betriebsverlagerungen<\/li>\n<li>Hochqualifizierte Packer<\/li>\n<li>Einpacken und Auspacken<\/li>\n<li>Versandlogistik<\/li>\n<li>Zollabfertigung<\/li>\n<li>Versicherung<\/li>\n<li>Lagereinrichtungen<\/li>\n<\/ul>\n<p>Intermove ist ein Umzugsunternehmen, das 1996 gegr\u00fcndet wurde, um Familien und Unternehmen bei ihrem Umzug zu helfen. Sie bieten ihre Dienste in Bosnien und Herzegowina sowie f\u00fcr diejenigen an, die dorthin oder von dort umziehen m\u00f6chten. Das Unternehmen ist Mitglied der IAM und kann auf 26 Jahre Erfahrung zur\u00fcckblicken.<\/p>\n<p>Intermove stellt Ihnen hochqualifizierte Packer zur Verf\u00fcgung, die in internationalen Verpackungsmethoden geschult sind und hochwertige Materialien verwenden, um Ihr Hab und Gut zu sch\u00fctzen. Sie verpacken Ihr Hab und Gut und k\u00fcmmern sich um den Transport, die Zollabfertigung und das Auspacken. Sie bieten Versicherung, Wohnungssuche, Orientierung vor Ort und die M\u00f6glichkeit flexibler Lagerl\u00f6sungen.<\/p>\n<p>Website: <a href=\"http:\/\/www.intermovebosnia.com\" target=\"_blank\" rel=\"noopener\">http:\/\/www.intermovebosnia.com<\/a><\/p>","protected":false},"excerpt":{"rendered":"<p>Moving can be a stressful time especially if you are moving countries as well, that is where a moving or relocation company can help relieve some of the pressure. To help you we have compiled a list of Bosnia and Herzegovina removal companies that are members of the International Association of Movers (IAM) who could [&hellip;]<\/p>\n","protected":false},"author":4,"featured_media":0,"parent":190,"menu_order":0,"comment_status":"closed","ping_status":"closed","template":"","meta":{"_genesis_hide_title":false,"_genesis_hide_breadcrumbs":false,"_genesis_hide_singular_image":false,"_genesis_hide_footer_widgets":false,"_genesis_custom_body_class":"","_genesis_custom_post_class":"","_genesis_layout":"","footnotes":""},"class_list":{"0":"post-5240","1":"page","2":"type-page","3":"status-publish","5":"entry","6":"has-post-thumbnail"},"_links":{"self":[{"href":"https:\/\/moverdb.com\/de\/wp-json\/wp\/v2\/pages\/5240","targetHints":{"allow":["GET"]}}],"collection":[{"href":"https:\/\/moverdb.com\/de\/wp-json\/wp\/v2\/pages"}],"about":[{"href":"https:\/\/moverdb.com\/de\/wp-json\/wp\/v2\/types\/page"}],"author":[{"embeddable":true,"href":"https:\/\/moverdb.com\/de\/wp-json\/wp\/v2\/users\/4"}],"replies":[{"embeddable":true,"href":"https:\/\/moverdb.com\/de\/wp-json\/wp\/v2\/comments?post=5240"}],"version-history":[{"count":1,"href":"https:\/\/moverdb.com\/de\/wp-json\/wp\/v2\/pages\/5240\/revisions"}],"predecessor-version":[{"id":5241,"href":"https:\/\/moverdb.com\/de\/wp-json\/wp\/v2\/pages\/5240\/revisions\/5241"}],"up":[{"embeddable":true,"href":"https:\/\/moverdb.com\/de\/wp-json\/wp\/v2\/pages\/190"}],"wp:attachment":[{"href":"https:\/\/moverdb.com\/de\/wp-json\/wp\/v2\/media?parent=5240"}],"curies":[{"name":"wp","href":"https:\/\/api.w.org\/{rel}","templated":true}]}}