{"id":5237,"date":"2022-10-24T11:50:03","date_gmt":"2022-10-24T11:50:03","guid":{"rendered":"https:\/\/moverdb.com\/?page_id=5237"},"modified":"2026-01-08T15:24:38","modified_gmt":"2026-01-08T15:24:38","slug":"bolivien","status":"publish","type":"page","link":"https:\/\/moverdb.com\/de\/moving-companies\/bolivia-moving-companies\/","title":{"rendered":"Die 4 besten internationalen Umzugsunternehmen in Bolivien"},"content":{"rendered":"<p>Wenn Sie Ihren Wohn- oder Gesch\u00e4ftssitz nach Bolivien verlegen oder von Bolivien nach Bolivien oder von Bolivien nach Bolivien umziehen m\u00f6chten, ben\u00f6tigen Sie vielleicht etwas Unterst\u00fctzung, um den Stress und die Arbeit, die f\u00fcr den Umzug erforderlich sind, zu reduzieren. Im Folgenden haben wir eine Liste von bolivianischen <a href=\"https:\/\/moverdb.com\/de\/international-removals\/\" data-internallinksmanager029f6b8e52c=\"27\" title=\"36 Beste internationale Umzugsunternehmen in Gro\u00dfbritannien\">Umzugsunternehmen<\/a> die Mitglieder der <a href=\"https:\/\/moverdb.com\/de\/iam\/\" data-internallinksmanager029f6b8e52c=\"23\" title=\"International Association of Movers (IAM) erkl\u00e4rt\">Internationaler Verband der M\u00f6belspediteure<\/a> (IAM) und\/oder <a href=\"https:\/\/moverdb.com\/de\/fidi-faim\/\" data-internallinksmanager029f6b8e52c=\"16\" title=\"FIDI &amp; FAIM (FIDI Accredited International Mover) Erl\u00e4utert\">FIDI<\/a> Accredited International Mover (FAIM), die Ihnen helfen k\u00f6nnten.<\/p>\n<div id=\"ez-toc-container\" class=\"ez-toc-v2_0_82_2 ez-toc-wrap-left counter-hierarchy ez-toc-counter ez-toc-transparent ez-toc-container-direction\">\n<div class=\"ez-toc-title-container\">\n<p class=\"ez-toc-title\" style=\"cursor:inherit\">Rubriken<\/p>\n<span class=\"ez-toc-title-toggle\"><a href=\"#\" class=\"ez-toc-pull-right ez-toc-btn ez-toc-btn-xs ez-toc-btn-default ez-toc-toggle\" aria-label=\"Inhaltsverzeichnis umschalten\"><span class=\"ez-toc-js-icon-con\"><span class=\"\"><span class=\"eztoc-hide\" style=\"display:none;\">Umschalten auf<\/span><span class=\"ez-toc-icon-toggle-span\"><svg style=\"fill: #999;color:#999\" xmlns=\"http:\/\/www.w3.org\/2000\/svg\" class=\"list-377408\" width=\"20px\" height=\"20px\" viewbox=\"0 0 24 24\" fill=\"none\"><path d=\"M6 6H4v2h2V6zm14 0H8v2h12V6zM4 11h2v2H4v-2zm16 0H8v2h12v-2zM4 16h2v2H4v-2zm16 0H8v2h12v-2z\" fill=\"currentColor\"><\/path><\/svg><svg style=\"fill: #999;color:#999\" class=\"arrow-unsorted-368013\" xmlns=\"http:\/\/www.w3.org\/2000\/svg\" width=\"10px\" height=\"10px\" viewbox=\"0 0 24 24\" version=\"1.2\" baseprofile=\"tiny\"><path d=\"M18.2 9.3l-6.2-6.3-6.2 6.3c-.2.2-.3.4-.3.7s.1.5.3.7c.2.2.4.3.7.3h11c.3 0 .5-.1.7-.3.2-.2.3-.5.3-.7s-.1-.5-.3-.7zM5.8 14.7l6.2 6.3 6.2-6.3c.2-.2.3-.5.3-.7s-.1-.5-.3-.7c-.2-.2-.4-.3-.7-.3h-11c-.3 0-.5.1-.7.3-.2.2-.3.5-.3.7s.1.5.3.7z\"\/><\/svg><\/span><\/span><\/span><\/a><\/span><\/div>\n<nav><ul class='ez-toc-list ez-toc-list-level-1 eztoc-toggle-hide-by-default' ><li class='ez-toc-page-1 ez-toc-heading-level-2'><a class=\"ez-toc-link ez-toc-heading-1\" href=\"https:\/\/moverdb.com\/de\/moving-companies\/bolivia-moving-companies\/#1_Bolivian_Movers\" >1. Bolivianische Spediteure<\/a><\/li><li class='ez-toc-page-1 ez-toc-heading-level-2'><a class=\"ez-toc-link ez-toc-heading-2\" href=\"https:\/\/moverdb.com\/de\/moving-companies\/bolivia-moving-companies\/#2_Express_Cargo_Services\" >2. Express-Frachtdienste<\/a><\/li><li class='ez-toc-page-1 ez-toc-heading-level-2'><a class=\"ez-toc-link ez-toc-heading-3\" href=\"https:\/\/moverdb.com\/de\/moving-companies\/bolivia-moving-companies\/#3_Total_Bolivian_Moving\" >3. Bolivianische Umz\u00fcge insgesamt<\/a><\/li><li class='ez-toc-page-1 ez-toc-heading-level-2'><a class=\"ez-toc-link ez-toc-heading-4\" href=\"https:\/\/moverdb.com\/de\/moving-companies\/bolivia-moving-companies\/#4_Inbolpack\" >4. Inbolpack<\/a><\/li><\/ul><\/nav><\/div>\n<h2><span class=\"ez-toc-section\" id=\"1_Bolivian_Movers\"><\/span><strong>1. Bolivianische Spediteure<\/strong><span class=\"ez-toc-section-end\"><\/span><\/h2>\n<p><em><img loading=\"lazy\" decoding=\"async\" class=\"alignnone size-full wp-image-5150\" src=\"https:\/\/moverdb.com\/wp-content\/uploads\/Bolivian-Movers-international-moving-company.png\" alt=\"Bolivian Movers internationales Umzugsunternehmen\" width=\"1440\" height=\"671\" data-wp-pid=\"5150\" srcset=\"https:\/\/moverdb.com\/wp-content\/uploads\/Bolivian-Movers-international-moving-company.png 1440w, https:\/\/moverdb.com\/wp-content\/uploads\/Bolivian-Movers-international-moving-company-300x140.png 300w, https:\/\/moverdb.com\/wp-content\/uploads\/Bolivian-Movers-international-moving-company-1024x477.png 1024w, https:\/\/moverdb.com\/wp-content\/uploads\/Bolivian-Movers-international-moving-company-18x8.png 18w, https:\/\/moverdb.com\/wp-content\/uploads\/Bolivian-Movers-international-moving-company-600x280.png 600w\" sizes=\"auto, (max-width: 1440px) 100vw, 1440px\" \/><\/em><\/p>\n<ul>\n<li>Nationale Umz\u00fcge<\/li>\n<li>Internationale Umz\u00fcge<\/li>\n<li>Umz\u00fcge<\/li>\n<li>B\u00fcroumz\u00fcge<\/li>\n<li>Eine einzige Anlaufstelle f\u00fcr Ihren Umzug<\/li>\n<li>Moderne Flotte und Ausr\u00fcstung<\/li>\n<li>Professionelle Verpackung mit hochwertigen Materialien<\/li>\n<li>Transport von Kunst<\/li>\n<li>Umsiedlung von Haustieren<\/li>\n<li>Sichere Lagereinrichtungen<\/li>\n<\/ul>\n<p>Bolivian Movers wurde 1974 gegr\u00fcndet und bietet Umzugsdienstleistungen in Bolivien und dar\u00fcber hinaus an. Das Unternehmen ist Mitglied der IAM und kann auf 48 Dienstjahre zur\u00fcckblicken. Sie sind Teil eines internationalen Netzwerks von Umzugsunternehmen, das sie in die Lage versetzt, Ihren Umzug \u00fcberall auf der Welt zu unterst\u00fctzen. Sie verf\u00fcgen \u00fcber eine moderne Fahrzeug- und Ger\u00e4teflotte und stellen Ihnen einen Ansprechpartner zur Verf\u00fcgung, der Ihren Umzug \u00fcberwacht.<\/p>\n<p>Bolivian Movers bietet einen professionellen Verpackungsservice, der hochwertige Materialien und fachkundige Packer mit anerkannten Verpackungstechniken einsetzt. Sie bieten auch Umzugsdienste f\u00fcr Haustiere an und beraten \u00fcber die geltenden Vorschriften. Au\u00dferdem bieten sie sichere Lagerm\u00f6glichkeiten.<\/p>\n<p>Website: <a href=\"http:\/\/www.bolivianmovers.com\" target=\"_blank\" rel=\"noopener\">http:\/\/www.bolivianmovers.com<\/a><\/p>\n<h2><span class=\"ez-toc-section\" id=\"2_Express_Cargo_Services\"><\/span><strong>2. Express-Frachtdienste<\/strong><span class=\"ez-toc-section-end\"><\/span><\/h2>\n<p><em><img loading=\"lazy\" decoding=\"async\" class=\"alignnone size-full wp-image-5166\" src=\"https:\/\/moverdb.com\/wp-content\/uploads\/Express-Cargo-Services-international-moving-company.png\" alt=\"Express Cargo Services Internationales Umzugsunternehmen\" width=\"1440\" height=\"680\" data-wp-pid=\"5166\" srcset=\"https:\/\/moverdb.com\/wp-content\/uploads\/Express-Cargo-Services-international-moving-company.png 1440w, https:\/\/moverdb.com\/wp-content\/uploads\/Express-Cargo-Services-international-moving-company-300x142.png 300w, https:\/\/moverdb.com\/wp-content\/uploads\/Express-Cargo-Services-international-moving-company-1024x484.png 1024w, https:\/\/moverdb.com\/wp-content\/uploads\/Express-Cargo-Services-international-moving-company-18x9.png 18w, https:\/\/moverdb.com\/wp-content\/uploads\/Express-Cargo-Services-international-moving-company-600x283.png 600w\" sizes=\"auto, (max-width: 1440px) 100vw, 1440px\" \/><\/em><\/p>\n<ul>\n<li>Nationale Umz\u00fcge<\/li>\n<li>Internationale Umz\u00fcge<\/li>\n<li>Umz\u00fcge in Wohnungen<\/li>\n<li>Eine Flotte von Lieferwagen und Lastwagen<\/li>\n<li>Stra\u00dfen-, See- und Luftverkehr<\/li>\n<li>Verpackungsdienstleistungen<\/li>\n<li>Ausfuhr- und Einfuhrzollverfahren<\/li>\n<li>Transport von Kunstwerken<\/li>\n<li>Umsiedlung von Haustieren<\/li>\n<li>Sichere Lagerung<\/li>\n<\/ul>\n<p>Express Cargo Services wurde 1989 als Umzugsunternehmen in Bolivien gegr\u00fcndet. Sie bieten eine Reihe von Umzugsdienstleistungen f\u00fcr Privatkunden an, die innerhalb Boliviens, nach Bolivien oder an einen anderen Ort auf der Welt umziehen m\u00f6chten. Das Unternehmen ist Mitglied der IAM und kann auf 33 Jahre Erfahrung zur\u00fcckblicken.<\/p>\n<p>Express Cargo Services bietet einen Haus-zu-Haus-Service von und nach jedem Land der Welt. Das Unternehmen verf\u00fcgt \u00fcber eine eigene Flotte von Transportern und Lastwagen, um Umz\u00fcge in Bolivien zu erleichtern, und arbeitet international mit Partnern und Spediteuren im Stra\u00dfen-, See- und Luftverkehr zusammen. Das Unternehmen bietet Verpackungsdienste, Unterst\u00fctzung bei der Zollabfertigung, Kunsttransporte, den Umzug von Haustieren und sichere Lagerm\u00f6glichkeiten.<\/p>\n<p>Website: <a href=\"http:\/\/www.expresscargobolivia.com\" target=\"_blank\" rel=\"noopener\">http:\/\/www.expresscargobolivia.com<\/a><\/p>\n<h2><span class=\"ez-toc-section\" id=\"3_Total_Bolivian_Moving\"><\/span><strong>3. Bolivianische Umz\u00fcge insgesamt<\/strong><span class=\"ez-toc-section-end\"><\/span><\/h2>\n<p><em><img loading=\"lazy\" decoding=\"async\" class=\"alignnone size-full wp-image-5210\" src=\"https:\/\/moverdb.com\/wp-content\/uploads\/Total-Bolivian-Moving-international-moving-company.png\" alt=\"Total Bolivian Moving internationales Umzugsunternehmen\" width=\"1440\" height=\"636\" data-wp-pid=\"5210\" srcset=\"https:\/\/moverdb.com\/wp-content\/uploads\/Total-Bolivian-Moving-international-moving-company.png 1440w, https:\/\/moverdb.com\/wp-content\/uploads\/Total-Bolivian-Moving-international-moving-company-300x133.png 300w, https:\/\/moverdb.com\/wp-content\/uploads\/Total-Bolivian-Moving-international-moving-company-1024x452.png 1024w, https:\/\/moverdb.com\/wp-content\/uploads\/Total-Bolivian-Moving-international-moving-company-18x8.png 18w, https:\/\/moverdb.com\/wp-content\/uploads\/Total-Bolivian-Moving-international-moving-company-600x265.png 600w\" sizes=\"auto, (max-width: 1440px) 100vw, 1440px\" \/><\/em><\/p>\n<ul>\n<li>Nationale Umz\u00fcge<\/li>\n<li>Internationale Umz\u00fcge<\/li>\n<li>Wohn- und Gesch\u00e4ftsumz\u00fcge<\/li>\n<li>Organisation und Planung Ihres Umzugs<\/li>\n<li>Geschultes und erfahrenes Personal<\/li>\n<li>Verpackungsservice mit hochwertigen Materialien<\/li>\n<li>Versicherung<\/li>\n<li>Transport von Kunstwerken<\/li>\n<li>Fahrzeugtransport<\/li>\n<li>Sichere Lagerung<\/li>\n<\/ul>\n<p>Total Bolivian Moving ist ein Umzugsunternehmen mit Sitz in La Paz, das Umzugsdienstleistungen in Bolivien und von und nach Bolivien anbietet. Sie bieten ihre Dienste sowohl f\u00fcr Privatkunden als auch f\u00fcr gewerbliche Kunden, einschlie\u00dflich Organisationen und Unternehmen, an. Das Unternehmen ist auf den Transport von Kunstwerken spezialisiert. Sie sind Mitglied der IAM und seit 7 Jahren im Dienst.<\/p>\n<p>Total Bolivian Moving hilft Ihnen bei der Organisation Ihres Umzugs und unterst\u00fctzt Sie bei der Planung. Sie stellen geschulte und erfahrene Mitarbeiter zur Verf\u00fcgung, die Ihr Hab und Gut sicher verpacken und mit hochwertigem Verpackungsmaterial vor Sch\u00e4den sch\u00fctzen. Bei Bedarf bieten sie Versicherungen und Lagerm\u00f6glichkeiten f\u00fcr Ihr Hab und Gut an.<\/p>\n<p>Website: <a href=\"http:\/\/www.tobolmoving.com\" target=\"_blank\" rel=\"noopener\">http:\/\/www.tobolmoving.com<\/a><\/p>\n<h2><span class=\"ez-toc-section\" id=\"4_Inbolpack\"><\/span><strong>4. Inbolpack<\/strong><span class=\"ez-toc-section-end\"><\/span><\/h2>\n<p>&nbsp;<img loading=\"lazy\" decoding=\"async\" class=\"alignnone size-full wp-image-5238\" src=\"https:\/\/moverdb.com\/wp-content\/uploads\/Inbolpack-international-moving-company.png\" alt=\"\" width=\"1440\" height=\"682\" data-wp-pid=\"5238\" srcset=\"https:\/\/moverdb.com\/wp-content\/uploads\/Inbolpack-international-moving-company.png 1440w, https:\/\/moverdb.com\/wp-content\/uploads\/Inbolpack-international-moving-company-300x142.png 300w, https:\/\/moverdb.com\/wp-content\/uploads\/Inbolpack-international-moving-company-1024x485.png 1024w, https:\/\/moverdb.com\/wp-content\/uploads\/Inbolpack-international-moving-company-18x9.png 18w, https:\/\/moverdb.com\/wp-content\/uploads\/Inbolpack-international-moving-company-600x284.png 600w\" sizes=\"auto, (max-width: 1440px) 100vw, 1440px\" \/><\/p>\n<ul>\n<li>Lokale und nationale Umz\u00fcge<\/li>\n<li>Internationale Umz\u00fcge<\/li>\n<li>Umz\u00fcge im Haushalt<\/li>\n<li>Kommerzielle Umz\u00fcge<\/li>\n<li>Sonderprojekte Transport<\/li>\n<li>Haus-zu-Haus-Dienst<\/li>\n<li>Professionelle Packer<\/li>\n<li>Hochwertige Verpackungsmaterialien<\/li>\n<li>Eigener Fuhrpark mit verschiedenen Fahrzeugen<\/li>\n<li>L\u00f6sungen f\u00fcr die Lagerung<\/li>\n<\/ul>\n<p>Inbolpack wurde 1978 als Umzugsunternehmen gegr\u00fcndet, das aufgrund der Pr\u00e4senz ausl\u00e4ndischer Arbeitskr\u00e4fte in Bolivien auch international t\u00e4tig ist. Sie unterst\u00fctzen Menschen und Unternehmen bei Umz\u00fcgen innerhalb, nach und aus Bolivien. Das Unternehmen ist seit 44 Jahren Mitglied der IAM und ist von der FIDI akkreditiert.<\/p>\n<p>Inbolpack bietet einen Haus-zu-Haus-Service f\u00fcr Umz\u00fcge an, der einen professionellen Verpackungsservice mit geschultem Personal bietet, das internationale Standards erf\u00fcllt und hochwertige Verpackungsmaterialien verwendet. Au\u00dferdem verf\u00fcgt das Unternehmen \u00fcber einen eigenen Fuhrpark mit Lastwagen und Kr\u00e4nen. Das Unternehmen bietet auch Lagerm\u00f6glichkeiten f\u00fcr Fracht im In- und Ausland.<\/p>\n<p>Website: <a href=\"http:\/\/www.inbolpack.net\" target=\"_blank\" rel=\"noopener\">http:\/\/www.inbolpack.net<\/a><\/p>","protected":false},"excerpt":{"rendered":"<p>If you are wanting to move home or business in Bolivia, or to or from Bolivia then you might want some support to reduce the stress and work needed for the move. Below we have compiled a list of Bolivian removal companies that are members of the International Association of Movers (IAM) and\/or FIDI Accredited [&hellip;]<\/p>\n","protected":false},"author":4,"featured_media":0,"parent":190,"menu_order":0,"comment_status":"closed","ping_status":"closed","template":"","meta":{"_genesis_hide_title":false,"_genesis_hide_breadcrumbs":false,"_genesis_hide_singular_image":false,"_genesis_hide_footer_widgets":false,"_genesis_custom_body_class":"","_genesis_custom_post_class":"","_genesis_layout":"","footnotes":""},"class_list":{"0":"post-5237","1":"page","2":"type-page","3":"status-publish","5":"entry","6":"has-post-thumbnail"},"_links":{"self":[{"href":"https:\/\/moverdb.com\/de\/wp-json\/wp\/v2\/pages\/5237","targetHints":{"allow":["GET"]}}],"collection":[{"href":"https:\/\/moverdb.com\/de\/wp-json\/wp\/v2\/pages"}],"about":[{"href":"https:\/\/moverdb.com\/de\/wp-json\/wp\/v2\/types\/page"}],"author":[{"embeddable":true,"href":"https:\/\/moverdb.com\/de\/wp-json\/wp\/v2\/users\/4"}],"replies":[{"embeddable":true,"href":"https:\/\/moverdb.com\/de\/wp-json\/wp\/v2\/comments?post=5237"}],"version-history":[{"count":1,"href":"https:\/\/moverdb.com\/de\/wp-json\/wp\/v2\/pages\/5237\/revisions"}],"predecessor-version":[{"id":5239,"href":"https:\/\/moverdb.com\/de\/wp-json\/wp\/v2\/pages\/5237\/revisions\/5239"}],"up":[{"embeddable":true,"href":"https:\/\/moverdb.com\/de\/wp-json\/wp\/v2\/pages\/190"}],"wp:attachment":[{"href":"https:\/\/moverdb.com\/de\/wp-json\/wp\/v2\/media?parent=5237"}],"curies":[{"name":"wp","href":"https:\/\/api.w.org\/{rel}","templated":true}]}}