{"id":5231,"date":"2022-10-24T11:51:35","date_gmt":"2022-10-24T11:51:35","guid":{"rendered":"https:\/\/moverdb.com\/?page_id=5231"},"modified":"2026-01-08T15:29:47","modified_gmt":"2026-01-08T15:29:47","slug":"barbados-2","status":"publish","type":"page","link":"https:\/\/moverdb.com\/de\/moving-companies\/barbados-moving-companies\/","title":{"rendered":"Die besten internationalen Umzugsunternehmen in Barbados"},"content":{"rendered":"<p>Denken Sie \u00fcber einen Umzug nach oder von <a href=\"https:\/\/moverdb.com\/de\/moving-to-barbados\/\" data-internallinksmanager029f6b8e52c=\"344\" title=\"Umzug nach Barbados? 2026 Lebenshaltungskosten &amp; Umzugstipps\">Barbados<\/a>oder innerhalb von Barbados? Dann k\u00f6nnte der Gedanke, Ihr Haus oder Ihr Unternehmen zu verpacken und den Transport zu organisieren, etwas Stress verursachen, aber ein Umzugsunternehmen k\u00f6nnte Ihnen helfen. Im Folgenden finden Sie die <a href=\"https:\/\/moverdb.com\/de\/international-removals\/\" data-internallinksmanager029f6b8e52c=\"27\" title=\"36 Beste internationale Umzugsunternehmen in Gro\u00dfbritannien\">Umzugsunternehmen<\/a> die Mitglieder der <a href=\"https:\/\/moverdb.com\/de\/iam\/\" data-internallinksmanager029f6b8e52c=\"23\" title=\"International Association of Movers (IAM) erkl\u00e4rt\">Internationaler Verband der M\u00f6belspediteure<\/a> (IAM) und\/oder <a href=\"https:\/\/moverdb.com\/de\/fidi-faim\/\" data-internallinksmanager029f6b8e52c=\"16\" title=\"FIDI &amp; FAIM (FIDI Accredited International Mover) Erl\u00e4utert\">FIDI<\/a> Akkreditierter internationaler Spediteur (FAIM) in Barbados.<\/p>\n<h2><strong>1. Michael Greaves Assoziierte Unternehmen<\/strong><\/h2>\n<p><em><img loading=\"lazy\" decoding=\"async\" class=\"alignnone size-full wp-image-5186\" src=\"https:\/\/moverdb.com\/wp-content\/uploads\/Michael-Greaves-Associates-international-moving-company.png\" alt=\"Michael Greaves Associates internationales Umzugsunternehmen\" width=\"1440\" height=\"681\" data-wp-pid=\"5186\" srcset=\"https:\/\/moverdb.com\/wp-content\/uploads\/Michael-Greaves-Associates-international-moving-company.png 1440w, https:\/\/moverdb.com\/wp-content\/uploads\/Michael-Greaves-Associates-international-moving-company-300x142.png 300w, https:\/\/moverdb.com\/wp-content\/uploads\/Michael-Greaves-Associates-international-moving-company-1024x484.png 1024w, https:\/\/moverdb.com\/wp-content\/uploads\/Michael-Greaves-Associates-international-moving-company-18x9.png 18w, https:\/\/moverdb.com\/wp-content\/uploads\/Michael-Greaves-Associates-international-moving-company-600x284.png 600w\" sizes=\"auto, (max-width: 1440px) 100vw, 1440px\" \/><\/em><\/p>\n<ul>\n<li>Nationale Verlagerungen<\/li>\n<li>Internationale Verlagerungen<\/li>\n<li>Kommerzielle und private Umz\u00fcge<\/li>\n<li>Ma\u00dfgeschneiderter Service<\/li>\n<li>Erfahrene Fachleute<\/li>\n<li>Zollabwicklung und -abfertigung<\/li>\n<li>Frachtversicherung<\/li>\n<li>Umgang mit Haustieren<\/li>\n<li>Fahrzeug- und Bootstransport<\/li>\n<li>Lagereinrichtungen<\/li>\n<\/ul>\n<p>Michael Greaves Associates ist ein 1981 gegr\u00fcndeter Relocation-, Umzugs-, Versand- und Maklerdienst mit Sitz in Barbados. Das Unternehmen ist Mitglied der IAM und kann auf 41 Dienstjahre zur\u00fcckblicken. Sie bieten Umzugsdienstleistungen innerhalb von Barbados und international an.<\/p>\n<p>Michael Greaves Associates bietet einen ma\u00dfgeschneiderten Umzugsservice, der Sie in jeder Phase Ihres Umzugs von der Planung bis zum Einzug in Ihr neues Zuhause unterst\u00fctzt. Sie begutachten Ihre Wohnung oder Ihr B\u00fcro, erstellen einen Kostenvoranschlag und notieren alle besonderen Anforderungen. Sie verpacken Ihr Hab und Gut mit zugelassenen Techniken und Materialien. Sie bieten auch Frachtversicherungen, Zollabwicklung und -abfertigung sowie Spezialdienste f\u00fcr den Transport von Haustieren, Fahrzeugen und Booten.<\/p>\n<p>Website: <a href=\"http:\/\/www.mgassociates.net\" target=\"_blank\" rel=\"noopener\">http:\/\/www.mgassociates.net<\/a><\/p>\n<h2>Andere n\u00fctzliche Reisef\u00fchrer f\u00fcr Barbados<\/h2>\n<ul>\n<li> <a href=\"https:\/\/moverdb.com\/de\/containerschifffahrt\/barbados\/\">2024 Seefracht-Container-Tarife von und nach Barbados<\/a><\/li>\n<li> <a href=\"https:\/\/moverdb.com\/de\/moving-to-barbados\/\">Umzug nach Barbados? 2026 Lebenshaltungskosten &amp; Umzugstipps<\/a><\/li>\n<li> <a href=\"https:\/\/moverdb.com\/de\/moving-to-barbados\/living-in-barbados\/\">21 Geheimnisse \u00fcber das Leben in Barbados, die man vor dem Umzug kennen sollte<\/a><\/li>\n<\/ul>","protected":false},"excerpt":{"rendered":"<p>Are you thinking of moving to or from Barbados, or within Barbados? Then the thought of packing up your home or business and organising the shipping might be causing some stress, but a removal company could help. Below are the removal companies that are members of the International Association of Movers (IAM) and\/or FIDI Accredited [&hellip;]<\/p>\n","protected":false},"author":4,"featured_media":0,"parent":190,"menu_order":0,"comment_status":"closed","ping_status":"closed","template":"","meta":{"_genesis_hide_title":false,"_genesis_hide_breadcrumbs":false,"_genesis_hide_singular_image":false,"_genesis_hide_footer_widgets":false,"_genesis_custom_body_class":"","_genesis_custom_post_class":"","_genesis_layout":"","footnotes":""},"class_list":{"0":"post-5231","1":"page","2":"type-page","3":"status-publish","5":"entry","6":"has-post-thumbnail"},"_links":{"self":[{"href":"https:\/\/moverdb.com\/de\/wp-json\/wp\/v2\/pages\/5231","targetHints":{"allow":["GET"]}}],"collection":[{"href":"https:\/\/moverdb.com\/de\/wp-json\/wp\/v2\/pages"}],"about":[{"href":"https:\/\/moverdb.com\/de\/wp-json\/wp\/v2\/types\/page"}],"author":[{"embeddable":true,"href":"https:\/\/moverdb.com\/de\/wp-json\/wp\/v2\/users\/4"}],"replies":[{"embeddable":true,"href":"https:\/\/moverdb.com\/de\/wp-json\/wp\/v2\/comments?post=5231"}],"version-history":[{"count":2,"href":"https:\/\/moverdb.com\/de\/wp-json\/wp\/v2\/pages\/5231\/revisions"}],"predecessor-version":[{"id":18281,"href":"https:\/\/moverdb.com\/de\/wp-json\/wp\/v2\/pages\/5231\/revisions\/18281"}],"up":[{"embeddable":true,"href":"https:\/\/moverdb.com\/de\/wp-json\/wp\/v2\/pages\/190"}],"wp:attachment":[{"href":"https:\/\/moverdb.com\/de\/wp-json\/wp\/v2\/media?parent=5231"}],"curies":[{"name":"wp","href":"https:\/\/api.w.org\/{rel}","templated":true}]}}