{"id":5228,"date":"2022-10-24T11:52:12","date_gmt":"2022-10-24T11:52:12","guid":{"rendered":"https:\/\/moverdb.com\/?page_id=5228"},"modified":"2026-01-08T15:25:04","modified_gmt":"2026-01-08T15:25:04","slug":"bangladesch-2","status":"publish","type":"page","link":"https:\/\/moverdb.com\/de\/moving-companies\/bangladesh-moving-companies\/","title":{"rendered":"Die 5 besten internationalen Umzugsunternehmen in Bangladesch"},"content":{"rendered":"<p>Wenn Sie nach Hause umziehen in <a href=\"https:\/\/moverdb.com\/de\/moving-to-bangladesh\/\" data-internallinksmanager029f6b8e52c=\"419\" title=\"Umzug nach Bangladesch? 2026 Lebenshaltungskosten &amp; Umzugstipps\">Bangladesch<\/a> oder im Begriff sind, nach oder aus Bangladesch umzuziehen, sollten Sie eine <a href=\"https:\/\/moverdb.com\/de\/international-removals\/\" data-internallinksmanager029f6b8e52c=\"27\" title=\"36 Beste internationale Umzugsunternehmen in Gro\u00dfbritannien\">Umzugsunternehmen<\/a> um den Umzugsprozess zu erleichtern. Ein Umzug ist eine stressige Zeit. Im Folgenden haben wir eine Liste von Unternehmen zusammengestellt, die Mitglieder der <a href=\"https:\/\/moverdb.com\/de\/iam\/\" data-internallinksmanager029f6b8e52c=\"23\" title=\"International Association of Movers (IAM) erkl\u00e4rt\">Internationaler Verband der M\u00f6belspediteure<\/a> (IAM) und\/oder <a href=\"https:\/\/moverdb.com\/de\/fidi-faim\/\" data-internallinksmanager029f6b8e52c=\"16\" title=\"FIDI &amp; FAIM (FIDI Accredited International Mover) Erl\u00e4utert\">FIDI<\/a> Accredited International Mover (FAIM), die Ihnen helfen k\u00f6nnen.<\/p>\n<div id=\"ez-toc-container\" class=\"ez-toc-v2_0_82_2 ez-toc-wrap-left counter-hierarchy ez-toc-counter ez-toc-transparent ez-toc-container-direction\">\n<div class=\"ez-toc-title-container\">\n<p class=\"ez-toc-title\" style=\"cursor:inherit\">Rubriken<\/p>\n<span class=\"ez-toc-title-toggle\"><a href=\"#\" class=\"ez-toc-pull-right ez-toc-btn ez-toc-btn-xs ez-toc-btn-default ez-toc-toggle\" aria-label=\"Inhaltsverzeichnis umschalten\"><span class=\"ez-toc-js-icon-con\"><span class=\"\"><span class=\"eztoc-hide\" style=\"display:none;\">Umschalten auf<\/span><span class=\"ez-toc-icon-toggle-span\"><svg style=\"fill: #999;color:#999\" xmlns=\"http:\/\/www.w3.org\/2000\/svg\" class=\"list-377408\" width=\"20px\" height=\"20px\" viewbox=\"0 0 24 24\" fill=\"none\"><path d=\"M6 6H4v2h2V6zm14 0H8v2h12V6zM4 11h2v2H4v-2zm16 0H8v2h12v-2zM4 16h2v2H4v-2zm16 0H8v2h12v-2z\" fill=\"currentColor\"><\/path><\/svg><svg style=\"fill: #999;color:#999\" class=\"arrow-unsorted-368013\" xmlns=\"http:\/\/www.w3.org\/2000\/svg\" width=\"10px\" height=\"10px\" viewbox=\"0 0 24 24\" version=\"1.2\" baseprofile=\"tiny\"><path d=\"M18.2 9.3l-6.2-6.3-6.2 6.3c-.2.2-.3.4-.3.7s.1.5.3.7c.2.2.4.3.7.3h11c.3 0 .5-.1.7-.3.2-.2.3-.5.3-.7s-.1-.5-.3-.7zM5.8 14.7l6.2 6.3 6.2-6.3c.2-.2.3-.5.3-.7s-.1-.5-.3-.7c-.2-.2-.4-.3-.7-.3h-11c-.3 0-.5.1-.7.3-.2.2-.3.5-.3.7s.1.5.3.7z\"\/><\/svg><\/span><\/span><\/span><\/a><\/span><\/div>\n<nav><ul class='ez-toc-list ez-toc-list-level-1 eztoc-toggle-hide-by-default' ><li class='ez-toc-page-1 ez-toc-heading-level-2'><a class=\"ez-toc-link ez-toc-heading-1\" href=\"https:\/\/moverdb.com\/de\/moving-companies\/bangladesh-moving-companies\/#1_A_I_Freight_Services\" >1. A I G\u00fcterverkehrsdienste<\/a><\/li><li class='ez-toc-page-1 ez-toc-heading-level-2'><a class=\"ez-toc-link ez-toc-heading-2\" href=\"https:\/\/moverdb.com\/de\/moving-companies\/bangladesh-moving-companies\/#2_Alpha_Logistics\" >2. Alpha Logistik<\/a><\/li><li class='ez-toc-page-1 ez-toc-heading-level-2'><a class=\"ez-toc-link ez-toc-heading-3\" href=\"https:\/\/moverdb.com\/de\/moving-companies\/bangladesh-moving-companies\/#3_Apolloline_Shipping_Service\" >3. Apolloline Versand Service<\/a><\/li><li class='ez-toc-page-1 ez-toc-heading-level-2'><a class=\"ez-toc-link ez-toc-heading-4\" href=\"https:\/\/moverdb.com\/de\/moving-companies\/bangladesh-moving-companies\/#4_Carry_Link_Packers_Shippers\" >4. Carry Link Packers &amp; Shippers<\/a><\/li><li class='ez-toc-page-1 ez-toc-heading-level-2'><a class=\"ez-toc-link ez-toc-heading-5\" href=\"https:\/\/moverdb.com\/de\/moving-companies\/bangladesh-moving-companies\/#5_Homebound\" >5. Homebound<\/a><\/li><\/ul><\/nav><\/div>\n<h2><span class=\"ez-toc-section\" id=\"1_A_I_Freight_Services\"><\/span><strong>1. A I G\u00fcterverkehrsdienste<\/strong><span class=\"ez-toc-section-end\"><\/span><\/h2>\n<p><em><img loading=\"lazy\" decoding=\"async\" class=\"alignnone size-full wp-image-5135\" src=\"https:\/\/moverdb.com\/wp-content\/uploads\/A-I-Freight-Services-international-moving-company.png\" alt=\"A I Freight Services internationales Umzugsunternehmen\" width=\"1440\" height=\"685\" data-wp-pid=\"5135\" srcset=\"https:\/\/moverdb.com\/wp-content\/uploads\/A-I-Freight-Services-international-moving-company.png 1440w, https:\/\/moverdb.com\/wp-content\/uploads\/A-I-Freight-Services-international-moving-company-300x143.png 300w, https:\/\/moverdb.com\/wp-content\/uploads\/A-I-Freight-Services-international-moving-company-1024x487.png 1024w, https:\/\/moverdb.com\/wp-content\/uploads\/A-I-Freight-Services-international-moving-company-18x9.png 18w, https:\/\/moverdb.com\/wp-content\/uploads\/A-I-Freight-Services-international-moving-company-600x285.png 600w\" sizes=\"auto, (max-width: 1440px) 100vw, 1440px\" \/><\/em><\/p>\n<ul>\n<li>Nationale Logistik<\/li>\n<li>Internationale Logistik<\/li>\n<li>T\u00fcr-zu-T\u00fcr-Service und Haushaltsumz\u00fcge<\/li>\n<li>Umgang mit pers\u00f6nlichen Gegenst\u00e4nden<\/li>\n<li>Gesch\u00e4ftsumz\u00fcge und Logistik<\/li>\n<li>Stra\u00dfen-, See- und Luftfracht<\/li>\n<li>Zollabfertigung<\/li>\n<li>Umgang mit empfindlichen und gef\u00e4hrlichen G\u00fctern<\/li>\n<li>Transport von Haustieren<\/li>\n<li>L\u00f6sungen f\u00fcr die Lagerung<\/li>\n<\/ul>\n<p>A I Freight Services behauptet, eines der f\u00fchrenden Logistikunternehmen in Bangladesch zu sein, das Frachttransporte, Binnentransporte und Zollabfertigung anbietet. Das Unternehmen ist Mitglied der IAM und kann auf 23 Dienstjahre zur\u00fcckblicken. Sie bedienen Unternehmen in den Bereichen Logistik und Vertrieb sowie Umz\u00fcge und bieten auch Umzugsdienste f\u00fcr Haushalte an.<\/p>\n<p>A I Freight Services bietet einen Haus-zu-Haus-Umzugsservice an, der Sie national und international auf der Stra\u00dfe, auf dem Wasser und in der Luft transportieren kann. Sie k\u00f6nnen Sie auch bei der Zollabfertigung und der Vermittlung unterst\u00fctzen. Das Unternehmen bietet spezielle Logistikdienste an, darunter den Transport von Haustieren sowie von empfindlichen und gef\u00e4hrlichen G\u00fctern. Sie bieten auch L\u00f6sungen f\u00fcr die Lagerhaltung an.<\/p>\n<p>Website: <a href=\"http:\/\/www.aifs-bd.com\" target=\"_blank\" rel=\"noopener\">http:\/\/www.aifs-bd.com<\/a><\/p>\n<h2><span class=\"ez-toc-section\" id=\"2_Alpha_Logistics\"><\/span><strong>2. Alpha Logistik<\/strong><span class=\"ez-toc-section-end\"><\/span><\/h2>\n<p><em><img loading=\"lazy\" decoding=\"async\" class=\"alignnone size-full wp-image-5143\" src=\"https:\/\/moverdb.com\/wp-content\/uploads\/Alpha-Logistics-international-moving-company.png\" alt=\"Alpha Logistics internationales Umzugsunternehmen\" width=\"1440\" height=\"677\" data-wp-pid=\"5143\" srcset=\"https:\/\/moverdb.com\/wp-content\/uploads\/Alpha-Logistics-international-moving-company.png 1440w, https:\/\/moverdb.com\/wp-content\/uploads\/Alpha-Logistics-international-moving-company-300x141.png 300w, https:\/\/moverdb.com\/wp-content\/uploads\/Alpha-Logistics-international-moving-company-1024x481.png 1024w, https:\/\/moverdb.com\/wp-content\/uploads\/Alpha-Logistics-international-moving-company-18x8.png 18w, https:\/\/moverdb.com\/wp-content\/uploads\/Alpha-Logistics-international-moving-company-600x282.png 600w\" sizes=\"auto, (max-width: 1440px) 100vw, 1440px\" \/><\/em><\/p>\n<ul>\n<li>Nationale Sendungen<\/li>\n<li>Internationale Sendungen<\/li>\n<li>Flexibler Dienst<\/li>\n<li>Bietet eine breite Palette von Waren an<\/li>\n<li>Haus-zu-Haus-Dienst<\/li>\n<li>T\u00fcr-zu-Flughafen oder Dockservice<\/li>\n<li>Stra\u00dfen-, See- und Luftverkehr<\/li>\n<li>Zollabfertigung<\/li>\n<li>Benachrichtigungen und Ankunftsnachweise<\/li>\n<li>Kurz- bis langfristige Lagereinrichtungen<\/li>\n<\/ul>\n<p>Alpha Logistics wurde 1999 gegr\u00fcndet und behauptet, einer der f\u00fchrenden Speditions- und Logistikanbieter in Bangladesch zu sein. Sie sind Mitglieder der IAM als bewegende und <a href=\"https:\/\/moverdb.com\/de\/relocation-agents\/\" data-internallinksmanager029f6b8e52c=\"1\" title=\"7 Gr\u00fcnde, warum Sie einen Relocation Agent beauftragen sollten?\">Umzugshelfer<\/a>. Sie verf\u00fcgen \u00fcber ein Netz globaler Agenten, die es ihnen erm\u00f6glichen, ihre Dienstleistungen international anzubieten.<\/p>\n<p>Alpha Logistics bietet einen reinen Versandservice an, bei dem sie einen T\u00fcr-zu-T\u00fcr-Service, einen T\u00fcr-zu-Flughafen\/Hafen-Service oder einen Flughafen\/Hafen-zu-T\u00fcr-Service anbieten, der die Zollabfertigung f\u00fcr Ihre Sendung beinhaltet. Sie bieten auch eine Reihe von Lastwagen und Transportern f\u00fcr den Transport Ihrer Waren innerhalb Bangladeschs an. Sie bieten kurz- bis langfristige Lagerm\u00f6glichkeiten in ihren Lagerh\u00e4usern.<\/p>\n<p>Website: <a href=\"http:\/\/www.alphagroupbd.com\" target=\"_blank\" rel=\"noopener\">http:\/\/www.alphagroupbd.com<\/a><\/p>\n<h2><span class=\"ez-toc-section\" id=\"3_Apolloline_Shipping_Service\"><\/span><strong>3. Apolloline Versand Service<\/strong><span class=\"ez-toc-section-end\"><\/span><\/h2>\n<p><img loading=\"lazy\" decoding=\"async\" class=\"alignnone size-full wp-image-5229\" src=\"https:\/\/moverdb.com\/wp-content\/uploads\/Apolloline-international-moving-company.png\" alt=\"Apolloline Internationales Umzugsunternehmen\" width=\"1440\" height=\"682\" data-wp-pid=\"5229\" srcset=\"https:\/\/moverdb.com\/wp-content\/uploads\/Apolloline-international-moving-company.png 1440w, https:\/\/moverdb.com\/wp-content\/uploads\/Apolloline-international-moving-company-300x142.png 300w, https:\/\/moverdb.com\/wp-content\/uploads\/Apolloline-international-moving-company-1024x485.png 1024w, https:\/\/moverdb.com\/wp-content\/uploads\/Apolloline-international-moving-company-18x9.png 18w, https:\/\/moverdb.com\/wp-content\/uploads\/Apolloline-international-moving-company-600x284.png 600w\" sizes=\"auto, (max-width: 1440px) 100vw, 1440px\" \/><\/p>\n<ul>\n<li>Nationale Umz\u00fcge<\/li>\n<li>Internationale Umz\u00fcge<\/li>\n<li>B\u00fcro- und Haushaltsumz\u00fcge<\/li>\n<li>Stra\u00dfen-, See- und Luftverkehr<\/li>\n<li>Professionelles Team von Packern<\/li>\n<li>Hochwertige Verpackungsmaterialien<\/li>\n<li>Antiquit\u00e4ten und bildende Kunst<\/li>\n<li>Zollabfertigung<\/li>\n<li><a href=\"https:\/\/moverdb.com\/de\/car-transport-shipping\/\" data-internallinksmanager029f6b8e52c=\"2\" title=\"2026 Internationale Autotransporte &amp; Angebote f\u00fcr Fahrzeugtransporte\">Transport von Fahrzeugen<\/a><\/li>\n<li>L\u00f6sungen f\u00fcr die Lagerung<\/li>\n<\/ul>\n<p>Apolloline Shipping Service ist ein internationales Speditions- und <a href=\"https:\/\/moverdb.com\/de\/moving-companies\/\" data-internallinksmanager029f6b8e52c=\"79\" title=\"Top 25 Internationale Umzugsunternehmen Online\">Umzugsunternehmen<\/a> mit Sitz in Dhaka und einer Zweigstelle in Chottogram. Sie behaupten, ein f\u00fchrender Anbieter in Bangladesch zu sein, und sind seit 10 Jahren Mitglied der IAM. Sie bieten B\u00fcro- und Haushaltsumz\u00fcge in Bangladesch und international an.<\/p>\n<p>Apolloline Shipping Service bietet Umzugsdienstleistungen an, zu denen ein professionelles Team von Packern geh\u00f6rt, das die besten Verpackungs- und Umzugstechniken und hochwertiges Verpackungsmaterial verwendet, um Ihr Hab und Gut zu sch\u00fctzen. Sie bieten Transportm\u00f6glichkeiten wie Stra\u00dfen-, See- und Luftfracht und k\u00fcmmern sich um die Zollabfertigung. Sie bieten auch Zwischenlagerungsm\u00f6glichkeiten an.<\/p>\n<p>Website: <a href=\"http:\/\/www.apolloline.com\" target=\"_blank\" rel=\"noopener\">http:\/\/www.apolloline. com<\/a><\/p>\n<h2><span class=\"ez-toc-section\" id=\"4_Carry_Link_Packers_Shippers\"><\/span><strong>4. Carry Link Packers &amp; Shippers<\/strong><span class=\"ez-toc-section-end\"><\/span><\/h2>\n<p><em><img loading=\"lazy\" decoding=\"async\" class=\"alignnone size-full wp-image-5153\" src=\"https:\/\/moverdb.com\/wp-content\/uploads\/Carry-Link-Packers-and-Shippers-international-moving-company.png\" alt=\"Carry Link Packers and Shippers Internationales Umzugsunternehmen\" width=\"1440\" height=\"677\" data-wp-pid=\"5153\" srcset=\"https:\/\/moverdb.com\/wp-content\/uploads\/Carry-Link-Packers-and-Shippers-international-moving-company.png 1440w, https:\/\/moverdb.com\/wp-content\/uploads\/Carry-Link-Packers-and-Shippers-international-moving-company-300x141.png 300w, https:\/\/moverdb.com\/wp-content\/uploads\/Carry-Link-Packers-and-Shippers-international-moving-company-1024x481.png 1024w, https:\/\/moverdb.com\/wp-content\/uploads\/Carry-Link-Packers-and-Shippers-international-moving-company-18x8.png 18w, https:\/\/moverdb.com\/wp-content\/uploads\/Carry-Link-Packers-and-Shippers-international-moving-company-600x282.png 600w\" sizes=\"auto, (max-width: 1440px) 100vw, 1440px\" \/><\/em><\/p>\n<ul>\n<li>Nationale Schifffahrt<\/li>\n<li><a href=\"https:\/\/moverdb.com\/de\/container-shipping\/\" data-internallinksmanager029f6b8e52c=\"3\" title=\"Chart der internationalen Containerschifffahrtsraten: April 2026\">Internationaler Versand<\/a><\/li>\n<li>Umz\u00fcge von Haushalten<\/li>\n<li>Frachtdienste f\u00fcr Unternehmen<\/li>\n<li>Haus-zu-Haus-Dienste<\/li>\n<li>Land-, Luft- und Seetransport<\/li>\n<li>Zollabfertigung<\/li>\n<li>Versicherung<\/li>\n<li>Lagereinrichtungen<\/li>\n<li>Netz von angeschlossenen Vertretern weltweit<\/li>\n<\/ul>\n<p>Carry Link Packers &amp; Shippers ist ein 1999 gegr\u00fcndetes Umzugsunternehmen mit Sitz in Dhaka, Bangladesch, und ist seit 20 Jahren Mitglied der IAM. Sie bieten Speditionsdienste, Zollabfertigungsdienste und Verpackungsunterst\u00fctzung an. Sie bedienen Unternehmen mit Frachtbedarf und Haushalte mit Umzugsbedarf.<\/p>\n<p>Carry Link Packers &amp; Shippers bietet Haushalten T\u00fcr-zu-T\u00fcr-Dienste und Verpackungsdienste f\u00fcr nationale und internationale Umz\u00fcge. Sie bieten Umzugsdienstleistungen auf dem Land-, See- und Luftweg an, einschlie\u00dflich Versicherung und Zollabfertigung. Ihre internationalen Dienstleistungen erbringen sie \u00fcber ein Netz von angeschlossenen Vertretern in der ganzen Welt.<\/p>\n<p>Website: <a href=\"http:\/\/www.carrylink.org\" target=\"_blank\" rel=\"noopener\">http:\/\/www.carrylink.org<\/a><\/p>\n<h2><span class=\"ez-toc-section\" id=\"5_Homebound\"><\/span><strong>5. Homebound<\/strong><span class=\"ez-toc-section-end\"><\/span><\/h2>\n<p><em><img loading=\"lazy\" decoding=\"async\" class=\"alignnone size-full wp-image-5174\" src=\"https:\/\/moverdb.com\/wp-content\/uploads\/Homebound-international-moving-company.png\" alt=\"Heimgebundenes internationales Umzugsunternehmen\" width=\"1440\" height=\"678\" data-wp-pid=\"5174\" srcset=\"https:\/\/moverdb.com\/wp-content\/uploads\/Homebound-international-moving-company.png 1440w, https:\/\/moverdb.com\/wp-content\/uploads\/Homebound-international-moving-company-300x141.png 300w, https:\/\/moverdb.com\/wp-content\/uploads\/Homebound-international-moving-company-1024x482.png 1024w, https:\/\/moverdb.com\/wp-content\/uploads\/Homebound-international-moving-company-18x8.png 18w, https:\/\/moverdb.com\/wp-content\/uploads\/Homebound-international-moving-company-600x283.png 600w\" sizes=\"auto, (max-width: 1440px) 100vw, 1440px\" \/><\/em><\/p>\n<ul>\n<li>Nationale Verlagerungen<\/li>\n<li>Internationale Verlagerungen<\/li>\n<li>B\u00fcroumz\u00fcge<\/li>\n<li>Umz\u00fcge von Wohnh\u00e4usern<\/li>\n<li>Stra\u00dfen-, See- und Luftverkehr<\/li>\n<li>Zollabwicklung und -abfertigung<\/li>\n<li>Verpackungsservice mit erstklassigen Materialien<\/li>\n<li>Transitversicherung<\/li>\n<li>Umz\u00fcge von Haustieren<\/li>\n<li>Kurz- bis langfristige Lagereinrichtungen<\/li>\n<\/ul>\n<p>Homebound ist ein 1972 gegr\u00fcndetes Umzugsunternehmen, das Mitglied der IAM ist und von der FIDI akkreditiert wurde. Sie behaupten, einer der f\u00fchrenden internationalen Transportlogistikdienstleister in Bangladesch zu sein.  Sie bieten B\u00fcro- und Wohnumz\u00fcge an und k\u00f6nnen auch Haustierumz\u00fcge und Lagerm\u00f6glichkeiten anbieten.<\/p>\n<p>Homebound bietet einen Umzugsservice mit einem Berater, der eine Bestandsaufnahme durchf\u00fchrt, einen Kostenvoranschlag erstellt, Ihren Umzug koordiniert und Sie bei jedem Schritt unterst\u00fctzt. Der Verpackungsdienst nummeriert und listet Ihre Gegenst\u00e4nde auf und verpackt sie sicher in erstklassigem Verpackungsmaterial. Sie bieten auch Hilfe bei der Wohnungssuche an.<\/p>\n<p>Website: <a href=\"http:\/\/www.homeboundbd.com\" target=\"_blank\" rel=\"noopener\">http:\/\/www.homeboundbd.com<\/a> &nbsp;<\/p>","protected":false},"excerpt":{"rendered":"<p>If you are moving home in Bangladesh or about to move to or from Bangladesh, you may want to use a removal company to help ease the moving process. Moving is a stressful time so below we have gathered a list of companies who are members of the International Association of Movers (IAM) and\/or FIDI [&hellip;]<\/p>\n","protected":false},"author":4,"featured_media":0,"parent":190,"menu_order":0,"comment_status":"closed","ping_status":"closed","template":"","meta":{"_genesis_hide_title":false,"_genesis_hide_breadcrumbs":false,"_genesis_hide_singular_image":false,"_genesis_hide_footer_widgets":false,"_genesis_custom_body_class":"","_genesis_custom_post_class":"","_genesis_layout":"","footnotes":""},"class_list":{"0":"post-5228","1":"page","2":"type-page","3":"status-publish","5":"entry","6":"has-post-thumbnail"},"_links":{"self":[{"href":"https:\/\/moverdb.com\/de\/wp-json\/wp\/v2\/pages\/5228","targetHints":{"allow":["GET"]}}],"collection":[{"href":"https:\/\/moverdb.com\/de\/wp-json\/wp\/v2\/pages"}],"about":[{"href":"https:\/\/moverdb.com\/de\/wp-json\/wp\/v2\/types\/page"}],"author":[{"embeddable":true,"href":"https:\/\/moverdb.com\/de\/wp-json\/wp\/v2\/users\/4"}],"replies":[{"embeddable":true,"href":"https:\/\/moverdb.com\/de\/wp-json\/wp\/v2\/comments?post=5228"}],"version-history":[{"count":1,"href":"https:\/\/moverdb.com\/de\/wp-json\/wp\/v2\/pages\/5228\/revisions"}],"predecessor-version":[{"id":5230,"href":"https:\/\/moverdb.com\/de\/wp-json\/wp\/v2\/pages\/5228\/revisions\/5230"}],"up":[{"embeddable":true,"href":"https:\/\/moverdb.com\/de\/wp-json\/wp\/v2\/pages\/190"}],"wp:attachment":[{"href":"https:\/\/moverdb.com\/de\/wp-json\/wp\/v2\/media?parent=5228"}],"curies":[{"name":"wp","href":"https:\/\/api.w.org\/{rel}","templated":true}]}}