{"id":5224,"date":"2022-10-24T11:53:37","date_gmt":"2022-10-24T11:53:37","guid":{"rendered":"https:\/\/moverdb.com\/?page_id=5224"},"modified":"2026-01-08T15:25:03","modified_gmt":"2026-01-08T15:25:03","slug":"aserbaidschan","status":"publish","type":"page","link":"https:\/\/moverdb.com\/de\/moving-companies\/azerbaijan-moving-companies\/","title":{"rendered":"Die 5 besten internationalen Umzugsunternehmen in Aserbaidschan"},"content":{"rendered":"<p>Ein Umzug kann sehr stressig sein. Wenn Sie jemanden finden, der Sie bei Ihrem Umzug unterst\u00fctzt, k\u00f6nnen Sie den Druck abbauen. Ob Sie innerhalb Aserbaidschans umziehen oder von oder nach Aserbaidschan umziehen, es gibt Unternehmen, die Ihnen helfen k\u00f6nnen. Wir haben eine Liste zusammengestellt von <a href=\"https:\/\/moverdb.com\/de\/international-removals\/\" data-internallinksmanager029f6b8e52c=\"27\" title=\"36 Beste internationale Umzugsunternehmen in Gro\u00dfbritannien\">Umzugsunternehmen<\/a> unten, die Mitglieder der <a href=\"https:\/\/moverdb.com\/de\/iam\/\" data-internallinksmanager029f6b8e52c=\"23\" title=\"International Association of Movers (IAM) erkl\u00e4rt\">Internationaler Verband der M\u00f6belspediteure<\/a> (IAM) und\/oder <a href=\"https:\/\/moverdb.com\/de\/fidi-faim\/\" data-internallinksmanager029f6b8e52c=\"16\" title=\"FIDI &amp; FAIM (FIDI Accredited International Mover) Erl\u00e4utert\">FIDI<\/a> Accredited International Mover (FAIM), die Ihnen helfen k\u00f6nnten.<\/p>\n<div id=\"ez-toc-container\" class=\"ez-toc-v2_0_82_2 ez-toc-wrap-left counter-hierarchy ez-toc-counter ez-toc-transparent ez-toc-container-direction\">\n<div class=\"ez-toc-title-container\">\n<p class=\"ez-toc-title\" style=\"cursor:inherit\">Rubriken<\/p>\n<span class=\"ez-toc-title-toggle\"><a href=\"#\" class=\"ez-toc-pull-right ez-toc-btn ez-toc-btn-xs ez-toc-btn-default ez-toc-toggle\" aria-label=\"Inhaltsverzeichnis umschalten\"><span class=\"ez-toc-js-icon-con\"><span class=\"\"><span class=\"eztoc-hide\" style=\"display:none;\">Umschalten auf<\/span><span class=\"ez-toc-icon-toggle-span\"><svg style=\"fill: #999;color:#999\" xmlns=\"http:\/\/www.w3.org\/2000\/svg\" class=\"list-377408\" width=\"20px\" height=\"20px\" viewbox=\"0 0 24 24\" fill=\"none\"><path d=\"M6 6H4v2h2V6zm14 0H8v2h12V6zM4 11h2v2H4v-2zm16 0H8v2h12v-2zM4 16h2v2H4v-2zm16 0H8v2h12v-2z\" fill=\"currentColor\"><\/path><\/svg><svg style=\"fill: #999;color:#999\" class=\"arrow-unsorted-368013\" xmlns=\"http:\/\/www.w3.org\/2000\/svg\" width=\"10px\" height=\"10px\" viewbox=\"0 0 24 24\" version=\"1.2\" baseprofile=\"tiny\"><path d=\"M18.2 9.3l-6.2-6.3-6.2 6.3c-.2.2-.3.4-.3.7s.1.5.3.7c.2.2.4.3.7.3h11c.3 0 .5-.1.7-.3.2-.2.3-.5.3-.7s-.1-.5-.3-.7zM5.8 14.7l6.2 6.3 6.2-6.3c.2-.2.3-.5.3-.7s-.1-.5-.3-.7c-.2-.2-.4-.3-.7-.3h-11c-.3 0-.5.1-.7.3-.2.2-.3.5-.3.7s.1.5.3.7z\"\/><\/svg><\/span><\/span><\/span><\/a><\/span><\/div>\n<nav><ul class='ez-toc-list ez-toc-list-level-1 eztoc-toggle-hide-by-default' ><li class='ez-toc-page-1 ez-toc-heading-level-2'><a class=\"ez-toc-link ez-toc-heading-1\" href=\"https:\/\/moverdb.com\/de\/moving-companies\/azerbaijan-moving-companies\/#1_ACE_Forwarding\" >1. ACE-Weiterleitung<\/a><\/li><li class='ez-toc-page-1 ez-toc-heading-level-2'><a class=\"ez-toc-link ez-toc-heading-2\" href=\"https:\/\/moverdb.com\/de\/moving-companies\/azerbaijan-moving-companies\/#2_Allright_Moving_Storage\" >2. Allright Umzug &amp; Lagerung<\/a><\/li><li class='ez-toc-page-1 ez-toc-heading-level-2'><a class=\"ez-toc-link ez-toc-heading-3\" href=\"https:\/\/moverdb.com\/de\/moving-companies\/azerbaijan-moving-companies\/#3_Buddy-Mover\" >3. Buddy-Mover<\/a><\/li><li class='ez-toc-page-1 ez-toc-heading-level-2'><a class=\"ez-toc-link ez-toc-heading-4\" href=\"https:\/\/moverdb.com\/de\/moving-companies\/azerbaijan-moving-companies\/#4_Gosselin\" >4. Gosselin<\/a><\/li><li class='ez-toc-page-1 ez-toc-heading-level-2'><a class=\"ez-toc-link ez-toc-heading-5\" href=\"https:\/\/moverdb.com\/de\/moving-companies\/azerbaijan-moving-companies\/#5_Interdean_International_Relocations\" >5. Interdean Internationale Umz\u00fcge<\/a><\/li><\/ul><\/nav><\/div>\n<h2><span class=\"ez-toc-section\" id=\"1_ACE_Forwarding\"><\/span><strong>1. ACE-Weiterleitung<\/strong><span class=\"ez-toc-section-end\"><\/span><\/h2>\n<p><em><img loading=\"lazy\" decoding=\"async\" class=\"alignnone size-full wp-image-5136\" src=\"https:\/\/moverdb.com\/wp-content\/uploads\/ACE-Forwarding-international-moving-company.png\" alt=\"ACE Forwarding internationales Umzugsunternehmen\" width=\"1440\" height=\"685\" data-wp-pid=\"5136\" srcset=\"https:\/\/moverdb.com\/wp-content\/uploads\/ACE-Forwarding-international-moving-company.png 1440w, https:\/\/moverdb.com\/wp-content\/uploads\/ACE-Forwarding-international-moving-company-300x143.png 300w, https:\/\/moverdb.com\/wp-content\/uploads\/ACE-Forwarding-international-moving-company-1024x487.png 1024w, https:\/\/moverdb.com\/wp-content\/uploads\/ACE-Forwarding-international-moving-company-18x9.png 18w, https:\/\/moverdb.com\/wp-content\/uploads\/ACE-Forwarding-international-moving-company-600x285.png 600w\" sizes=\"auto, (max-width: 1440px) 100vw, 1440px\" \/><\/em><\/p>\n<ul>\n<li>Internationale Umz\u00fcge<\/li>\n<li>Umzugsdienste<\/li>\n<li>Umz\u00fcge von Haushalten und Unternehmen<\/li>\n<li>Luft-, See-, Schienen- und Stra\u00dfenverkehr<\/li>\n<li>St\u00fcckgut-, Sammelgut- und Containertransport<\/li>\n<li>Kunsttransport<\/li>\n<li>Zollabfertigung<\/li>\n<li>Fahrzeug- und Bootstransport<\/li>\n<li>Transport von Haustieren<\/li>\n<li>L\u00f6sungen f\u00fcr die lang- und kurzfristige Lagerung<\/li>\n<\/ul>\n<p>ACE Forwarding ist ein multimodales Logistik- und Speditionsunternehmen, das 1996 in Aserbaidschan gegr\u00fcndet wurde und auch B\u00fcros in <a href=\"https:\/\/moverdb.com\/de\/umzugsunternehmen\/umzugsunternehmen-georgien\/\">Georgien<\/a>. Sie sind Mitglied der IAM und seit 25 Jahren im Einsatz. Sie bieten Umzugsdienste nach Aserbaidschan, internationale Umz\u00fcge und Umzugsdienste f\u00fcr Haushalte und Unternehmen.<\/p>\n<p>ACE Forwarding bietet einen \u00dcberblick vor dem Umzug und ein auf Ihre Bed\u00fcrfnisse zugeschnittenes Angebot. Sie bieten Verpackungsdienstleistungen mit speziell f\u00fcr den Inhalt entwickelten Materialien und professionellen Verpackungstechniken sowie die Demontage und den Zusammenbau von M\u00f6beln an. Sie k\u00f6nnen auch bei der Zollabwicklung, dem Transport von Haustieren und Fahrzeugen, der Versicherung und der kurz- oder langfristigen Lagerung helfen.<\/p>\n<p>Website: <a href=\"http:\/\/www.acecaspian.com\" target=\"_blank\" rel=\"noopener\">http:\/\/www.acecaspian.com<\/a><\/p>\n<h2><span class=\"ez-toc-section\" id=\"2_Allright_Moving_Storage\"><\/span><strong>2. Allright Umzug &amp; Lagerung<\/strong><span class=\"ez-toc-section-end\"><\/span><\/h2>\n<p><em><img loading=\"lazy\" decoding=\"async\" class=\"alignnone size-full wp-image-5141\" src=\"https:\/\/moverdb.com\/wp-content\/uploads\/Allright-Moving-and-Storage-international-moving-company.png\" alt=\"Allright Umzug und Lagerung internationales Umzugsunternehmen\" width=\"1440\" height=\"677\" data-wp-pid=\"5141\" srcset=\"https:\/\/moverdb.com\/wp-content\/uploads\/Allright-Moving-and-Storage-international-moving-company.png 1440w, https:\/\/moverdb.com\/wp-content\/uploads\/Allright-Moving-and-Storage-international-moving-company-300x141.png 300w, https:\/\/moverdb.com\/wp-content\/uploads\/Allright-Moving-and-Storage-international-moving-company-1024x481.png 1024w, https:\/\/moverdb.com\/wp-content\/uploads\/Allright-Moving-and-Storage-international-moving-company-18x8.png 18w, https:\/\/moverdb.com\/wp-content\/uploads\/Allright-Moving-and-Storage-international-moving-company-600x282.png 600w\" sizes=\"auto, (max-width: 1440px) 100vw, 1440px\" \/><\/em><\/p>\n<ul>\n<li>Lokale und nationale Umz\u00fcge<\/li>\n<li>Internationale Umz\u00fcge<\/li>\n<li>Umz\u00fcge f\u00fcr Wohnzwecke<\/li>\n<li>B\u00fcro- und Firmenumz\u00fcge<\/li>\n<li>Professionelles und zuvorkommendes Personal<\/li>\n<li>Demontage und Montage von M\u00f6beln<\/li>\n<li>Transitversicherung<\/li>\n<li>Zollabfertigung<\/li>\n<li><a href=\"https:\/\/moverdb.com\/de\/car-transport-shipping\/\" data-internallinksmanager029f6b8e52c=\"2\" title=\"2026 Internationale Autotransporte &amp; Angebote f\u00fcr Fahrzeugtransporte\">Autotransport<\/a><\/li>\n<li>L\u00f6sungen f\u00fcr die Lagerung<\/li>\n<\/ul>\n<p>Allright Moving &amp; Storage behauptet, eines der f\u00fchrenden Speditions- und Umzugsunternehmen Aserbaidschans zu sein. Sie bieten Umzugsdienstleistungen f\u00fcr Haushalte und Unternehmen in, aus oder nach Aserbaidschan an. Das Unternehmen ist Mitglied der IAM und kann auf 7 Jahre Erfahrung zur\u00fcckblicken. Sie verf\u00fcgen \u00fcber ein Netzwerk von internationalen Subunternehmern und Partnern, die sie bei internationalen Umz\u00fcgen unterst\u00fctzen.<\/p>\n<p>Allright Moving &amp; Storage stellt erfahrene Gutachter zur Verf\u00fcgung, die Ihre Bed\u00fcrfnisse einsch\u00e4tzen und Sie beraten. Sie verpacken Ihr Hab und Gut, demontieren und montieren M\u00f6bel und k\u00fcmmern sich um die Transportversicherung und die Zollabfertigung. Sie k\u00f6nnen auch Autotransporte anbieten. Sie bieten kurz- bis langfristige, vollst\u00e4ndig sichere und klimatisierte Lagerm\u00f6glichkeiten.<\/p>\n<p>Website: <a href=\"http:\/\/www.allrightmoving.com\" target=\"_blank\" rel=\"noopener\">http:\/\/www.allrightmoving.com<\/a><\/p>\n<h2><span class=\"ez-toc-section\" id=\"3_Buddy-Mover\"><\/span><strong>3. Buddy-Mover<\/strong><span class=\"ez-toc-section-end\"><\/span><\/h2>\n<p><em><img loading=\"lazy\" decoding=\"async\" class=\"alignnone size-full wp-image-5151\" src=\"https:\/\/moverdb.com\/wp-content\/uploads\/Buddy-Mover-international-moving-company.png\" alt=\"Buddy Mover internationales Umzugsunternehmen\" width=\"1440\" height=\"680\" data-wp-pid=\"5151\" srcset=\"https:\/\/moverdb.com\/wp-content\/uploads\/Buddy-Mover-international-moving-company.png 1440w, https:\/\/moverdb.com\/wp-content\/uploads\/Buddy-Mover-international-moving-company-300x142.png 300w, https:\/\/moverdb.com\/wp-content\/uploads\/Buddy-Mover-international-moving-company-1024x484.png 1024w, https:\/\/moverdb.com\/wp-content\/uploads\/Buddy-Mover-international-moving-company-18x9.png 18w, https:\/\/moverdb.com\/wp-content\/uploads\/Buddy-Mover-international-moving-company-600x283.png 600w\" sizes=\"auto, (max-width: 1440px) 100vw, 1440px\" \/><\/em><\/p>\n<ul>\n<li>Lokale und nationale Umz\u00fcge<\/li>\n<li>Internationale Umz\u00fcge<\/li>\n<li>Umz\u00fcge f\u00fcr Wohnzwecke<\/li>\n<li>Gesch\u00e4ftliche Umz\u00fcge<\/li>\n<li>Professionelles und qualifiziertes Personal<\/li>\n<li>Hoher Standard der Verpackung<\/li>\n<li>Inventare zur Nachverfolgung Ihrer Besitzt\u00fcmer<\/li>\n<li>Stra\u00dfen-, Luft- und Seefracht<\/li>\n<li>Transitversicherung<\/li>\n<li>Kurz- bis langfristige Lagerung<\/li>\n<\/ul>\n<p>Buddy-Mover ist ein Umzugsunternehmen mit Sitz in Baku, Aserbaidschan, das seit 4 Jahren IAM-Mitglied ist. Sie bieten lokale, nationale und internationale Umzugsdienstleistungen f\u00fcr Privat- und Gesch\u00e4ftskunden an. Das Unternehmen besch\u00e4ftigt professionelle Mitarbeiter, die in Umzugstechniken und Verpackung bestens geschult sind.<\/p>\n<p>Buddy-Mover f\u00fchrt vor Ihrem Umzug eine pers\u00f6nliche Besichtigung durch, um Ihre Bed\u00fcrfnisse, die Zollanforderungen und die Versandoptionen zu ermitteln. Die Mitarbeiter von Buddy-Mover verpacken Ihr Hab und Gut sicher, erstellen ein Inventar und arrangieren den Transport per Stra\u00dfe, Flugzeug oder Schiff. Au\u00dferdem bieten sie kurz- bis langfristig sichere Lagerm\u00f6glichkeiten in ihren Gew\u00f6lbelagern an.<\/p>\n<p>Website: <a href=\"http:\/\/www.buddy-mover.com\" target=\"_blank\" rel=\"noopener\">http:\/\/www.buddy-mover.com<\/a><\/p>\n<h2><span class=\"ez-toc-section\" id=\"4_Gosselin\"><\/span><strong>4. Gosselin<\/strong><span class=\"ez-toc-section-end\"><\/span><\/h2>\n<p><em><img loading=\"lazy\" decoding=\"async\" class=\"alignnone size-full wp-image-5170\" src=\"https:\/\/moverdb.com\/wp-content\/uploads\/Gosselin-Azerbaijan-international-moving-company.png\" alt=\"Gosselin Aserbaidschan internationales Umzugsunternehmen\" width=\"1440\" height=\"681\" data-wp-pid=\"5170\" srcset=\"https:\/\/moverdb.com\/wp-content\/uploads\/Gosselin-Azerbaijan-international-moving-company.png 1440w, https:\/\/moverdb.com\/wp-content\/uploads\/Gosselin-Azerbaijan-international-moving-company-300x142.png 300w, https:\/\/moverdb.com\/wp-content\/uploads\/Gosselin-Azerbaijan-international-moving-company-1024x484.png 1024w, https:\/\/moverdb.com\/wp-content\/uploads\/Gosselin-Azerbaijan-international-moving-company-18x9.png 18w, https:\/\/moverdb.com\/wp-content\/uploads\/Gosselin-Azerbaijan-international-moving-company-600x284.png 600w\" sizes=\"auto, (max-width: 1440px) 100vw, 1440px\" \/><\/em><\/p>\n<ul>\n<li>Internationale Umz\u00fcge<\/li>\n<li>Umzug von Haushalten<\/li>\n<li>B\u00fcroumzug<\/li>\n<li>Einpacken, Transport und Auspacken<\/li>\n<li>Bildende Kunst in Bewegung<\/li>\n<li>Umzug von Haustieren<\/li>\n<li>Autotransport<\/li>\n<li>L\u00f6sungen f\u00fcr die Lagerung<\/li>\n<li>\u00dcbergep\u00e4ck<\/li>\n<li>Dienstleistungen f\u00fcr Wanderausstellungen<\/li>\n<\/ul>\n<p>Gosselin ist ein Umzugsunternehmen, das zur Gosselin Gruppe geh\u00f6rt, die 1930 in Berlin gegr\u00fcndet wurde. <a href=\"https:\/\/moverdb.com\/de\/moving-to-belgium\/\" data-internallinksmanager029f6b8e52c=\"323\" title=\"Umzug nach Belgien? 2026 Lebenshaltungskosten &amp; Umzugstipps\">Belgien<\/a> und ist seit \u00fcber 20 Jahren in Aserbaidschan t\u00e4tig. Sie betreuen Diplomaten, Firmenangestellte und Privathaushalte im internationalen Verkehr. Das Unternehmen ist Mitglied der IAM und kann auf 23 Dienstjahre zur\u00fcckblicken.<\/p>\n<p>Gosselin bietet einen auf die Bed\u00fcrfnisse Ihrer Familie oder Ihres Unternehmens zugeschnittenen Service mit professionellem Einpackservice, hochwertigem Verpackungsmaterial und Auspackservice. Das Unternehmen bietet Versicherungen, Kunsttransporte, Autotransporte und Haustierumz\u00fcge mit Ipata-Zertifizierung. Sie bieten auch Lagerungsl\u00f6sungen und Speditionsdienste einschlie\u00dflich \u00dcbergep\u00e4ck und Wanderausstellungen an.<\/p>\n<p>Website: <a href=\"https:\/\/gosselin-moving.com\/azerbaijan\" target=\"_blank\" rel=\"noopener\">https:\/\/gosselin-moving.com\/azerbaijan<\/a><\/p>\n<h2><span class=\"ez-toc-section\" id=\"5_Interdean_International_Relocations\"><\/span><strong>5. Interdean Internationale Umz\u00fcge<\/strong><span class=\"ez-toc-section-end\"><\/span><\/h2>\n<p><em><img loading=\"lazy\" decoding=\"async\" class=\"alignnone size-full wp-image-5175\" src=\"https:\/\/moverdb.com\/wp-content\/uploads\/Interdean-International-Relocations-international-moving-company.png\" alt=\"Interdean International Relocations internationales Umzugsunternehmen\" width=\"1440\" height=\"683\" data-wp-pid=\"5175\" srcset=\"https:\/\/moverdb.com\/wp-content\/uploads\/Interdean-International-Relocations-international-moving-company.png 1440w, https:\/\/moverdb.com\/wp-content\/uploads\/Interdean-International-Relocations-international-moving-company-300x142.png 300w, https:\/\/moverdb.com\/wp-content\/uploads\/Interdean-International-Relocations-international-moving-company-1024x486.png 1024w, https:\/\/moverdb.com\/wp-content\/uploads\/Interdean-International-Relocations-international-moving-company-18x9.png 18w, https:\/\/moverdb.com\/wp-content\/uploads\/Interdean-International-Relocations-international-moving-company-600x285.png 600w\" sizes=\"auto, (max-width: 1440px) 100vw, 1440px\" \/><\/em><\/p>\n<ul>\n<li>Internationale Umz\u00fcge<\/li>\n<li>Umz\u00fcge<\/li>\n<li>Firmenumz\u00fcge<\/li>\n<li>Umzugsservice<\/li>\n<li>Vorbereitung, Einpacken und Auspacken Ihres Hab und Guts<\/li>\n<li>Stra\u00dfen-, See- und Luftfrachtoptionen<\/li>\n<li>Transitversicherung<\/li>\n<li>Unterst\u00fctzung bei der Zollabfertigung<\/li>\n<li>Kurz- bis langfristige Lagerung<\/li>\n<li>Unterst\u00fctzung bei der Suche nach einer Wohnung oder einer Kurzzeitmiete<\/li>\n<\/ul>\n<p>Interdean International Relocations ist ein internationales Umzugsmanagement-Unternehmen mit Sitz in Baku, Aserbaidschan. Das Unternehmen ist Mitglied der IAM, hat 24 Jahre Erfahrung und ist von der FIDI akkreditiert.<\/p>\n<p>Interdean International Relocations stellt spezielle, auf den Inhalt abgestimmte Kartons zur Verf\u00fcgung, um diesen bestm\u00f6glich zu sch\u00fctzen, sowie ma\u00dfgeschneiderte Kisten f\u00fcr wertvolle oder zerbrechliche Gegenst\u00e4nde. Sie erstellen ein vollst\u00e4ndiges Inventar Ihres Eigentums, packen es aus und entfernen das gesamte Verpackungsmaterial. Sie bieten den Transport per Stra\u00dfe, Luft- und Seefracht an und unterst\u00fctzen Sie bei der Zollabfertigung. Sie bieten auch eine Vielzahl von Lagerl\u00f6sungen f\u00fcr kleine bis gro\u00dfe Mengen f\u00fcr kurz- bis langfristige Lagerung an.<\/p>\n<p>Website: <a href=\"http:\/\/www.interdean.com.az\" target=\"_blank\" rel=\"noopener\">http:\/\/www.interdean.com.az<\/a><\/p>","protected":false},"excerpt":{"rendered":"<p>Moving home can be stressful so getting someone to assist you in your move can help release the pressure. Whether you are moving within Azerbaijan, or moving to or from Azerbaijan, there are companies that can assist. We have compiled a list of removal companies below that are members of the International Association of Movers [&hellip;]<\/p>\n","protected":false},"author":4,"featured_media":0,"parent":190,"menu_order":0,"comment_status":"closed","ping_status":"closed","template":"","meta":{"_genesis_hide_title":false,"_genesis_hide_breadcrumbs":false,"_genesis_hide_singular_image":false,"_genesis_hide_footer_widgets":false,"_genesis_custom_body_class":"","_genesis_custom_post_class":"","_genesis_layout":"","footnotes":""},"class_list":{"0":"post-5224","1":"page","2":"type-page","3":"status-publish","5":"entry","6":"has-post-thumbnail"},"_links":{"self":[{"href":"https:\/\/moverdb.com\/de\/wp-json\/wp\/v2\/pages\/5224","targetHints":{"allow":["GET"]}}],"collection":[{"href":"https:\/\/moverdb.com\/de\/wp-json\/wp\/v2\/pages"}],"about":[{"href":"https:\/\/moverdb.com\/de\/wp-json\/wp\/v2\/types\/page"}],"author":[{"embeddable":true,"href":"https:\/\/moverdb.com\/de\/wp-json\/wp\/v2\/users\/4"}],"replies":[{"embeddable":true,"href":"https:\/\/moverdb.com\/de\/wp-json\/wp\/v2\/comments?post=5224"}],"version-history":[{"count":2,"href":"https:\/\/moverdb.com\/de\/wp-json\/wp\/v2\/pages\/5224\/revisions"}],"predecessor-version":[{"id":7595,"href":"https:\/\/moverdb.com\/de\/wp-json\/wp\/v2\/pages\/5224\/revisions\/7595"}],"up":[{"embeddable":true,"href":"https:\/\/moverdb.com\/de\/wp-json\/wp\/v2\/pages\/190"}],"wp:attachment":[{"href":"https:\/\/moverdb.com\/de\/wp-json\/wp\/v2\/media?parent=5224"}],"curies":[{"name":"wp","href":"https:\/\/api.w.org\/{rel}","templated":true}]}}