{"id":4641,"date":"2022-09-20T19:45:42","date_gmt":"2022-09-20T19:45:42","guid":{"rendered":"https:\/\/moverdb.com\/?page_id=4641"},"modified":"2026-01-08T15:24:10","modified_gmt":"2026-01-08T15:24:10","slug":"algerien","status":"publish","type":"page","link":"https:\/\/moverdb.com\/de\/moving-companies\/algeria\/","title":{"rendered":"Die 3 besten internationalen Umzugsunternehmen in Algerien"},"content":{"rendered":"<p>Wenn Sie in Algerien umziehen oder nach oder aus Algerien umziehen m\u00f6chten, ben\u00f6tigen Sie m\u00f6glicherweise ein <a href=\"https:\/\/moverdb.com\/de\/moving-companies\/\" data-internallinksmanager029f6b8e52c=\"79\" title=\"Top 25 Internationale Umzugsunternehmen Online\">Umzugsunternehmen<\/a> um Sie zu unterst\u00fctzen. Im Folgenden finden Sie eine Liste der Mitglieder des <a href=\"https:\/\/moverdb.com\/de\/iam\/\" data-internallinksmanager029f6b8e52c=\"23\" title=\"International Association of Movers (IAM) erkl\u00e4rt\">Internationaler Verband der M\u00f6belspediteure<\/a> (IAM) und\/oder <a href=\"https:\/\/moverdb.com\/de\/fidi-faim\/\" data-internallinksmanager029f6b8e52c=\"16\" title=\"FIDI &amp; FAIM (FIDI Accredited International Mover) Erl\u00e4utert\">FIDI<\/a> Accredited International Mover (FAIM), der Ihnen hoffentlich helfen wird.<\/p>\n<h2><strong>1. Ziel Intermovers<\/strong><\/h2>\n<p><em><img loading=\"lazy\" decoding=\"async\" class=\"alignnone wp-image-4642 size-full\" src=\"https:\/\/moverdb.com\/wp-content\/uploads\/Aim-Intermovers-international-moving-company.png\" alt=\"Aim Intermovers internationales Umzugsunternehmen\" width=\"1440\" height=\"677\" data-wp-pid=\"4642\" srcset=\"https:\/\/moverdb.com\/wp-content\/uploads\/Aim-Intermovers-international-moving-company.png 1440w, https:\/\/moverdb.com\/wp-content\/uploads\/Aim-Intermovers-international-moving-company-300x141.png 300w, https:\/\/moverdb.com\/wp-content\/uploads\/Aim-Intermovers-international-moving-company-1024x481.png 1024w, https:\/\/moverdb.com\/wp-content\/uploads\/Aim-Intermovers-international-moving-company-18x8.png 18w, https:\/\/moverdb.com\/wp-content\/uploads\/Aim-Intermovers-international-moving-company-600x282.png 600w\" sizes=\"auto, (max-width: 1440px) 100vw, 1440px\" \/><\/em><\/p>\n<ul>\n<li>Bietet nationale Umz\u00fcge in den 48 Wilaya von Algerien und internationale Umz\u00fcge<\/li>\n<li>B\u00fcroumz\u00fcge<\/li>\n<li>Archivierungsdienst<\/li>\n<li>Bietet Stra\u00dfen-, See- und Lufttransport von G\u00fctern<\/li>\n<li>Professionelles Team von Umzugsunternehmen<\/li>\n<li>Lieferung von Verpackungsmaterial und Kartons<\/li>\n<li>Bietet die Demontage und Verpackung von M\u00f6beln und den anschlie\u00dfenden Wiederzusammenbau<\/li>\n<li>geht sensibel mit Waren wie Kunstgegenst\u00e4nden um<\/li>\n<li>Sie stellen auch Holzkisten und <a href=\"https:\/\/moverdb.com\/de\/iata\/\" data-internallinksmanager029f6b8e52c=\"22\" title=\"International Air Transport Association (IATA) erkl\u00e4rt\">IATA<\/a> Kartons<\/li>\n<li>Ein technischer Besuch wird unverbindlich angeboten<\/li>\n<\/ul>\n<p>Aim Intermovers ist ein algerisches Umzugsunternehmen, das Dienstleistungen in den 48 Wilaya von Algerien und internationale Umz\u00fcge anbietet. Das Unternehmen verf\u00fcgt \u00fcber eine Transitabteilung, die sich um alle Vorkehrungen f\u00fcr Ihren Umzug k\u00fcmmert, einschlie\u00dflich aller Import- und Exportanforderungen. Das Unternehmen ist seit 9 Jahren Mitglied der IAM.<\/p>\n<p>Zu den Kunden von Aim Intermovers geh\u00f6ren nationale und internationale Unternehmen, ausl\u00e4ndische Unternehmen, Mineral\u00f6lgesellschaften und Botschaften, die Umzugsdienstleistungen anbieten. Sie bieten ein kostenloses Angebot mit einer unverbindlichen technischen Besichtigung. Sie bieten einen umfassenden Service, der die Bereitstellung von Verpackungsmaterial und Containern sowie Verpackungs-, Demontage- und Remontagedienste umfasst.<\/p>\n<p>Website: <a href=\"http:\/\/www.aimintermovers.dz\" target=\"_blank\" rel=\"noopener\">http:\/\/www.aimintermovers.dz<\/a><\/p>\n<h2><strong>2. Algerien Pack and Move<\/strong><\/h2>\n<p><em><img loading=\"lazy\" decoding=\"async\" class=\"alignnone size-full wp-image-4643\" src=\"https:\/\/moverdb.com\/wp-content\/uploads\/Algeria-Pack-and-Move-international-moving-company.png\" alt=\"Algerien Pack and Move internationales Umzugsunternehmen\" width=\"1440\" height=\"629\" data-wp-pid=\"4643\" srcset=\"https:\/\/moverdb.com\/wp-content\/uploads\/Algeria-Pack-and-Move-international-moving-company.png 1440w, https:\/\/moverdb.com\/wp-content\/uploads\/Algeria-Pack-and-Move-international-moving-company-300x131.png 300w, https:\/\/moverdb.com\/wp-content\/uploads\/Algeria-Pack-and-Move-international-moving-company-1024x447.png 1024w, https:\/\/moverdb.com\/wp-content\/uploads\/Algeria-Pack-and-Move-international-moving-company-18x8.png 18w, https:\/\/moverdb.com\/wp-content\/uploads\/Algeria-Pack-and-Move-international-moving-company-600x262.png 600w\" sizes=\"auto, (max-width: 1440px) 100vw, 1440px\" \/><\/em><\/p>\n<ul>\n<li>Nationale Umz\u00fcge innerhalb Algeriens<\/li>\n<li>Internationale Umz\u00fcge nach und von Algerien<\/li>\n<li>Angebote f\u00fcr Unternehmen und private Haushalte<\/li>\n<li>Bietet abgestufte Umzugsservice-Pakete<\/li>\n<li>Abholung, Transport und Zustellung<\/li>\n<li>Einpacken und Auspacken von M\u00f6beln<\/li>\n<li>Einpacken und Auspacken des gesamten Umzugsguts<\/li>\n<li>M\u00f6bel zerlegen und wieder zusammenbauen<\/li>\n<li>Verwaltung aller Ex- und Importe<\/li>\n<li>Teil eines internationalen Netzes von Umzugsunternehmen sind<\/li>\n<\/ul>\n<p>Algeria Pack and Move, auch bekannt als APM, richtet sich an Unternehmen und Haushalte mit algerischer Staatsangeh\u00f6rigkeit, Expatriates und Diplomaten. Das Unternehmen wurde 2005 gegr\u00fcndet und ist seit 15 Jahren Mitglied der IAM. Sie bieten internationale Umz\u00fcge in Zusammenarbeit mit einem Netzwerk von Partnern auf allen 7 Kontinenten an und bieten administrative Unterst\u00fctzung bei der Verwaltung Ihres Umzugs, einschlie\u00dflich Spedition und Zoll, <a href=\"https:\/\/moverdb.com\/de\/top-49-container-ports\/\" data-internallinksmanager029f6b8e52c=\"80\" title=\"Top 49 der gr\u00f6\u00dften und verkehrsreichsten Containerh\u00e4fen im Jahr 2025\">Hafen<\/a> und Flughafenformalit\u00e4ten.<\/p>\n<p>APM bietet einen dreistufigen Umzugsservice an - Stufe 1: Umzug und Transport, Stufe 2: Einpacken und Auspacken der M\u00f6bel und Stufe 3: Einpacken und Auspacken des gesamten Umzugsguts. Bei Bedarf bieten sie auch Lagerm\u00f6glichkeiten an.<\/p>\n<p>Website: <a href=\"http:\/\/www.algeriapm.com\" target=\"_blank\" rel=\"noopener\">http:\/\/www.algeriapm.com<\/a><\/p>\n<h2><strong>3. Ein Champion Umz\u00fcge<\/strong><\/h2>\n<p><em><img loading=\"lazy\" decoding=\"async\" class=\"alignnone size-full wp-image-4644\" src=\"https:\/\/moverdb.com\/wp-content\/uploads\/One-Champion-Removals-international-moving-company.png\" alt=\"One Champion Removals Internationales Umzugsunternehmen\" width=\"1440\" height=\"683\" data-wp-pid=\"4644\" srcset=\"https:\/\/moverdb.com\/wp-content\/uploads\/One-Champion-Removals-international-moving-company.png 1440w, https:\/\/moverdb.com\/wp-content\/uploads\/One-Champion-Removals-international-moving-company-300x142.png 300w, https:\/\/moverdb.com\/wp-content\/uploads\/One-Champion-Removals-international-moving-company-1024x486.png 1024w, https:\/\/moverdb.com\/wp-content\/uploads\/One-Champion-Removals-international-moving-company-18x9.png 18w, https:\/\/moverdb.com\/wp-content\/uploads\/One-Champion-Removals-international-moving-company-600x285.png 600w\" sizes=\"auto, (max-width: 1440px) 100vw, 1440px\" \/><\/em><\/p>\n<ul>\n<li>Lokale und nationale Umzugsdienste<\/li>\n<li>Internationale Dienstleistungen<\/li>\n<li>Stra\u00dfen-, See- und Luftverkehr<\/li>\n<li>Einpacken und Auspacken<\/li>\n<li>Demontage und Montage von M\u00f6beln<\/li>\n<li>Aufsicht \u00fcber den Zoll<\/li>\n<li>Vollst\u00e4ndig versicherter, sicherer und gesch\u00fctzter Service<\/li>\n<li>Keine versteckten Kosten<\/li>\n<li>Bietet Lagerm\u00f6glichkeiten<\/li>\n<li>Bietet auch einen Relocation-Service an, der bei der Suche nach einer Immobilie hilft<\/li>\n<\/ul>\n<p>One Champion Umz\u00fcge sind ein in Algerien ans\u00e4ssiges <a href=\"https:\/\/moverdb.com\/de\/international-removals\/\" data-internallinksmanager029f6b8e52c=\"27\" title=\"36 Beste internationale Umzugsunternehmen in Gro\u00dfbritannien\">Umzugsunternehmen<\/a> das seit 3 Jahren Mitglied der IAM ist. Sie bieten ein sachkundiges und erfahrenes Team, das Sie bei lokalen, nationalen und internationalen Umz\u00fcgen unterst\u00fctzen kann.<\/p>\n<p>One Champion Removals bietet Umzugsdienstleistungen an, die auf dem Land-, See- und Luftweg durchgef\u00fchrt werden k\u00f6nnen, und ihr Team k\u00fcmmert sich um den gesamten Papierkram, z. B. um die Zollanforderungen. Das Team k\u00fcmmert sich um alle Formalit\u00e4ten, wie z. B. Zollformalit\u00e4ten, und bietet einen vollst\u00e4ndig versicherten Service. Au\u00dferdem bieten sie sichere Lagerm\u00f6glichkeiten f\u00fcr Ihr Hab und Gut und einen Umzugsservice, der Sie bei der Suche nach einer geeigneten Immobilie unterst\u00fctzt.<\/p>\n<p>Website: <a href=\"http:\/\/www.championinternationalmoving.com\" target=\"_blank\" rel=\"noopener\">http:\/\/www.championinternationalmoving.com<\/a><\/p>","protected":false},"excerpt":{"rendered":"<p>If you are moving in Algeria, or are wanting to move to or from Algeria, you may need a moving company to assist you. Below is a list of those that are members of the International Association of Movers (IAM) and\/or FIDI Accredited International Mover (FAIM) which will hopefully help you. 1. Aim Intermovers Provides [&hellip;]<\/p>\n","protected":false},"author":4,"featured_media":0,"parent":190,"menu_order":0,"comment_status":"closed","ping_status":"closed","template":"","meta":{"_genesis_hide_title":false,"_genesis_hide_breadcrumbs":false,"_genesis_hide_singular_image":false,"_genesis_hide_footer_widgets":false,"_genesis_custom_body_class":"","_genesis_custom_post_class":"","_genesis_layout":"","footnotes":""},"class_list":{"0":"post-4641","1":"page","2":"type-page","3":"status-publish","5":"entry","6":"has-post-thumbnail"},"_links":{"self":[{"href":"https:\/\/moverdb.com\/de\/wp-json\/wp\/v2\/pages\/4641","targetHints":{"allow":["GET"]}}],"collection":[{"href":"https:\/\/moverdb.com\/de\/wp-json\/wp\/v2\/pages"}],"about":[{"href":"https:\/\/moverdb.com\/de\/wp-json\/wp\/v2\/types\/page"}],"author":[{"embeddable":true,"href":"https:\/\/moverdb.com\/de\/wp-json\/wp\/v2\/users\/4"}],"replies":[{"embeddable":true,"href":"https:\/\/moverdb.com\/de\/wp-json\/wp\/v2\/comments?post=4641"}],"version-history":[{"count":3,"href":"https:\/\/moverdb.com\/de\/wp-json\/wp\/v2\/pages\/4641\/revisions"}],"predecessor-version":[{"id":4653,"href":"https:\/\/moverdb.com\/de\/wp-json\/wp\/v2\/pages\/4641\/revisions\/4653"}],"up":[{"embeddable":true,"href":"https:\/\/moverdb.com\/de\/wp-json\/wp\/v2\/pages\/190"}],"wp:attachment":[{"href":"https:\/\/moverdb.com\/de\/wp-json\/wp\/v2\/media?parent=4641"}],"curies":[{"name":"wp","href":"https:\/\/api.w.org\/{rel}","templated":true}]}}