{"id":454,"date":"2016-07-03T20:25:43","date_gmt":"2016-07-03T20:25:43","guid":{"rendered":"http:\/\/moverdb.com\/?page_id=454"},"modified":"2026-01-08T15:30:41","modified_gmt":"2026-01-08T15:30:41","slug":"welt-zoll-organisation","status":"publish","type":"page","link":"https:\/\/moverdb.com\/de\/world-customs-organization\/","title":{"rendered":"Die Weltzollorganisation (WZO) erkl\u00e4rt"},"content":{"rendered":"<p>Die Weltzollorganisation (WZO) ist eine unabh\u00e4ngige zwischenstaatliche Einrichtung, die als Sprachrohr der Zollgemeinschaft dient. <\/p>\n<p>Sie wurde gegr\u00fcndet, um die Zollverwaltungen in der ganzen Welt effizienter, koordinierter und wirksamer zu machen.<\/p>\n<p><strong>Die wichtigsten Fakten \u00fcber WCO:<\/strong><\/p>\n<ul>\n<li>  Die WZO hat 180 Mitglieder, und diese Mitglieder sind Zollverwaltungen aus der ganzen Welt.<\/li>\n<li>  Drei Viertel der WZO-Mitglieder sind Entwicklungsl\u00e4nder.<\/li>\n<li>  Die WCO-Mitglieder sind f\u00fcr die Verwaltung von mehr als 98% des Welthandels verantwortlich.<\/li>\n<li>  Die WZO wurde 1952 als Rat f\u00fcr Zusammenarbeit im Zollwesen gegr\u00fcndet.<\/li>\n<li>  Die WZO wird von einem Rat geleitet, der sich auf ein Sekretariat mit \u00fcber 100 internationalen Beamten, technischen Experten und Hilfskr\u00e4ften st\u00fctzt.<\/li>\n<li>  Der Hauptsitz der WZO befindet sich in Br\u00fcssel, <a href=\"https:\/\/moverdb.com\/de\/moving-to-belgium\/\" data-internallinksmanager029f6b8e52c=\"323\" title=\"Umzug nach Belgien? 2026 Lebenshaltungskosten &amp; Umzugstipps\">Belgien<\/a>.<\/li>\n<li>  Die WZO befasst sich nicht mit Beschwerden im Zusammenhang mit Z\u00f6llen, z. B. Zollgeb\u00fchren - als zwischenstaatliche Organisation ist sie nicht f\u00fcr die Verwaltung der nationalen Rechtsvorschriften zust\u00e4ndig und erkl\u00e4rt ausdr\u00fccklich, dass sie in diesem Bereich keine Kompetenz hat.<\/li>\n<li>  Die Amtssprachen der WZO sind Englisch und Franz\u00f6sisch.<\/li>\n<li>  Die WCO finanziert sich aus den Jahresbeitr\u00e4gen der Mitglieder sowie aus freiwilligen Beitr\u00e4gen und Spenden.<\/li>\n<li>  Die WZO ist f\u00fcr eine Reihe von Zollinstrumenten verantwortlich, wie z. B. das Internationale \u00dcbereinkommen \u00fcber das Harmonisierte System zur Bezeichnung und Codierung der Waren.<\/li>\n<\/ul>\n<p><strong>Profil der Weltzollorganisation:<\/strong><\/p>\n<p>Die WZO bezeichnet sich selbst als das Sprachrohr der Zollgemeinschaft und ist die einzige internationale Organisation mit Zust\u00e4ndigkeit f\u00fcr Zollangelegenheiten. Das macht sie zu einer wichtigen Kraft bei der F\u00f6rderung des rechtm\u00e4\u00dfigen internationalen Handels und der Entwicklung von Ma\u00dfnahmen zur Bek\u00e4mpfung von Betrug und Diebstahl. <\/p>\n<p>Ziel der WZO ist es, die Beziehungen zwischen den Zollverwaltungen und ihren Partnern zu st\u00e4rken, um ein starkes und transparentes Zollumfeld zu schaffen. <\/p>\n<p>Sie hat es sich auch zur Priorit\u00e4t gemacht, zum Schutz der Gesellschaft und des nationalen Territoriums beizutragen und den internationalen Handel zu sichern und zu erleichtern, insbesondere angesichts der Bedrohung durch den weltweiten Terrorismus. <\/p>\n<p>Die WZO ist der Ansicht, dass Grenzen trennen, aber Z\u00f6lle verbinden. Sie beschreibt ihre Vision als \"dynamisch f\u00fchrende Modernisierung und Konnektivit\u00e4t in einer sich rasch wandelnden Welt\" und erkl\u00e4rt, dass es ihre Aufgabe ist, den Zollverwaltungen F\u00fchrung, Anleitung und Unterst\u00fctzung zu bieten, um den rechtm\u00e4\u00dfigen Handel zu sichern und zu erleichtern, Einnahmen zu erzielen, die Gesellschaft zu sch\u00fctzen und Kapazit\u00e4ten aufzubauen.<\/p>\n<p><strong>Kriterien f\u00fcr die Mitgliedschaft:<\/strong><\/p>\n<p>Mitglieder der WZO sind die Zollverwaltungen, so dass auf der Website keine Mitgliedschaftskriterien aufgef\u00fchrt sind.<\/p>\n<p><strong>Meinungen \u00fcber die WCO:<\/strong><\/p>\n<p>Die WZO ist eine etablierte globale Zollbeh\u00f6rde mit <a href=\"http:\/\/www.britannica.com\/topic\/World-Customs-Organization\" target=\"_blank\" rel=\"noopener\">ein Eintrag in der Encyclopedia Britannica<\/a>. Die <a href=\"https:\/\/www.wto.org\/english\/thewto_e\/coher_e\/wto_wco_e.htm\" target=\"_blank\" rel=\"noopener\">Die Welthandelsorganisation beschreibt<\/a> die WZO als ein Gremium, mit dem sie regelm\u00e4\u00dfig zusammenarbeitet, insbesondere bei der Klassifizierung von Waren. <\/p>\n<p>Die WZO wird auf Regierungswebsites erw\u00e4hnt und als \"f\u00fchrend bei der Erweiterung der Wege des internationalen Handels und der Sicherheit\" beschrieben und hat eindeutig einen anerkannten internationalen Status. Was die Mitglieder betrifft, so neigen diejenigen, die ihr beitreten, dazu, dies zu verk\u00fcnden - zum Beispiel die Europ\u00e4ische Union, die bekannt gab, dass die <a href=\"http:\/\/ec.europa.eu\/taxation_customs\/common\/international_affairs\/wco\/index_en.htm\" target=\"_blank\" rel=\"noopener\">WCO hatte akzeptiert<\/a> seinen Antrag auf Mitgliedschaft ab dem 1. Juli 2007.<\/p>\n<blockquote><p>Alle Zollangelegenheiten, einschlie\u00dflich der Entwicklung von globalen Instrumenten, Standards und Werkzeugen, der Vereinfachung und Harmonisierung von Zollverfahren, der F\u00f6rderung der wirtschaftlichen Wettbewerbsf\u00e4higkeit, der Sicherheit und Erleichterung der globalen Lieferkette, der Verbesserung der Durchsetzung von Zollvorschriften und der Einhaltung von Vorschriften, des Schutzes der \u00f6ffentlichen Gesundheit und Sicherheit, der Beibehaltung der Warennomenklatur des Internationalen Harmonisierten Systems, der Sicherung der Einnahmen, des nachhaltigen Aufbaus von Zollkapazit\u00e4ten und der technischen Unterst\u00fctzung sowie der Verwaltung der WTO-\u00dcbereinkommen \u00fcber den Zollwert und die Ursprungsregeln sowie des \u00dcbereinkommens der Vereinten Nationen (UN) \u00fcber Container von 1972<\/p><\/blockquote>\n<p>- <a href=\"http:\/\/www.basel.int\/Default.aspx?tabid=2935\" target=\"_blank\" rel=\"noopener\">Basler \u00dcbereinkommen<\/a><\/p>\n<p><strong>Website:<\/strong> <a href=\"http:\/\/www.wcoomd.org\/\" target=\"_blank\" rel=\"noopener\">http:\/\/www.wcoomd.org\/<\/a><\/p>\n<p><strong>Weitere Informationen zum Versand finden Sie unter:<\/strong> <a href=\"https:\/\/moverdb.com\/de\/containerschifffahrt\/\">2018 Preise und Kosten f\u00fcr die internationale Containerschifffahrt<\/a> und <a href=\"https:\/\/moverdb.com\/de\/spediteur\/\">Leitfaden f\u00fcr internationale Kosten und Unternehmen f\u00fcr Spediteure und NVOCC<\/a><\/p>","protected":false},"excerpt":{"rendered":"<p>The World Customs Organisation (WCO) is an independent intergovernmental body that serves as the voice of the customs community. It was set up to make customs administrations around the world more efficient, coordinated and effective. Key facts about WCO: The WCO has 180 members and these members are customs administrations from all over the world. [&hellip;]<\/p>\n","protected":false},"author":1,"featured_media":0,"parent":0,"menu_order":0,"comment_status":"closed","ping_status":"closed","template":"","meta":{"_genesis_hide_title":false,"_genesis_hide_breadcrumbs":false,"_genesis_hide_singular_image":false,"_genesis_hide_footer_widgets":false,"_genesis_custom_body_class":"","_genesis_custom_post_class":"","_genesis_layout":"","footnotes":""},"class_list":{"0":"post-454","1":"page","2":"type-page","3":"status-publish","5":"entry"},"_links":{"self":[{"href":"https:\/\/moverdb.com\/de\/wp-json\/wp\/v2\/pages\/454","targetHints":{"allow":["GET"]}}],"collection":[{"href":"https:\/\/moverdb.com\/de\/wp-json\/wp\/v2\/pages"}],"about":[{"href":"https:\/\/moverdb.com\/de\/wp-json\/wp\/v2\/types\/page"}],"author":[{"embeddable":true,"href":"https:\/\/moverdb.com\/de\/wp-json\/wp\/v2\/users\/1"}],"replies":[{"embeddable":true,"href":"https:\/\/moverdb.com\/de\/wp-json\/wp\/v2\/comments?post=454"}],"version-history":[{"count":7,"href":"https:\/\/moverdb.com\/de\/wp-json\/wp\/v2\/pages\/454\/revisions"}],"predecessor-version":[{"id":6253,"href":"https:\/\/moverdb.com\/de\/wp-json\/wp\/v2\/pages\/454\/revisions\/6253"}],"wp:attachment":[{"href":"https:\/\/moverdb.com\/de\/wp-json\/wp\/v2\/media?parent=454"}],"curies":[{"name":"wp","href":"https:\/\/api.w.org\/{rel}","templated":true}]}}