{"id":453,"date":"2016-07-03T20:16:06","date_gmt":"2016-07-03T20:16:06","guid":{"rendered":"http:\/\/moverdb.com\/?page_id=453"},"modified":"2026-01-08T15:20:54","modified_gmt":"2026-01-08T15:20:54","slug":"internationale-kammer-schifffahrt","status":"publish","type":"page","link":"https:\/\/moverdb.com\/de\/international-chamber-shipping\/","title":{"rendered":"Die International Chamber of Shipping (ICS) erkl\u00e4rt"},"content":{"rendered":"<p>Die Internationale Schifffahrtskammer (ICS) ist ein Wirtschaftsverband, der Reeder und Schiffsbetreiber \u00fcber nationale Reederverb\u00e4nde vertritt. <\/p>\n<p>Ihr Ziel ist die F\u00f6rderung der Interessen ihrer Mitglieder in allen Fragen des Schiffsbetriebs und der Schifffahrtspolitik.<\/p>\n<p><strong>Die wichtigsten Fakten \u00fcber die Internationale Schifffahrtskammer:<\/strong><\/p>\n<ul>\n<li>  ICS-Mitglied <a href=\"https:\/\/moverdb.com\/de\/reedereien\/\">Schifffahrtsunternehmen<\/a> betreiben \u00fcber 80% der Welthandelstonnage.<\/li>\n<li>  ICS-Mitglieder sind die nationalen Reederverb\u00e4nde in Asien, Europa und Amerika.<\/li>\n<li>  Die ICS wurde 1921 gegr\u00fcndet.<\/li>\n<li>  Die ICS hat 36 Mitglieder und 11 assoziierte Mitglieder.<\/li>\n<li>  Das ICS hat seinen Sitz in <a href=\"https:\/\/moverdb.com\/de\/moving-to-london\/\">London<\/a>.<\/li>\n<li>  Das ICS ist einzigartig, denn im Gegensatz zu anderen <a href=\"https:\/\/moverdb.com\/de\/container-shipping\/\" data-internallinksmanager029f6b8e52c=\"3\" title=\"Chart der internationalen Containerschifffahrtsraten: April 2026\">internationaler Versand<\/a> Sie vertritt die globalen Interessen der verschiedenen Branchen, von Passagierschiffbetreibern bis zu Tankern.<\/li>\n<li>  Das ICS ist ein beratendes Gremium f\u00fcr die <a href=\"https:\/\/moverdb.com\/de\/international-maritime-organisation\/\" data-internallinksmanager029f6b8e52c=\"24\" title=\"Die Internationale Seeschifffahrtsorganisation (IMO) erkl\u00e4rt\">Internationale Seeschifffahrtsorganisation<\/a>Die Agentur der Vereinten Nationen, die f\u00fcr den Schutz des Lebens auf See und den Schutz der Meeresumwelt zust\u00e4ndig ist.<\/li>\n<li>  Die ICS befasst sich mit regulatorischen, betrieblichen und rechtlichen Fragen der Schifffahrtsindustrie.<\/li>\n<\/ul>\n<p><strong>ICS-Profil:<\/strong><\/p>\n<p>Die ICS vertritt ihre Mitglieder bei verschiedenen zwischenstaatlichen Regulierungsgremien, die sich auf die Schifffahrt auswirken, darunter die Internationale Seeschifffahrtsorganisation. <\/p>\n<p>Sie ist auch eine Informationsquelle f\u00fcr die Mitglieder und hat Leitlinien und bew\u00e4hrte Verfahren f\u00fcr die in der Branche T\u00e4tigen entwickelt - diese Ressourcen werden den Schiffseignern in der Branche sowie den Mitgliedern kostenlos angeboten. <\/p>\n<p>Ihre Aufgabe ist es, eine globale Schifffahrtsindustrie anzustreben, die nach hohen Standards arbeitet und dem sicheren Schiffsbetrieb sowie dem Schutz der Umwelt Vorrang einr\u00e4umt. <\/p>\n<p>Sie wurde in erster Linie zur F\u00f6rderung der Schifffahrtsbranche gegr\u00fcndet, verfolgt aber auch das Ziel, mit anderen staatlichen und nichtstaatlichen Organisationen zusammenzuarbeiten, um die Schifffahrtsbranche effizienter und sicherer zu machen.<\/p>\n<p><strong>Mitgliedsreedereien (nach Gr\u00f6\u00dfe):<\/strong><\/p>\n<ul>\n<li> <a href=\"https:\/\/moverdb.com\/de\/maersk\/\">Maersk-Linie<\/a><\/li>\n<li> <a href=\"https:\/\/moverdb.com\/de\/mittelmeer-schifffahrtsgesellschaft\/\">Mittelmeer-Schifffahrtsgesellschaft (MSC)<\/a><\/li>\n<\/ul>\n<p><strong>Kriterien f\u00fcr die Mitgliedschaft:<\/strong><\/p>\n<p>ICS-Mitglieder sind <a href=\"https:\/\/moverdb.com\/de\/spediteur\/\">Schiffseigner und -betreiber<\/a> aus der ganzen Welt, die durch nationale Reederverb\u00e4nde vertreten sind. Es sind die Verb\u00e4nde, die die Mitgliedschaft halten, so dass sich einzelne Eigner und Betreiber nicht bewerben k\u00f6nnen. <\/p>\n<p>Aus diesem Grund sind auf der Website keine Mitgliedschaftskriterien aufgef\u00fchrt.<\/p>\n<p><strong>Stellungnahmen zur Internationalen Schifffahrtskammer:<\/strong><\/p>\n<p>Die ICS wird in mehreren Branchenpublikationen zitiert und \u00e4u\u00dfert sich zu aktuellen Themen wie der CO2-Reduzierung. Sie wird auf den Websites ihrer Mitglieder erw\u00e4hnt, wie z. B. der <a href=\"https:\/\/www.ukchamberofshipping.com\/about-us\/our-partners\/international-chamber-shipping\/\" target=\"_blank\" rel=\"noopener\">Britische Schifffahrtskammer<\/a>. <\/p>\n<p>In den Online-Dokumenten nimmt die ICS Stellung zu globalen Themen, wie z. B. zu Steuerabkommen. <a href=\"http:\/\/www.allaboutshipping.co.uk\/category\/associations\/international-chamber-of-shipping\/\" target=\"_blank\" rel=\"noopener\">Berichterstattung \u00fcber Veranstaltungen<\/a> wie zum Beispiel die <a href=\"http:\/\/www.imo.org\/en\/MediaCentre\/SecretaryGeneral\/SpeechesByTheSecretaryGeneral\/Pages\/ICS2012.aspx\" target=\"_blank\" rel=\"noopener\">Konferenz der Internationalen Schifffahrtskammer<\/a> wo Koji Sekimizu, Generalsekret\u00e4r der Internationalen Seeschifffahrtsorganisation, das ICS als <em>\"eine von mehreren Nichtregierungsorganisationen, die die Schifffahrtsindustrie bei der IMO vertreten, und hat eine der l\u00e4ngsten Traditionen\".<\/em> <\/p>\n<p>Andere Online-Quellen bezeichnen die ICS als den \"weltweit anerkanntesten Reederverband\". Die Glaubw\u00fcrdigkeit der ICS ergibt sich aus den Ver\u00f6ffentlichungen, in denen ihr Name auftaucht, den Verbindungen zu anderen Organisationen und der Art der Themen, zu denen sie um Stellungnahme gebeten wird.<\/p>\n<blockquote><p>Die Internationale Schifffahrtskammer (ICS) ist der wichtigste internationale Handelsverband f\u00fcr Handelsreeder und -betreiber, der alle Sektoren und Branchen (u. a. Tanker, Massengutfrachter, Containerschiffe, St\u00fcckgut- und Spezialschiffe sowie Passagierschiffe) bei den verschiedenen zwischenstaatlichen Gremien vertritt, die Einfluss auf die Schifffahrt haben. Dem ICS geh\u00f6ren nationale Reederverb\u00e4nde aus 35 L\u00e4ndern an, die \u00fcber 80% der Welthandelsflotte vertreten.<\/p><\/blockquote>\n<p><a href=\"http:\/\/www.oecd.org\/tax\/treaties\/ics-comments-discussion-draft-mtc-international-traffic.pdf\" target=\"_blank\" rel=\"noopener\">OECD<\/a><\/p>\n<p><strong>Website:<\/strong> <a href=\"http:\/\/www.ics-shipping.org\/\" target=\"_blank\" rel=\"noopener\">http:\/\/www.ics-shipping.org\/<\/a><\/p>\n<p><strong>Weitere Informationen zum Versand finden Sie unter:<\/strong> <a href=\"https:\/\/moverdb.com\/de\/containerschifffahrt\/\">2018 Preise und Kosten f\u00fcr die internationale Containerschifffahrt<\/a> und <a href=\"https:\/\/moverdb.com\/de\/spediteur\/\">Leitfaden f\u00fcr internationale Kosten und Unternehmen f\u00fcr Spediteure und NVOCC<\/a><\/p>","protected":false},"excerpt":{"rendered":"<p>The International Chamber of Shipping (ICS) is a trade association that represents ship owners and ship operators via national shipowners associations. Its aim is to promote the interests of its members throughout all issues of ship operation and also shipping policy. Key facts about the International Chamber of Shipping: ICS member shipping companies operate over [&hellip;]<\/p>\n","protected":false},"author":1,"featured_media":0,"parent":0,"menu_order":0,"comment_status":"closed","ping_status":"closed","template":"","meta":{"_genesis_hide_title":false,"_genesis_hide_breadcrumbs":false,"_genesis_hide_singular_image":false,"_genesis_hide_footer_widgets":false,"_genesis_custom_body_class":"","_genesis_custom_post_class":"","_genesis_layout":"","footnotes":""},"class_list":{"0":"post-453","1":"page","2":"type-page","3":"status-publish","5":"entry"},"_links":{"self":[{"href":"https:\/\/moverdb.com\/de\/wp-json\/wp\/v2\/pages\/453","targetHints":{"allow":["GET"]}}],"collection":[{"href":"https:\/\/moverdb.com\/de\/wp-json\/wp\/v2\/pages"}],"about":[{"href":"https:\/\/moverdb.com\/de\/wp-json\/wp\/v2\/types\/page"}],"author":[{"embeddable":true,"href":"https:\/\/moverdb.com\/de\/wp-json\/wp\/v2\/users\/1"}],"replies":[{"embeddable":true,"href":"https:\/\/moverdb.com\/de\/wp-json\/wp\/v2\/comments?post=453"}],"version-history":[{"count":10,"href":"https:\/\/moverdb.com\/de\/wp-json\/wp\/v2\/pages\/453\/revisions"}],"predecessor-version":[{"id":6245,"href":"https:\/\/moverdb.com\/de\/wp-json\/wp\/v2\/pages\/453\/revisions\/6245"}],"wp:attachment":[{"href":"https:\/\/moverdb.com\/de\/wp-json\/wp\/v2\/media?parent=453"}],"curies":[{"name":"wp","href":"https:\/\/api.w.org\/{rel}","templated":true}]}}