{"id":452,"date":"2016-07-03T20:39:16","date_gmt":"2016-07-03T20:39:16","guid":{"rendered":"http:\/\/moverdb.com\/?page_id=452"},"modified":"2026-01-08T15:30:42","modified_gmt":"2026-01-08T15:30:42","slug":"weltschifffahrtsrat","status":"publish","type":"page","link":"https:\/\/moverdb.com\/de\/world-shipping-council\/","title":{"rendered":"Der Weltschifffahrtsrat (WSC) erkl\u00e4rt"},"content":{"rendered":"<p>Der World Shipping Council (WSC) ist die Stimme der Linienschifffahrtsindustrie. Er wurde urspr\u00fcnglich als Lobbygruppe f\u00fcr die gr\u00f6\u00dften Linienschifffahrtsunternehmen gegr\u00fcndet und hat sich zu einem Berater f\u00fcr Industrie und Regierung in so unterschiedlichen Bereichen wie Sicherheit und Umweltfragen entwickelt.<\/p>\n<p><strong>Die wichtigsten Fakten \u00fcber die WSC<\/strong><\/p>\n<ul>\n<li>  Das WSC hat 26 Mitglieder.<\/li>\n<li>  Die WSC-Mitglieder betreiben rund 90 Prozent der weltweiten Linienschifffahrtskapazit\u00e4t.<\/li>\n<li>  Diese Dienste transportieren etwa 60 Prozent des Wertes des weltweiten Seehandels und mehr als <a href=\"https:\/\/moverdb.com\/de\/moving-to-the-united-states\/\" data-internallinksmanager029f6b8e52c=\"94\" title=\"Umzug in die Vereinigten Staaten? 2026 Lebenshaltungskosten &amp; Umzugstipps\">US<\/a>$ j\u00e4hrlich Waren im Wert von 4 Billionen.<\/li>\n<li>  Die WSC ist der weltweite Vertreter der Linienschifffahrtsindustrie.<\/li>\n<li>  Der WSC wurde im Jahr 2000 von den Vorstandsvorsitzenden der wichtigsten gro\u00dfen Linienkonzerne gegr\u00fcndet. <a href=\"https:\/\/moverdb.com\/de\/reedereien\/\">Schifffahrtsunternehmen<\/a>.<\/li>\n<li>  Im Jahr 2009 erhielt die WSC Konsultativstatus bei der <a href=\"https:\/\/moverdb.com\/de\/international-maritime-organisation\/\" data-internallinksmanager029f6b8e52c=\"24\" title=\"Die Internationale Seeschifffahrtsorganisation (IMO) erkl\u00e4rt\">Internationale Seeschifffahrtsorganisation<\/a>.<\/li>\n<li>  Das WSC hat seinen Sitz in <a href=\"https:\/\/moverdb.com\/de\/umziehen-nach-washington-dc\/\">Washington, DC<\/a>.<\/li>\n<li>  Die Mitglieder der WSC kommen aus der ganzen Welt, von <a href=\"https:\/\/moverdb.com\/de\/moving-to-china\/\" data-internallinksmanager029f6b8e52c=\"357\" title=\"Umzug nach China? 2026 Lebenshaltungskosten &amp; Umzugstipps\">China<\/a> nach Amerika.<\/li>\n<\/ul>\n<p><strong>Profil des World Shipping Council:<\/strong><\/p>\n<p>Die WSC ist ein Branchengremium, das im Jahr 2000 von f\u00fchrenden Vertretern der Linienschifffahrt gegr\u00fcndet wurde. Es hat in wichtigen Momenten f\u00fcr die Linienschifffahrtsbranche eine entscheidende Rolle gespielt, wie z. B. bei der Zusammenarbeit mit globalen Regierungen und Organisationen zur Entwicklung von Gesetzen, Vorschriften und Programmen, die den internationalen Seeverkehr nach den Terroranschl\u00e4gen von 2001 besser absichern sollen. <\/p>\n<p>Das Hauptaugenmerk der WSC liegt auf der Bearbeitung von Handels-, Sicherheits- und Zollfragen, die die Branche selbst sowie ihre Auswirkungen auf die Welt betreffen. In den letzten Jahren hat sie begonnen, sich auch mit Umweltfragen zu befassen. <\/p>\n<p>Das WSC wird sowohl von der Industrie als auch von den Regierungen als angesehener Berater angesehen - so wurde ihm beispielsweise ein Beraterstatus bei der Internationalen Seeschifffahrtsorganisation (IMO) einger\u00e4umt. Es nimmt auch aktiv an politischen Debatten teil, wenn diese sich auf die Linienschifffahrtsindustrie auswirken.<\/p>\n<p><strong>Mitgliedsunternehmen nach Gr\u00f6\u00dfe:<\/strong><\/p>\n<ul>\n<li> <a href=\"https:\/\/moverdb.com\/de\/cma-cgm\/\">CMA CGM-Gruppe<\/a><\/li>\n<li> <a href=\"https:\/\/moverdb.com\/de\/hapag-lloyd\/\">Hapag-Lloyd<\/a><\/li>\n<li> <a href=\"https:\/\/moverdb.com\/de\/immergrun-marine\/\">Evergreen Marine<\/a><\/li>\n<li> <a href=\"https:\/\/moverdb.com\/de\/hamburg-sud\/\">Hamburg S\u00fcd<\/a><\/li>\n<\/ul>\n<p><strong>Kriterien f\u00fcr die Mitgliedschaft:<\/strong><\/p>\n<p>Auf der Website sind keine Kriterien f\u00fcr die Mitgliedschaft aufgef\u00fchrt. Die WSC beschreibt ihre Mitglieder als <em>\"Sie haben Hunderte von Milliarden Dollar in Schiffe investiert, <a href=\"https:\/\/moverdb.com\/de\/top-49-container-ports\/\" data-internallinksmanager029f6b8e52c=\"80\" title=\"Top 49 der gr\u00f6\u00dften und verkehrsreichsten Containerh\u00e4fen im Jahr 2025\">Hafen<\/a> Terminals, Spediteure, Lagerh\u00e4user und Technologie, um zu gew\u00e4hrleisten, dass es weiterhin eine Vielzahl von M\u00f6glichkeiten f\u00fcr einen sicheren, zuverl\u00e4ssigen und wirtschaftlichen internationalen Frachttransport gibt\".<\/em> <\/p>\n<p>Daraus wird ersichtlich, dass die Mitgliedschaft nicht jedem Unternehmen offen steht. Zu den repr\u00e4sentativen Mitgliedern geh\u00f6ren Hyundai Merchant Marine Company und United Arab <a href=\"https:\/\/moverdb.com\/de\/shipping-companies\/\" data-internallinksmanager029f6b8e52c=\"4\" title=\"Top 10 der internationalen Containerschifffahrtsunternehmen\">Schifffahrtsgesellschaft<\/a>.<\/p>\n<p>Es gibt eine Kontakt-E-Mail-Adresse, die f\u00fcr Anfragen zur Mitgliedschaft genutzt werden kann: info@worldshipping.org.<\/p>\n<p><strong>Meinungen \u00fcber die WSC:<\/strong><\/p>\n<p>Das WSC ist <a href=\"http:\/\/www.iims.org.uk\/world-shipping-council-advises-prepare-container-weight-verification\/\" target=\"_blank\" rel=\"noopener\">in Nachrichtenberichten zitiert<\/a> als Informationsquelle f\u00fcr regulatorische und gesetzgeberische \u00c4nderungen und ist eindeutig eine angesehene Organisation, die einen Kommunikationskanal zwischen Gesetzgebern und Industrie darstellt. <\/p>\n<p>Sie hat auch dazu beigetragen, die Verwirrung \u00fcber anstehende Gesetzes\u00e4nderungen zu beseitigen und den Weg der Gesetzgebung vom geschriebenen Recht in die Realit\u00e4t zu ebnen. <\/p>\n<p>Obwohl die Liste der Mitglieder auf der WSC-Website erscheint, zeigt ein kurzer Blick auf die Websites einiger Unternehmen, dass sie ihre Mitgliedschaft im WSC nicht an prominenter Stelle angeben. <\/p>\n<p>Dies liegt h\u00f6chstwahrscheinlich daran, dass die WSC keine Akkreditierung ist, die f\u00fcr eine kommerzielle Website geeignet ist, sondern eine Branchenorganisation, in der diese Unternehmen eine beratende Funktion haben.<\/p>\n<p><strong>Website:<\/strong> <a href=\"http:\/\/www.worldshipping.org\/\" target=\"_blank\" rel=\"noopener\">http:\/\/www.worldshipping.org\/<\/a><\/p>\n<p><strong>Weitere Informationen zum Versand finden Sie unter:<\/strong> <a href=\"https:\/\/moverdb.com\/de\/containerschifffahrt\/\">2018 Preise und Kosten f\u00fcr die internationale Containerschifffahrt<\/a> und <a href=\"https:\/\/moverdb.com\/de\/spediteur\/\">Leitfaden f\u00fcr internationale Kosten und Unternehmen f\u00fcr Spediteure und NVOCC<\/a><\/p>","protected":false},"excerpt":{"rendered":"<p>The World Shipping Council (WSC) provides a voice for the liner shipping industry. It was initially established as a lobbying group for the biggest liner shipping businesses and has become an advisor to industry and government on topics as varied as security and environmental issues. Key facts about the WSC The WSC has 26 members. [&hellip;]<\/p>\n","protected":false},"author":1,"featured_media":0,"parent":0,"menu_order":0,"comment_status":"closed","ping_status":"closed","template":"","meta":{"_genesis_hide_title":false,"_genesis_hide_breadcrumbs":false,"_genesis_hide_singular_image":false,"_genesis_hide_footer_widgets":false,"_genesis_custom_body_class":"","_genesis_custom_post_class":"","_genesis_layout":"","footnotes":""},"class_list":{"0":"post-452","1":"page","2":"type-page","3":"status-publish","5":"entry"},"_links":{"self":[{"href":"https:\/\/moverdb.com\/de\/wp-json\/wp\/v2\/pages\/452","targetHints":{"allow":["GET"]}}],"collection":[{"href":"https:\/\/moverdb.com\/de\/wp-json\/wp\/v2\/pages"}],"about":[{"href":"https:\/\/moverdb.com\/de\/wp-json\/wp\/v2\/types\/page"}],"author":[{"embeddable":true,"href":"https:\/\/moverdb.com\/de\/wp-json\/wp\/v2\/users\/1"}],"replies":[{"embeddable":true,"href":"https:\/\/moverdb.com\/de\/wp-json\/wp\/v2\/comments?post=452"}],"version-history":[{"count":12,"href":"https:\/\/moverdb.com\/de\/wp-json\/wp\/v2\/pages\/452\/revisions"}],"predecessor-version":[{"id":6254,"href":"https:\/\/moverdb.com\/de\/wp-json\/wp\/v2\/pages\/452\/revisions\/6254"}],"wp:attachment":[{"href":"https:\/\/moverdb.com\/de\/wp-json\/wp\/v2\/media?parent=452"}],"curies":[{"name":"wp","href":"https:\/\/api.w.org\/{rel}","templated":true}]}}