{"id":451,"date":"2016-07-04T14:16:48","date_gmt":"2016-07-04T14:16:48","guid":{"rendered":"http:\/\/moverdb.com\/?page_id=451"},"modified":"2026-01-08T14:39:55","modified_gmt":"2026-01-08T14:39:55","slug":"internationale-maritime-organisation","status":"publish","type":"page","link":"https:\/\/moverdb.com\/de\/international-maritime-organisation\/","title":{"rendered":"Die Internationale Seeschifffahrtsorganisation (IMO) erkl\u00e4rt"},"content":{"rendered":"<p>Die Internationale Seeschifffahrtsorganisation (IMO) ist eine UN-Organisation mit Sitz in der <a href=\"https:\/\/moverdb.com\/de\/moving-to-the-uk\/\" data-internallinksmanager029f6b8e52c=\"93\" title=\"Umzug in das Vereinigte K\u00f6nigreich? 2026 Lebenshaltungskosten &amp; Umzugstipps\">UK<\/a>die f\u00fcr die Regulierung der Schifffahrt zust\u00e4ndig ist. Sie bezeichnet sich selbst als die globale normgebende Beh\u00f6rde f\u00fcr die Sicherheit, die Gefahrenabwehr und die Umweltleistung von <a href=\"https:\/\/moverdb.com\/de\/containerschifffahrt\/\">internationaler Versand<\/a>.<\/p>\n<p><strong>Die wichtigsten Fakten \u00fcber die Internationale Seeschifffahrtsorganisation<\/strong><\/p>\n<ul>\n<li>  Die IMO hat 171 Mitgliedsstaaten und drei assoziierte Mitglieder.<\/li>\n<li>  Die IMO ist eine 1948 gegr\u00fcndete UN-Organisation, die ein Jahrzehnt sp\u00e4ter ihre Arbeit aufnahm.<\/li>\n<li>  Bei den meisten Mitgliedstaaten, die nicht Mitglied der IMO sind, handelt es sich um Binnenl\u00e4nder, die kein Interesse an der Schifffahrt haben oder sich nicht daran beteiligen.<\/li>\n<li>  Die drei Assoziierten Mitglieder der IMO sind die F\u00e4r\u00f6er Inseln, <a href=\"https:\/\/moverdb.com\/de\/moving-to-hong-kong\/\" data-internallinksmanager029f6b8e52c=\"350\" title=\"Umzug nach Hongkong? 2026 Lebenshaltungskosten &amp; Umzugstipps\">Hongkong<\/a> und Macao.<\/li>\n<li>  Das Internationale \u00dcbereinkommen zum Schutz des menschlichen Lebens auf See ist eines der bekanntesten Rechtsinstrumente der IMO.<\/li>\n<li>  <a href=\"https:\/\/moverdb.com\/de\/container-shipping\/\" data-internallinksmanager029f6b8e52c=\"3\" title=\"Chart der internationalen Containerschifffahrtsraten: April 2026\">Internationaler Versand<\/a> transportiert mehr als 80% des Welthandels zu Menschen und Gemeinschaften in der ganzen Welt.<\/li>\n<li>  Der Zust\u00e4ndigkeitsbereich der IMO umfasst alle Aspekte der internationalen Schifffahrt, einschlie\u00dflich Konstruktion, Bau, Ausr\u00fcstung, Besatzung, Betrieb und Entsorgung von Schiffen.<\/li>\n<li>  Nichtstaatlichen internationalen Organisationen, die in der Lage sind, einen wesentlichen Beitrag zur Arbeit der IMO zu leisten, kann vom Rat mit Zustimmung der Versammlung ein beratender Status gew\u00e4hrt werden.<\/li>\n<\/ul>\n<p><strong>IMO-Profil<\/strong><\/p>\n<p>Die IMO ist eine globale Organisation, die in den Zust\u00e4ndigkeitsbereich der UNO f\u00e4llt. Sie setzt sich aus der Versammlung, einem Rat und f\u00fcnf Hauptaussch\u00fcssen zusammen: <\/p>\n<ol>\n<li> Der Ausschuss f\u00fcr die Sicherheit im Seeverkehr<\/li>\n<li> Der Ausschuss f\u00fcr den Schutz der Meeresumwelt<\/li>\n<li> Der Rechtsausschuss<\/li>\n<li> Der Ausschuss f\u00fcr technische Zusammenarbeit<\/li>\n<li> Der Erleichterungsausschuss<\/li>\n<\/ol>\n<p>Die IMO ist f\u00fcr zahlreiche Rechtsinstrumente verantwortlich, die der Verbesserung der Sicherheit auf See, der Verbesserung des Handels zwischen den Seeschifffahrtsstaaten und dem Schutz der maritimen Umwelt dienen. <\/p>\n<p>Die IMO befasst sich nicht nur mit dem Schifffahrtssektor in seiner jetzigen Form, sondern auch mit der Sicherung seiner Zukunft als sicher, umweltvertr\u00e4glich und energieeffizient. <\/p>\n<p>Es gibt kaum etwas, das die IMO nicht abdeckt, einschlie\u00dflich der menschlichen Komponente der Schifffahrtsindustrie, der Sicherheit im Seeverkehr und der technischen Zusammenarbeit, die Regierungen helfen soll, die nicht \u00fcber die technischen Kenntnisse und Ressourcen verf\u00fcgen, die f\u00fcr den erfolgreichen Betrieb einer Schifffahrtsindustrie erforderlich sind.<\/p>\n<p><strong>Kriterien f\u00fcr die Mitgliedschaft <\/strong><\/p>\n<p>Die Mitgliedschaft erfolgt auf der Grundlage von Staaten. Um Mitglied der IMO zu werden, ratifiziert ein Staat einen multilateralen Vertrag, das \u00dcbereinkommen \u00fcber die Internationale Seeschifffahrtsorganisation.<\/p>\n<p><strong>Stellungnahmen zur IMO:<\/strong><\/p>\n<p>Die IMO ist eine weltweit t\u00e4tige <a href=\"http:\/\/www.unsceb.org\/content\/imo\" target=\"_blank\" rel=\"noopener\">renommierte Organisation<\/a> mit anerkanntem Status. Sie ist sehr sichtbar und eine starke Kraft innerhalb der Schifffahrtsindustrie. Die Online-Informationen \u00fcber die IMO konzentrieren sich auf ihre Rolle bei der F\u00f6rderung der zwischenstaatlichen Zusammenarbeit sowie auf die Einberufung internationaler Konferenzen zu Schifffahrtsfragen und die Ausarbeitung internationaler Konventionen oder Abkommen zu diesem Thema. <\/p>\n<p>Dort, wo sie erw\u00e4hnt wird, wird auch ihre Rolle f\u00fcr die Sicherheit hervorgehoben. Da die Mitgliedschaft in der IMO von den einzelnen Staaten abh\u00e4ngt, wird sie nicht auf den Websites der einzelnen Unternehmen erw\u00e4hnt, aber sie erscheint h\u00e4ufig in <a href=\"http:\/\/www.britannica.com\/topic\/International-Maritime-Organization\" target=\"_blank\" rel=\"noopener\">Online-Enzyklop\u00e4dien<\/a> und Websites, die die UN-Struktur beschreiben.<\/p>\n<p><strong>Website:<\/strong> <a href=\"http:\/\/www.imo.org\/en\/Pages\/Default.aspx\" target=\"_blank\" rel=\"noopener\">http:\/\/www.imo.org\/<\/a><\/p>\n<p><strong>Weitere Informationen zum Versand finden Sie unter:<\/strong> <a href=\"https:\/\/moverdb.com\/de\/containerschifffahrt\/\">2018 Preise und Kosten f\u00fcr die internationale Containerschifffahrt<\/a> und <a href=\"https:\/\/moverdb.com\/de\/spediteur\/\">Leitfaden f\u00fcr internationale Kosten und Unternehmen f\u00fcr Spediteure und NVOCC<\/a><\/p>","protected":false},"excerpt":{"rendered":"<p>The International Maritime Organisation (IMO) is a UN agency, based in the UK, which is responsible for regulating shipping. It describes itself as the global standard-setting authority for the safety, security and environmental performance of international shipping. Key facts about the International Maritime Organisation The IMO has 171 Member States and three Associate Members. The [&hellip;]<\/p>\n","protected":false},"author":1,"featured_media":0,"parent":0,"menu_order":0,"comment_status":"closed","ping_status":"closed","template":"","meta":{"_genesis_hide_title":false,"_genesis_hide_breadcrumbs":false,"_genesis_hide_singular_image":false,"_genesis_hide_footer_widgets":false,"_genesis_custom_body_class":"","_genesis_custom_post_class":"","_genesis_layout":"","footnotes":""},"class_list":{"0":"post-451","1":"page","2":"type-page","3":"status-publish","5":"entry"},"_links":{"self":[{"href":"https:\/\/moverdb.com\/de\/wp-json\/wp\/v2\/pages\/451","targetHints":{"allow":["GET"]}}],"collection":[{"href":"https:\/\/moverdb.com\/de\/wp-json\/wp\/v2\/pages"}],"about":[{"href":"https:\/\/moverdb.com\/de\/wp-json\/wp\/v2\/types\/page"}],"author":[{"embeddable":true,"href":"https:\/\/moverdb.com\/de\/wp-json\/wp\/v2\/users\/1"}],"replies":[{"embeddable":true,"href":"https:\/\/moverdb.com\/de\/wp-json\/wp\/v2\/comments?post=451"}],"version-history":[{"count":6,"href":"https:\/\/moverdb.com\/de\/wp-json\/wp\/v2\/pages\/451\/revisions"}],"predecessor-version":[{"id":13163,"href":"https:\/\/moverdb.com\/de\/wp-json\/wp\/v2\/pages\/451\/revisions\/13163"}],"wp:attachment":[{"href":"https:\/\/moverdb.com\/de\/wp-json\/wp\/v2\/media?parent=451"}],"curies":[{"name":"wp","href":"https:\/\/api.w.org\/{rel}","templated":true}]}}