{"id":449,"date":"2016-07-04T14:35:22","date_gmt":"2016-07-04T14:35:22","guid":{"rendered":"http:\/\/moverdb.com\/?page_id=449"},"modified":"2026-01-08T14:48:17","modified_gmt":"2026-01-08T14:48:17","slug":"eurovan-movers","status":"publish","type":"page","link":"https:\/\/moverdb.com\/de\/eurovan-movers\/","title":{"rendered":"Eurovan International Movers Network (EM) Erl\u00e4utert"},"content":{"rendered":"<p>Eurovan International Movers Network (EM) ist ein Netzwerk unabh\u00e4ngiger lokaler Umzugsunternehmen mit Sitz in <a href=\"https:\/\/moverdb.com\/de\/moving-to-germany\/\" data-internallinksmanager029f6b8e52c=\"321\" title=\"Umzug nach Deutschland? 2026 Lebenshaltungskosten &amp; Umzugstipps\">Deutschland<\/a>. Das Netz soll der Notwendigkeit Rechnung tragen, bei internationalen Umz\u00fcgen, die mehrere L\u00e4nder betreffen k\u00f6nnen, ein einheitliches Serviceniveau zu bieten.<\/p>\n<p><strong>Die wichtigsten Fakten \u00fcber Eurovan International Movers Network:<\/strong><\/p>\n<ul>\n<li>  Findet ein Umzug ausschlie\u00dflich innerhalb Europas statt, \u00fcberwacht, koordiniert und kontrolliert die EM-Zentrale alle Umz\u00fcge von einem Land in ein anderes.<\/li>\n<li>  EM bietet \u00fcber sein Netz eine Reihe von Dienstleistungen an, darunter Koordinierung und Betrieb, Lagerung und Einlagerung, Ein- und Auspacken sowie Herkunfts- und Bestimmungsortdienste.<\/li>\n<li>  EM hat weltweit sieben Partner in Afrika, Asien, Nord- und S\u00fcdamerika.<\/li>\n<li>  EM hat etwa 35 europ\u00e4ische Partner, davon acht in der EU. <a href=\"https:\/\/moverdb.com\/de\/internationale-umzuge\/\">UK<\/a>.<\/li>\n<li>  Wenn die EM-Zentrale einen Umzug \u00fcberwacht, kann EM auf diese Weise Leerkilometer reduzieren und M\u00f6glichkeiten f\u00fcr finanzielle Einsparungen finden.<\/li>\n<li>  Die Reichweite von EM ist global.<\/li>\n<\/ul>\n<p><strong>Profil von Eurovan Movers:<\/strong><\/p>\n<p>EM ist eine Organisation, die auf der Grundlage von \"Partnern\" und nicht von Mitgliedern arbeitet. Obwohl es keine Kriterien f\u00fcr die Mitgliedschaft gibt, ist klar, dass der Prozess, um Partner zu werden, ziemlich komplex ist und eine gute \u00dcbereinstimmung zwischen EM und dem potenziellen Partner sowie die F\u00e4higkeit, neue Ideen einzubringen, erfordert. <\/p>\n<p>Die meisten Reiseziele sowohl in der Kategorie Europa als auch in der Kategorie Weltpartner haben nur ein einziges Unternehmen aufgelistet - mit Ausnahme von Deutschland, dem <a href=\"https:\/\/moverdb.com\/de\/moving-to-the-uk\/\" data-internallinksmanager029f6b8e52c=\"93\" title=\"Umzug in das Vereinigte K\u00f6nigreich? 2026 Lebenshaltungskosten &amp; Umzugstipps\">UK<\/a>, <a href=\"https:\/\/moverdb.com\/de\/moving-to-switzerland\/\" data-internallinksmanager029f6b8e52c=\"327\" title=\"Umzug in die Schweiz? 2026 Lebenshaltungskosten &amp; Umzugstipps\">Schweiz<\/a> und <a href=\"https:\/\/moverdb.com\/de\/moving-to-italy\/\" data-internallinksmanager029f6b8e52c=\"346\" title=\"Umzug nach Italien? 2026 Lebenshaltungskosten &amp; Umzugstipps\">Italien<\/a>, die 4+ haben. <\/p>\n<p>Die Idee von EM ist es, den Kunden einen koh\u00e4renteren Ansatz f\u00fcr einen internationalen Umzug zu bieten, indem unabh\u00e4ngige lokale Umzugsunternehmen miteinander verbunden werden. EM selbst koordiniert den Prozess, wenn der Umzug innerhalb der EU stattfindet. <\/p>\n<p>Was EM auszeichnet, ist die Tatsache, dass es \u00fcber eine zentrale Leitung verf\u00fcgt, aber mit lokalen Spediteuren zusammenarbeitet, so dass lokale Kenntnisse und Verbindungen erhalten bleiben und gleichzeitig eine zentrale Steuerung m\u00f6glich ist.<\/p>\n<p><strong>Kriterien f\u00fcr die Mitgliedschaft:<\/strong><\/p>\n<p>Auf der Website sind keine Kriterien f\u00fcr die Mitgliedschaft aufgef\u00fchrt - stattdessen hei\u00dft es auf der Website:<\/p>\n<blockquote><p>Um Partner zu werden, muss man mehr als nur ein oder zwei Umz\u00fcge durchgef\u00fchrt haben.<\/p>\n<p>Wenn Sie glauben, dass Sie von den Synergien eines Netzwerks profitieren k\u00f6nnen, und wenn Sie der Meinung sind, dass einige Ihrer frischen und unkonventionellen Ideen mit der Erfahrung aus \u00fcber 30 Jahren Umzugsgesch\u00e4ft zusammengef\u00fchrt werden sollten, dann sind Sie bei uns genau richtig. <\/p>\n<p>Um mehr \u00fcber die Schl\u00fcsseltechnologien und andere Vorteile zu erfahren, zu denen alle Eurovan-Partner Zugang haben, wenden Sie sich bitte an Tobia Crisostomo. Er wird Ihnen gerne alle Fragen zu den Vorteilen einer Eurovan-Partnerschaft beantworten und Ihnen helfen, den Weg zu mehr Sichtbarkeit und Flexibilit\u00e4t im Umzugsgesch\u00e4ft zu beschreiten.<\/p><\/blockquote>\n<p>EUROVAN - Das internationale Umzugsnetzwerk<br \/>\nTobia Crisostomo<br \/>\nNeckarauer Stra\u00dfe 35\/41<br \/>\nD-68199 Mannheim, Deutschland<br \/>\nTel.: +49(0)621-3 97 40 93<br \/>\nFax: +49(0)621-3 97 40 94<br \/>\nE-Mail: crisostomo@eurovan.com<\/p>\n<p><strong>Beispielhafte Mitgliedsunternehmen<\/strong><\/p>\n<ul>\n<li> <a href=\"https:\/\/moverdb.com\/de\/movecorp\/\">Movecorp<\/a><\/li>\n<\/ul>\n<p><strong>Meinungen \u00fcber Eurovan International Movers Network<\/strong><\/p>\n<p>Eurovan Movers erscheint nicht so h\u00e4ufig online - was angesichts der begrenzten Anzahl von \"Partnern\" nicht \u00fcberrascht - aber es gibt <a href=\"http:\/\/www.centralmoves.co.uk\/removal-solutions\/uk-removals\/\" target=\"_blank\" rel=\"noopener\">sind ein Paar<\/a> von Unternehmen, die <a href=\"http:\/\/pegasusmoving.fi\/cr3ativsponsor\/eurovan-the-european-movers-network\" target=\"_blank\" rel=\"noopener\">es erw\u00e4hnen<\/a>. <\/p>\n<p>Es gibt <a href=\"http:\/\/www.complaintsboard.com\/complaints\/eurovan-movers-c292449.html\" target=\"_blank\" rel=\"noopener\">eine Reihe von<\/a> <a href=\"http:\/\/panamainternationalmovers.blogspot.co.uk\" target=\"_blank\" rel=\"noopener\">schlechte Kritiken<\/a> f\u00fcr die <a href=\"https:\/\/moverdb.com\/de\/moving-to-panama\/\" data-internallinksmanager029f6b8e52c=\"432\" title=\"Umzug nach Panama? 2026 Lebenshaltungskosten &amp; Umzugstipps\">Panama<\/a> Partner der Gruppe - verantwortlich f\u00fcr eine negative Erfahrung, gestohlene Gegenst\u00e4nde und besch\u00e4digte Gegenst\u00e4nde. <\/p>\n<p>Auf der Website von Eurovan Movers ist kein Partner aus Panama mehr aufgef\u00fchrt, so dass es sein kann, dass die Partnerschaft nach den Beschwerden aufgel\u00f6st wurde. <a href=\"https:\/\/moverdb.com\/de\/organisationen-verbande\/\">Eurovan ist aufgef\u00fchrt als eine<\/a> der \"wichtigsten internationalen Umzugsorganisationen, Verb\u00e4nde, Organisationen, Innungen, R\u00e4te usw.\" sowie Organisationen wie <a href=\"https:\/\/moverdb.com\/de\/british-association-of-removers\/\" data-internallinksmanager029f6b8e52c=\"9\" title=\"British Association of Removers (BAR) erkl\u00e4rt\">Britischer Verband der M\u00f6belpacker<\/a>.<\/p>\n<p><strong>Website:<\/strong> <a href=\"http:\/\/www.eurovan.com\/\" target=\"_blank\" rel=\"noopener\">http:\/\/www.eurovan.com\/<\/a><\/p>","protected":false},"excerpt":{"rendered":"<p>Eurovan International Movers Network (EM) is a network of independent local movers based in Germany. The network is designed to respond to the need to be able to provide consistent levels of service for international moves that may cross several countries. Key facts about Eurovan International Movers Network: Where a move is taking place entirely [&hellip;]<\/p>\n","protected":false},"author":1,"featured_media":0,"parent":0,"menu_order":0,"comment_status":"closed","ping_status":"closed","template":"","meta":{"_genesis_hide_title":false,"_genesis_hide_breadcrumbs":false,"_genesis_hide_singular_image":false,"_genesis_hide_footer_widgets":false,"_genesis_custom_body_class":"","_genesis_custom_post_class":"","_genesis_layout":"","footnotes":""},"class_list":{"0":"post-449","1":"page","2":"type-page","3":"status-publish","5":"entry"},"_links":{"self":[{"href":"https:\/\/moverdb.com\/de\/wp-json\/wp\/v2\/pages\/449","targetHints":{"allow":["GET"]}}],"collection":[{"href":"https:\/\/moverdb.com\/de\/wp-json\/wp\/v2\/pages"}],"about":[{"href":"https:\/\/moverdb.com\/de\/wp-json\/wp\/v2\/types\/page"}],"author":[{"embeddable":true,"href":"https:\/\/moverdb.com\/de\/wp-json\/wp\/v2\/users\/1"}],"replies":[{"embeddable":true,"href":"https:\/\/moverdb.com\/de\/wp-json\/wp\/v2\/comments?post=449"}],"version-history":[{"count":7,"href":"https:\/\/moverdb.com\/de\/wp-json\/wp\/v2\/pages\/449\/revisions"}],"predecessor-version":[{"id":6205,"href":"https:\/\/moverdb.com\/de\/wp-json\/wp\/v2\/pages\/449\/revisions\/6205"}],"wp:attachment":[{"href":"https:\/\/moverdb.com\/de\/wp-json\/wp\/v2\/media?parent=449"}],"curies":[{"name":"wp","href":"https:\/\/api.w.org\/{rel}","templated":true}]}}