{"id":448,"date":"2016-07-04T14:52:09","date_gmt":"2016-07-04T14:52:09","guid":{"rendered":"http:\/\/moverdb.com\/?page_id=448"},"modified":"2026-01-08T13:18:20","modified_gmt":"2026-01-08T13:18:20","slug":"frachttransport-verband","status":"publish","type":"page","link":"https:\/\/moverdb.com\/de\/freight-transport-association\/","title":{"rendered":"Die Freight Transport Association (FTA) erkl\u00e4rt"},"content":{"rendered":"<p>Die Freight Transport Association (FTA) wurde gegr\u00fcndet, um die Interessen der <a href=\"https:\/\/moverdb.com\/de\/reedereien\/\">Logistikunternehmen<\/a>unabh\u00e4ngig davon, ob sie Waren auf dem See-, Luft-, Stra\u00dfen- oder Schienenweg transportieren. Sie hat sich an \u00f6ffentlichkeitswirksamen Kampagnen zu Themen wie Kraftstoffsteuer und Lizenzvergabe beteiligt.<\/p>\n<p><strong>Die wichtigsten Fakten \u00fcber das Freihandelsabkommen:<\/strong><\/p>\n<ul>\n<li>  Die Wurzeln der FTA reichen bis ins Jahr 1889 zur\u00fcck.<\/li>\n<li>  FTA-Mitglieder betreiben mehr als 200.000 Lastkraftwagen - fast die H\u00e4lfte der <a href=\"https:\/\/moverdb.com\/de\/moving-to-the-uk\/\" data-internallinksmanager029f6b8e52c=\"93\" title=\"Umzug in das Vereinigte K\u00f6nigreich? 2026 Lebenshaltungskosten &amp; Umzugstipps\">UK<\/a> Flotte.<\/li>\n<li>  Die Mitglieder bef\u00f6rdern mehr als 90% an G\u00fctern auf der Schiene.<\/li>\n<li>  Auf die FTA-Mitglieder entfallen 70% der sichtbaren britischen Exporte auf dem See- und Luftweg.<\/li>\n<li>  Die FTA hat mehr als 15.000 Mitglieder und ist der gr\u00f6\u00dfte Frachtverband im Vereinigten K\u00f6nigreich.<\/li>\n<li>  Die 360 Mitarbeiter der FTA bearbeiten jedes Jahr mehr als 50.000 Anfragen von Mitgliedern.<\/li>\n<li>  Die Mitgliedschaft in der FTA ist beschr\u00e4nkt auf <a href=\"https:\/\/moverdb.com\/de\/internationale-umzuge\/\">britische Unternehmen<\/a>.<\/li>\n<\/ul>\n<p><strong>Profil der Freight Transport Association:<\/strong><\/p>\n<p>Die FTA definiert ihren Auftrag als \"sichere, nachhaltige und effiziente Logistik\". Sie hat verschiedene Aufgaben, darunter die Vertretung der Mitglieder auf lokaler, nationaler und europ\u00e4ischer Ebene und die Durchf\u00fchrung von Kampagnen, um das Bewusstsein f\u00fcr die Logistikbranche zu sch\u00e4rfen. <\/p>\n<p>Die FTA sorgt auch daf\u00fcr, dass ihre Mitglieder \u00fcber die neuesten Vorschriften f\u00fcr ihre Unternehmen auf dem Laufenden sind, und bietet eine breite Palette von Schulungsprogrammen an, die dazu beitragen sollen, die Standards anzuheben und die Arbeitsbedingungen zu verbessern. <\/p>\n<p>Dar\u00fcber hinaus ist die FTA eine Informationsquelle f\u00fcr den von ihr vertretenen Sektor und erstellt Berichte zu Themen wie der Funktionsweise der Logistikbranche und den Herausforderungen, denen sie sich stellen muss. <\/p>\n<p>Zu den Vorteilen der Mitgliedschaft geh\u00f6ren Briefings und Leitf\u00e4den zur Einhaltung von Vorschriften, ein kostenpflichtiger Fahrzeugabschleppdienst und ein Online-Lieferantenverzeichnis.<\/p>\n<p>Zu den Mitgliedschaftskategorien geh\u00f6ren:<\/p>\n<ul>\n<li> Mitgliedschaft als Fahrzeugbetreiber<\/li>\n<li> Mitgliedschaft f\u00fcr Nicht-Kfz-Betreiber<\/li>\n<li> Passagier-Mitgliedschaft<\/li>\n<li> Mitgliedschaft in einer lokalen Beh\u00f6rde<\/li>\n<li> Statutarische Beh\u00f6rde Mitgliedschaft<\/li>\n<li> Mitgliedschaft in der Branche<\/li>\n<\/ul>\n<p><strong>Kriterien f\u00fcr die Mitgliedschaft:<\/strong><\/p>\n<p>Die FTA bietet die verschiedenen Arten der Mitgliedschaft an, die unten aufgef\u00fchrt sind. Es gibt keine Kriterien daf\u00fcr, wer Mitglied werden kann, aber Unternehmen m\u00fcssen unter die Definition eines der unten aufgef\u00fchrten Unternehmen fallen und den Bedingungen der Satzung der Freight Transport Association Ltd. zustimmen. <\/p>\n<p>F\u00fcr jede Mitgliedschaftskategorie sind einige zus\u00e4tzliche Informationen erforderlich, um den Antrag zu unterst\u00fctzen (siehe unten).<\/p>\n<ul>\n<li> Mitgliedschaft als Fahrzeugbetreiber - Anzahl der betriebenen Fahrzeuge und Art der T\u00e4tigkeit.<\/li>\n<li> Mitgliedschaft als Nicht-Kfz-Betreiber - Art der T\u00e4tigkeit.<\/li>\n<li> Mitgliedschaft im Personenverkehr - Jahresumsatz, Art des Gesch\u00e4fts, Anzahl der betriebenen Fahrzeuge.<\/li>\n<li> Mitgliedschaft in einer lokalen Beh\u00f6rde - Anzahl der betriebenen Fahrzeuge und Einwohnerzahl der von der lokalen Beh\u00f6rde bedienten Region.<\/li>\n<li> Mitgliedschaft in der Beh\u00f6rde - Anzahl der betriebenen Fahrzeuge und Einwohnerzahl der Region, f\u00fcr die die Beh\u00f6rde zust\u00e4ndig ist.<\/li>\n<li> Branchenzugeh\u00f6rigkeit - Anzahl der betriebenen Fahrzeuge, Art des Gesch\u00e4fts.<\/li>\n<\/ul>\n<p><strong>Beispielhafte Mitgliedsunternehmen<\/strong><\/p>\n<ul>\n<li> <a href=\"https:\/\/moverdb.com\/de\/shore-porters-society\/\">Gesellschaft der Landtr\u00e4ger<\/a><\/li>\n<li> <a href=\"https:\/\/moverdb.com\/de\/movecorp\/\">Movecorp<\/a><\/li>\n<\/ul>\n<p><strong>Meinungen \u00fcber das Freihandelsabkommen:<\/strong><\/p>\n<p>Die FTA wird von gro\u00dfen Namen aus der Industrie unterst\u00fctzt - wie PWC, das seinen Namen f\u00fcr die j\u00e4hrliche <a href=\"http:\/\/www.pwc.co.uk\/industries\/transport-logistics\/fta-logistics-report-2014.html\" target=\"_blank\" rel=\"noopener\">Logistikbericht des Verbands f\u00fcr G\u00fcterverkehr<\/a> und beschreibt die FTA als \"einen der gr\u00f6\u00dften Handelsverb\u00e4nde des Vereinigten K\u00f6nigreichs\".<\/p>\n<p>Die Freihandelszone wird als Partner der <a href=\"http:\/\/www.csrf.ac.uk\/partner\/freight-transport-association\/\" target=\"_blank\" rel=\"noopener\">Zentrum f\u00fcr nachhaltigen Stra\u00dfeng\u00fcterverkehr<\/a> und Kooperationen zu verwandten Themen, wie z. B. die Entwicklung eines partiellen <a href=\"http:\/\/www.osapartnershipgroup.co.uk\/campaign2-fta.html\" target=\"_blank\" rel=\"noopener\">Zertifikat der beruflichen Kompetenz<\/a> mit der Obstructive Sleep Apnoeia Group. Die FTA wird erw\u00e4hnt auf <a href=\"http:\/\/www.lombard.co.uk\/our-expertise\/commercial-transportation\/industry-associations\/fta\" target=\"_blank\" rel=\"noopener\">die Websites einer Reihe von<\/a> und wird oft zitiert, wenn es um Themen geht, die die Logistikbranche betreffen.<\/p>\n<p><strong>Website:<\/strong> <a href=\"http:\/\/www.fta.co.uk\/\" target=\"_blank\" rel=\"noopener\">http:\/\/www.fta.co.uk\/<\/a><\/p>\n<p><strong>Weitere Informationen zum Versand finden Sie unter:<\/strong> <a href=\"https:\/\/moverdb.com\/de\/containerschifffahrt\/\">2018 Preise und Kosten f\u00fcr die internationale Containerschifffahrt<\/a> und <a href=\"https:\/\/moverdb.com\/de\/spediteur\/\">Leitfaden f\u00fcr internationale Kosten und Unternehmen f\u00fcr Spediteure und NVOCC<\/a><\/p>","protected":false},"excerpt":{"rendered":"<p>The Freight Transport Association (FTA) was set up to represent the interests of logistics companies, whether they are moving goods by sea, air, road or rail. It has been involved in high profile campaigns on issues such as fuel duty and licensing. Key facts about the FTA: The FTA can trace its roots back to [&hellip;]<\/p>\n","protected":false},"author":1,"featured_media":0,"parent":0,"menu_order":0,"comment_status":"closed","ping_status":"closed","template":"","meta":{"_genesis_hide_title":false,"_genesis_hide_breadcrumbs":false,"_genesis_hide_singular_image":false,"_genesis_hide_footer_widgets":false,"_genesis_custom_body_class":"","_genesis_custom_post_class":"","_genesis_layout":"","footnotes":""},"class_list":{"0":"post-448","1":"page","2":"type-page","3":"status-publish","5":"entry"},"_links":{"self":[{"href":"https:\/\/moverdb.com\/de\/wp-json\/wp\/v2\/pages\/448","targetHints":{"allow":["GET"]}}],"collection":[{"href":"https:\/\/moverdb.com\/de\/wp-json\/wp\/v2\/pages"}],"about":[{"href":"https:\/\/moverdb.com\/de\/wp-json\/wp\/v2\/types\/page"}],"author":[{"embeddable":true,"href":"https:\/\/moverdb.com\/de\/wp-json\/wp\/v2\/users\/1"}],"replies":[{"embeddable":true,"href":"https:\/\/moverdb.com\/de\/wp-json\/wp\/v2\/comments?post=448"}],"version-history":[{"count":11,"href":"https:\/\/moverdb.com\/de\/wp-json\/wp\/v2\/pages\/448\/revisions"}],"predecessor-version":[{"id":6213,"href":"https:\/\/moverdb.com\/de\/wp-json\/wp\/v2\/pages\/448\/revisions\/6213"}],"wp:attachment":[{"href":"https:\/\/moverdb.com\/de\/wp-json\/wp\/v2\/media?parent=448"}],"curies":[{"name":"wp","href":"https:\/\/api.w.org\/{rel}","templated":true}]}}