{"id":447,"date":"2016-07-05T14:22:52","date_gmt":"2016-07-05T14:22:52","guid":{"rendered":"http:\/\/moverdb.com\/?page_id=447"},"modified":"2026-01-08T14:48:21","modified_gmt":"2026-01-08T14:48:21","slug":"fedemac","status":"publish","type":"page","link":"https:\/\/moverdb.com\/de\/fedemac\/","title":{"rendered":"F\u00f6deration der europ\u00e4ischen Spediteure (FEDEMAC) erkl\u00e4rt"},"content":{"rendered":"<p>Die Federation of European Movers Association (FEDEMAC) ist eine europ\u00e4ische Organisation, die zur F\u00f6rderung des Umzugsgewerbes auf europ\u00e4ischer Ebene gegr\u00fcndet wurde. Ihre Mitglieder sind \u00fcberwiegend nationale Umzugsverb\u00e4nde.<\/p>\n<p><strong>Die wichtigsten Fakten \u00fcber die FEDEMAC<\/strong><\/p>\n<ul>\n<li>  Die Mitglieder der FEDEMAC sind die nationalen Umzugsverb\u00e4nde in Europa.<\/li>\n<li>  Die FEDEMAC vertritt die Interessen von rund 3.000 professionellen <a href=\"https:\/\/moverdb.com\/de\/moving-companies\/\" data-internallinksmanager029f6b8e52c=\"79\" title=\"Top 25 Internationale Umzugsunternehmen Online\">Umzugsunternehmen<\/a>.<\/li>\n<li>  Die Mitglieder sind in 26 europ\u00e4ischen L\u00e4ndern ans\u00e4ssig, von denen 24 EU-Mitgliedstaaten sind. <a href=\"https:\/\/moverdb.com\/de\/moving-to-switzerland\/\" data-internallinksmanager029f6b8e52c=\"327\" title=\"Umzug in die Schweiz? 2026 Lebenshaltungskosten &amp; Umzugstipps\">Schweiz<\/a> und <a href=\"https:\/\/moverdb.com\/de\/moving-to-norway\/\" data-internallinksmanager029f6b8e52c=\"325\" title=\"Umzug nach Norwegen? 2026 Lebenshaltungskosten &amp; Umzugstipps\">Norwegen<\/a> sind ebenfalls durch die FEDEMAC vertreten.<\/li>\n<li>  Die FEDEMAC wird von einer Generalversammlung verwaltet, die einmal im Jahr zusammentritt und sich aus Vertretern der FEDEMAC-Mitglieder (Mitgliedsverb\u00e4nde und direkt angeschlossene Mitgliedsunternehmen) zusammensetzt.<\/li>\n<li>  Ein Gro\u00dfteil der Arbeit von FEDEMAC besteht darin, die Interessen der Mitglieder beim EU-Parlament und der Kommission zu vertreten.<\/li>\n<\/ul>\n<p><strong>Profil der Federation of European Movers Association:<\/strong><\/p>\n<p>Ziel der FEDEMAC ist es, die Umzugsindustrie in Europa, ihre Anliegen, ihre Bed\u00fcrfnisse und ihre Ziele zu vertreten. Sie soll auch dazu beitragen, die Aktivit\u00e4ten ihrer Mitglieder zu koordinieren, um eine maximale Wirkung in Europa zu erzielen. <\/p>\n<p>Ein gro\u00dfer Teil der Arbeit besteht darin, die Interessen der Mitglieder gegen\u00fcber dem EU-Parlament und der Kommission zu vertreten und die Verbindung zwischen den nationalen Umzugsverb\u00e4nden und anderen Berufsorganisationen herzustellen. <\/p>\n<p>Die Mitglieder der FEDEMAC sind zumeist nationale Umzugsverb\u00e4nde (z. B. <a href=\"https:\/\/moverdb.com\/de\/internationale-umzuge\/\" target=\"_blank\" rel=\"noopener\">im Vereinigten K\u00f6nigreich<\/a>ist das Mitglied der <a href=\"https:\/\/moverdb.com\/de\/britische-vereinigung-der-entferner\/\" target=\"_blank\" rel=\"noopener\">Britischer Verband der M\u00f6belpacker<\/a>), aber es ist auch m\u00f6glich, dass einzelne qualifizierte Umzugsunternehmen direkte Mitglieder der FEDEMAC werden, wenn es keinen Verband gibt oder ein Verband existiert, aber nicht an einer FEDEMAC-Mitgliedschaft interessiert ist. <\/p>\n<p>Ein Teil der Aufgabe von FEDEMAC besteht darin, die Mitglieder \u00fcber die europ\u00e4ische Politik auf dem Laufenden zu halten. Zu diesem Zweck bietet FEDEMAC \u00fcber seine Website eine Reihe von Ressourcen, eine Reihe von Ver\u00f6ffentlichungen f\u00fcr die Mitglieder, ein Verzeichnis und eine j\u00e4hrliche Konferenz an.<\/p>\n<p><strong>Kriterien f\u00fcr die Mitgliedschaft:<\/strong><\/p>\n<p>Die Mitgliedschaft erfolgt \u00fcber einen nationalen Verband - die Mitglieder der <a href=\"https:\/\/moverdb.com\/de\/moving-to-the-uk\/\" data-internallinksmanager029f6b8e52c=\"93\" title=\"Umzug in das Vereinigte K\u00f6nigreich? 2026 Lebenshaltungskosten &amp; Umzugstipps\">UK<\/a> die der FEDEMAC angeh\u00f6ren m\u00f6chten, m\u00fcssen der British Association of Movers beitreten.<br \/>\nIn den meisten L\u00e4ndern erfolgt die Mitgliedschaft \u00fcber einen nationalen Umzugsverband.<\/p>\n<p><strong>Beispielhafte Mitgliedsunternehmen<\/strong><\/p>\n<ul>\n<li> <a href=\"https:\/\/moverdb.com\/de\/matthew-james\/\">Matthew James Globale Umz\u00fcge<\/a><\/li>\n<li> <a href=\"https:\/\/moverdb.com\/de\/movecorp\/\">Movecorp<\/a><\/li>\n<li> <a href=\"https:\/\/moverdb.com\/de\/pearson\/\">Pearson Home Umzug<\/a><\/li>\n<li> <a href=\"https:\/\/moverdb.com\/de\/simpsons-umzuge\/\">Simpsons Umz\u00fcge und Lagerung<\/a><\/li>\n<li> <a href=\"https:\/\/moverdb.com\/de\/abels-umzuge\/\">Abels Umzugsdienste<\/a><\/li>\n<li> <a href=\"https:\/\/moverdb.com\/de\/eagle-relocations\/\">Eagle-Umsiedlungen<\/a><\/li>\n<li> <a href=\"https:\/\/moverdb.com\/de\/btr-international\/\">BTR International<\/a><\/li>\n<li> <a href=\"https:\/\/moverdb.com\/de\/fn-umzuge\/\">F&amp;N Weltweite Umz\u00fcge<\/a><\/li>\n<li> <a href=\"https:\/\/moverdb.com\/de\/bolliger\/\">Bolliger<\/a><\/li>\n<li> <a href=\"https:\/\/moverdb.com\/de\/gil-stauffer\/\">Gil Stauffer<\/a><\/li>\n<li> <a href=\"https:\/\/moverdb.com\/de\/teletrans\/\">Teletrans<\/a><\/li>\n<\/ul>\n<p><strong>Meinungen \u00fcber FEDEMAC<\/strong><\/p>\n<p>FEDEMAC genie\u00dft offensichtlich ein hohes Ansehen bei denjenigen, die <a href=\"http:\/\/www.abels.co.uk\/articles\/fedemac-federation-of-european-movers-associations-what-does-this-mean\/\" target=\"_blank\" rel=\"noopener\">die es erw\u00e4hnen<\/a> und spielt eine wichtige Rolle bei der Vertretung der Interessen der europ\u00e4ischen Spediteure. Einige Umzugsunternehmen geben an, dass sie Einzelmitglieder sind und nicht \u00fcber die British Association of Movers Mitglied sind. Andere geben an, von der FEDEMAC akkreditiert zu sein, was die Organisation jedoch nicht tut.<\/p>\n<p><strong>Website:<\/strong> <a href=\"https:\/\/www.fedemac.eu\" target=\"_blank\" rel=\"noopener\">https:\/\/www.fedemac.eu<\/a><\/p>","protected":false},"excerpt":{"rendered":"<p>The Federation of European Movers Association (FEDEMAC) is a European body that has been established to promote the moving industry on a European level. Its membership is predominantly made up of national moving associations. Key facts about FEDEMAC FEDEMAC membership is made up of National Moving Associations located in Europe. FEDEMAC represents the interests of [&hellip;]<\/p>\n","protected":false},"author":1,"featured_media":0,"parent":0,"menu_order":0,"comment_status":"closed","ping_status":"closed","template":"","meta":{"_genesis_hide_title":false,"_genesis_hide_breadcrumbs":false,"_genesis_hide_singular_image":false,"_genesis_hide_footer_widgets":false,"_genesis_custom_body_class":"","_genesis_custom_post_class":"","_genesis_layout":"","footnotes":""},"class_list":{"0":"post-447","1":"page","2":"type-page","3":"status-publish","5":"entry"},"_links":{"self":[{"href":"https:\/\/moverdb.com\/de\/wp-json\/wp\/v2\/pages\/447","targetHints":{"allow":["GET"]}}],"collection":[{"href":"https:\/\/moverdb.com\/de\/wp-json\/wp\/v2\/pages"}],"about":[{"href":"https:\/\/moverdb.com\/de\/wp-json\/wp\/v2\/types\/page"}],"author":[{"embeddable":true,"href":"https:\/\/moverdb.com\/de\/wp-json\/wp\/v2\/users\/1"}],"replies":[{"embeddable":true,"href":"https:\/\/moverdb.com\/de\/wp-json\/wp\/v2\/comments?post=447"}],"version-history":[{"count":21,"href":"https:\/\/moverdb.com\/de\/wp-json\/wp\/v2\/pages\/447\/revisions"}],"predecessor-version":[{"id":6209,"href":"https:\/\/moverdb.com\/de\/wp-json\/wp\/v2\/pages\/447\/revisions\/6209"}],"wp:attachment":[{"href":"https:\/\/moverdb.com\/de\/wp-json\/wp\/v2\/media?parent=447"}],"curies":[{"name":"wp","href":"https:\/\/api.w.org\/{rel}","templated":true}]}}