{"id":446,"date":"2016-06-21T20:49:19","date_gmt":"2016-06-21T20:49:19","guid":{"rendered":"http:\/\/moverdb.com\/?page_id=446"},"modified":"2026-01-08T15:20:34","modified_gmt":"2026-01-08T15:20:34","slug":"rios","status":"publish","type":"page","link":"https:\/\/moverdb.com\/de\/rios\/","title":{"rendered":"Das Ombudsmann-System f\u00fcr Umzugsunternehmen (RIOS) wird erkl\u00e4rt"},"content":{"rendered":"<p>Das Removal Industry Ombudsman Scheme (RIOS) befasst sich mit Beschwerden, die \u00fcber Umzugsunternehmen vorgebracht werden. Es bietet einen unabh\u00e4ngigen Dienst zur Beilegung von Streitigkeiten zwischen Mitgliedsunternehmen und ihren Kunden.<\/p>\n<p><strong>Die wichtigsten Fakten \u00fcber RIOS:<\/strong><\/p>\n<ul>\n<li>  Alle Beschwerden, die von RIOS untersucht werden, sind kostenlos.<\/li>\n<li>  RIOS ist verf\u00fcgbar f\u00fcr <a href=\"https:\/\/moverdb.com\/de\/moving-to-the-uk\/\" data-internallinksmanager029f6b8e52c=\"93\" title=\"Umzug in das Vereinigte K\u00f6nigreich? 2026 Lebenshaltungskosten &amp; Umzugstipps\">UK<\/a> B\u00fcrger.<\/li>\n<li>  B\u00fcrgerinnen und B\u00fcrger des Vereinigten K\u00f6nigreichs k\u00f6nnen den kostenlosen Dienst nutzen, um sich \u00fcber ein laufendes Problem mit einem privaten oder gewerblichen Umzugsunternehmen zu beschweren, das Mitglied des Ombudsmann-Systems ist.<\/li>\n<li>  Die Feststellungen des Ombudsmanns sind f\u00fcr die <a href=\"https:\/\/moverdb.com\/de\/internationale-umzuge\/\" target=\"_blank\" rel=\"noopener\">Umzugsunternehmen<\/a>aber nicht f\u00fcr den Verbraucher.<\/li>\n<li>  Der aktuelle Ombudsmann ist Tony Kaye, der im Juni 2015 ernannt wurde. Er ist unabh\u00e4ngig von allen <a href=\"https:\/\/moverdb.com\/de\/international-removals\/\" data-internallinksmanager029f6b8e52c=\"27\" title=\"36 Beste internationale Umzugsunternehmen in Gro\u00dfbritannien\">Umzugsunternehmen<\/a> oder Organisation.<\/li>\n<li> Die <a href=\"https:\/\/moverdb.com\/de\/ngrs\/\">Nationale Gilde der M\u00f6belpacker und Lagerhalter<\/a> ist derzeit das wichtigste Mitglied.<\/li>\n<\/ul>\n<p><strong>Profil des Ombudsmannes f\u00fcr die Umzugsbranche:<\/strong><\/p>\n<p>RIOS bietet eine M\u00f6glichkeit zur Beilegung von Streitigkeiten innerhalb der Branche durch eine unabh\u00e4ngige Stelle. An diesen Streitigkeiten k\u00f6nnen sowohl private Verbraucher als auch gewerbliche Organisationen beteiligt sein. Das System fungiert als unabh\u00e4ngiger Schlichter, der sich mit Streitigkeiten befasst, die entweder zwischen den Parteien selbst oder \u00fcber eine andere Branchenorganisation nicht gel\u00f6st werden k\u00f6nnen.<\/p>\n<p>Es gibt relativ strenge Regeln f\u00fcr die Art von Beschwerden, die RIOS bearbeiten kann und nicht bearbeiten kann - so werden beispielsweise Beschwerden, die bereits Gegenstand eines Gerichtsverfahrens sind, nicht bearbeitet. <\/p>\n<p>Probleme im Zusammenhang mit Versp\u00e4tungen, der Nichterbringung der versprochenen Dienstleistung, \u00fcberh\u00f6hten Geb\u00fchren oder unprofessionellem Verhalten fallen in den Zust\u00e4ndigkeitsbereich von RIOS. <\/p>\n<p>Wenn Verbraucher eine Beschwerde einreichen wollen, muss diese zun\u00e4chst an das betreffende Unternehmen gerichtet werden - wenn sie nicht gel\u00f6st werden kann, kann sie an RIOS weitergeleitet werden.<\/p>\n<p><strong>Kriterien f\u00fcr die Mitgliedschaft:<\/strong><\/p>\n<p>Diese sind nicht auf der Website aufgef\u00fchrt, sondern werden als Vertrag beschrieben, den die Mitglieder unterzeichnen m\u00fcssen und in dem alle Kriterien festgelegt sind. Am wichtigsten ist jedoch, dass die Mitglieder einem kundenfreundlichen Verhaltenskodex, unabh\u00e4ngigen j\u00e4hrlichen Inspektionen, laufender Qualit\u00e4ts\u00fcberwachung und ihrer Zustimmung zu den Entscheidungen des Ombudsmanns bei Streitigkeiten mit Kunden unterliegen.<\/p>\n<p><strong>Beispielhafte Mitgliedsunternehmen<\/strong><\/p>\n<ul>\n<li> <a href=\"https:\/\/moverdb.com\/de\/movecorp\/\">Movecorp<\/a><\/li>\n<\/ul>\n<p><strong>Meinungen \u00fcber RIOS:<\/strong><\/p>\n<p>Die Unabh\u00e4ngigkeit von RIOS ist eines der Elemente, die auf den Websites der Mitglieder am meisten hervorstechen. Diejenigen, die sie erw\u00e4hnen, tun dies, um den Kunden die Gewissheit zu geben, dass sie eine M\u00f6glichkeit haben, sich zu beschweren, bei der sie sich nicht unbedingt nur an das Unternehmen oder die Branche wenden m\u00fcssen. <\/p>\n<p>Die Mitgliedschaft im RIOS-System wird als Akkreditierung und als Mittel zur Unterscheidung von Unternehmen von der Konkurrenz aufgef\u00fchrt. Die Mitgliedschaft bei RIOS wird auch als Indikator daf\u00fcr beschrieben, dass ein Unternehmen hohe Verbraucherschutzstandards einh\u00e4lt.<\/p>\n<blockquote><p>Das Ombudsmann-System f\u00fcr Umzugsunternehmen wurde eingerichtet, um der Umzugsindustrie einen unabh\u00e4ngigen Dienst zur Beilegung von Streitigkeiten zwischen Mitgliedsunternehmen und ihren Kunden, sowohl privaten Verbrauchern als auch gewerblichen Organisationen, zur Verf\u00fcgung zu stellen, wenn der Schlichtungsdienst der National Guild of Removers &amp; Storers zu keinem zufriedenstellenden Ergebnis gef\u00fchrt hat.\n<\/p><\/blockquote>\n<p>- <a href=\"http:\/\/www.ngrs.co.uk\/ombudsman-scheme\/\" target=\"_blank\" rel=\"noopener\">Nationale Gilde der M\u00f6belpacker und Lagerhalter<\/a><\/p>\n<blockquote><p>Im Vereinigten K\u00f6nigreich gibt es keine Gesetze dar\u00fcber, wer sich als Umzugsunternehmen niederlassen darf. Sie m\u00fcssen jedoch sicher sein, dass Sie Ihr Zuhause und Ihre wertvollen Besitzt\u00fcmer einem Umzugsunternehmen anvertrauen, das hohe Verbraucherschutzstandards erf\u00fcllt. Der beste Indikator daf\u00fcr ist ein Mitglied von The Removals Industry Ombudsman Scheme (RIOS). Nur GUILD besteht darauf, dass alle seine Mitglieder die Regeln des Ombudsman Scheme einhalten.<\/p><\/blockquote>\n<p>- <a href=\"http:\/\/www.moveit-essex.co.uk\/news\/yjpleijb5i.html\" target=\"_blank\" rel=\"noopener\">Move It Umz\u00fcge<\/a> <\/p>\n<blockquote><p>Ombudsmannsysteme werden eingerichtet, um Kunden ein unabh\u00e4ngiges und unparteiisches Beschwerdeverfahren zu bieten. Das Ombudsmannsystem f\u00fcr Umzugsunternehmen ist Vollmitglied der British and Irish Ombudsman Association, neben dem bekannten Financial Ombudsman Service, dem Parliamentary and Health Service Ombudsman und 17 weiteren Systemen allein im Vereinigten K\u00f6nigreich.<\/p><\/blockquote>\n<p>- <a href=\"http:\/\/www.uptonsremovals.com\/moving-you\/local-domestic-moves\/\" target=\"_blank\" rel=\"noopener\">Glyn Upton Umz\u00fcge<\/a><\/p>\n<p><strong>Website:<\/strong> <a href=\"http:\/\/removalsombudsman.co.uk\/\" target=\"_blank\" rel=\"noopener\">http:\/\/removalsombudsman.co.uk\/<\/a><\/p>","protected":false},"excerpt":{"rendered":"<p>The Removal Industry Ombudsman Scheme (RIOS) deals with complaints that are made about removals industry businesses. It offers an independent service to resolve disputes between member companies and their clients. Key facts about RIOS: All complaints investigated through RIOS are done so free of charge. RIOS is available to UK citizens. UK citizens can use [&hellip;]<\/p>\n","protected":false},"author":1,"featured_media":0,"parent":0,"menu_order":0,"comment_status":"closed","ping_status":"closed","template":"","meta":{"_genesis_hide_title":false,"_genesis_hide_breadcrumbs":false,"_genesis_hide_singular_image":false,"_genesis_hide_footer_widgets":false,"_genesis_custom_body_class":"","_genesis_custom_post_class":"","_genesis_layout":"","footnotes":""},"class_list":{"0":"post-446","1":"page","2":"type-page","3":"status-publish","5":"entry"},"_links":{"self":[{"href":"https:\/\/moverdb.com\/de\/wp-json\/wp\/v2\/pages\/446","targetHints":{"allow":["GET"]}}],"collection":[{"href":"https:\/\/moverdb.com\/de\/wp-json\/wp\/v2\/pages"}],"about":[{"href":"https:\/\/moverdb.com\/de\/wp-json\/wp\/v2\/types\/page"}],"author":[{"embeddable":true,"href":"https:\/\/moverdb.com\/de\/wp-json\/wp\/v2\/users\/1"}],"replies":[{"embeddable":true,"href":"https:\/\/moverdb.com\/de\/wp-json\/wp\/v2\/comments?post=446"}],"version-history":[{"count":9,"href":"https:\/\/moverdb.com\/de\/wp-json\/wp\/v2\/pages\/446\/revisions"}],"predecessor-version":[{"id":6231,"href":"https:\/\/moverdb.com\/de\/wp-json\/wp\/v2\/pages\/446\/revisions\/6231"}],"wp:attachment":[{"href":"https:\/\/moverdb.com\/de\/wp-json\/wp\/v2\/media?parent=446"}],"curies":[{"name":"wp","href":"https:\/\/api.w.org\/{rel}","templated":true}]}}