{"id":445,"date":"2016-06-21T20:35:30","date_gmt":"2016-06-21T20:35:30","guid":{"rendered":"http:\/\/moverdb.com\/?page_id=445"},"modified":"2026-01-08T14:47:36","modified_gmt":"2026-01-08T14:47:36","slug":"verband-relocation-professionals","status":"publish","type":"page","link":"https:\/\/moverdb.com\/de\/association-relocation-professionals\/","title":{"rendered":"Die Vereinigung der Relocation Professionals (ARP) erkl\u00e4rt"},"content":{"rendered":"<p>Die Association of Relocation Professionals (ARP) ist ein Berufsverband f\u00fcr die Relocation-Branche in den USA. <a href=\"https:\/\/moverdb.com\/de\/moving-to-the-uk\/\" data-internallinksmanager029f6b8e52c=\"93\" title=\"Umzug in das Vereinigte K\u00f6nigreich? 2026 Lebenshaltungskosten &amp; Umzugstipps\">UK<\/a>. Seine Aufgabe besteht nicht nur darin, seine Mitglieder zu vertreten, sondern ihnen auch zu helfen, sich selbst zu vermarkten und zu wachsen.<\/p>\n<p><strong>Die wichtigsten Fakten \u00fcber die ARP:<\/strong><\/p>\n<ul>\n<li>  Die ARP ist das Gremium f\u00fcr Umzugsfachleute im Vereinigten K\u00f6nigreich.<\/li>\n<li>  Die Association of Relocation Professionals wurde 1986 gegr\u00fcndet.<\/li>\n<li>  ARP-Mitglieder verf\u00fcgen \u00fcber eine umfassende Berufshaftpflicht-, Betriebs- und Arbeitgeberhaftpflichtversicherung zum Schutz von Kunden und Anbietern.<\/li>\n<li>  Die ARP verf\u00fcgt \u00fcber eine Reihe von Verhaltensregeln, an die sich die Mitglieder halten m\u00fcssen. Dazu geh\u00f6ren Regeln f\u00fcr den Umgang mit Kundengeldern und die Vermeidung von T\u00e4uschungen.<\/li>\n<li>  Alle Mitglieder, die Umzugsdienstleistungen anbieten, m\u00fcssen nachweisen, dass sie einem Schlichtungsprogramm f\u00fcr Immobilien beigetreten sind und sich in das HMRC-Register zur Bek\u00e4mpfung von Geldw\u00e4sche eingetragen haben, wenn sie am Kauf von Immobilien beteiligt sind.<\/li>\n<li>  Die ARP ist Gr\u00fcndungsmitglied und Sponsor der European Academy of Relocation Professionals (EARP), der ersten Organisation, die europ\u00e4ische Ausbildungsqualifikationen im Bereich Relocation anbietet.<\/li>\n<\/ul>\n<p><strong>Profil der Association of Relocation Professionals:<\/strong><\/p>\n<p>Die ARP wird als Berufsverband f\u00fcr Umzugsunternehmen im Vereinigten K\u00f6nigreich bezeichnet und vertritt eine Reihe von Mitgliedern, von Spezialisten f\u00fcr Unternehmensumz\u00fcge bis hin zu Immobilienmaklern und anderen, die spezielle Umzugsdienstleistungen anbieten. <\/p>\n<p>Die ARP f\u00fchrt akkreditierte Schulungen f\u00fcr ihre Mitglieder durch - als Teil der European Academy of Relocation Professionals (EARP) bietet sie die Qualifikation Managing International Mobility (MIM) sowie die European Relocation Qualification (ERQ) an. <\/p>\n<p>Die ARP erstellt ein Mitgliederverzeichnis, das an 6.000 Personalleiter, Direktoren und HROs im gesamten Vereinigten K\u00f6nigreich verschickt wird, um die Mitglieder zu f\u00f6rdern und ihnen zu helfen, sich besser zu vermarkten. <\/p>\n<p>Die ARP soll sowohl eine Verpflichtung zu bew\u00e4hrten Verfahren, Kundenzufriedenheit und Professionalit\u00e4t sein als auch ein Forum f\u00fcr den Austausch von Ideen, um die Branche in Bewegung zu halten.<\/p>\n<p><strong>Kriterien f\u00fcr die Mitgliedschaft:<\/strong><\/p>\n<p><u>Assoziierte Mitgliedschaft<\/u><\/p>\n<p>Die assoziierte Mitgliedschaft in der ARP steht denjenigen offen, die die Voraussetzungen f\u00fcr eine Vollmitgliedschaft nicht erf\u00fcllen, und steht Unternehmen offen, deren gewerbliche T\u00e4tigkeit mit der Erbringung von Dienstleistungen im Zusammenhang mit Umz\u00fcgen zusammenh\u00e4ngt und deren Eink\u00fcnfte von Privatpersonen oder juristischen Personen stammen.<\/p>\n<p>A <a href=\"https:\/\/moverdb.com\/de\/umzugsunternehmen\/\">Umzugsfirma<\/a> ist jede Organisation, die eine Reihe von Dienstleistungen anbietet, um die Mobilit\u00e4t von Einzelpersonen oder Gruppen von Einzelpersonen und ihren Familien zu erleichtern.<\/p>\n<p>Diese Dienstleistungen k\u00f6nnen im Abflug- oder Zielgebiet oder in beiden Gebieten erbracht werden. Die assoziierte Mitgliedschaft in der ARP ist als Sprungbrett zur Vollmitgliedschaft gedacht, und Sie erhalten jede Unterst\u00fctzung, um diese zu erreichen.<\/p>\n<p><u>Mitgliedschaft<\/u><\/p>\n<p>F\u00fcr Unternehmen, die Dienstleistungen anbieten, die von Umzugsfachleuten in Anspruch genommen werden, deren Hauptt\u00e4tigkeit jedoch einen breiteren Kundenstamm umfasst.<\/p>\n<p><u>Vollmitgliedschaft<\/u><\/p>\n<p>F\u00fcr Unternehmen, die seit mehr als zwei Jahren im Handel sind.<\/p>\n<p>Assoziierte Mitglieder m\u00fcssen Referenzen vorlegen, die dann gepr\u00fcft und dem Mitgliedschaftsausschuss der ARP zur endg\u00fcltigen \u00dcberpr\u00fcfung vorgelegt werden. Assoziierte Mitglieder m\u00fcssen eine Ausbildung auf Stufe eins des EARP-Lehrplans absolvieren, bevor sie die Vollmitgliedschaft beantragen k\u00f6nnen.<\/p>\n<p>Vollmitglieder m\u00fcssen seit mehr als zwei Jahren t\u00e4tig sein und einen Antrag mit Referenzen von drei Kunden einreichen.<\/p>\n<p><strong>Beispielhafte Mitgliedsunternehmen<\/strong><\/p>\n<ul>\n<li> <a href=\"https:\/\/moverdb.com\/de\/sterling-relocation\/\">Sterling-Umzug<\/a><\/li>\n<li> <a href=\"https:\/\/moverdb.com\/de\/dt-bewegt\/\">DT-Umzug<\/a><\/li>\n<li> <a href=\"https:\/\/moverdb.com\/de\/btr-international\/\">BTR International<\/a><\/li>\n<\/ul>\n<p><strong>Meinungen \u00fcber die ARP:<\/strong><\/p>\n<p>Die ARP ist auf zahlreichen Websites des Vereinigten K\u00f6nigreichs vertreten und wird als Berufsverband f\u00fcr Umzugsdienstleister aus \u00dcbersee im Vereinigten K\u00f6nigreich bezeichnet. <\/p>\n<p>Die Mitgliedschaft in der ARP wird als Beweis daf\u00fcr angesehen, dass ein Umzugsunternehmen die anerkannten Branchenstandards erf\u00fcllt und \u00fcbertrifft. Laut <a href=\"http:\/\/www.bloomberg.com\/profiles\/companies\/1519530Z:LN-association-of-relocation-professionals\/\" target=\"_blank\" rel=\"noopener\">Bloomberg<\/a> die Hauptt\u00e4tigkeit der ARP <em>\"ist es, das Gesch\u00e4ft und den Beruf von Umzugsagenten zu f\u00f6rdern und zu sch\u00fctzen.\"<\/em> Eine Reihe von Unternehmen, die die ARP auf ihren Websites zitieren, weisen darauf hin, dass sie f\u00fcr die Branche Ma\u00dfst\u00e4be in Bezug auf bew\u00e4hrte Verfahren, Kundendienst und Professionalit\u00e4t setzt.<\/p>\n<blockquote><p>Durch die F\u00f6rderung bew\u00e4hrter Praktiken innerhalb der Branche und die Aufgabe, die Mitglieder \u00fcber die neuesten Gesetzes\u00e4nderungen - von der Geldw\u00e4sche bis hin zu Mehrfamilienh\u00e4usern - auf dem Laufenden zu halten, verpflichtet sich unsere Mitgliedschaft Ihnen gegen\u00fcber, dass wir seit \u00fcber 25 Jahren an der Spitze der Umzugsbranche stehen.<\/p><\/blockquote>\n<p>- <a href=\"http:\/\/scottsrelocation.co.uk\/association-of-relocation-professionals\" target=\"_blank\" rel=\"noopener\">Scotts Umsiedlung<\/a><\/p>\n<blockquote><p>Als Mitglied der Association of Relocation Professionals (ARP) k\u00f6nnen Source-Kunden sicher sein, dass die erbrachten Dienstleistungen anerkannte Branchenstandards erf\u00fcllen und \u00fcbertreffen.<\/p><\/blockquote>\n<p>-  <a href=\"http:\/\/www.source-relocation.co.uk\/index.aspx\" target=\"_blank\" rel=\"noopener\">Quelle Verlagerung<\/a><\/p>\n<blockquote><p>Der Rat, der sich aus Vertretern aller Branchen zusammensetzt, lenkt die Arbeit des Verbandes von Grund auf und sorgt so daf\u00fcr, dass der Verband weiterhin im Mittelpunkt der Ver\u00e4nderungen im Umzugswesen steht.<\/p>\n<p>ARP-Mitglieder verf\u00fcgen \u00fcber eine umfassende Berufshaftpflicht-, Betriebs- und Arbeitgeberhaftpflichtversicherung zum Schutz von Kunden und Anbietern.<\/p>\n<p>Die Mitgliedschaft in der ARP ist ein Beweis f\u00fcr das Engagement f\u00fcr beste Praktiken, Kundenzufriedenheit und Professionalit\u00e4t.<\/p><\/blockquote>\n<p>- <a href=\"http:\/\/www.relocatecambridge.co.uk\/index.php\/arp\/\" target=\"_blank\" rel=\"noopener\">Cambridge verlagern<\/a><\/p>\n<p><strong>Website:<\/strong> <a href=\"http:\/\/www.arp-relocation.com\/\" target=\"_blank\" rel=\"noopener\">http:\/\/www.arp-relocation.com\/<\/a><\/p>","protected":false},"excerpt":{"rendered":"<p>The Association of Relocation Professionals (ARP) is a professional body for the relocation industry in the UK. Its mission is not just to represent its members but to help them market themselves and grow too. Key facts about the ARP: The ARP is the body for relocation professionals in the UK. The Association of Relocation [&hellip;]<\/p>\n","protected":false},"author":1,"featured_media":0,"parent":0,"menu_order":0,"comment_status":"closed","ping_status":"closed","template":"","meta":{"_genesis_hide_title":false,"_genesis_hide_breadcrumbs":false,"_genesis_hide_singular_image":false,"_genesis_hide_footer_widgets":false,"_genesis_custom_body_class":"","_genesis_custom_post_class":"","_genesis_layout":"","footnotes":""},"class_list":{"0":"post-445","1":"page","2":"type-page","3":"status-publish","5":"entry"},"_links":{"self":[{"href":"https:\/\/moverdb.com\/de\/wp-json\/wp\/v2\/pages\/445","targetHints":{"allow":["GET"]}}],"collection":[{"href":"https:\/\/moverdb.com\/de\/wp-json\/wp\/v2\/pages"}],"about":[{"href":"https:\/\/moverdb.com\/de\/wp-json\/wp\/v2\/types\/page"}],"author":[{"embeddable":true,"href":"https:\/\/moverdb.com\/de\/wp-json\/wp\/v2\/users\/1"}],"replies":[{"embeddable":true,"href":"https:\/\/moverdb.com\/de\/wp-json\/wp\/v2\/comments?post=445"}],"version-history":[{"count":7,"href":"https:\/\/moverdb.com\/de\/wp-json\/wp\/v2\/pages\/445\/revisions"}],"predecessor-version":[{"id":6177,"href":"https:\/\/moverdb.com\/de\/wp-json\/wp\/v2\/pages\/445\/revisions\/6177"}],"wp:attachment":[{"href":"https:\/\/moverdb.com\/de\/wp-json\/wp\/v2\/media?parent=445"}],"curies":[{"name":"wp","href":"https:\/\/api.w.org\/{rel}","templated":true}]}}