{"id":444,"date":"2016-06-18T20:35:52","date_gmt":"2016-06-18T20:35:52","guid":{"rendered":"http:\/\/moverdb.com\/?page_id=444"},"modified":"2026-01-08T14:48:15","modified_gmt":"2026-01-08T14:48:15","slug":"eura","status":"publish","type":"page","link":"https:\/\/moverdb.com\/de\/eura\/","title":{"rendered":"Die Europ\u00e4ische Relocation Association (EuRA) erkl\u00e4rt"},"content":{"rendered":"<p>Die European Relocation Association (EuRA) f\u00f6rdert die Vorteile professionell gef\u00fchrter Relocation- und Mobilit\u00e4tsdienste f\u00fcr Unternehmen mit weltweit mobilen Mitarbeitern. Zu ihren Zielen geh\u00f6rt es, sich als f\u00fchrende Relocation-Organisation in Europa zu etablieren und Ma\u00dfst\u00e4be f\u00fcr Innovation und bew\u00e4hrte Verfahren zu setzen.<\/p>\n<p><strong>Die wichtigsten Fakten \u00fcber EuRA:<\/strong><\/p>\n<ol>\n<li>  Zu den EuRA-Mitgliedern geh\u00f6ren Relocation Service Provider sowie Anbieter von damit verbundenen Dienstleistungen wie M\u00f6belverleih und Hausratversand.<\/li>\n<li>  Das EuRA Global Quality Seal ist das weltweit erste Akkreditierungsprogramm f\u00fcr Umzugsdienstleister.<\/li>\n<li>  EuRA wurde 1998 gegr\u00fcndet.<\/li>\n<li>  Der Zweck von EuRA ist in erster Linie ein Bildungsauftrag: EuRA-Mitglieder und die \u00d6ffentlichkeit sollen mit Informationen \u00fcber die betriebliche Mobilit\u00e4t und die damit verbundenen Fragen versorgt werden.<\/li>\n<li>  EuRA hat mehr als 350+ Mitglieder.<\/li>\n<li>  EuRA-Mitglieder kommen aus mehr als 50 L\u00e4ndern.<\/li>\n<\/ol>\n<p><strong>Profil der Europ\u00e4ischen Relocation-Vereinigung:<\/strong><\/p>\n<p>EuRA erf\u00fcllt eine Reihe von Aufgaben f\u00fcr seine Mitglieder, darunter das Angebot von Schulungen und Beratung sowie die Unterst\u00fctzung von Relocation-Profis. Au\u00dferdem setzt sich der Verband im Namen seiner Mitglieder f\u00fcr Ver\u00e4nderungen und Entwicklungen ein, die das Wachstum der Relocation-Branche f\u00f6rdern k\u00f6nnen. <\/p>\n<p>Sie ist auch eine Informationsquelle, die regelm\u00e4\u00dfig sowohl extern als auch intern publiziert und sich als Denkfabrik f\u00fcr die zuk\u00fcnftige Planung und Entwicklung der Branche etabliert hat. <\/p>\n<p>Eines der Hauptziele von EuRA ist es, Ma\u00dfst\u00e4be f\u00fcr bew\u00e4hrte Praktiken zu setzen, und so entstand das EuRA Quality Global Seal, ein Akkreditierungsprogramm f\u00fcr die Umzugsbranche. <\/p>\n<p>Das Quality Global Seal ist ein Auditsystem, das sicherstellen soll, dass diejenigen, die es tragen, bestimmte Standards bei der Erbringung von Dienstleistungen und beim Prozessmanagement erf\u00fcllen. Es steht Vollmitgliedern, assoziierten Mitgliedern und weltweiten EuRA-Mitgliedern offen. <\/p>\n<p>EuRA wurde urspr\u00fcnglich als Reaktion auf die wachsende Nachfrage nach einem grenz\u00fcberschreitenden Branchenverband in Europa ins Leben gerufen und hat inzwischen eine gro\u00dfe Reichweite.<\/p>\n<p><strong>Kriterien f\u00fcr die Mitgliedschaft <\/strong><\/p>\n<p><u>Vollmitgliedschaft<\/u><\/p>\n<p>Die Vollmitgliedschaft in der European Relocation Association steht Unternehmen offen, deren gewerbliche T\u00e4tigkeit mit der Erbringung von Umzugsdienstleistungen f\u00fcr Privatpersonen oder juristische Personen zusammenh\u00e4ngt und deren Eink\u00fcnfte von diesen stammen.<\/p>\n<p>Als Umzugsunternehmen gilt jede Organisation, die eine Reihe von Dienstleistungen anbietet, um die Mobilit\u00e4t von Einzelpersonen oder Gruppen von Einzelpersonen und ihren Familien zu erleichtern. Diese Dienstleistungen k\u00f6nnen im Abreise- oder Zielgebiet oder in beiden Gebieten erbracht werden.<\/p>\n<p>Kriterien:<\/p>\n<ul>\n<li> Als H\u00e4ndler gehandelt zu haben <a href=\"https:\/\/moverdb.com\/de\/relocation-agents\/\" data-internallinksmanager029f6b8e52c=\"1\" title=\"7 Gr\u00fcnde, warum Sie einen Relocation Agent beauftragen sollten?\">Umzugshelfer<\/a> seit mindestens zwei Jahren, muss ein Nachweis \u00fcber die Eintragung des Unternehmens vorgelegt werden.<\/li>\n<li> Ausf\u00fcllen eines Fragebogens mit den Namen und Adressen von drei Kunden, f\u00fcr die in den letzten 12 Monaten Arbeiten ausgef\u00fchrt wurden. Diese Kunden werden von EuRA f\u00fcr Referenzen kontaktiert.<\/li>\n<li> Kopien aller gedruckten Unterlagen sowie alle anderen Informationen, die dem Mitgliedschaftsausschuss bei der Pr\u00fcfung Ihres Antrags hilfreich sein k\u00f6nnten, vorzulegen.<\/li>\n<li> den Nachweis zu erbringen, dass Sie\/Ihre Firma ausreichend (in Ihrem Heimatland) versichert sind.<\/li>\n<li> Kurze Angaben zum beruflichen Werdegang aller Direktoren oder Partner des Unternehmens.<\/li>\n<li> Sie m\u00fcssen f\u00fcr ein Vorstellungsgespr\u00e4ch (in Ihrem Heimatland) zur Verf\u00fcgung stehen.<\/li>\n<\/ul>\n<p><u>Assoziierte Mitgliedschaft<\/u><\/p>\n<p>Die assoziierte Mitgliedschaft in der European Relocation Association steht Unternehmen offen, die seit weniger als zwei Jahren t\u00e4tig sind. Die assoziierte Mitgliedschaft in der European Relocation Association steht Unternehmen offen, die nicht die Voraussetzungen f\u00fcr eine Vollmitgliedschaft erf\u00fcllen und deren Gesch\u00e4ftst\u00e4tigkeit mit der Erbringung von Umzugsdienstleistungen f\u00fcr Privatpersonen oder juristische Personen zusammenh\u00e4ngt und deren Eink\u00fcnfte von diesen stammen.<\/p>\n<p>Kriterien:<\/p>\n<ul>\n<li> Als Relocation Agent t\u00e4tig zu sein oder sein zu wollen. Bitte unterschreiben Sie das beigef\u00fcgte Exemplar und senden Sie es zusammen mit Ihrer Bewerbung zur\u00fcck.<\/li>\n<li> Einen Fragebogen auszuf\u00fcllen und dabei die Namen und Adressen von zwei Referenzpersonen anzugeben (entweder bestehende Vollmitglieder von EuRA, SNPRM, ARA, ABRA oder lokal anerkannte Fachleute oder eine Kombination aus beidem), sofern angegeben.<\/li>\n<li> Kopien aller gedruckten Unterlagen sowie alle anderen Informationen, die dem Mitgliedschaftsausschuss bei der Pr\u00fcfung Ihres Antrags hilfreich sein k\u00f6nnten, vorzulegen.<\/li>\n<li> den Nachweis zu erbringen, dass Sie\/Ihre Firma ausreichend (in Ihrem Heimatland) versichert sind.<\/li>\n<li> Kurze Angaben zum beruflichen Werdegang aller Direktoren oder Partner der Firma machen<\/li>\n<\/ul>\n<p><u>Mitgliedschaft<\/u><\/p>\n<p>Die Mitgliedschaft bei EuRA steht Unternehmen offen, deren gewerbliche Aktivit\u00e4ten mit Umzugsdienstleistern verbunden sind und von diesen genutzt werden.<\/p>\n<p>Kriterien:<\/p>\n<ul>\n<li> Nominierung als angeschlossenes Mitglied durch ein Vollmitglied der European Relocation Association.<\/li>\n<li> Falls ein Bewerber kein Mitglied der Vereinigung kennt, kann er trotzdem einen Antrag auf Mitgliedschaft stellen. Bitte geben Sie in diesem Fall die Namen und Adressen von zwei Referenzpersonen an. Der Antrag wird dann vom Rat der Vereinigung gepr\u00fcft.<\/li>\n<\/ul>\n<p><u>Weltweite Mitgliedschaft<\/u><\/p>\n<p>Die weltweite Mitgliedschaft bei EuRA steht Unternehmen offen, die Umzugsdienstleistungen in einem Gebiet au\u00dferhalb Kontinentaleuropas anbieten.<\/p>\n<p>Die weltweite Mitgliedschaft in der European Relocation Association steht Unternehmen offen, deren Gesch\u00e4ftst\u00e4tigkeit mit der Erbringung von Relocation-Dienstleistungen f\u00fcr Privatpersonen oder juristische Personen zusammenh\u00e4ngt und deren Einnahmen von diesen stammen.<\/p>\n<p>Als Umzugsunternehmen gilt jede Organisation, die eine Reihe von Dienstleistungen anbietet, um die Mobilit\u00e4t von Einzelpersonen oder Gruppen von Einzelpersonen und ihren Familien zu erleichtern. Diese Dienstleistungen k\u00f6nnen im Abreise- oder Zielgebiet oder in beiden Gebieten erbracht werden.<\/p>\n<p>Kriterien:<\/p>\n<ul>\n<li> Um mindestens zwei Jahre lang gehandelt zu haben, muss der Nachweis erbracht werden, dass ein Auftrag abgeschlossen wurde, d. h. ein Nachweis \u00fcber die Registrierung.<\/li>\n<li> Einen Fragebogen auszuf\u00fcllen, der die Namen und Adressen von zwei Referenzpersonen (Kunden, f\u00fcr die in den letzten 12 Monaten gearbeitet wurde) sowie eines EuRA-Mitglieds enth\u00e4lt. Diese Referenzpersonen werden von EuRA kontaktiert<\/li>\n<li> Kopien aller gedruckten Unterlagen sowie alle anderen Informationen, die dem Mitgliedschaftsausschuss bei der Pr\u00fcfung Ihres Antrags hilfreich sein k\u00f6nnten, vorzulegen.<\/li>\n<li> den Nachweis zu erbringen, dass Sie\/Ihre Firma ausreichend (in Ihrem Heimatland) versichert sind.<\/li>\n<li> Kurze Angaben zum beruflichen Werdegang aller Direktoren oder Partner des Unternehmens.<\/li>\n<li> F\u00fcr ein Vorstellungsgespr\u00e4ch zur Verf\u00fcgung stehen (in Ihrem Heimatland)<\/li>\n<\/ul>\n<p><strong>Beispielhafte Mitgliedsunternehmen<\/strong><\/p>\n<ul>\n<li> <a href=\"https:\/\/moverdb.com\/de\/santa-fe-umzug\/\">Santa Fe Relocation Dienstleistungen<\/a> <\/li>\n<li> <a href=\"https:\/\/moverdb.com\/de\/luft\/\">Aires<\/a><\/li>\n<li> <a href=\"https:\/\/moverdb.com\/de\/sterling-relocation\/\">Sterling-Umzug<\/a><\/li>\n<li> <a href=\"https:\/\/moverdb.com\/de\/robinsons\/\">Robinsons-Umzug<\/a><\/li>\n<li> <a href=\"https:\/\/moverdb.com\/de\/dt-bewegt\/\">DT-Umzug<\/a><\/li>\n<li> <a href=\"https:\/\/moverdb.com\/de\/bournes\/\">Bournes<\/a><\/li>\n<li> <a href=\"https:\/\/moverdb.com\/de\/btr-international\/\">BTR International<\/a><\/li>\n<li> <a href=\"https:\/\/moverdb.com\/de\/packimpex\/\">Packimpex<\/a><\/li>\n<\/ul>\n<p><strong>Meinungen \u00fcber EuRA<\/strong><\/p>\n<p>EuRA wird auf den Websites einer Vielzahl von Unternehmen (z. B. Umzugsunternehmen und Serviced Apartments) erw\u00e4hnt, und zwar h\u00e4ufig im Zusammenhang mit der Darstellung, wie dieses Unternehmen zus\u00e4tzliche Vorteile f\u00fcr den Umzugsprozess bieten kann. <\/p>\n<p>Die globale Reichweite des Verbandes wird h\u00e4ufig hervorgehoben, ebenso wie die Tatsache, dass er an der Festlegung von Qualit\u00e4tsstandards f\u00fcr die Branche beteiligt war. Auf Websites wird er als \"Branchenverband\" mit einer Bildungsabteilung und einem Verhaltenskodex beschrieben, an den sich alle Mitglieder halten m\u00fcssen.<\/p>\n<blockquote><p>EURA ist ein hervorragender Partner, um unser Ziel zu erreichen, den Markt zu informieren und zu zeigen, wie Serviced Apartments einen echten Nutzen im Relocation-Prozess bringen k\u00f6nnen.<\/p><\/blockquote>\n<p>- <a href=\"http:\/\/www.chevalresidences.com\/partners-eura.html\" target=\"_blank\" rel=\"noopener\">Cheval Residenzen<\/a><\/p>\n<blockquote><p>\nZu den Aufgaben und grundlegenden Zielen von EuRA geh\u00f6ren: die Verbesserung und Aufrechterhaltung von Qualit\u00e4tsstandards f\u00fcr die Branche, die F\u00f6rderung der Branche und die Erm\u00f6glichung einer kontinuierlichen beruflichen Weiterbildung innerhalb der Mitgliedschaft. All dies kommt dem mobilen Mitarbeiter und seiner Familie zugute, und wenn dies geschieht, dann profitieren wir als Gruppe davon.<\/p><\/blockquote>\n<p>- <a href=\"http:\/\/www.globalbusinessnews.net\/\" target=\"_blank\" rel=\"noopener\">Globale Wirtschaftsnachrichten<\/a><\/p>\n<blockquote><p>\nEuRA ist ein Branchenverband f\u00fcr Relocation Professionals in Europa und weltweit. Relocation Service Provider sind verpflichtet, die EuRA-Verhaltensregeln einzuhalten. <\/p><\/blockquote>\n<p>-  <a href=\"http:\/\/info.bournesmoves.com\/relocation-solutions\/blog\/relocation-moves\/bournes-removals-uk-join-eura\" target=\"_blank\" rel=\"noopener\">Bournes Neuwahlen<\/a><\/p>\n<p><strong>Website:<\/strong> <a href=\"http:\/\/www.eura-relocation.com\/\" target=\"_blank\" rel=\"noopener\">http:\/\/www.eura-relocation.com\/<\/a><\/p>","protected":false},"excerpt":{"rendered":"<p>The European Relocation Association (EuRA) promotes the benefits of professionally managed relocation and mobility services to companies with globally mobile employees. Its aims include establishing itself as the premier relocation organisation in Europe and setting benchmarks for innovation and best practice. Key facts about EuRA: EuRA members include Relocation Service Providers, as well as those [&hellip;]<\/p>\n","protected":false},"author":1,"featured_media":0,"parent":0,"menu_order":0,"comment_status":"closed","ping_status":"closed","template":"","meta":{"_genesis_hide_title":false,"_genesis_hide_breadcrumbs":false,"_genesis_hide_singular_image":false,"_genesis_hide_footer_widgets":false,"_genesis_custom_body_class":"","_genesis_custom_post_class":"","_genesis_layout":"","footnotes":""},"class_list":{"0":"post-444","1":"page","2":"type-page","3":"status-publish","5":"entry"},"_links":{"self":[{"href":"https:\/\/moverdb.com\/de\/wp-json\/wp\/v2\/pages\/444","targetHints":{"allow":["GET"]}}],"collection":[{"href":"https:\/\/moverdb.com\/de\/wp-json\/wp\/v2\/pages"}],"about":[{"href":"https:\/\/moverdb.com\/de\/wp-json\/wp\/v2\/types\/page"}],"author":[{"embeddable":true,"href":"https:\/\/moverdb.com\/de\/wp-json\/wp\/v2\/users\/1"}],"replies":[{"embeddable":true,"href":"https:\/\/moverdb.com\/de\/wp-json\/wp\/v2\/comments?post=444"}],"version-history":[{"count":17,"href":"https:\/\/moverdb.com\/de\/wp-json\/wp\/v2\/pages\/444\/revisions"}],"predecessor-version":[{"id":6204,"href":"https:\/\/moverdb.com\/de\/wp-json\/wp\/v2\/pages\/444\/revisions\/6204"}],"wp:attachment":[{"href":"https:\/\/moverdb.com\/de\/wp-json\/wp\/v2\/media?parent=444"}],"curies":[{"name":"wp","href":"https:\/\/api.w.org\/{rel}","templated":true}]}}