{"id":443,"date":"2016-06-18T21:12:56","date_gmt":"2016-06-18T21:12:56","guid":{"rendered":"http:\/\/moverdb.com\/?page_id=443"},"modified":"2026-01-08T13:18:29","modified_gmt":"2026-01-08T13:18:29","slug":"harmony-relocation-network","status":"publish","type":"page","link":"https:\/\/moverdb.com\/de\/harmony-relocation-network\/","title":{"rendered":"Harmony Relocation Network (HRN) erkl\u00e4rt"},"content":{"rendered":"<p>Das Harmony Relocation Network (HRN) ist eine Gruppe von Partnerunternehmen, die gegr\u00fcndet wurde, um ein europaweites Netz f\u00fcr globale Umz\u00fcge aufzubauen. Die Integration von Infrastruktur, Technologie, Qualit\u00e4t und Nachhaltigkeit soll eine gleichbleibend hohe Qualit\u00e4t der Dienstleistungen gew\u00e4hrleisten.<\/p>\n<p><strong>Die wichtigsten Fakten \u00fcber HRH:<\/strong><\/p>\n<ol>\n<li>  Die Mitgliedschaft besteht aus 140 Mitgliedern in 60 L\u00e4ndern.<\/li>\n<li>  Das HRN bedient 180 L\u00e4nder auf 6 Kontinenten.<\/li>\n<li>  HRN wurde 1992 gegr\u00fcndet und die 140 Mitglieder sind alle Miteigent\u00fcmer des Unternehmens.<\/li>\n<li>  HRN wurde von deutschen und niederl\u00e4ndischen Unternehmen gegr\u00fcndet und expandierte dann in <a href=\"https:\/\/moverdb.com\/de\/moving-to-australia\/living-in-australia\/\" data-internallinksmanager029f6b8e52c=\"240\" title=\"21 Geheimnisse \u00fcber das Leben in Australien, die man vor dem Umzug kennen sollte\">Australien<\/a> und Asien und dann den Nahen Osten, Lateinamerika und Afrika.<\/li>\n<li>  Zwischen 2002 und 2015 war HRN Teil der UniGroup Worldwide UTS mit einem <a href=\"https:\/\/moverdb.com\/de\/moving-to-the-united-states\/\" data-internallinksmanager029f6b8e52c=\"94\" title=\"Umzug in die Vereinigten Staaten? 2026 Lebenshaltungskosten &amp; Umzugstipps\">US<\/a> ans\u00e4ssigen Van Line.<\/li>\n<li>  HRN ist das gr\u00f6\u00dfte globale Netzwerk von Relocation-Unternehmen mit einer gemeinsamen Marke.<\/li>\n<\/ol>\n<p><strong>Profil des Harmony Relocation Network:<\/strong><\/p>\n<p>Die Idee hinter dem HRN ist es, das Beste des lokalen Erbes mit einer globalen Dimension zu verbinden und Unternehmen und Privatpersonen einen Relocation-Service zu bieten, der sich lokal anf\u00fchlt, aber eine weltweite Reichweite hat. <\/p>\n<p>Zu den angebotenen Dienstleistungen geh\u00f6ren Umzugsmanagement, Umzugsabwicklung und Zielortdienste. Das HRN hat ein eigenes webbasiertes IT-System entwickelt, das die Kunden auf dem Laufenden halten und sicherstellen soll, dass der Prozess so umfassend und einheitlich wie m\u00f6glich abl\u00e4uft - es umfasst Funktionen zur Berichterstattung und Nachverfolgung. <\/p>\n<p>Die Integration von wirtschaftlicher, \u00f6kologischer und sozialer Nachhaltigkeit ist wichtig f\u00fcr das HRN, das dies als einen seiner Hauptpfeiler f\u00fcr das Gleichgewicht zwischen Mensch, Technologie und Umwelt nennt.<\/p>\n<p><strong>Kriterien f\u00fcr die Mitgliedschaft <\/strong><\/p>\n<p>Auf der Website werden keine Kriterien f\u00fcr die Mitgliedschaft genannt - es gibt nur eine Kontaktseite.<\/p>\n<p><strong>Beispielhafte Mitgliedsunternehmen<\/strong><\/p>\n<ul>\n<li> <a href=\"https:\/\/moverdb.com\/de\/bournes\/\">Bournes<\/a><\/li>\n<li> <a href=\"https:\/\/moverdb.com\/de\/cadogan-tate\/\">Cadogan Tate<\/a><\/li>\n<li> <a href=\"https:\/\/moverdb.com\/de\/gerson-relocation\/\">Gerson Relocation<\/a><\/li>\n<li> <a href=\"https:\/\/moverdb.com\/de\/pearson\/\">Pearson Home Umzug<\/a><\/li>\n<\/ul>\n<p><strong>Meinungen \u00fcber HRN<\/strong><\/p>\n<p>HRN ist auf zahlreichen Websites von Umzugsunternehmen zu finden, auf denen es als eine Organisation mit <em>\"ein neuer Name, aber eine bew\u00e4hrte Erfolgsbilanz\".<\/em> Starke famili\u00e4re Werte und ein kooperativer globaler Ansatz kommen immer wieder zum Tragen. <\/p>\n<p>Der allgemeine Konsens scheint zu sein, dass ein Umzug mit einem Umzugsunternehmen, das Teil des HRN ist, dem Kunden Zugang zu den Vorteilen des gesamten Netzwerks verschafft. Es wird darauf hingewiesen, dass sich die Mitglieder an eine globale Dienstleistungsvereinbarung halten m\u00fcssen, was zu einer einheitlichen Vorgehensweise f\u00fchrt. <em>\"Die Sitten und Gebr\u00e4uche m\u00f6gen zwar von Land zu Land unterschiedlich sein, aber die hohe Qualit\u00e4t der Dienstleistungen, die Sie erwarten k\u00f6nnen, ist es nicht. Weltweit die gleichen Verfahren, der gleiche Service und die gleiche hohe Qualit\u00e4t.<\/em> <\/p>\n<p>Dar\u00fcber hinaus verweisen einige derjenigen, die die Mitgliederzahl auf ihren Websites angeben, auf die Gr\u00f6\u00dfe des Netzes und darauf, dass es eines der gr\u00f6\u00dften seiner Art in der Welt ist.<\/p>\n<blockquote><p>Harmony ist ein globales Netzwerk von Umzugsunternehmen in lokalem Besitz, die seit Generationen starke Familienwerte aufrechterhalten.<\/p><\/blockquote>\n<p>- <a href=\"http:\/\/www.abels.co.uk\/harmony-relocation-network\/\" target=\"_blank\" rel=\"noopener\">Abels<\/a><\/p>\n<blockquote><p>Harmony verbindet das Beste aus dem lokalen Erbe mit einem globalen Ma\u00dfstab, geht die Extrameile und h\u00e4lt, was wir versprechen. Wir nehmen uns die Bedeutung der Menschen und des Lokalen wirklich zu Herzen.<\/p><\/blockquote>\n<p>- <a href=\"https:\/\/theresforum.com\/partners\/harmony\/\" target=\"_blank\" rel=\"noopener\">RES-Forum<\/a><\/p>\n<blockquote><p>Das Netzwerk bietet eine breite Palette von Dienstleistungen im Vorfeld der Entsendung, bei der Bef\u00f6rderung und am Zielort, um Privatpersonen oder Personalverantwortliche und entsandte Mitarbeiter w\u00e4hrend ihrer gesamten Reise zu begleiten, vom Anfang bis zum Ende.<\/p><\/blockquote>\n<p>- <a href=\"http:\/\/bournesmoves.com\/relocation\/harmony-relocation-network.htm\" target=\"_blank\" rel=\"noopener\">Bournes<\/a> <\/p>\n<p><a href=\"http:\/\/www.harmonyrelo.com\/\" target=\"_blank\" rel=\"noopener\">http:\/\/www.harmonyrelo.com\/<\/a><\/p>","protected":false},"excerpt":{"rendered":"<p>The Harmony Relocation Network (HRN) is a group of partner companies that was created to build a pan-European network for global relocation. Integration of infrastructure, technology, quality and sustainability is designed to produce a consistently high quality service. Key facts about HRH: The membership is made up of 140 members in 60 countries. The HRN [&hellip;]<\/p>\n","protected":false},"author":1,"featured_media":0,"parent":0,"menu_order":0,"comment_status":"closed","ping_status":"closed","template":"","meta":{"_genesis_hide_title":false,"_genesis_hide_breadcrumbs":false,"_genesis_hide_singular_image":false,"_genesis_hide_footer_widgets":false,"_genesis_custom_body_class":"","_genesis_custom_post_class":"","_genesis_layout":"","footnotes":""},"class_list":{"0":"post-443","1":"page","2":"type-page","3":"status-publish","5":"entry"},"_links":{"self":[{"href":"https:\/\/moverdb.com\/de\/wp-json\/wp\/v2\/pages\/443","targetHints":{"allow":["GET"]}}],"collection":[{"href":"https:\/\/moverdb.com\/de\/wp-json\/wp\/v2\/pages"}],"about":[{"href":"https:\/\/moverdb.com\/de\/wp-json\/wp\/v2\/types\/page"}],"author":[{"embeddable":true,"href":"https:\/\/moverdb.com\/de\/wp-json\/wp\/v2\/users\/1"}],"replies":[{"embeddable":true,"href":"https:\/\/moverdb.com\/de\/wp-json\/wp\/v2\/comments?post=443"}],"version-history":[{"count":6,"href":"https:\/\/moverdb.com\/de\/wp-json\/wp\/v2\/pages\/443\/revisions"}],"predecessor-version":[{"id":6219,"href":"https:\/\/moverdb.com\/de\/wp-json\/wp\/v2\/pages\/443\/revisions\/6219"}],"wp:attachment":[{"href":"https:\/\/moverdb.com\/de\/wp-json\/wp\/v2\/media?parent=443"}],"curies":[{"name":"wp","href":"https:\/\/api.w.org\/{rel}","templated":true}]}}