{"id":442,"date":"2016-06-12T20:08:54","date_gmt":"2016-06-12T20:08:54","guid":{"rendered":"http:\/\/moverdb.com\/?page_id=442"},"modified":"2026-01-08T14:48:14","modified_gmt":"2026-01-08T14:48:14","slug":"euromovers","status":"publish","type":"page","link":"https:\/\/moverdb.com\/de\/euromovers\/","title":{"rendered":"Die Europ\u00e4ische Mobilit\u00e4tspartnerschaft (EUROMOVERS International) erkl\u00e4rt"},"content":{"rendered":"<p>Euromovers hat seinen Sitz in <a href=\"https:\/\/moverdb.com\/de\/moving-to-luxembourg\/\" data-internallinksmanager029f6b8e52c=\"349\" title=\"Umzug nach Luxemburg? 2026 Lebenshaltungskosten &amp; Umzugstipps\">Luxemburg<\/a> und setzt sich aus einer Reihe von f\u00fchrenden <a href=\"https:\/\/moverdb.com\/de\/umzugsunternehmen\/\">internationale Umzugsunternehmen<\/a> die sich auf der Grundlage gemeinsamer Standards, Visionen und Leitlinien zu einem Netzwerk zusammengeschlossen haben. <\/p>\n<p>Die Gruppe bietet Umzugsdienstleistungen an, die dank ihres Netzwerks von angeschlossenen Unternehmen besser erbracht werden k\u00f6nnen.<\/p>\n<p><strong>Die wichtigsten Fakten \u00fcber Euromovers:<\/strong><\/p>\n<ol>\n<li>  Euromovers ist ein Netzwerk von mehr als 70 Umzugsunternehmen.<\/li>\n<li>  Die Mitgliedsorganisationen kommen aus einer Reihe von L\u00e4ndern, darunter <a href=\"https:\/\/moverdb.com\/de\/moving-to-austria\/\" data-internallinksmanager029f6b8e52c=\"343\" title=\"Umzug nach \u00d6sterreich? 2026 Lebenshaltungskosten &amp; Umzugstipps\">\u00d6sterreich<\/a>, <a href=\"https:\/\/moverdb.com\/de\/moving-to-belgium\/\" data-internallinksmanager029f6b8e52c=\"323\" title=\"Umzug nach Belgien? 2026 Lebenshaltungskosten &amp; Umzugstipps\">Belgien<\/a>, <a href=\"https:\/\/moverdb.com\/de\/moving-to-the-czech-republic\/\" data-internallinksmanager029f6b8e52c=\"391\" title=\"Umzug in die Tschechische Republik? 2024 Lebenshaltungskosten &amp; Umzugstipps\">Tschechische Republik<\/a>, <a href=\"https:\/\/moverdb.com\/de\/moving-to-denmark\/\" data-internallinksmanager029f6b8e52c=\"335\" title=\"Umzug nach D\u00e4nemark? 2026 Lebenshaltungskosten &amp; Umzugstipps\">D\u00e4nemark<\/a>, <a href=\"https:\/\/moverdb.com\/de\/moving-to-finland\/\" data-internallinksmanager029f6b8e52c=\"345\" title=\"Umzug nach Finnland? 2026 Lebenshaltungskosten &amp; Umzugstipps\">Finnland<\/a>, <a href=\"https:\/\/moverdb.com\/de\/moving-to-france\/\" data-internallinksmanager029f6b8e52c=\"315\" title=\"Umzug nach Frankreich? 2026 Lebenshaltungskosten &amp; Umzugstipps\">Frankreich<\/a>, <a href=\"https:\/\/moverdb.com\/de\/moving-to-germany\/\" data-internallinksmanager029f6b8e52c=\"321\" title=\"Umzug nach Deutschland? 2026 Lebenshaltungskosten &amp; Umzugstipps\">Deutschland<\/a>, <a href=\"https:\/\/moverdb.com\/de\/moving-to-greece\/\" data-internallinksmanager029f6b8e52c=\"353\" title=\"Umzug nach Griechenland? 2026 Lebenshaltungskosten &amp; Umzugstipps\">Griechenland<\/a>, <a href=\"https:\/\/moverdb.com\/de\/moving-to-italy\/\" data-internallinksmanager029f6b8e52c=\"346\" title=\"Umzug nach Italien? 2026 Lebenshaltungskosten &amp; Umzugstipps\">Italien<\/a>Luxemburg, <a href=\"https:\/\/moverdb.com\/de\/moving-to-the-netherlands\/\" data-internallinksmanager029f6b8e52c=\"328\" title=\"Umzug in die Niederlande? 2026 Lebenshaltungskosten &amp; Umzugstipps\">Niederlande<\/a>, <a href=\"https:\/\/moverdb.com\/de\/moving-to-slovakia\/\" data-internallinksmanager029f6b8e52c=\"338\" title=\"Umzug in die Slowakei? 2026 Lebenshaltungskosten &amp; Umzugstipps\">Slowakei<\/a>, <a href=\"https:\/\/moverdb.com\/de\/moving-to-spain\/\" data-internallinksmanager029f6b8e52c=\"266\" title=\"Umzug nach Spanien? 2026 Lebenshaltungskosten &amp; Umzugstipps\">Spanien<\/a>, <a href=\"https:\/\/moverdb.com\/de\/moving-to-switzerland\/\" data-internallinksmanager029f6b8e52c=\"327\" title=\"Umzug in die Schweiz? 2026 Lebenshaltungskosten &amp; Umzugstipps\">Schweiz<\/a> und die <a href=\"https:\/\/moverdb.com\/de\/internationale-umzuge\/\">Vereinigtes K\u00f6nigreich<\/a>und \u00fcber Europa hinaus in der <a href=\"https:\/\/moverdb.com\/de\/moving-to-the-united-states\/\" data-internallinksmanager029f6b8e52c=\"94\" title=\"Umzug in die Vereinigten Staaten? 2026 Lebenshaltungskosten &amp; Umzugstipps\">Vereinigte Staaten<\/a>, <a href=\"https:\/\/moverdb.com\/de\/moving-to-australia\/living-in-australia\/\" data-internallinksmanager029f6b8e52c=\"240\" title=\"21 Geheimnisse \u00fcber das Leben in Australien, die man vor dem Umzug kennen sollte\">Australien<\/a>die Russische F\u00f6deration und <a href=\"https:\/\/moverdb.com\/de\/moving-to-china\/\" data-internallinksmanager029f6b8e52c=\"357\" title=\"Umzug nach China? 2026 Lebenshaltungskosten &amp; Umzugstipps\">China<\/a>.<\/li>\n<li>  Euromovers bietet Umzugsdienstleistungen an, es ist kein Berufsverband.<\/li>\n<li>  Jeder assoziierte Partner des Euromovers-Netzwerks nimmt an regelm\u00e4\u00dfigen Audits und \u00dcberpr\u00fcfungen teil, um die Einhaltung der festgelegten Standards zu gew\u00e4hrleisten.<\/li>\n<li>  Euromovers ist Mitglied der <a href=\"https:\/\/moverdb.com\/de\/ich-bin\/\">Internationaler Verband der M\u00f6belspediteure<\/a> und verf\u00fcgt \u00fcber die Qualit\u00e4tszertifikate ISO 9001 (Qualit\u00e4tsmanagementdienste), ISO 14001 (Umweltmanagementsysteme) und ISO 27001 (Informationssicherheitssysteme).<\/li>\n<\/ol>\n<p><strong>Profil der Europ\u00e4ischen Mobilit\u00e4tspartnerschaft:<\/strong><\/p>\n<p>Euromovers bietet <a href=\"https:\/\/moverdb.com\/de\/internationale-umzuge\/\">Europ\u00e4ische Umz\u00fcge und Umz\u00fcge nach \u00dcbersee<\/a> \u00fcber ihre 70 Mitglieder, die sich auf L\u00e4nder in Europa und in weiter entfernten Regionen wie China und Russland verteilen. <\/p>\n<p>Das Unternehmen bietet T\u00fcr-zu-T\u00fcr-Umzugsdienste f\u00fcr Unternehmen und Privatpersonen, Lagerungsl\u00f6sungen, Unternehmensl\u00f6sungen und den Transport von Kunstgegenst\u00e4nden. Die gegenseitige Partnerschaft, auf die sich Euromovers st\u00fctzt, hilft dem Unternehmen bei der Verwirklichung seiner Vision eines integrierten Umzugs an jeden beliebigen Ort der Welt.<\/p>\n<p><strong>Kriterien f\u00fcr die Mitgliedschaft:<\/strong><\/p>\n<p>\u00dcber die Kriterien f\u00fcr die Mitgliedschaft werden online keine Angaben gemacht.<\/p>\n<p><strong>Beispielhafte Mitgliedsunternehmen<\/strong><\/p>\n<ul>\n<li> <a href=\"https:\/\/moverdb.com\/de\/atlas-van-lines-international\/\">Atlas Van Lines<\/a><\/li>\n<\/ul>\n<p><strong>Stellungnahmen zur Europ\u00e4ischen Mobilit\u00e4tspartnerschaft<\/strong><\/p>\n<p>Abgesehen von ihrer eigenen Website scheint European Mover Partnership nirgendwo im Internet erw\u00e4hnt zu werden. Es gibt eine weitere Organisation mit einem \u00e4hnlichen Namen - Euro Movers International LLC, die ihren Sitz in <a href=\"https:\/\/moverdb.com\/de\/moving-to-dubai\/\" data-internallinksmanager029f6b8e52c=\"246\" title=\"Umzug nach Dubai? 2026 Lebenshaltungskosten &amp; Umzugstipps\">Dubai<\/a>, ist aber nicht Teil der Gruppe. <\/p>\n<p>Die Dubai Euromovers erh\u00e4lt <a href=\"http:\/\/www.complaintsboard.com\/complaints\/euro-movers-dubai-c431198.html\" target=\"_blank\" rel=\"noopener\">sehr negative Bewertungen<\/a>.<\/p>\n<p><strong>Website:<\/strong> <a href=\"http:\/\/www.euromovers.com\/\" target=\"_blank\" rel=\"noopener\">http:\/\/www.euromovers.com\/<\/a><\/p>","protected":false},"excerpt":{"rendered":"<p>Euromovers is based in Luxembourg and is made up of a number of leading international moving companies who have formed a network on the basis of shared standards, vision and direction. The group offers moving services that are better provided because of its network of connected companies. Key facts about Euromovers: Euromovers is a network [&hellip;]<\/p>\n","protected":false},"author":1,"featured_media":0,"parent":0,"menu_order":0,"comment_status":"closed","ping_status":"closed","template":"","meta":{"_genesis_hide_title":false,"_genesis_hide_breadcrumbs":false,"_genesis_hide_singular_image":false,"_genesis_hide_footer_widgets":false,"_genesis_custom_body_class":"","_genesis_custom_post_class":"","_genesis_layout":"","footnotes":""},"class_list":{"0":"post-442","1":"page","2":"type-page","3":"status-publish","5":"entry"},"_links":{"self":[{"href":"https:\/\/moverdb.com\/de\/wp-json\/wp\/v2\/pages\/442","targetHints":{"allow":["GET"]}}],"collection":[{"href":"https:\/\/moverdb.com\/de\/wp-json\/wp\/v2\/pages"}],"about":[{"href":"https:\/\/moverdb.com\/de\/wp-json\/wp\/v2\/types\/page"}],"author":[{"embeddable":true,"href":"https:\/\/moverdb.com\/de\/wp-json\/wp\/v2\/users\/1"}],"replies":[{"embeddable":true,"href":"https:\/\/moverdb.com\/de\/wp-json\/wp\/v2\/comments?post=442"}],"version-history":[{"count":5,"href":"https:\/\/moverdb.com\/de\/wp-json\/wp\/v2\/pages\/442\/revisions"}],"predecessor-version":[{"id":6203,"href":"https:\/\/moverdb.com\/de\/wp-json\/wp\/v2\/pages\/442\/revisions\/6203"}],"wp:attachment":[{"href":"https:\/\/moverdb.com\/de\/wp-json\/wp\/v2\/media?parent=442"}],"curies":[{"name":"wp","href":"https:\/\/api.w.org\/{rel}","templated":true}]}}