{"id":441,"date":"2016-06-18T21:28:02","date_gmt":"2016-06-18T21:28:02","guid":{"rendered":"http:\/\/moverdb.com\/?page_id=441"},"modified":"2026-01-08T15:30:43","modified_gmt":"2026-01-08T15:30:43","slug":"arbeitnehmer-umzug-rat","status":"publish","type":"page","link":"https:\/\/moverdb.com\/de\/employee-relocation-council\/","title":{"rendered":"Der Weltweite Rat f\u00fcr Arbeitnehmerentsendung (ERC) erkl\u00e4rt"},"content":{"rendered":"<p>Der Worldwide Employee Relocation Council (ERC) bezeichnet sich selbst als der Verband f\u00fcr die Mobilit\u00e4t von Arbeitskr\u00e4ften, der sich an Fachleute wendet, die die Versetzung von Mitarbeitern in die USA und ins Ausland beaufsichtigen, verwalten oder unterst\u00fctzen. <\/p>\n<p>Ihr Ziel ist es, die Mitglieder, die aus einer Reihe von Berufen kommen, darunter Personalwesen, Immobilien und Milit\u00e4r, bei der Bew\u00e4ltigung der Herausforderungen der Arbeitskr\u00e4ftemobilit\u00e4t zu unterst\u00fctzen.<\/p>\n<p><strong>Die wichtigsten Fakten \u00fcber den ERC:<\/strong><\/p>\n<ol>\n<li>  Die ERC-Mitglieder kommen aus einer Vielzahl von Berufen, darunter Personalwesen, Personalbeschaffung, Beh\u00f6rden, Milit\u00e4r, Immobilien, Finanzdienstleistungen, Umzug, Beratung und Consulting.<\/li>\n<li>  Der ERC befasst sich mit Fragen und Managementpraktiken f\u00fcr Umzugsfachleute innerhalb der <a href=\"https:\/\/moverdb.com\/de\/moving-to-the-united-states\/\" data-internallinksmanager029f6b8e52c=\"94\" title=\"Umzug in die Vereinigten Staaten? 2026 Lebenshaltungskosten &amp; Umzugstipps\">Vereinigte Staaten<\/a> und zwischen allen anderen L\u00e4ndern.<\/li>\n<li>  Der Hauptsitz des ERC befindet sich in <a href=\"https:\/\/moverdb.com\/de\/umziehen-nach-washington-dc\/\">Washington, DC,<\/a> mit einem europ\u00e4ischen B\u00fcro in Br\u00fcssel, <a href=\"https:\/\/moverdb.com\/de\/moving-to-belgium\/\" data-internallinksmanager029f6b8e52c=\"323\" title=\"Umzug nach Belgien? 2026 Lebenshaltungskosten &amp; Umzugstipps\">Belgien<\/a>.<\/li>\n<li>  Das ERC bietet Akkreditierungen wie Certified Relocation Professional und Global Mobility Specialist an.<\/li>\n<li>  Es stehen verschiedene Mitgliedschaftskategorien zur Verf\u00fcgung, darunter die Unternehmensmitgliedschaft (haupts\u00e4chlich interne Fachleute), die Mitgliedschaft bei Mobilit\u00e4tsdiensten (f\u00fcr Unternehmen, die sich mit der Mobilit\u00e4t von Arbeitskr\u00e4ften befassen), die pers\u00f6nliche\/professionelle (PERC\u2122) Mitgliedschaft (f\u00fcr Informationssuchende wie Akademiker und Arbeitssuchende), Relocation Appraiser, Real Estate Broker und Relocation Management Company.<\/li>\n<li>  Im Jahr 2005 hatte der ERC mehr als 12.000 Mitglieder (die aktuellsten verf\u00fcgbaren Statistiken).<\/li>\n<\/ol>\n<p><strong>Profil des Worldwide Employee Relocation Council:<\/strong><\/p>\n<p>Der ERC hat zahlreiche Funktionen, darunter die Lobbyarbeit im Namen der Mitglieder, die Bereitstellung von Schulungs- und Weiterbildungsangeboten sowie von M\u00f6glichkeiten zur Vernetzung. Er ist auch an der Entwicklung der Industrienormung und der Konsensbildung beteiligt und bringt neue Arbeitspraktiken und eL\u00f6sungen voran. <\/p>\n<p>Der ERC handelt nicht nur f\u00fcr und mit seinen Mitgliedern, sondern ist auch f\u00fcr die Erhebung einer Reihe von Daten im Rahmen von Erhebungen bekannt geworden, darunter die Analyse der Eignung von St\u00e4dten f\u00fcr neu zugezogene Familien. Der ERC hat sich als Autorit\u00e4t in Sachen Arbeitskr\u00e4ftemobilit\u00e4t etabliert.<\/p>\n<p><strong>Kriterien f\u00fcr die Mitgliedschaft:<\/strong><\/p>\n<p>Die Kriterien f\u00fcr die Mitgliedschaft sind nicht auf der Website aufgef\u00fchrt.<\/p>\n<p><strong>Liste der weltweiten ERC-Mitglieder <a href=\"https:\/\/moverdb.com\/de\/moving-companies\/\" data-internallinksmanager029f6b8e52c=\"79\" title=\"Top 25 Internationale Umzugsunternehmen Online\">Umzugsunternehmen<\/a><\/strong><\/p>\n<ul>\n<li> <a href=\"https:\/\/moverdb.com\/de\/luft\/\">Aires<\/a><\/li>\n<li> <a href=\"https:\/\/moverdb.com\/de\/armstrong-relocation\/\">Armstrong-Umzug<\/a><\/li>\n<li> <a href=\"https:\/\/moverdb.com\/de\/arpin-international\/\">Arpin International<\/a><\/li>\n<li> <a href=\"https:\/\/moverdb.com\/de\/atlas-van-lines-international\/\">Atlas Van Lines<\/a><\/li>\n<li> <a href=\"https:\/\/moverdb.com\/de\/santa-fe-umzug\/\">Santa Fe Relocation Dienstleistungen<\/a><\/li>\n<li> <a href=\"https:\/\/moverdb.com\/de\/sterling-relocation\/\">Sterling-Umzug<\/a><\/li>\n<li> <a href=\"https:\/\/moverdb.com\/de\/arpin-van-lines\/\">Arpin Van Lines<\/a><\/li>\n<li> <a href=\"https:\/\/moverdb.com\/de\/suddath\/\">Suddath<\/a><\/li>\n<li> <a href=\"https:\/\/moverdb.com\/de\/dt-bewegt\/\">DT-Umzug<\/a><\/li>\n<li> <a href=\"https:\/\/moverdb.com\/de\/btr-international\/\">BTR International<\/a><\/li>\n<p><a href=\"https:\/\/moverdb.com\/de\/packimpex\/\">Packimpex<\/a>\n<\/ul>\n<p><strong>Stellungnahmen zum ERC<\/strong><\/p>\n<p>Der ERC ist auf nicht sehr vielen Websites zu finden. Wenn er erw\u00e4hnt wird, dann oft im Zusammenhang mit Organisationen, die ihm angeschlossen sind, wie dem Great Lakes Relocation Council.<\/p>\n<blockquote><p>Um die Bed\u00fcrfnisse des Relocation-Marktes zu befriedigen und damit Arbeitnehmern einen reibungslosen Start in den neuen Lebensabschnitt zu erm\u00f6glichen, gr\u00fcndeten sechs Personen 1964 den Vorl\u00e4ufer des Worldwide Employee Relocation Council (ERC) in <a href=\"https:\/\/moverdb.com\/de\/umziehen-nach-chago\/\">Chicago<\/a>.<\/p><\/blockquote>\n<p>- <a href=\"http:\/\/start-up-services.de\/en\/company-profile-relocation-service\/relocation-associations\/worldwide-employee-relocation-council\/\" target=\"_blank\" rel=\"noopener\">Start-up Dienstleistungen<\/a><\/p>\n<p><strong>Website:<\/strong> <a href=\"http:\/\/www.worldwideerc.org\/Pages\/index.aspx\" target=\"_blank\" rel=\"noopener\">http:\/\/www.worldwideerc.org\/Pages\/index.aspx<\/a><\/p>","protected":false},"excerpt":{"rendered":"<p>The Worldwide Employee Relocation Council (ERC) describes itself as the workforce mobility association for professionals who oversee, manage, or support U.S. domestic and international employee transfer. Its purpose is to help members &#8211; who come from a range of professions, including HR, real estate and military &#8211; to deal with the challenges of workforce mobility. [&hellip;]<\/p>\n","protected":false},"author":1,"featured_media":0,"parent":0,"menu_order":0,"comment_status":"closed","ping_status":"closed","template":"","meta":{"_genesis_hide_title":false,"_genesis_hide_breadcrumbs":false,"_genesis_hide_singular_image":false,"_genesis_hide_footer_widgets":false,"_genesis_custom_body_class":"","_genesis_custom_post_class":"","_genesis_layout":"","footnotes":""},"class_list":{"0":"post-441","1":"page","2":"type-page","3":"status-publish","5":"entry"},"_links":{"self":[{"href":"https:\/\/moverdb.com\/de\/wp-json\/wp\/v2\/pages\/441","targetHints":{"allow":["GET"]}}],"collection":[{"href":"https:\/\/moverdb.com\/de\/wp-json\/wp\/v2\/pages"}],"about":[{"href":"https:\/\/moverdb.com\/de\/wp-json\/wp\/v2\/types\/page"}],"author":[{"embeddable":true,"href":"https:\/\/moverdb.com\/de\/wp-json\/wp\/v2\/users\/1"}],"replies":[{"embeddable":true,"href":"https:\/\/moverdb.com\/de\/wp-json\/wp\/v2\/comments?post=441"}],"version-history":[{"count":15,"href":"https:\/\/moverdb.com\/de\/wp-json\/wp\/v2\/pages\/441\/revisions"}],"predecessor-version":[{"id":6255,"href":"https:\/\/moverdb.com\/de\/wp-json\/wp\/v2\/pages\/441\/revisions\/6255"}],"wp:attachment":[{"href":"https:\/\/moverdb.com\/de\/wp-json\/wp\/v2\/media?parent=441"}],"curies":[{"name":"wp","href":"https:\/\/api.w.org\/{rel}","templated":true}]}}