{"id":440,"date":"2016-06-12T19:59:07","date_gmt":"2016-06-12T19:59:07","guid":{"rendered":"http:\/\/moverdb.com\/?page_id=440"},"modified":"2026-01-08T13:19:01","modified_gmt":"2026-01-08T13:19:01","slug":"iata","status":"publish","type":"page","link":"https:\/\/moverdb.com\/de\/iata\/","title":{"rendered":"International Air Transport Association (IATA) erkl\u00e4rt"},"content":{"rendered":"<p>Die International Air Transport Association (IATA) ist der globale Handelsverband f\u00fcr die Fluggesellschaften der Welt. <\/p>\n<p>Seine Aufgabe ist es, seine Mitglieder zu f\u00fchren und ihnen zu dienen sowie ihre Interessen so zu vertreten, dass die Flughafenverkehrsbranche gef\u00f6rdert wird.<\/p>\n<p><strong>Die wichtigsten Fakten \u00fcber die IATA:<\/strong><\/p>\n<ol>\n<li>  Dies entspricht etwa 260 Fluggesellschaften oder 83% des gesamten Flugverkehrs.<\/li>\n<li>  Sie hat eine globale Reichweite.<\/li>\n<li>  Die Fl\u00fcge der IATA-Mitglieder machen 83% des Gesamtverkehrs aus.<\/li>\n<li>  Sie wurde im April 1945 in Havanna, Kuba, gegr\u00fcndet.<\/li>\n<li>  Als sie 1945 gegr\u00fcndet wurde, hatte sie 57 Mitglieder aus 31 Nationen, haupts\u00e4chlich aus Europa und Nordamerika. Heute hat sie rund 260 Mitglieder aus 117 L\u00e4ndern in allen Teilen der Welt.<\/li>\n<li>  Zu den Priorit\u00e4ten geh\u00f6ren Sicherheit, Umweltschutz, Dienstleistungen, Vereinfachung der Gesch\u00e4ftst\u00e4tigkeit und Unterst\u00fctzung beim Aufbau von Beziehungen innerhalb der Branche.<\/li>\n<li>  Der Abrechnungs- und Abwicklungsplan der IATA dient als finanzielles R\u00fcckgrat der Branche, indem er den Fluss der \u00fcber $270 Milliarden verwaltet, die j\u00e4hrlich durch Ticketverk\u00e4ufe von Reiseb\u00fcros an Fluggesellschaften generiert werden.<\/li>\n<\/ol>\n<p><strong>Profil der International Air Transport Association:<\/strong><\/p>\n<p>Die IATA ist ein weltweit anerkannter Handelsverband f\u00fcr Fluggesellschaften und besteht seit mehr als 50 Jahren. Zu ihren Mitgliedern geh\u00f6ren sowohl <a href=\"https:\/\/moverdb.com\/de\/spediteur\/\">Fracht<\/a> und Passagierfluggesellschaften und hat Niederlassungen in 53 L\u00e4ndern der Welt. <\/p>\n<p>Sie ist mit der Luftverkehrsbranche gewachsen und arbeitet gemeinsam mit ihr an der Entwicklung von Normen, Praktiken und Verfahren, um sie zu regulieren und ein einheitliches Serviceniveau f\u00fcr die Kunden zu gew\u00e4hrleisten. Die IATA ist eine wahrhaft globale Organisation, deren 260 Mitglieder aus mehr als 117 L\u00e4ndern stammen.<\/p>\n<p>Die IATA setzt sich nicht nur f\u00fcr den Verbraucherschutz ein, sondern auch daf\u00fcr, dass die Luftfahrtindustrie nachhaltiger wird. Die Organisation bietet Informationen \u00fcber Fluggesellschaften, eine Reihe von Ver\u00f6ffentlichungen sowie Schulungsprogramme und Akkreditierungen f\u00fcr Besch\u00e4ftigte in der Reisebranche. <\/p>\n<p>Dar\u00fcber hinaus bietet sie eine Reihe von Finanzdienstleistungen an, wie z. B. einen Inkassodienst f\u00fcr Fluggesellschaften.<\/p>\n<p><strong>Kriterien f\u00fcr die Mitgliedschaft<\/strong><\/p>\n<p>Die IATA-Mitgliedschaft mit allen Rechten und Privilegien kann erst nach folgenden Schritten erlangt werden: IATA Operational Safety Audit (IOSA)-Registrierung, einer administrativen Pr\u00fcfung durch die Mitgliedschaftsabteilung, Zahlung aller Antragsgeb\u00fchren und Mitgliedsbeitr\u00e4ge.<\/p>\n<p>Der erfolgreiche Abschluss eines IOSA f\u00fchrt zur Aufnahme in das IOSA-Register. Eine Fluggesellschaft muss im IOSA-Register eingetragen sein, bevor die IATA-Mitgliedschaft genehmigt werden kann.<\/p>\n<p>Danach wird ein Antragsformular mit den folgenden Unterlagen eingereicht:<\/p>\n<ul>\n<li> Eine beglaubigte Kopie des Luftverkehrsbetreiberzeugnisses (AOC), das noch mindestens sechs Monate g\u00fcltig ist, mit ORIGINALstempel, Datum und Unterschrift der ausstellenden Beh\u00f6rde (kein Notar), gegebenenfalls zusammen mit den vom Eintragungsstaat ausgestellten Betriebsspezifikationen.<\/li>\n<li> Eine beglaubigte Kopie der Bescheinigung \u00fcber die Eintragung bei der zust\u00e4ndigen Beh\u00f6rde, z. B. der Handelskammer oder einer gleichwertigen Stelle. Die Beglaubigung durch einen Notar ist akzeptabel.<\/li>\n<li> Gepr\u00fcfte Jahresabschl\u00fcsse des antragstellenden Luftfahrtunternehmens und, falls es sich mehrheitlich im Besitz eines anderen Unternehmens befindet (auch in staatlichem Besitz), die Jahresabschl\u00fcsse der Eigent\u00fcmergesellschaft. Diese m\u00fcssen von einem Wirtschaftspr\u00fcfer oder einem \u00f6ffentlich bestellten Wirtschaftspr\u00fcfer beglaubigt sein. F\u00fcr neue Luftfahrtunternehmen ist ein von einem Wirtschaftspr\u00fcfer oder einem \u00f6ffentlichen Rechnungspr\u00fcfer erstellter Gesch\u00e4ftsplan zul\u00e4ssig.<\/li>\n<li> Der Jahresbericht der antragstellenden Fluggesellschaft oder die Satzung, aus der hervorgeht, wie sie sich konstituiert hat, oder das Profil der Fluggesellschaft.<\/li>\n<li> G\u00fcltige Versicherungsbescheinigungen mit Angabe des Luftfahrzeugtyps, des amtlichen Kennzeichens f\u00fcr jedes Luftfahrzeug und der entsprechenden Angaben der eintragenden Beh\u00f6rde, die mindestens sechs Monate g\u00fcltig sein m\u00fcssen.<\/li>\n<li> Verkehrsstatistiken f\u00fcr die vorangegangenen zwei Jahre. Diese Anforderung gilt nicht f\u00fcr neue Fluggesellschaften.<\/li>\n<li> Ver\u00f6ffentlichter Flugplan, wenn die Fluggesellschaft Linienverkehr betreibt. Bei Nicht-Linienflugbetrieb wird eine Liste der Zielorte verlangt.<\/li>\n<\/ul>\n<p><strong>Liste der IATA-Mitglieder <a href=\"https:\/\/moverdb.com\/de\/moving-companies\/\" data-internallinksmanager029f6b8e52c=\"79\" title=\"Top 25 Internationale Umzugsunternehmen Online\">Umzugsunternehmen<\/a><\/strong><\/p>\n<ul>\n<li> <a href=\"https:\/\/moverdb.com\/de\/armstrong-relocation\/\">Armstrong-Umzug<\/a><\/li>\n<li> <a href=\"https:\/\/moverdb.com\/de\/atlas-van-lines-international\/\">Atlas Van Lines<\/a><\/li>\n<li> <a href=\"https:\/\/moverdb.com\/de\/suddath\/\">Suddath<\/a><\/li>\n<li> <a href=\"https:\/\/moverdb.com\/de\/nippon-express\/\">Nippon Express<\/a><\/li>\n<li> <a href=\"https:\/\/moverdb.com\/de\/bolliger\/\">Bolliger<\/a><\/li>\n<\/ul>\n<p><strong>Meinungen \u00fcber die International Air Transport Association<\/strong><\/p>\n<p>Die IATA erscheint auf den Websites der meisten gro\u00dfen Fluggesellschaften (oft \u00fcber einen IATA-Code) und hat auch eine eigene Wikipedia-Seite. <\/p>\n<p>Seine Bedeutung als Wirtschaftsverband liegt auf der Hand, ebenso wie seine Beteiligung an der Entwicklung bestimmter Industrienormen f\u00fcr den Luftfahrtsektor. Auf die Tatsache, dass seine Mitglieder f\u00fcr mehr als 90% des weltweiten Linienflugverkehrs verantwortlich sind, wird immer wieder hingewiesen. <\/p>\n<p>In Online-Artikeln \u00fcber die Luftverkehrsbranche wird die IATA h\u00e4ufig erw\u00e4hnt und ihre Mitwirkung an der Entscheidung wichtiger Fragen und der Unterbreitung wichtiger Vorschl\u00e4ge, wie z. B. der Regulierung der Gr\u00f6\u00dfe von Gep\u00e4ckst\u00fccken, die f\u00fcr Gep\u00e4ckf\u00e4cher bestimmt sind. <\/p>\n<p>Die IATA wird in zahlreichen Zusammenh\u00e4ngen erw\u00e4hnt, von Projektmanagement-Partnerschaften bis hin zu EU-Vorschriften. Angesichts der H\u00e4ufigkeit und des Umfangs der Nachrichtenberichte, in denen die IATA erw\u00e4hnt wird, handelt es sich eindeutig um einen aktiven und prominenten Handelsverband.<\/p>\n<p><strong>Website:<\/strong> <a href=\"http:\/\/www.iata.org\/Pages\/default.aspx\" target=\"_blank\" rel=\"noopener\">http:\/\/www.iata.org\/Pages\/default.aspx<\/a><\/p>","protected":false},"excerpt":{"rendered":"<p>The International Air Transport Association (IATA) is the global trade association for the world&#8217;s airlines. Its mission is to lead and serve its members, as well as to represent their interests in a way that boosts the airport transport industry. Key facts about IATA: It represents around 260 airlines or 83% of total air traffic. [&hellip;]<\/p>\n","protected":false},"author":1,"featured_media":0,"parent":0,"menu_order":0,"comment_status":"closed","ping_status":"closed","template":"","meta":{"_genesis_hide_title":false,"_genesis_hide_breadcrumbs":false,"_genesis_hide_singular_image":false,"_genesis_hide_footer_widgets":false,"_genesis_custom_body_class":"","_genesis_custom_post_class":"","_genesis_layout":"","footnotes":""},"class_list":{"0":"post-440","1":"page","2":"type-page","3":"status-publish","5":"entry"},"_links":{"self":[{"href":"https:\/\/moverdb.com\/de\/wp-json\/wp\/v2\/pages\/440","targetHints":{"allow":["GET"]}}],"collection":[{"href":"https:\/\/moverdb.com\/de\/wp-json\/wp\/v2\/pages"}],"about":[{"href":"https:\/\/moverdb.com\/de\/wp-json\/wp\/v2\/types\/page"}],"author":[{"embeddable":true,"href":"https:\/\/moverdb.com\/de\/wp-json\/wp\/v2\/users\/1"}],"replies":[{"embeddable":true,"href":"https:\/\/moverdb.com\/de\/wp-json\/wp\/v2\/comments?post=440"}],"version-history":[{"count":10,"href":"https:\/\/moverdb.com\/de\/wp-json\/wp\/v2\/pages\/440\/revisions"}],"predecessor-version":[{"id":13161,"href":"https:\/\/moverdb.com\/de\/wp-json\/wp\/v2\/pages\/440\/revisions\/13161"}],"wp:attachment":[{"href":"https:\/\/moverdb.com\/de\/wp-json\/wp\/v2\/media?parent=440"}],"curies":[{"name":"wp","href":"https:\/\/api.w.org\/{rel}","templated":true}]}}