{"id":439,"date":"2016-06-12T19:46:10","date_gmt":"2016-06-12T19:46:10","guid":{"rendered":"http:\/\/moverdb.com\/?page_id=439"},"modified":"2026-01-08T14:40:02","modified_gmt":"2026-01-08T14:40:02","slug":"lacma","status":"publish","type":"page","link":"https:\/\/moverdb.com\/de\/lacma\/","title":{"rendered":"Verband lateinamerikanischer und karibischer internationaler Spediteure (LACMA)"},"content":{"rendered":"<p>Die Latin American and Caribbean International Movers Association (LACIMA) vertritt einen Zusammenschluss von Umzugsunternehmen mit dem Ziel, die Integration von Unternehmen aus der Region und anderen L\u00e4ndern der Welt zu f\u00f6rdern.<\/p>\n<p><strong>Die wichtigsten Fakten \u00fcber das LACMA:<\/strong><\/p>\n<ol>a<\/p>\n<li>  Die Mitgliedschaft bei LACMA steht Umzugsunternehmen aus Lateinamerika und dem Rest der Welt offen.<\/li>\n<li>  Es ist der lateinamerikanische Verband, der in der <a href=\"https:\/\/moverdb.com\/de\/fidi-faim\/\">FIDI<\/a>.<\/li>\n<li>  Sie hat ihren Sitz in <a href=\"https:\/\/moverdb.com\/de\/moving-to-panama\/\" data-internallinksmanager029f6b8e52c=\"432\" title=\"Umzug nach Panama? 2026 Lebenshaltungskosten &amp; Umzugstipps\">Panama<\/a>.<\/li>\n<li>  Er fungiert als Vermittler bei Konflikten, die zwischen seinen Mitgliedern oder zwischen einem Mitglied und anderen Personen, die nicht dem Verband angeh\u00f6ren, auftreten k\u00f6nnen.<\/li>\n<li>  Sie verlangt von ihren Mitgliedern nicht, dass sie <a href=\"https:\/\/moverdb.com\/de\/fidi-faim\/\" data-internallinksmanager029f6b8e52c=\"16\" title=\"FIDI &amp; FAIM (FIDI Accredited International Mover) Erl\u00e4utert\">FIDI<\/a> angeschlossenen Organisationen, da das LACMA seine unabh\u00e4ngigen Kriterien f\u00fcr die Zugeh\u00f6rigkeit beibeh\u00e4lt.<\/li>\n<li>  Das LACMA verf\u00fcgt \u00fcber ein eigenes Schulungsinstitut, das Seminare vor Ort und virtuelle Seminare anbietet, darunter auch einen Schulungskurs f\u00fcr Packers Instructors.<\/li>\n<li>  Sie bietet ein Zahlungsgarantieprogramm an, das Mitgliedern, die \u00fcberf\u00e4llige Betr\u00e4ge von anderen Mitgliedern innerhalb der Vereinigung eintreiben wollen, als Ressource dient.<\/li>\n<li>  Die Mitgliedschaft in der LACMA kann aktiv sein (lateinamerikanische oder karibische Unternehmen, die aktiv im internationalen Umzugs- und Verpackungsgesch\u00e4ft t\u00e4tig sind und \u00fcber eigenes Personal, Transport- und Lagereinrichtungen verf\u00fcgen), assoziiert (Unternehmen au\u00dferhalb Lateinamerikas und der Karibik, die im internationalen Umzugs- und Verpackungsgesch\u00e4ft t\u00e4tig sind) oder erg\u00e4nzend (Unternehmen, die n\u00fctzliche Waren und Dienstleistungen f\u00fcr die Mitglieder bereitstellen).<\/li>\n<li>  Die Organisation erkl\u00e4rt: \"Die FIDI Lateinamerika vertritt 53 Unternehmen (FIDI-LACMA und FIDI-Non LACMA) in unserer Region\".<\/li>\n<\/ol>\n<p><strong>Profil der Vereinigung internationaler Spediteure aus Lateinamerika und der Karibik<\/strong><\/p>\n<p>Die LACMA wurde gegr\u00fcndet, um die Interessen ihrer Mitglieder zu vertreten und um Dienstleistungsstandards in der Branche festzulegen und zu erhalten. <\/p>\n<p>Sie ist die FIDI-Organisation in Lateinamerika, was ihr eine gewisse Glaubw\u00fcrdigkeit verleiht, da sie von der FIDI als Vertreterin der Interessen der FIDI-Mitgliedsunternehmen in der Region anerkannt ist. <\/p>\n<p>Die LACMA bietet verschiedene Arten der Mitgliedschaft an, darunter aktive und assoziierte Mitglieder. Dar\u00fcber hinaus bietet sie ihren Mitgliedern ein breites Spektrum an E-Learning, Informationen und Seminaren, um ihr Wissen und ihre gesch\u00e4ftliche Effizienz zu verbessern - das LACMA Training Institute wurde 1992 mit dem Ziel gegr\u00fcndet, die Mitglieder besser zu schulen. <\/p>\n<p>Die Mitglieder profitieren auch von bestimmten Schutzma\u00dfnahmen, wie z. B. dem Zahlungsgarantieprogramm - das dazu dient, von anderen Mitgliedern geschuldete Betr\u00e4ge einzutreiben - und dem LACMA S.O.S.-Programm, das Mitgliedern, die von Naturkatastrophen betroffen sind, die diesen Teil der Welt h\u00e4ufig heimsuchen, humanit\u00e4re Hilfe leistet.<\/p>\n<p><strong>Kriterien f\u00fcr die Mitgliedschaft:<\/strong><\/p>\n<p><u>Aktive Mitglieder<\/u><\/p>\n<ul>\n<li> F\u00fcllen Sie den Mitgliedsantrag auf dem offiziellen LACMA-Formular aus und geben Sie die geforderten Informationen an, verpflichten Sie sich zur Einhaltung der LACMA-Satzung und ihrer Verordnungen, des Ethik-Kodex und der vom LACMA-Verwaltungsrat festgelegten Beschl\u00fcsse.<\/li>\n<li> \u00dcbernahme der Patenschaft f\u00fcr f\u00fcnf (5) aktive LACMA-Mitglieder.<\/li>\n<li> Legen Sie die Jahresabschl\u00fcsse der letzten zwei Jahre mit den dazugeh\u00f6rigen Erl\u00e4uterungen vor.<\/li>\n<li> Geben Sie die Corporate Charter des Unternehmens (mindestens vier Jahre T\u00e4tigkeit in der Region erforderlich). <a href=\"https:\/\/moverdb.com\/de\/umzugsunternehmen\/\">internationale Umz\u00fcge<\/a> Industrie).<\/li>\n<li> Bezahlen Sie die Aufnahmegeb\u00fchr, die PGP-Einf\u00fchrungsgeb\u00fchr, die PGP- und LACMA-Jahresbeitr\u00e4ge, sobald das Antragsverfahren abgeschlossen und der Antrag genehmigt wurde.<\/li>\n<\/ul>\n<p><u>Assoziierte Mitglieder<\/u><\/p>\n<ul>\n<li> F\u00fcllen Sie den Mitgliedsantrag auf dem offiziellen LACMA-Formular aus und geben Sie die geforderten Informationen an, verpflichten Sie sich zur Einhaltung der LACMA-Satzung und ihrer Verordnungen, des Ethik-Kodex und der vom LACMA-Verwaltungsrat festgelegten Beschl\u00fcsse.<\/li>\n<li> Sponsoring von f\u00fcnf (5) aktiven und\/oder assoziierten LACMA-Mitgliedern, davon mindestens zwei assoziierte Mitglieder.<\/li>\n<li> Legen Sie die Jahresabschl\u00fcsse der letzten zwei Jahre mit den dazugeh\u00f6rigen Erl\u00e4uterungen vor.<\/li>\n<li> Vorlage der Unternehmenscharta (mindestens vier Jahre T\u00e4tigkeit in der internationalen Umzugsbranche erforderlich).<\/li>\n<li> Zahlung der Aufnahmegeb\u00fchr, der PGP-Einf\u00fchrungsgeb\u00fchr, des Jahresbeitrags f\u00fcr die PGP- und LACMA-Mitgliedschaft, sobald das Bewerbungsverfahren abgeschlossen und der Antrag genehmigt wurde<\/li>\n<\/ul>\n<p><u>Adjunct-Mitglieder<\/u><\/p>\n<ul>\n<li> F\u00fcllen Sie den Mitgliedsantrag auf dem offiziellen LACMA-Formular aus und geben Sie die geforderten Informationen an, verpflichten Sie sich zur Einhaltung der LACMA-Satzung und ihrer Bestimmungen, des Ethik-Kodex und der vom LACMA-Verwaltungsrat gefassten Beschl\u00fcsse.<\/li>\n<li> \u00dcbernahme der Patenschaft f\u00fcr (2) aktive und\/oder assoziierte Mitglieder des LACMA.<\/li>\n<li> Bezahlen Sie die Aufnahmegeb\u00fchr und den Jahresbeitrag f\u00fcr die LACMA-Mitgliedschaft, sobald das Antragsverfahren abgeschlossen ist und der Antrag genehmigt wurde. Bitte wenden Sie sich an das LACMA-Sekretariat, um die genannten Geb\u00fchren zu erfahren.<\/li>\n<li> Weisen Sie nach, dass das angebotene Produkt oder die Dienstleistung seit mindestens einem Jahr vermarktet wird.<\/li>\n<\/ul>\n<p><strong>Beispielhafte Mitgliedsunternehmen<\/strong><\/p>\n<ul>\n<li> <a href=\"https:\/\/moverdb.com\/de\/luft\/\">Aires<\/a><\/li>\n<li> <a href=\"https:\/\/moverdb.com\/de\/arpin-international\/\">Arpin International<\/a><\/li>\n<li> <a href=\"https:\/\/moverdb.com\/de\/atlas-van-lines-international\/\">Atlas Van Lines<\/a><\/li>\n<li> <a href=\"https:\/\/moverdb.com\/de\/santa-fe-umzug\/\">Santa Fe Relocation Dienstleistungen<\/a><\/li>\n<li> <a href=\"https:\/\/moverdb.com\/de\/sterling-relocation\/\">Sterling-Umzug<\/a><\/li>\n<li> <a href=\"https:\/\/moverdb.com\/de\/stevens-weltweit-van-lines\/\">Stevens Worldwide Van Lines<\/a><\/li>\n<li> <a href=\"https:\/\/moverdb.com\/de\/amj-campbell-van-lines\/\">AMJ Campbell Van Lines<\/a><\/li>\n<li> <a href=\"https:\/\/moverdb.com\/de\/suddath\/\">Suddath<\/a><\/li>\n<li> <a href=\"https:\/\/moverdb.com\/de\/dt-bewegt\/\">DT-Umzug<\/a><\/li>\n<li> <a href=\"https:\/\/moverdb.com\/de\/john-mason\/\">John Mason Internationale Umzugsunternehmen<\/a><\/li>\n<li> <a href=\"https:\/\/moverdb.com\/de\/mudanzas-gou\/\">Mudanzas Gou<\/a><\/li>\n<li> <a href=\"https:\/\/moverdb.com\/de\/gil-stauffer\/\">Gil Stauffer<\/a><\/li>\n<\/ul>\n<p><strong>Meinungen \u00fcber das LACMA:<\/strong><\/p>\n<p>Online-Informationen zufolge entfallen 90% der Umz\u00fcge in und aus der Region Lateinamerika und Karibik auf LACMA-Mitglieder. Sie gilt als eine der wichtigsten <a href=\"https:\/\/moverdb.com\/de\/organisationen-verbande\/\">Internationale Umzugsunternehmen und Speditionen<\/a>.<\/p>\n<p>Die Umzugsunternehmen erw\u00e4hnen die LACMA, um ihre Kunden von der Professionalit\u00e4t und der geografischen Abdeckung zu \u00fcberzeugen. Die Mitglieder des Verbands werden als einige der besten Umzugsunternehmen der Welt bezeichnet, und die Online-Informationen schl\u00fcsseln die Mitglieder wie folgt auf: <em>\"Europa 31%, Die <a href=\"https:\/\/moverdb.com\/de\/moving-to-the-united-states\/\" data-internallinksmanager029f6b8e52c=\"94\" title=\"Umzug in die Vereinigten Staaten? 2026 Lebenshaltungskosten &amp; Umzugstipps\">Vereinigte Staaten<\/a> &amp; <a href=\"https:\/\/moverdb.com\/de\/moving-to-canada\/\" data-internallinksmanager029f6b8e52c=\"265\" title=\"Umzug nach Kanada? 2026 Lebenshaltungskosten &amp; Umzugstipps\">Kanada<\/a> 26%, Lateinamerika und Karibik 28% und <a href=\"https:\/\/moverdb.com\/de\/moving-to-australia\/living-in-australia\/\" data-internallinksmanager029f6b8e52c=\"240\" title=\"21 Geheimnisse \u00fcber das Leben in Australien, die man vor dem Umzug kennen sollte\">Australien<\/a>Naher und Ferner Osten 15%\".<\/em> <\/p>\n<p>Diejenigen, die das LACMA auf ihrer Website erw\u00e4hnen, kommen oft von au\u00dferhalb der Region, demonstrieren aber mit ihrer Mitgliedschaft in der Organisation ihre globale Reichweite.<\/p>\n<blockquote><p>LACMA ist eine Vereinigung, die sich aus den besten lateinamerikanischen und karibischen internationalen Umzugsunternehmen zusammensetzt und \u00fcber 90 Prozent der Umz\u00fcge in und aus dieser Region abwickelt.<\/p><\/blockquote>\n<p>- <a href=\"http:\/\/www.brytor.ca\/memberships.php\" target=\"_blank\" rel=\"noopener\">Brytor Internationaler Umzug<\/a><\/p>\n<blockquote><p>Das LACMA ist der Verband, der die besten 260 <a href=\"https:\/\/moverdb.com\/de\/moving-companies\/\" data-internallinksmanager029f6b8e52c=\"79\" title=\"Top 25 Internationale Umzugsunternehmen Online\">Umzugsunternehmen<\/a> der Welt, haupts\u00e4chlich aus Lateinamerika und der Karibik. Aufgrund ihres Ansehens erwirtschaften sie 90% der in Lateinamerika get\u00e4tigten Ein- und Ausfuhren.<\/p><\/blockquote>\n<p>- <a href=\"http:\/\/miglobal.com\/miglobal.com\/httpdocs\/affiliations.html\" target=\"_blank\" rel=\"noopener\">Mudanzas Internacionales Global<\/a><\/p>\n<p><strong>Website:<\/strong> <a href=\"http:\/\/www.lacmassoc.org\/\" target=\"_blank\" rel=\"noopener\">http:\/\/www.lacmassoc.org\/<\/a><\/p>","protected":false},"excerpt":{"rendered":"<p>The Latin American and Caribbean International Movers Association (LACIMA) represents a collection of moving and relocation companies with a view to encouraging integration of locally based businesses, as well as others across the world. Key facts about LACMA: a Membership of LACMA is open to moving and relocation companies from Latin America and the rest [&hellip;]<\/p>\n","protected":false},"author":1,"featured_media":0,"parent":0,"menu_order":0,"comment_status":"closed","ping_status":"closed","template":"","meta":{"_genesis_hide_title":false,"_genesis_hide_breadcrumbs":false,"_genesis_hide_singular_image":false,"_genesis_hide_footer_widgets":false,"_genesis_custom_body_class":"","_genesis_custom_post_class":"","_genesis_layout":"","footnotes":""},"class_list":{"0":"post-439","1":"page","2":"type-page","3":"status-publish","5":"entry"},"_links":{"self":[{"href":"https:\/\/moverdb.com\/de\/wp-json\/wp\/v2\/pages\/439","targetHints":{"allow":["GET"]}}],"collection":[{"href":"https:\/\/moverdb.com\/de\/wp-json\/wp\/v2\/pages"}],"about":[{"href":"https:\/\/moverdb.com\/de\/wp-json\/wp\/v2\/types\/page"}],"author":[{"embeddable":true,"href":"https:\/\/moverdb.com\/de\/wp-json\/wp\/v2\/users\/1"}],"replies":[{"embeddable":true,"href":"https:\/\/moverdb.com\/de\/wp-json\/wp\/v2\/comments?post=439"}],"version-history":[{"count":21,"href":"https:\/\/moverdb.com\/de\/wp-json\/wp\/v2\/pages\/439\/revisions"}],"predecessor-version":[{"id":13169,"href":"https:\/\/moverdb.com\/de\/wp-json\/wp\/v2\/pages\/439\/revisions\/13169"}],"wp:attachment":[{"href":"https:\/\/moverdb.com\/de\/wp-json\/wp\/v2\/media?parent=439"}],"curies":[{"name":"wp","href":"https:\/\/api.w.org\/{rel}","templated":true}]}}