{"id":438,"date":"2016-06-12T15:34:55","date_gmt":"2016-06-12T15:34:55","guid":{"rendered":"http:\/\/moverdb.com\/?page_id=438"},"modified":"2026-01-08T15:20:25","modified_gmt":"2026-01-08T15:20:25","slug":"ncbfaa","status":"publish","type":"page","link":"https:\/\/moverdb.com\/de\/ncbfaa\/","title":{"rendered":"Nationaler Verband der Zollmakler und Spediteure von Amerika (NCBFAA)"},"content":{"rendered":"<p>Die National Customs Brokers &amp; Forwarders Association of America (NCBFAA) gilt als Sprachrohr der Transportlogistikbranche in Amerika. <\/p>\n<p>Es handelt sich um eine Organisation, die st\u00e4ndig daran arbeitet, ihre Mitglieder und ihren Sektor auf rechtlicher und regulatorischer Ebene zu vertreten.<\/p>\n<p><strong>Die wichtigsten Fakten \u00fcber NCBFAA:<\/strong><\/p>\n<ol>\n<li>  Die NCBFAA vertritt mehr als 970 Mitgliedsunternehmen mit 110.000 Besch\u00e4ftigten im internationalen Handel.<\/li>\n<li>  Die NCBFAA wurde im Jahr 1897 in <a href=\"https:\/\/moverdb.com\/de\/umzug-nach-nyc\/\">New York<\/a>.<\/li>\n<li>  Zu den NCBFAA-Mitgliedern geh\u00f6ren <a href=\"https:\/\/moverdb.com\/de\/spediteur\/\">Spediteure<\/a>Zollmakler, Seetransportvermittler, NVOCCs und Luftfrachtagenten, die mehr als 250.000 Importeure und Exporteure bedienen.<\/li>\n<li>  Die Mitglieder des NCBFAA stammen ausschlie\u00dflich aus amerikanischen Unternehmen, mit Ausnahme der assoziierten Mitglieder.<\/li>\n<li>  Die NCBFAA hat eine Reihe von Hauptmitgliedschaftsarten: Regul\u00e4re Mitglieder (lizenzierte Zollmakler, lizenzierte Seefrachtspediteure, internationale Luftfrachtagenten und nicht schiffsbetreibende Spediteure in Amerika), angeschlossene Mitglieder (als Lieferanten oder Verk\u00e4ufer von transportbezogenen Dienstleistungen, internationalen Gesch\u00e4ftsdienstleistungen oder Produkten, die f\u00fcr Funktionen im internationalen Handel spezifisch sind), assoziierte Mitglieder (Zollmakler und\/oder internationale <a href=\"https:\/\/moverdb.com\/de\/freight-forwarder\/\" data-internallinksmanager029f6b8e52c=\"17\" title=\"Leitfaden f\u00fcr internationale Kosten und Unternehmen f\u00fcr Spediteure und NVOCC\">Spediteur<\/a> mit Wohnsitz au\u00dferhalb Amerikas).<\/li>\n<li>  Der Hauptsitz der NCBFAA befindet sich in <a href=\"https:\/\/moverdb.com\/de\/umziehen-nach-washington-dc\/\">Washington<\/a>.<\/li>\n<li>  Die Hauptaufgabe des NCBFAA besteht darin, die Mitglieder betreffende Gesetzgebungs- und Regulierungsfragen aufmerksam zu verfolgen und sie dar\u00fcber zu informieren.<\/li>\n<li>  Die NCBFAA sieht sich selbst als wirksames nationales Sprachrohr der Branche.<\/li>\n<\/ol>\n<p><strong>Profil der National Customs Brokers &amp; Forwarders Association of America<\/strong><\/p>\n<p>Die NCBFAA spielt eine wichtige Rolle bei der Vertretung der Mitglieder der Logistikbranche in Amerika. Sie hat sich an Diskussionen \u00fcber Themen beteiligt, die die Branche betreffen, wie z. B. die Zollgesetzgebung, und hat beim Kongress Lobbyarbeit betrieben, um die Rechte und Interessen der Mitglieder zu verfolgen und zu sch\u00fctzen. <\/p>\n<p>Die NCBFAA war einst unter dem Namen Baltimore Customs Brokers and Forwarders Association bekannt und begann als Branchenorganisation zur F\u00f6rderung und Aufkl\u00e4rung der <a href=\"https:\/\/moverdb.com\/de\/top-49-container-ports\/\" data-internallinksmanager029f6b8e52c=\"80\" title=\"Top 49 der gr\u00f6\u00dften und verkehrsreichsten Containerh\u00e4fen im Jahr 2025\">Hafen<\/a> von Baltimore. <\/p>\n<p>Die Organisation wurde 1983 in NCBFAA umbenannt, \"um einen neuen und breiteren Geltungsbereich besser widerzuspiegeln\". Die NCBFAA ist eine gemeinn\u00fctzige Organisation, die die Interessen ihrer Mitglieder f\u00f6rdern und deren Ziele sowohl auf dem Verbrauchermarkt als auch bei der Regierung durchsetzen soll.<\/p>\n<p><strong>Kriterien f\u00fcr die Mitgliedschaft:<\/strong><\/p>\n<p>Gem\u00e4\u00df der NCBFAA-Satzung m\u00fcssen alle Bewerber um eine ordentliche Mitgliedschaft: <\/p>\n<blockquote><p>... von einem ordentlichen Mitglied vorgeschlagen und von einem anderen ordentlichen Mitglied auf einem zu diesem Zweck vorgesehenen Formblatt unterst\u00fctzt werden; dieses Formblatt muss den Namen, die Anschrift und den Beruf des Antragstellers sowie die Namen der den Antrag vorschlagenden und unterst\u00fctzenden ordentlichen Mitglieder enthalten. Die den Antrag vorschlagenden und unterst\u00fctzenden Mitglieder sind verpflichtet, Ausk\u00fcnfte \u00fcber das Ansehen und den Charakter des Antragstellers zu erteilen.<\/p><\/blockquote>\n<p>Es sind Beitr\u00e4ge zu entrichten, ein Formular ist auszuf\u00fcllen und potenzielle Mitglieder m\u00fcssen nachweisen, dass sie einer der Mitgliedschaftskategorien angeh\u00f6ren, z. B.<\/p>\n<ul>\n<li> Zollmakler - Lizenznummer des Maklers<\/li>\n<li> OTI - FMC-Lizenznummer<\/li>\n<li> Internationaler Luftfrachtspediteur\/Luftfrachtagent: CNS\/<a href=\"https:\/\/moverdb.com\/de\/iata\/\">IATA<\/a> Zulassungsnummer<\/li>\n<li> NVOCC: FMC-Anleihenummer<\/li>\n<\/ul>\n<p><strong>Meinungen \u00fcber die NCBFAA<\/strong><\/p>\n<p>Die NCBFAA wird auf den Websites der einzelnen Unternehmen nicht sehr h\u00e4ufig erw\u00e4hnt. Sie wird jedoch h\u00e4ufiger als Informationsquelle und als Quelle f\u00fcr n\u00fctzliche Daten \u00fcber und f\u00fcr Spediteure genannt. <\/p>\n<p>Es gibt auch eine Reihe von Websites, auf denen von der NCBFAA entworfene Standardbedingungen erscheinen - mit dem Hinweis, dass diese f\u00fcr Mitglieder freigegeben wurden und die NCBFAA keine rechtliche Verantwortung f\u00fcr sie \u00fcbernimmt. <\/p>\n<p>Dies deutet darauf hin, dass der Verband seinen Mitgliedern eine Datenbank mit Dokumenten sowie Informationen und Beratung anbietet. Auch die j\u00e4hrliche Konferenz ist eindeutig ein wichtiges Ereignis und wird auf der Website erw\u00e4hnt. <a href=\"https:\/\/www.cbp.gov\/newsroom\/speeches-and-statements\/2016-04-20-000000\/commissioner-kerlikowske%E2%80%99s-remarks-national\" target=\"_blank\" rel=\"noopener\">Website der US-Zollbeh\u00f6rde und des Grenzschutzes<\/a>.<\/p>\n<blockquote><p>Die NCBFAA ist die effektive nationale Stimme der Branche. Durch seine verschiedenen Aussch\u00fcsse, Berater und Vertreter beh\u00e4lt der Verband die gesetzgeberischen und regulatorischen Fragen, die seine Mitglieder betreffen, genau im Auge<\/p><\/blockquote>\n<p>- <a href=\"http:\/\/www.shipuwl.com\/member-of-national-customs-brokers-forwarders-association-of-america-inc-ncbfaa\/\" target=\"_blank\" rel=\"noopener\">UWL<\/a><\/p>\n<blockquote><p>Die Agentur hat ein wachsames Auge auf legislative und regulatorische Fragen, die ihre Mitglieder betreffen...<\/p><\/blockquote>\n<p>- <a href=\"http:\/\/www.bdpinternational.com\/news-advisories-events\/trend-watch\/bdp-international-joins-the-national-customs-brokers-forwarders-association-of-america-inc\/\" target=\"_blank\" rel=\"noopener\">BDP International<\/a><\/p>\n<p><strong>Erfahren Sie mehr:<\/strong> <a href=\"https:\/\/moverdb.com\/de\/spediteur\/\">Leitfaden f\u00fcr internationale Kosten und Unternehmen f\u00fcr Spediteure und NVOCC<\/a> <\/p>\n<p><strong>Website:<\/strong> <a href=\"http:\/\/www.ncbfaa.org\/\" target=\"_blank\" rel=\"noopener\">http:\/\/www.ncbfaa.org\/<\/a><\/p>","protected":false},"excerpt":{"rendered":"<p>The National Customs Brokers &#038; Forwarders Association of America (NCBFAA) is viewed as the voice of the transportation logistics industry in America. It is an organisation that constantly works to represent its members and sector, on a legal and regulatory level. Key facts about NCBFAA: The NCBFAA represents more than 970 member companies, with 110,000 [&hellip;]<\/p>\n","protected":false},"author":1,"featured_media":0,"parent":0,"menu_order":0,"comment_status":"closed","ping_status":"closed","template":"","meta":{"_genesis_hide_title":false,"_genesis_hide_breadcrumbs":false,"_genesis_hide_singular_image":false,"_genesis_hide_footer_widgets":false,"_genesis_custom_body_class":"","_genesis_custom_post_class":"","_genesis_layout":"","footnotes":""},"class_list":{"0":"post-438","1":"page","2":"type-page","3":"status-publish","5":"entry"},"_links":{"self":[{"href":"https:\/\/moverdb.com\/de\/wp-json\/wp\/v2\/pages\/438","targetHints":{"allow":["GET"]}}],"collection":[{"href":"https:\/\/moverdb.com\/de\/wp-json\/wp\/v2\/pages"}],"about":[{"href":"https:\/\/moverdb.com\/de\/wp-json\/wp\/v2\/types\/page"}],"author":[{"embeddable":true,"href":"https:\/\/moverdb.com\/de\/wp-json\/wp\/v2\/users\/1"}],"replies":[{"embeddable":true,"href":"https:\/\/moverdb.com\/de\/wp-json\/wp\/v2\/comments?post=438"}],"version-history":[{"count":8,"href":"https:\/\/moverdb.com\/de\/wp-json\/wp\/v2\/pages\/438\/revisions"}],"predecessor-version":[{"id":6223,"href":"https:\/\/moverdb.com\/de\/wp-json\/wp\/v2\/pages\/438\/revisions\/6223"}],"wp:attachment":[{"href":"https:\/\/moverdb.com\/de\/wp-json\/wp\/v2\/media?parent=438"}],"curies":[{"name":"wp","href":"https:\/\/api.w.org\/{rel}","templated":true}]}}