{"id":437,"date":"2016-06-12T15:02:39","date_gmt":"2016-06-12T15:02:39","guid":{"rendered":"http:\/\/moverdb.com\/?page_id=437"},"modified":"2026-01-08T13:18:34","modified_gmt":"2026-01-08T13:18:34","slug":"hgfaa","status":"publish","type":"page","link":"https:\/\/moverdb.com\/de\/hgfaa\/","title":{"rendered":"Household Goods Forwarders Association of America (HGFAA) Erkl\u00e4rt"},"content":{"rendered":"<p>Die Household Goods Forwarders Association of America (HGFAA) bezeichnet sich selbst als eine weltweite Vereinigung von Umzugsunternehmen, die sich daf\u00fcr einsetzen, dass die Kunden w\u00e4hrend ihres Umzugs den bestm\u00f6glichen Service erhalten. Sie wurde jetzt ersetzt durch die <a href=\"https:\/\/moverdb.com\/de\/ich-bin\/\">Internationaler Verband der M\u00f6belspediteure<\/a> (<a href=\"https:\/\/moverdb.com\/de\/iam\/\" data-internallinksmanager029f6b8e52c=\"23\" title=\"International Association of Movers (IAM) erkl\u00e4rt\">IAM<\/a>), obwohl mehrere Umzugsunternehmen sie noch auf ihren Websites auff\u00fchren. <\/p>\n<p><strong>Die wichtigsten Fakten \u00fcber die HGFAA:<\/strong><\/p>\n<ol>\n<li>  Der HGFAA geh\u00f6ren weltweit \u00fcber 1800 Unternehmen an.<\/li>\n<li>  Die HGFAA ist eine weltweite Organisation mit Mitgliedern aus mehr als 160 L\u00e4ndern und Gebieten.<\/li>\n<li>  Portal ist das Branchenmagazin des Verbandes.<\/li>\n<li>  Der Verband vertritt die Umzugsbranche in der <a href=\"https:\/\/moverdb.com\/de\/moving-to-the-united-states\/\" data-internallinksmanager029f6b8e52c=\"94\" title=\"Umzug in die Vereinigten Staaten? 2026 Lebenshaltungskosten &amp; Umzugstipps\">Vereinigte Staaten<\/a>.<\/li>\n<li>  Die HGFAA ist bekannt f\u00fcr ihr Kommunikationsnetz und ihre Schulungseinrichtung.<\/li>\n<\/ol>\n<p><strong>Profil der Household Goods Forwarders Association of America:<\/strong><\/p>\n<p>Die HGFAA ist verbraucherorientiert und bietet eine Datenbank mit zuverl\u00e4ssigen Umzugsunternehmen, die bei einem Umzug \u00fcberall auf der Welt helfen k\u00f6nnen. Sie setzt sich daf\u00fcr ein, hohe Dienstleistungsstandards zu erm\u00f6glichen und sicherzustellen, dass die Verbraucher alle Informationen erhalten, die sie f\u00fcr ihren Umzug ben\u00f6tigen - von der Organisation des Umzugstages bis hin zu Umzug und Gesundheitsversorgung. <\/p>\n<p>Die HGFAA gibt ihr eigenes Branchenmagazin namens Portal heraus, das sechs Ausgaben pro Jahr erscheint. Ihre Website bietet eine F\u00fclle von Links sowohl f\u00fcr die Branche als auch f\u00fcr die Verbraucher zu interessanten Themen, wie z. B. Tagegeld, Reisen &amp; Transport und Umzug mit Haustieren.<\/p>\n<p><strong>Kriterien f\u00fcr die Mitgliedschaft:<\/strong><\/p>\n<p>Die HGFAA bietet ein Beitrittsformular zum Herunterladen an, das jedoch derzeit nicht \u00fcber die Website zug\u00e4nglich ist. Auf der Website sind keine Mitgliedschaftsbedingungen aufgef\u00fchrt.<\/p>\n<p><strong>Beispielhafte Mitgliedsunternehmen<\/strong><\/p>\n<ul>\n<li> <a href=\"https:\/\/moverdb.com\/de\/atlas-van-lines-international\/\">Atlas Van Lines<\/a><\/li>\n<li> <a href=\"https:\/\/moverdb.com\/de\/eagle-relocations\/\">Eagle-Umsiedlungen<\/a><\/li>\n<li> <a href=\"https:\/\/moverdb.com\/de\/exzessiv-internationale-umzuge\/\">\u00dcbersch\u00fcssige internationale Spediteure<\/a><\/li>\n<li> <a href=\"https:\/\/moverdb.com\/de\/fn-umzuge\/\">F&amp;N Weltweite Umz\u00fcge<\/a><\/li>\n<li> <a href=\"https:\/\/moverdb.com\/de\/mudanzas-gou\/\">Mudanzas Gou<\/a><\/li>\n<\/ul>\n<p><strong>Stellungnahmen zur HGFAA:<\/strong><\/p>\n<p>Die HGFAA hat im Internet kein gro\u00dfes Profil und wird auf vielen Websites von Umzugsunternehmen nicht erw\u00e4hnt. Die Online-Meinungen derjenigen Umzugsunternehmen, die die HGFAA auf ihren Websites auff\u00fchren, konzentrieren sich auf den globalen Charakter des Verbands und sein Engagement f\u00fcr hohe Dienstleistungsstandards.<\/p>\n<p><a href=\"http:\/\/www.bloomberg.com\/profiles\/companies\/0774891D:US-household-goods-forwarders-association-of-america\" target=\"_blank\" rel=\"noopener\">Bloomberg konzentriert sich<\/a> auf die Vertretung der Branche, die Tatsache, dass sie als Kommunikationsnetz und Schulungseinrichtung fungiert, und die F\u00fclle an Schulungen, Ressourcen, Ver\u00f6ffentlichungen und Vermittlungsdiensten.<\/p>\n<blockquote><p>Die HHGFAA ist ein weltweiter Verband von Spediteuren und Umzugsunternehmen, der sich daf\u00fcr einsetzt, seinen Kunden den bestm\u00f6glichen Service zu bieten.<\/p><\/blockquote>\n<p>- <a href=\"http:\/\/www.amjbc.ca\/international-moving-services\/\" target=\"_blank\" rel=\"noopener\">AMJ Campbell Weltweite Umz\u00fcge<\/a><\/p>\n<p><strong>Website:<\/strong> <a href=\"http:\/\/www.hhgfaa.org\/\" target=\"_blank\" rel=\"noopener\">http:\/\/www.hhgfaa.org\/<\/a><\/p>","protected":false},"excerpt":{"rendered":"<p>The Household Goods Forwarders Association of America (HGFAA) describes itself as a global association of movers who are committed to ensuring that customers receive the best possible service during their move. It has now been replaced by the International Association of Movers (IAM), although several movers still list it on their websites. Key facts about [&hellip;]<\/p>\n","protected":false},"author":1,"featured_media":0,"parent":0,"menu_order":0,"comment_status":"closed","ping_status":"closed","template":"","meta":{"_genesis_hide_title":false,"_genesis_hide_breadcrumbs":false,"_genesis_hide_singular_image":false,"_genesis_hide_footer_widgets":false,"_genesis_custom_body_class":"","_genesis_custom_post_class":"","_genesis_layout":"","footnotes":""},"class_list":{"0":"post-437","1":"page","2":"type-page","3":"status-publish","5":"entry"},"_links":{"self":[{"href":"https:\/\/moverdb.com\/de\/wp-json\/wp\/v2\/pages\/437","targetHints":{"allow":["GET"]}}],"collection":[{"href":"https:\/\/moverdb.com\/de\/wp-json\/wp\/v2\/pages"}],"about":[{"href":"https:\/\/moverdb.com\/de\/wp-json\/wp\/v2\/types\/page"}],"author":[{"embeddable":true,"href":"https:\/\/moverdb.com\/de\/wp-json\/wp\/v2\/users\/1"}],"replies":[{"embeddable":true,"href":"https:\/\/moverdb.com\/de\/wp-json\/wp\/v2\/comments?post=437"}],"version-history":[{"count":12,"href":"https:\/\/moverdb.com\/de\/wp-json\/wp\/v2\/pages\/437\/revisions"}],"predecessor-version":[{"id":6221,"href":"https:\/\/moverdb.com\/de\/wp-json\/wp\/v2\/pages\/437\/revisions\/6221"}],"wp:attachment":[{"href":"https:\/\/moverdb.com\/de\/wp-json\/wp\/v2\/media?parent=437"}],"curies":[{"name":"wp","href":"https:\/\/api.w.org\/{rel}","templated":true}]}}